{"id":3256,"date":"2026-03-09T19:27:45","date_gmt":"2026-03-09T22:27:45","guid":{"rendered":"https:\/\/infochoice.com.br\/site\/?page_id=3256"},"modified":"2026-03-27T12:38:48","modified_gmt":"2026-03-27T15:38:48","slug":"radar-de-tecnologias","status":"publish","type":"page","link":"http:\/\/infochoice.com.br\/site\/index.php\/radar-de-tecnologias\/","title":{"rendered":"Radar de Tecnologias"},"content":{"rendered":"\n<h2 class=\"wp-block-heading\">Acompanhando as tecnologias que est\u00e3o moldando o futuro<\/h2>\n\n\n\n<p>O mercado de tecnologia evolui em ritmo acelerado.<br>Novas plataformas, ferramentas e solu\u00e7\u00f5es surgem constantemente, oferecendo novas possibilidades para empresas que buscam inova\u00e7\u00e3o, efici\u00eancia e vantagem competitiva.<\/p>\n\n\n\n<p>O <strong>Radar de Tecnologias da InfoChoice<\/strong> foi criado para acompanhar e analisar essas evolu\u00e7\u00f5es.<\/p>\n\n\n\n<p>Nosso objetivo \u00e9 identificar tecnologias relevantes, compreender seu potencial e ajudar empresas a avaliar como essas solu\u00e7\u00f5es podem gerar valor real em seus ambientes.<\/p>\n\n\n\n<hr class=\"wp-block-separator has-alpha-channel-opacity\"\/>\n\n\n\n<h2 class=\"wp-block-heading\">O que voc\u00ea encontrar\u00e1 aqui<\/h2>\n\n\n\n<p>O Radar de Tecnologias re\u00fane an\u00e1lises sobre solu\u00e7\u00f5es que est\u00e3o ganhando destaque no mercado ou que apresentam potencial estrat\u00e9gico para empresas e organiza\u00e7\u00f5es.<\/p>\n\n\n\n<p>Entre os temas que analisamos est\u00e3o:<\/p>\n\n\n\n<p>\u2022 plataformas emergentes<br>\u2022 solu\u00e7\u00f5es corporativas inovadoras<br>\u2022 ferramentas de automa\u00e7\u00e3o<br>\u2022 tecnologias de seguran\u00e7a digital<br>\u2022 solu\u00e7\u00f5es de dados e intelig\u00eancia artificial<br>\u2022 novas arquiteturas de infraestrutura e nuvem<\/p>\n\n\n\n<p>Nosso foco \u00e9 sempre ir al\u00e9m da novidade e compreender <strong>como a tecnologia pode ser aplicada na pr\u00e1tica<\/strong>.<\/p>\n\n\n\n<hr class=\"wp-block-separator has-alpha-channel-opacity\"\/>\n\n\n\n<h2 class=\"wp-block-heading\">Como analisamos tecnologias<\/h2>\n\n\n\n<p>Cada tecnologia \u00e9 observada sob diferentes perspectivas:<\/p>\n\n\n\n<p><strong>Contexto de mercado<\/strong><br>Qual problema essa tecnologia busca resolver e em que cen\u00e1rio ela se insere.<\/p>\n\n\n\n<p><strong>Maturidade da solu\u00e7\u00e3o<\/strong><br>Se \u00e9 uma tecnologia emergente, em crescimento ou j\u00e1 consolidada.<\/p>\n\n\n\n<p><strong>Poss\u00edveis aplica\u00e7\u00f5es<\/strong><br>Como ela pode ser utilizada por empresas em diferentes setores.<\/p>\n\n\n\n<p><strong>Impactos estrat\u00e9gicos<\/strong><br>Quais benef\u00edcios ou transforma\u00e7\u00f5es pode gerar para organiza\u00e7\u00f5es.<\/p>\n\n\n\n<hr class=\"wp-block-separator has-alpha-channel-opacity\"\/>\n\n\n\n<h2 class=\"wp-block-heading\">Um radar em constante atualiza\u00e7\u00e3o<\/h2>\n\n\n\n<p>O Radar de Tecnologias \u00e9 um espa\u00e7o din\u00e2mico.<\/p>\n\n\n\n<p>\u00c0 medida que novas solu\u00e7\u00f5es surgem e o mercado evolui, novas an\u00e1lises e reflex\u00f5es s\u00e3o adicionadas.<\/p>\n\n\n\n<p>Nosso compromisso \u00e9 acompanhar esse movimento e contribuir para que decis\u00f5es tecnol\u00f3gicas sejam tomadas com mais clareza, contexto e vis\u00e3o estrat\u00e9gica.<\/p>\n\n\n\n<hr class=\"wp-block-separator has-alpha-channel-opacity\"\/>\n\n\n\n<p><strong>InfoChoice<\/strong><br>Ajudando empresas a entender e navegar pelo universo das tecnologias.<\/p>\n\n\n\n<hr class=\"wp-block-separator has-alpha-channel-opacity\"\/>\n\n\n\n<figure class=\"wp-block-image size-medium\"><img loading=\"lazy\" decoding=\"async\" width=\"300\" height=\"200\" src=\"https:\/\/infochoice.com.br\/site\/wp-content\/uploads\/2026\/03\/Selo_Conteudo_Imersivo_InfoChoice-300x200.png\" alt=\"Selo Conte\u00fado Imersivo InfoChoice\" class=\"wp-image-3046\" srcset=\"http:\/\/infochoice.com.br\/site\/wp-content\/uploads\/2026\/03\/Selo_Conteudo_Imersivo_InfoChoice-300x200.png 300w, http:\/\/infochoice.com.br\/site\/wp-content\/uploads\/2026\/03\/Selo_Conteudo_Imersivo_InfoChoice-1024x683.png 1024w, http:\/\/infochoice.com.br\/site\/wp-content\/uploads\/2026\/03\/Selo_Conteudo_Imersivo_InfoChoice-768x512.png 768w, http:\/\/infochoice.com.br\/site\/wp-content\/uploads\/2026\/03\/Selo_Conteudo_Imersivo_InfoChoice.png 1536w\" sizes=\"auto, (max-width: 300px) 100vw, 300px\" \/><\/figure>\n\n\n\n<h2 class=\"wp-block-heading\">Artigos, Podcasts e An\u00e1lises Imersivas<\/h2>\n\n\n\n<p>\ud83d\udc49 <a href=\"https:\/\/infochoice.com.br\/site\/index.php\/2026\/03\/25\/agentes-de-ia-autonomia-operacional-empresas\/\"><strong>Agentes de IA: da automa\u00e7\u00e3o \u00e0 autonomia operacional nas empresas<\/strong><\/a><\/p>\n\n\n\n<p>Os Agentes de IA representam a evolu\u00e7\u00e3o da automa\u00e7\u00e3o tradicional para sistemas capazes de executar tarefas de forma aut\u00f4noma. Entenda como essa tecnologia est\u00e1 transformando opera\u00e7\u00f5es empresariais, seus n\u00edveis de maturidade, aplica\u00e7\u00f5es pr\u00e1ticas e impactos estrat\u00e9gicos.<\/p>\n\n\n\n<p>\ud83d\udc49 <strong><a href=\"https:\/\/infochoice.com.br\/site\/index.php\/2026\/03\/25\/copilots-corporativos-ia-fluxo-de-trabalho\/\">Copilots corporativos: como a IA est\u00e1 se integrando ao fluxo de trabalho nas empresas<\/a><\/strong><\/p>\n\n\n\n<p>Os copilots corporativos est\u00e3o redefinindo a produtividade nas empresas ao integrar intelig\u00eancia artificial diretamente no fluxo de trabalho. Com ado\u00e7\u00e3o crescente, essa tecnologia permite acelerar tarefas, melhorar a qualidade das entregas e apoiar decis\u00f5es em tempo real.<\/p>\n\n\n\n<p>\ud83d\udc49 <strong><a href=\"https:\/\/infochoice.com.br\/site\/index.php\/2026\/03\/25\/arquitetura-dados-moderna-data-stack-lakehouse\/\">Arquitetura de dados moderna: como Data Stack e Lakehouse est\u00e3o redefinindo o uso de dados nas empresas<\/a><\/strong><\/p>\n\n\n\n<p>A arquitetura de dados moderna est\u00e1 transformando a forma como empresas armazenam, processam e utilizam dados. Com conceitos como Data Stack e Lakehouse, \u00e9 poss\u00edvel integrar dados, analytics e intelig\u00eancia artificial em uma base unificada e escal\u00e1vel.<\/p>\n\n\n\n<hr class=\"wp-block-separator has-alpha-channel-opacity\"\/>\n\n\n\n<h2 class=\"wp-block-heading\">Explore tamb\u00e9m outras S\u00e9ries Especiais e Estrat\u00e9gicas da InfoChoice<\/h2>\n\n\n\n<p>A InfoChoice mant\u00e9m uma biblioteca de an\u00e1lises estrat\u00e9gicas sobre tecnologia, inova\u00e7\u00e3o e transforma\u00e7\u00e3o digital.<\/p>\n\n\n\n<p>Conhe\u00e7a tamb\u00e9m nossas outras cole\u00e7\u00f5es:<\/p>\n\n\n\n<ul class=\"wp-block-list\">\n<li><strong><a href=\"https:\/\/infochoice.com.br\/site\/index.php\/a-nova-arquitetura-de-dados-na-era-da-ia\/\">A Nova Arquitetura de Dados das Empresas na Era da Intelig\u00eancia Artificial<\/a><\/strong><\/li>\n\n\n\n<li><strong><a href=\"https:\/\/infochoice.com.br\/site\/index.php\/comunicacao-corporativa-na-era-da-ia\/\">Comunica\u00e7\u00e3o Corporativa na Era da IA<\/a><\/strong><\/li>\n\n\n\n<li><strong><a href=\"https:\/\/infochoice.com.br\/site\/index.php\/2026\/03\/12\/seguranca-de-agentes-de-ia\/\">Seguran\u00e7a de Agentes de IA<\/a><\/strong><\/li>\n\n\n\n<li><strong><a href=\"https:\/\/infochoice.com.br\/site\/index.php\/2026\/03\/08\/openai-codex-app-windows-agentic-development\/\">O Futuro da Engenharia de Software na Era da IA<\/a><\/strong><\/li>\n\n\n\n<li><a href=\"https:\/\/infochoice.com.br\/site\/index.php\/2026\/03\/15\/arquitetura-cloud-era-da-ia\/\"><strong>Arquitetura de Cloud na Era da IA<\/strong><\/a><\/li>\n\n\n\n<li><a href=\"https:\/\/infochoice.com.br\/site\/index.php\/serie-estrategica\/\"><strong>FinOps e Gest\u00e3o de Custos na Era da IA<\/strong><\/a><\/li>\n\n\n\n<li><a href=\"https:\/\/infochoice.com.br\/site\/index.php\/serie-estrategica-inteligencia-artificial-no-contexto-empresarial\/\"><strong>Intelig\u00eancia Artificial no Contexto Empresarial<\/strong><\/a><\/li>\n\n\n\n<li><strong><a href=\"https:\/\/infochoice.com.br\/site\/index.php\/serie-estrategica-automacao-na-era-da-ia-da-eficiencia-operacional-a-inteligencia-autonoma\/\">S\u00e9rie Estrat\u00e9gica \u2013 Automa\u00e7\u00e3o na Era da IA: Da Efici\u00eancia Operacional \u00e0 Intelig\u00eancia Aut\u00f4noma<\/a><\/strong><\/li>\n<\/ul>\n","protected":false},"excerpt":{"rendered":"<p>Acompanhando as tecnologias que est\u00e3o moldando o futuro O mercado de tecnologia evolui em ritmo acelerado.Novas plataformas, ferramentas e solu\u00e7\u00f5es surgem constantemente, oferecendo novas possibilidades para empresas que buscam inova\u00e7\u00e3o, efici\u00eancia e vantagem competitiva. O Radar de Tecnologias da InfoChoice foi criado para acompanhar e analisar essas evolu\u00e7\u00f5es. Nosso objetivo \u00e9 identificar tecnologias relevantes, compreender [&hellip;]<\/p>\n","protected":false},"author":1,"featured_media":0,"parent":0,"menu_order":0,"comment_status":"closed","ping_status":"closed","template":"","meta":{"footnotes":""},"class_list":["post-3256","page","type-page","status-publish","hentry"],"yoast_head":"<!-- This site is optimized with the Yoast SEO plugin v27.4 - https:\/\/yoast.com\/product\/yoast-seo-wordpress\/ -->\n<title>Radar de Tecnologias - InfoChoice Tecnologia<\/title>\n<meta name=\"robots\" content=\"index, follow, max-snippet:-1, max-image-preview:large, max-video-preview:-1\" \/>\n<link rel=\"canonical\" href=\"https:\/\/infochoice.com.br\/site\/index.php\/radar-de-tecnologias\/\" \/>\n<meta property=\"og:locale\" content=\"pt_BR\" \/>\n<meta property=\"og:type\" content=\"article\" \/>\n<meta property=\"og:title\" content=\"Radar de Tecnologias - InfoChoice Tecnologia\" \/>\n<meta property=\"og:description\" content=\"Acompanhando as tecnologias que est\u00e3o moldando o futuro O mercado de tecnologia evolui em ritmo acelerado.Novas plataformas, ferramentas e solu\u00e7\u00f5es surgem constantemente, oferecendo novas possibilidades para empresas que buscam inova\u00e7\u00e3o, efici\u00eancia e vantagem competitiva. O Radar de Tecnologias da InfoChoice foi criado para acompanhar e analisar essas evolu\u00e7\u00f5es. Nosso objetivo \u00e9 identificar tecnologias relevantes, compreender [&hellip;]\" \/>\n<meta property=\"og:url\" content=\"https:\/\/infochoice.com.br\/site\/index.php\/radar-de-tecnologias\/\" \/>\n<meta property=\"og:site_name\" content=\"InfoChoice Tecnologia\" \/>\n<meta property=\"article:publisher\" content=\"https:\/\/www.facebook.com\/infochoicetecnologia\" \/>\n<meta property=\"article:modified_time\" content=\"2026-03-27T15:38:48+00:00\" \/>\n<meta property=\"og:image\" content=\"https:\/\/infochoice.com.br\/site\/wp-content\/uploads\/2026\/03\/Selo_Conteudo_Imersivo_InfoChoice-300x200.png\" \/>\n<meta name=\"twitter:card\" content=\"summary_large_image\" \/>\n<meta name=\"twitter:site\" content=\"@infochoicetecnologia\" \/>\n<meta name=\"twitter:label1\" content=\"Est. tempo de leitura\" \/>\n\t<meta name=\"twitter:data1\" content=\"4 minutos\" \/>\n<script type=\"application\/ld+json\" class=\"yoast-schema-graph\">{\"@context\":\"https:\\\/\\\/schema.org\",\"@graph\":[{\"@type\":\"WebPage\",\"@id\":\"https:\\\/\\\/infochoice.com.br\\\/site\\\/index.php\\\/radar-de-tecnologias\\\/\",\"url\":\"https:\\\/\\\/infochoice.com.br\\\/site\\\/index.php\\\/radar-de-tecnologias\\\/\",\"name\":\"Radar de Tecnologias - InfoChoice Tecnologia\",\"isPartOf\":{\"@id\":\"https:\\\/\\\/infochoice.com.br\\\/site\\\/#website\"},\"primaryImageOfPage\":{\"@id\":\"https:\\\/\\\/infochoice.com.br\\\/site\\\/index.php\\\/radar-de-tecnologias\\\/#primaryimage\"},\"image\":{\"@id\":\"https:\\\/\\\/infochoice.com.br\\\/site\\\/index.php\\\/radar-de-tecnologias\\\/#primaryimage\"},\"thumbnailUrl\":\"https:\\\/\\\/infochoice.com.br\\\/site\\\/wp-content\\\/uploads\\\/2026\\\/03\\\/Selo_Conteudo_Imersivo_InfoChoice-300x200.png\",\"datePublished\":\"2026-03-09T22:27:45+00:00\",\"dateModified\":\"2026-03-27T15:38:48+00:00\",\"breadcrumb\":{\"@id\":\"https:\\\/\\\/infochoice.com.br\\\/site\\\/index.php\\\/radar-de-tecnologias\\\/#breadcrumb\"},\"inLanguage\":\"pt-BR\",\"potentialAction\":[{\"@type\":\"ReadAction\",\"target\":[\"https:\\\/\\\/infochoice.com.br\\\/site\\\/index.php\\\/radar-de-tecnologias\\\/\"]}]},{\"@type\":\"ImageObject\",\"inLanguage\":\"pt-BR\",\"@id\":\"https:\\\/\\\/infochoice.com.br\\\/site\\\/index.php\\\/radar-de-tecnologias\\\/#primaryimage\",\"url\":\"http:\\\/\\\/infochoice.com.br\\\/site\\\/wp-content\\\/uploads\\\/2026\\\/03\\\/Selo_Conteudo_Imersivo_InfoChoice.png\",\"contentUrl\":\"http:\\\/\\\/infochoice.com.br\\\/site\\\/wp-content\\\/uploads\\\/2026\\\/03\\\/Selo_Conteudo_Imersivo_InfoChoice.png\",\"width\":1536,\"height\":1024,\"caption\":\"Selo Conte\u00fado Imersivo InfoChoice\"},{\"@type\":\"BreadcrumbList\",\"@id\":\"https:\\\/\\\/infochoice.com.br\\\/site\\\/index.php\\\/radar-de-tecnologias\\\/#breadcrumb\",\"itemListElement\":[{\"@type\":\"ListItem\",\"position\":1,\"name\":\"Home\",\"item\":\"https:\\\/\\\/infochoice.com.br\\\/site\\\/\"},{\"@type\":\"ListItem\",\"position\":2,\"name\":\"Radar de Tecnologias\"}]},{\"@type\":\"WebSite\",\"@id\":\"https:\\\/\\\/infochoice.com.br\\\/site\\\/#website\",\"url\":\"https:\\\/\\\/infochoice.com.br\\\/site\\\/\",\"name\":\"InfoChoice Tecnologia\",\"description\":\"Solu\u00e7\u00f5es e decis\u00f5es estrat\u00e9gicas guiadas por confian\u00e7a, prop\u00f3sito e responsabilidade..\",\"publisher\":{\"@id\":\"https:\\\/\\\/infochoice.com.br\\\/site\\\/#organization\"},\"alternateName\":\"InfoChoice Tecnologia\",\"potentialAction\":[{\"@type\":\"SearchAction\",\"target\":{\"@type\":\"EntryPoint\",\"urlTemplate\":\"https:\\\/\\\/infochoice.com.br\\\/site\\\/?s={search_term_string}\"},\"query-input\":{\"@type\":\"PropertyValueSpecification\",\"valueRequired\":true,\"valueName\":\"search_term_string\"}}],\"inLanguage\":\"pt-BR\"},{\"@type\":\"Organization\",\"@id\":\"https:\\\/\\\/infochoice.com.br\\\/site\\\/#organization\",\"name\":\"InfoChoice\",\"alternateName\":\"InfoChoice Tecnologia\",\"url\":\"https:\\\/\\\/infochoice.com.br\\\/site\\\/\",\"logo\":{\"@type\":\"ImageObject\",\"inLanguage\":\"pt-BR\",\"@id\":\"https:\\\/\\\/infochoice.com.br\\\/site\\\/#\\\/schema\\\/logo\\\/image\\\/\",\"url\":\"https:\\\/\\\/i0.wp.com\\\/infochoice.com.br\\\/site\\\/wp-content\\\/uploads\\\/2023\\\/10\\\/infochoice_ico.png?fit=215%2C219&ssl=1\",\"contentUrl\":\"https:\\\/\\\/i0.wp.com\\\/infochoice.com.br\\\/site\\\/wp-content\\\/uploads\\\/2023\\\/10\\\/infochoice_ico.png?fit=215%2C219&ssl=1\",\"width\":215,\"height\":219,\"caption\":\"InfoChoice\"},\"image\":{\"@id\":\"https:\\\/\\\/infochoice.com.br\\\/site\\\/#\\\/schema\\\/logo\\\/image\\\/\"},\"sameAs\":[\"https:\\\/\\\/www.facebook.com\\\/infochoicetecnologia\",\"https:\\\/\\\/x.com\\\/infochoicetecnologia\",\"https:\\\/\\\/www.instagram.com\\\/infochoicetecnologia\",\"https:\\\/\\\/www.youtube.com\\\/infochoicetecnologia\",\"https:\\\/\\\/www.linkedin.com\\\/infochoicetecnologia\"]}]}<\/script>\n<!-- \/ Yoast SEO plugin. -->","yoast_head_json":{"title":"Radar de Tecnologias - InfoChoice Tecnologia","robots":{"index":"index","follow":"follow","max-snippet":"max-snippet:-1","max-image-preview":"max-image-preview:large","max-video-preview":"max-video-preview:-1"},"canonical":"https:\/\/infochoice.com.br\/site\/index.php\/radar-de-tecnologias\/","og_locale":"pt_BR","og_type":"article","og_title":"Radar de Tecnologias - InfoChoice Tecnologia","og_description":"Acompanhando as tecnologias que est\u00e3o moldando o futuro O mercado de tecnologia evolui em ritmo acelerado.Novas plataformas, ferramentas e solu\u00e7\u00f5es surgem constantemente, oferecendo novas possibilidades para empresas que buscam inova\u00e7\u00e3o, efici\u00eancia e vantagem competitiva. O Radar de Tecnologias da InfoChoice foi criado para acompanhar e analisar essas evolu\u00e7\u00f5es. Nosso objetivo \u00e9 identificar tecnologias relevantes, compreender [&hellip;]","og_url":"https:\/\/infochoice.com.br\/site\/index.php\/radar-de-tecnologias\/","og_site_name":"InfoChoice Tecnologia","article_publisher":"https:\/\/www.facebook.com\/infochoicetecnologia","article_modified_time":"2026-03-27T15:38:48+00:00","og_image":[{"url":"https:\/\/infochoice.com.br\/site\/wp-content\/uploads\/2026\/03\/Selo_Conteudo_Imersivo_InfoChoice-300x200.png","type":"","width":"","height":""}],"twitter_card":"summary_large_image","twitter_site":"@infochoicetecnologia","twitter_misc":{"Est. tempo de leitura":"4 minutos"},"schema":{"@context":"https:\/\/schema.org","@graph":[{"@type":"WebPage","@id":"https:\/\/infochoice.com.br\/site\/index.php\/radar-de-tecnologias\/","url":"https:\/\/infochoice.com.br\/site\/index.php\/radar-de-tecnologias\/","name":"Radar de Tecnologias - InfoChoice Tecnologia","isPartOf":{"@id":"https:\/\/infochoice.com.br\/site\/#website"},"primaryImageOfPage":{"@id":"https:\/\/infochoice.com.br\/site\/index.php\/radar-de-tecnologias\/#primaryimage"},"image":{"@id":"https:\/\/infochoice.com.br\/site\/index.php\/radar-de-tecnologias\/#primaryimage"},"thumbnailUrl":"https:\/\/infochoice.com.br\/site\/wp-content\/uploads\/2026\/03\/Selo_Conteudo_Imersivo_InfoChoice-300x200.png","datePublished":"2026-03-09T22:27:45+00:00","dateModified":"2026-03-27T15:38:48+00:00","breadcrumb":{"@id":"https:\/\/infochoice.com.br\/site\/index.php\/radar-de-tecnologias\/#breadcrumb"},"inLanguage":"pt-BR","potentialAction":[{"@type":"ReadAction","target":["https:\/\/infochoice.com.br\/site\/index.php\/radar-de-tecnologias\/"]}]},{"@type":"ImageObject","inLanguage":"pt-BR","@id":"https:\/\/infochoice.com.br\/site\/index.php\/radar-de-tecnologias\/#primaryimage","url":"http:\/\/infochoice.com.br\/site\/wp-content\/uploads\/2026\/03\/Selo_Conteudo_Imersivo_InfoChoice.png","contentUrl":"http:\/\/infochoice.com.br\/site\/wp-content\/uploads\/2026\/03\/Selo_Conteudo_Imersivo_InfoChoice.png","width":1536,"height":1024,"caption":"Selo Conte\u00fado Imersivo InfoChoice"},{"@type":"BreadcrumbList","@id":"https:\/\/infochoice.com.br\/site\/index.php\/radar-de-tecnologias\/#breadcrumb","itemListElement":[{"@type":"ListItem","position":1,"name":"Home","item":"https:\/\/infochoice.com.br\/site\/"},{"@type":"ListItem","position":2,"name":"Radar de Tecnologias"}]},{"@type":"WebSite","@id":"https:\/\/infochoice.com.br\/site\/#website","url":"https:\/\/infochoice.com.br\/site\/","name":"InfoChoice Tecnologia","description":"Solu\u00e7\u00f5es e decis\u00f5es estrat\u00e9gicas guiadas por confian\u00e7a, prop\u00f3sito e responsabilidade..","publisher":{"@id":"https:\/\/infochoice.com.br\/site\/#organization"},"alternateName":"InfoChoice Tecnologia","potentialAction":[{"@type":"SearchAction","target":{"@type":"EntryPoint","urlTemplate":"https:\/\/infochoice.com.br\/site\/?s={search_term_string}"},"query-input":{"@type":"PropertyValueSpecification","valueRequired":true,"valueName":"search_term_string"}}],"inLanguage":"pt-BR"},{"@type":"Organization","@id":"https:\/\/infochoice.com.br\/site\/#organization","name":"InfoChoice","alternateName":"InfoChoice Tecnologia","url":"https:\/\/infochoice.com.br\/site\/","logo":{"@type":"ImageObject","inLanguage":"pt-BR","@id":"https:\/\/infochoice.com.br\/site\/#\/schema\/logo\/image\/","url":"https:\/\/i0.wp.com\/infochoice.com.br\/site\/wp-content\/uploads\/2023\/10\/infochoice_ico.png?fit=215%2C219&ssl=1","contentUrl":"https:\/\/i0.wp.com\/infochoice.com.br\/site\/wp-content\/uploads\/2023\/10\/infochoice_ico.png?fit=215%2C219&ssl=1","width":215,"height":219,"caption":"InfoChoice"},"image":{"@id":"https:\/\/infochoice.com.br\/site\/#\/schema\/logo\/image\/"},"sameAs":["https:\/\/www.facebook.com\/infochoicetecnologia","https:\/\/x.com\/infochoicetecnologia","https:\/\/www.instagram.com\/infochoicetecnologia","https:\/\/www.youtube.com\/infochoicetecnologia","https:\/\/www.linkedin.com\/infochoicetecnologia"]}]}},"_links":{"self":[{"href":"http:\/\/infochoice.com.br\/site\/index.php\/wp-json\/wp\/v2\/pages\/3256","targetHints":{"allow":["GET"]}}],"collection":[{"href":"http:\/\/infochoice.com.br\/site\/index.php\/wp-json\/wp\/v2\/pages"}],"about":[{"href":"http:\/\/infochoice.com.br\/site\/index.php\/wp-json\/wp\/v2\/types\/page"}],"author":[{"embeddable":true,"href":"http:\/\/infochoice.com.br\/site\/index.php\/wp-json\/wp\/v2\/users\/1"}],"replies":[{"embeddable":true,"href":"http:\/\/infochoice.com.br\/site\/index.php\/wp-json\/wp\/v2\/comments?post=3256"}],"version-history":[{"count":7,"href":"http:\/\/infochoice.com.br\/site\/index.php\/wp-json\/wp\/v2\/pages\/3256\/revisions"}],"predecessor-version":[{"id":4338,"href":"http:\/\/infochoice.com.br\/site\/index.php\/wp-json\/wp\/v2\/pages\/3256\/revisions\/4338"}],"wp:attachment":[{"href":"http:\/\/infochoice.com.br\/site\/index.php\/wp-json\/wp\/v2\/media?parent=3256"}],"curies":[{"name":"wp","href":"https:\/\/api.w.org\/{rel}","templated":true}]}}