{"id":3259,"date":"2026-03-09T19:34:18","date_gmt":"2026-03-09T22:34:18","guid":{"rendered":"https:\/\/infochoice.com.br\/site\/?page_id=3259"},"modified":"2026-04-05T17:46:57","modified_gmt":"2026-04-05T20:46:57","slug":"biblioteca-infochoice","status":"publish","type":"page","link":"http:\/\/infochoice.com.br\/site\/index.php\/biblioteca-infochoice\/","title":{"rendered":"Biblioteca InfoChoice"},"content":{"rendered":"\n<h2 class=\"wp-block-heading\">Um acervo de conhecimento sobre tecnologia<\/h2>\n\n\n\n<p>A Biblioteca InfoChoice re\u00fane conte\u00fados criados para ajudar profissionais e empresas a compreender melhor o universo da tecnologia.<\/p>\n\n\n\n<p>Nosso objetivo \u00e9 organizar conhecimento de forma clara, acess\u00edvel e estrat\u00e9gica, permitindo que decis\u00f5es tecnol\u00f3gicas sejam tomadas com mais seguran\u00e7a.<\/p>\n\n\n\n<p>Aqui voc\u00ea encontrar\u00e1 an\u00e1lises, guias e reflex\u00f5es sobre diferentes \u00e1reas do mercado tecnol\u00f3gico.<\/p>\n\n\n\n<hr class=\"wp-block-separator has-alpha-channel-opacity\"\/>\n\n\n\n<h2 class=\"wp-block-heading\">O que comp\u00f5e a Biblioteca InfoChoice<\/h2>\n\n\n\n<p>A biblioteca re\u00fane diferentes tipos de conte\u00fado, incluindo:<\/p>\n\n\n\n<p><strong>Artigos e an\u00e1lises<\/strong><br><a href=\"https:\/\/infochoice.com.br\/site\/index.php\/radar-de-tecnologias\/\">Reflex\u00f5es sobre tecnologias<\/a>, solu\u00e7\u00f5es e <a href=\"https:\/\/infochoice.com.br\/site\/index.php\/observatorio-de-tendencias\/\">tend\u00eancias do mercado<\/a>.<\/p>\n\n\n\n<p><strong>S\u00e9ries Especiais e Estrat\u00e9gicas<\/strong><br><em>Cole\u00e7\u00f5es estrat\u00e9gicas<\/em><\/p>\n\n\n\n<ul class=\"wp-block-list\">\n<li><a href=\"https:\/\/infochoice.com.br\/site\/index.php\/serie-estrategica\/\">FinOps e Gest\u00e3o de Custos<\/a><\/li>\n\n\n\n<li><a href=\"https:\/\/infochoice.com.br\/site\/index.php\/serie-estrategica-inteligencia-artificial-no-contexto-empresarial\/\">Intelig\u00eancia Artificial<\/a><\/li>\n\n\n\n<li><a href=\"https:\/\/infochoice.com.br\/site\/index.php\/serie-estrategica-automacao-na-era-da-ia-da-eficiencia-operacional-a-inteligencia-autonoma\/\">Automa\u00e7\u00e3o na Era da IA<\/a><\/li>\n\n\n\n<li><a href=\"https:\/\/infochoice.com.br\/site\/index.php\/2026\/03\/12\/seguranca-de-agentes-de-ia\/\">Seguran\u00e7a Cibern\u00e9tica<\/a><\/li>\n\n\n\n<li><a href=\"https:\/\/infochoice.com.br\/site\/index.php\/serie-estrategica-o-futuro-da-engenharia-de-software-na-era-da-ia\/\">Engenharia de Software<\/a><\/li>\n\n\n\n<li><a href=\"https:\/\/infochoice.com.br\/site\/index.php\/comunicacao-corporativa-na-era-da-ia\/\">Comunica\u00e7\u00e3o Corporativa<\/a><\/li>\n\n\n\n<li><a href=\"https:\/\/infochoice.com.br\/site\/index.php\/2026\/03\/14\/arquitetura-moderna-de-dados-era-da-inteligencia-artificial\/\">Dados e Arquitetura da Informa\u00e7\u00e3o<\/a><\/li>\n\n\n\n<li><a href=\"https:\/\/infochoice.com.br\/site\/index.php\/2026\/03\/15\/arquitetura-cloud-era-da-ia\/\">Nuvem e Infraestrutura<\/a><\/li>\n\n\n\n<li><a href=\"https:\/\/infochoice.com.br\/site\/index.php\/serie-estrategica-grc-na-era-da-ia\/\">GRC na Era da IA<\/a><\/li>\n\n\n\n<li>Publica\u00e7\u00f5es da Editora InfoChoice (<a href=\"https:\/\/mentescriativas.art.br\/\" target=\"_blank\" rel=\"noreferrer noopener\">S\u00e9rie Mentes CrIAtivas<\/a> e <a href=\"https:\/\/infochoice.com.br\/site\/index.php\/2025\/04\/16\/trilogia-50-fatos-curiosos-uma-jornada-de-fe-ciencia-e-transformacao\/\" target=\"_blank\" rel=\"noreferrer noopener\">Trilogia 50 Fatos Curiosos<\/a>)<\/li>\n<\/ul>\n\n\n\n<p><strong>Guias de tecnologia<\/strong><br>Conte\u00fados que ajudam a entender conceitos, arquiteturas e modelos tecnol\u00f3gicos.<\/p>\n\n\n\n<p><strong>Compara\u00e7\u00f5es de solu\u00e7\u00f5es<\/strong><br>An\u00e1lises que ajudam a compreender diferen\u00e7as entre plataformas ou abordagens tecnol\u00f3gicas.<\/p>\n\n\n\n<p><strong>Estudos de caso e experi\u00eancias<\/strong><br><a href=\"https:\/\/infochoice.com.br\/site\/index.php\/2025\/11\/13\/como-construimos-o-novo-chatbot-da-infochoice-a-arquitetura-inteligente-por-tras-da-bolinha-azul\/\">Exemplos de aplica\u00e7\u00f5es<\/a> e aprendizados obtidos em <a href=\"https:\/\/infochoice.com.br\/site\/index.php\/2025\/11\/21\/mvp3-plataforma-climatoeconomica-uma-nova-visao-integrada-de-risco-para-os-estados-brasileiros\/\">projetos e iniciativas tecnol\u00f3gicas<\/a>.<\/p>\n\n\n\n<hr class=\"wp-block-separator has-alpha-channel-opacity\"\/>\n\n\n\n<h2 class=\"wp-block-heading\">Conhecimento como ativo estrat\u00e9gico<\/h2>\n\n\n\n<p>Em um cen\u00e1rio cada vez mais digital, conhecimento sobre tecnologia se tornou um ativo fundamental para organiza\u00e7\u00f5es.<\/p>\n\n\n\n<p>Compreender plataformas, avaliar solu\u00e7\u00f5es e entender tend\u00eancias permite que empresas:<\/p>\n\n\n\n<p>\u2022 tomem decis\u00f5es mais informadas<br>\u2022 reduzam riscos em projetos tecnol\u00f3gicos<br>\u2022 identifiquem novas oportunidades de inova\u00e7\u00e3o<br>\u2022 evoluam suas estrat\u00e9gias digitais<\/p>\n\n\n\n<p>A Biblioteca InfoChoice busca contribuir com esse processo de aprendizado cont\u00ednuo.<\/p>\n\n\n\n<hr class=\"wp-block-separator has-alpha-channel-opacity\"\/>\n\n\n\n<h2 class=\"wp-block-heading\">Um espa\u00e7o em constante constru\u00e7\u00e3o<\/h2>\n\n\n\n<p>A tecnologia est\u00e1 sempre evoluindo, e nosso acervo cresce junto com ela.<\/p>\n\n\n\n<p>Novos conte\u00fados s\u00e3o adicionados continuamente, ampliando a biblioteca e aprofundando a compreens\u00e3o sobre diferentes temas do universo tecnol\u00f3gico.<\/p>\n\n\n\n<hr class=\"wp-block-separator has-alpha-channel-opacity\"\/>\n\n\n\n<p><strong>InfoChoice<\/strong><br><em>Compartilhando conhecimento para apoiar decis\u00f5es tecnol\u00f3gicas mais inteligentes.<\/em><\/p>\n","protected":false},"excerpt":{"rendered":"<p>Um acervo de conhecimento sobre tecnologia A Biblioteca InfoChoice re\u00fane conte\u00fados criados para ajudar profissionais e empresas a compreender melhor o universo da tecnologia. Nosso objetivo \u00e9 organizar conhecimento de forma clara, acess\u00edvel e estrat\u00e9gica, permitindo que decis\u00f5es tecnol\u00f3gicas sejam tomadas com mais seguran\u00e7a. Aqui voc\u00ea encontrar\u00e1 an\u00e1lises, guias e reflex\u00f5es sobre diferentes \u00e1reas do [&hellip;]<\/p>\n","protected":false},"author":1,"featured_media":0,"parent":0,"menu_order":0,"comment_status":"closed","ping_status":"closed","template":"","meta":{"footnotes":""},"class_list":["post-3259","page","type-page","status-publish","hentry"],"yoast_head":"<!-- This site is optimized with the Yoast SEO plugin v27.4 - https:\/\/yoast.com\/product\/yoast-seo-wordpress\/ -->\n<title>Biblioteca InfoChoice - InfoChoice Tecnologia<\/title>\n<meta name=\"robots\" content=\"index, follow, max-snippet:-1, max-image-preview:large, max-video-preview:-1\" \/>\n<link rel=\"canonical\" href=\"https:\/\/infochoice.com.br\/site\/index.php\/biblioteca-infochoice\/\" \/>\n<meta property=\"og:locale\" content=\"pt_BR\" \/>\n<meta property=\"og:type\" content=\"article\" \/>\n<meta property=\"og:title\" content=\"Biblioteca InfoChoice - InfoChoice Tecnologia\" \/>\n<meta property=\"og:description\" content=\"Um acervo de conhecimento sobre tecnologia A Biblioteca InfoChoice re\u00fane conte\u00fados criados para ajudar profissionais e empresas a compreender melhor o universo da tecnologia. Nosso objetivo \u00e9 organizar conhecimento de forma clara, acess\u00edvel e estrat\u00e9gica, permitindo que decis\u00f5es tecnol\u00f3gicas sejam tomadas com mais seguran\u00e7a. Aqui voc\u00ea encontrar\u00e1 an\u00e1lises, guias e reflex\u00f5es sobre diferentes \u00e1reas do [&hellip;]\" \/>\n<meta property=\"og:url\" content=\"https:\/\/infochoice.com.br\/site\/index.php\/biblioteca-infochoice\/\" \/>\n<meta property=\"og:site_name\" content=\"InfoChoice Tecnologia\" \/>\n<meta property=\"article:publisher\" content=\"https:\/\/www.facebook.com\/infochoicetecnologia\" \/>\n<meta property=\"article:modified_time\" content=\"2026-04-05T20:46:57+00:00\" \/>\n<meta name=\"twitter:card\" content=\"summary_large_image\" \/>\n<meta name=\"twitter:site\" content=\"@infochoicetecnologia\" \/>\n<meta name=\"twitter:label1\" content=\"Est. tempo de leitura\" \/>\n\t<meta name=\"twitter:data1\" content=\"2 minutos\" \/>\n<script type=\"application\/ld+json\" class=\"yoast-schema-graph\">{\"@context\":\"https:\\\/\\\/schema.org\",\"@graph\":[{\"@type\":\"WebPage\",\"@id\":\"https:\\\/\\\/infochoice.com.br\\\/site\\\/index.php\\\/biblioteca-infochoice\\\/\",\"url\":\"https:\\\/\\\/infochoice.com.br\\\/site\\\/index.php\\\/biblioteca-infochoice\\\/\",\"name\":\"Biblioteca InfoChoice - InfoChoice Tecnologia\",\"isPartOf\":{\"@id\":\"https:\\\/\\\/infochoice.com.br\\\/site\\\/#website\"},\"datePublished\":\"2026-03-09T22:34:18+00:00\",\"dateModified\":\"2026-04-05T20:46:57+00:00\",\"breadcrumb\":{\"@id\":\"https:\\\/\\\/infochoice.com.br\\\/site\\\/index.php\\\/biblioteca-infochoice\\\/#breadcrumb\"},\"inLanguage\":\"pt-BR\",\"potentialAction\":[{\"@type\":\"ReadAction\",\"target\":[\"https:\\\/\\\/infochoice.com.br\\\/site\\\/index.php\\\/biblioteca-infochoice\\\/\"]}]},{\"@type\":\"BreadcrumbList\",\"@id\":\"https:\\\/\\\/infochoice.com.br\\\/site\\\/index.php\\\/biblioteca-infochoice\\\/#breadcrumb\",\"itemListElement\":[{\"@type\":\"ListItem\",\"position\":1,\"name\":\"Home\",\"item\":\"https:\\\/\\\/infochoice.com.br\\\/site\\\/\"},{\"@type\":\"ListItem\",\"position\":2,\"name\":\"Biblioteca InfoChoice\"}]},{\"@type\":\"WebSite\",\"@id\":\"https:\\\/\\\/infochoice.com.br\\\/site\\\/#website\",\"url\":\"https:\\\/\\\/infochoice.com.br\\\/site\\\/\",\"name\":\"InfoChoice Tecnologia\",\"description\":\"Solu\u00e7\u00f5es e decis\u00f5es estrat\u00e9gicas guiadas por confian\u00e7a, prop\u00f3sito e responsabilidade..\",\"publisher\":{\"@id\":\"https:\\\/\\\/infochoice.com.br\\\/site\\\/#organization\"},\"alternateName\":\"InfoChoice Tecnologia\",\"potentialAction\":[{\"@type\":\"SearchAction\",\"target\":{\"@type\":\"EntryPoint\",\"urlTemplate\":\"https:\\\/\\\/infochoice.com.br\\\/site\\\/?s={search_term_string}\"},\"query-input\":{\"@type\":\"PropertyValueSpecification\",\"valueRequired\":true,\"valueName\":\"search_term_string\"}}],\"inLanguage\":\"pt-BR\"},{\"@type\":\"Organization\",\"@id\":\"https:\\\/\\\/infochoice.com.br\\\/site\\\/#organization\",\"name\":\"InfoChoice\",\"alternateName\":\"InfoChoice Tecnologia\",\"url\":\"https:\\\/\\\/infochoice.com.br\\\/site\\\/\",\"logo\":{\"@type\":\"ImageObject\",\"inLanguage\":\"pt-BR\",\"@id\":\"https:\\\/\\\/infochoice.com.br\\\/site\\\/#\\\/schema\\\/logo\\\/image\\\/\",\"url\":\"https:\\\/\\\/i0.wp.com\\\/infochoice.com.br\\\/site\\\/wp-content\\\/uploads\\\/2023\\\/10\\\/infochoice_ico.png?fit=215%2C219&ssl=1\",\"contentUrl\":\"https:\\\/\\\/i0.wp.com\\\/infochoice.com.br\\\/site\\\/wp-content\\\/uploads\\\/2023\\\/10\\\/infochoice_ico.png?fit=215%2C219&ssl=1\",\"width\":215,\"height\":219,\"caption\":\"InfoChoice\"},\"image\":{\"@id\":\"https:\\\/\\\/infochoice.com.br\\\/site\\\/#\\\/schema\\\/logo\\\/image\\\/\"},\"sameAs\":[\"https:\\\/\\\/www.facebook.com\\\/infochoicetecnologia\",\"https:\\\/\\\/x.com\\\/infochoicetecnologia\",\"https:\\\/\\\/www.instagram.com\\\/infochoicetecnologia\",\"https:\\\/\\\/www.youtube.com\\\/infochoicetecnologia\",\"https:\\\/\\\/www.linkedin.com\\\/infochoicetecnologia\"]}]}<\/script>\n<!-- \/ Yoast SEO plugin. -->","yoast_head_json":{"title":"Biblioteca InfoChoice - InfoChoice Tecnologia","robots":{"index":"index","follow":"follow","max-snippet":"max-snippet:-1","max-image-preview":"max-image-preview:large","max-video-preview":"max-video-preview:-1"},"canonical":"https:\/\/infochoice.com.br\/site\/index.php\/biblioteca-infochoice\/","og_locale":"pt_BR","og_type":"article","og_title":"Biblioteca InfoChoice - InfoChoice Tecnologia","og_description":"Um acervo de conhecimento sobre tecnologia A Biblioteca InfoChoice re\u00fane conte\u00fados criados para ajudar profissionais e empresas a compreender melhor o universo da tecnologia. Nosso objetivo \u00e9 organizar conhecimento de forma clara, acess\u00edvel e estrat\u00e9gica, permitindo que decis\u00f5es tecnol\u00f3gicas sejam tomadas com mais seguran\u00e7a. Aqui voc\u00ea encontrar\u00e1 an\u00e1lises, guias e reflex\u00f5es sobre diferentes \u00e1reas do [&hellip;]","og_url":"https:\/\/infochoice.com.br\/site\/index.php\/biblioteca-infochoice\/","og_site_name":"InfoChoice Tecnologia","article_publisher":"https:\/\/www.facebook.com\/infochoicetecnologia","article_modified_time":"2026-04-05T20:46:57+00:00","twitter_card":"summary_large_image","twitter_site":"@infochoicetecnologia","twitter_misc":{"Est. tempo de leitura":"2 minutos"},"schema":{"@context":"https:\/\/schema.org","@graph":[{"@type":"WebPage","@id":"https:\/\/infochoice.com.br\/site\/index.php\/biblioteca-infochoice\/","url":"https:\/\/infochoice.com.br\/site\/index.php\/biblioteca-infochoice\/","name":"Biblioteca InfoChoice - InfoChoice Tecnologia","isPartOf":{"@id":"https:\/\/infochoice.com.br\/site\/#website"},"datePublished":"2026-03-09T22:34:18+00:00","dateModified":"2026-04-05T20:46:57+00:00","breadcrumb":{"@id":"https:\/\/infochoice.com.br\/site\/index.php\/biblioteca-infochoice\/#breadcrumb"},"inLanguage":"pt-BR","potentialAction":[{"@type":"ReadAction","target":["https:\/\/infochoice.com.br\/site\/index.php\/biblioteca-infochoice\/"]}]},{"@type":"BreadcrumbList","@id":"https:\/\/infochoice.com.br\/site\/index.php\/biblioteca-infochoice\/#breadcrumb","itemListElement":[{"@type":"ListItem","position":1,"name":"Home","item":"https:\/\/infochoice.com.br\/site\/"},{"@type":"ListItem","position":2,"name":"Biblioteca InfoChoice"}]},{"@type":"WebSite","@id":"https:\/\/infochoice.com.br\/site\/#website","url":"https:\/\/infochoice.com.br\/site\/","name":"InfoChoice Tecnologia","description":"Solu\u00e7\u00f5es e decis\u00f5es estrat\u00e9gicas guiadas por confian\u00e7a, prop\u00f3sito e responsabilidade..","publisher":{"@id":"https:\/\/infochoice.com.br\/site\/#organization"},"alternateName":"InfoChoice Tecnologia","potentialAction":[{"@type":"SearchAction","target":{"@type":"EntryPoint","urlTemplate":"https:\/\/infochoice.com.br\/site\/?s={search_term_string}"},"query-input":{"@type":"PropertyValueSpecification","valueRequired":true,"valueName":"search_term_string"}}],"inLanguage":"pt-BR"},{"@type":"Organization","@id":"https:\/\/infochoice.com.br\/site\/#organization","name":"InfoChoice","alternateName":"InfoChoice Tecnologia","url":"https:\/\/infochoice.com.br\/site\/","logo":{"@type":"ImageObject","inLanguage":"pt-BR","@id":"https:\/\/infochoice.com.br\/site\/#\/schema\/logo\/image\/","url":"https:\/\/i0.wp.com\/infochoice.com.br\/site\/wp-content\/uploads\/2023\/10\/infochoice_ico.png?fit=215%2C219&ssl=1","contentUrl":"https:\/\/i0.wp.com\/infochoice.com.br\/site\/wp-content\/uploads\/2023\/10\/infochoice_ico.png?fit=215%2C219&ssl=1","width":215,"height":219,"caption":"InfoChoice"},"image":{"@id":"https:\/\/infochoice.com.br\/site\/#\/schema\/logo\/image\/"},"sameAs":["https:\/\/www.facebook.com\/infochoicetecnologia","https:\/\/x.com\/infochoicetecnologia","https:\/\/www.instagram.com\/infochoicetecnologia","https:\/\/www.youtube.com\/infochoicetecnologia","https:\/\/www.linkedin.com\/infochoicetecnologia"]}]}},"_links":{"self":[{"href":"http:\/\/infochoice.com.br\/site\/index.php\/wp-json\/wp\/v2\/pages\/3259","targetHints":{"allow":["GET"]}}],"collection":[{"href":"http:\/\/infochoice.com.br\/site\/index.php\/wp-json\/wp\/v2\/pages"}],"about":[{"href":"http:\/\/infochoice.com.br\/site\/index.php\/wp-json\/wp\/v2\/types\/page"}],"author":[{"embeddable":true,"href":"http:\/\/infochoice.com.br\/site\/index.php\/wp-json\/wp\/v2\/users\/1"}],"replies":[{"embeddable":true,"href":"http:\/\/infochoice.com.br\/site\/index.php\/wp-json\/wp\/v2\/comments?post=3259"}],"version-history":[{"count":19,"href":"http:\/\/infochoice.com.br\/site\/index.php\/wp-json\/wp\/v2\/pages\/3259\/revisions"}],"predecessor-version":[{"id":4517,"href":"http:\/\/infochoice.com.br\/site\/index.php\/wp-json\/wp\/v2\/pages\/3259\/revisions\/4517"}],"wp:attachment":[{"href":"http:\/\/infochoice.com.br\/site\/index.php\/wp-json\/wp\/v2\/media?parent=3259"}],"curies":[{"name":"wp","href":"https:\/\/api.w.org\/{rel}","templated":true}]}}