{"id":56,"date":"2019-06-08T23:15:57","date_gmt":"2019-06-09T02:15:57","guid":{"rendered":"http:\/\/infochoice.com.br\/site\/?page_id=56"},"modified":"2026-03-15T14:24:32","modified_gmt":"2026-03-15T17:24:32","slug":"gestao-de-projetos","status":"publish","type":"page","link":"http:\/\/infochoice.com.br\/site\/index.php\/gestao-de-projetos\/","title":{"rendered":"Gest\u00e3o de Projetos"},"content":{"rendered":"<h1 data-section-id=\"1vwbqck\" data-start=\"899\" data-end=\"951\">Gest\u00e3o de Projetos na Era da Transforma\u00e7\u00e3o Digital<\/h1>\n<p data-start=\"953\" data-end=\"1178\">Projetos de tecnologia s\u00e3o o motor da transforma\u00e7\u00e3o digital nas organiza\u00e7\u00f5es.<br data-start=\"1030\" data-end=\"1033\" \/>Mas tamb\u00e9m s\u00e3o uma das principais fontes de desperd\u00edcio de investimento quando n\u00e3o s\u00e3o conduzidos com disciplina, governan\u00e7a e vis\u00e3o estrat\u00e9gica.<\/p>\n<p data-start=\"1180\" data-end=\"1385\">Infraestrutura, cloud, dados, intelig\u00eancia artificial e automa\u00e7\u00e3o n\u00e3o geram valor apenas por existirem.<br data-start=\"1283\" data-end=\"1286\" \/>Elas precisam ser <strong data-start=\"1304\" data-end=\"1384\">planejadas, implementadas e integradas por meio de projetos bem estruturados<\/strong>.<\/p>\n<p data-start=\"1387\" data-end=\"1492\">\u00c9 nesse ponto que a gest\u00e3o de projetos se torna um fator cr\u00edtico para o sucesso da transforma\u00e7\u00e3o digital.<\/p>\n<p data-start=\"1494\" data-end=\"1708\">A InfoChoice apoia organiza\u00e7\u00f5es na condu\u00e7\u00e3o de projetos de tecnologia com metodologias consolidadas, experi\u00eancia pr\u00e1tica e uma vis\u00e3o moderna que integra <strong data-start=\"1647\" data-end=\"1707\">estrat\u00e9gia, tecnologia e gera\u00e7\u00e3o de valor para o neg\u00f3cio<\/strong>.<\/p>\n<hr data-start=\"1710\" data-end=\"1713\" \/>\n<h1 data-section-id=\"c0sguk\" data-start=\"1715\" data-end=\"1775\">O papel da gest\u00e3o de projetos em iniciativas de tecnologia<\/h1>\n<p data-start=\"1777\" data-end=\"1858\">Projetos de TI possuem caracter\u00edsticas espec\u00edficas que aumentam sua complexidade:<\/p>\n<ul data-start=\"1860\" data-end=\"2044\">\n<li data-section-id=\"4voae3\" data-start=\"1860\" data-end=\"1896\">\n<p data-start=\"1862\" data-end=\"1896\">m\u00faltiplas tecnologias envolvidas<\/p>\n<\/li>\n<li data-section-id=\"1vlh1xh\" data-start=\"1897\" data-end=\"1928\">\n<p data-start=\"1899\" data-end=\"1928\">depend\u00eancias entre sistemas<\/p>\n<\/li>\n<li data-section-id=\"w6nqth\" data-start=\"1929\" data-end=\"1963\">\n<p data-start=\"1931\" data-end=\"1963\">riscos t\u00e9cnicos e operacionais<\/p>\n<\/li>\n<li data-section-id=\"1ckwaj0\" data-start=\"1964\" data-end=\"2003\">\n<p data-start=\"1966\" data-end=\"2003\">integra\u00e7\u00e3o com processos de neg\u00f3cio<\/p>\n<\/li>\n<li data-section-id=\"1r8ws9s\" data-start=\"2004\" data-end=\"2044\">\n<p data-start=\"2006\" data-end=\"2044\">necessidade de governan\u00e7a e controle<\/p>\n<\/li>\n<\/ul>\n<p data-start=\"2046\" data-end=\"2084\">Uma gest\u00e3o de projetos eficaz permite:<\/p>\n<p data-start=\"2086\" data-end=\"2299\">\u2714 transformar estrat\u00e9gia em execu\u00e7\u00e3o<br data-start=\"2122\" data-end=\"2125\" \/>\u2714 reduzir riscos de implementa\u00e7\u00e3o<br data-start=\"2158\" data-end=\"2161\" \/>\u2714 melhorar previsibilidade de prazos e custos<br data-start=\"2206\" data-end=\"2209\" \/>\u2714 aumentar a qualidade das entregas<br data-start=\"2244\" data-end=\"2247\" \/>\u2714 garantir alinhamento com os objetivos do neg\u00f3cio<\/p>\n<h1 data-section-id=\"1y7jzbo\" data-start=\"2726\" data-end=\"2767\">Metodologias e boas pr\u00e1ticas utilizadas<\/h1>\n<p data-start=\"2769\" data-end=\"2887\">A gest\u00e3o de projetos na InfoChoice combina abordagens tradicionais e \u00e1geis, adaptadas \u00e0 realidade de cada organiza\u00e7\u00e3o.<\/p>\n<p data-start=\"2889\" data-end=\"2938\">Entre as principais refer\u00eancias utilizadas est\u00e3o:<\/p>\n<ul data-start=\"2940\" data-end=\"3026\">\n<li data-section-id=\"9y9l9j\" data-start=\"2940\" data-end=\"2956\">\n<p data-start=\"2942\" data-end=\"2956\">PMBOK\u00ae Guide<\/p>\n<\/li>\n<li data-section-id=\"2ypeex\" data-start=\"2957\" data-end=\"2968\">\n<p data-start=\"2959\" data-end=\"2968\">PRINCE2<\/p>\n<\/li>\n<li data-section-id=\"142cjgh\" data-start=\"2969\" data-end=\"2995\">\n<p data-start=\"2971\" data-end=\"2995\">Scrum e pr\u00e1ticas \u00e1geis<\/p>\n<\/li>\n<li data-section-id=\"1m17eev\" data-start=\"2996\" data-end=\"3026\">\n<p data-start=\"2998\" data-end=\"3026\">modelos h\u00edbridos de gest\u00e3o<\/p>\n<\/li>\n<\/ul>\n<p data-start=\"3028\" data-end=\"3162\">Essa abordagem permite equilibrar <strong data-start=\"3062\" data-end=\"3109\">estrutura, previsibilidade e adaptabilidade<\/strong>, especialmente em projetos de transforma\u00e7\u00e3o digital.<\/p>\n<hr data-start=\"3164\" data-end=\"3167\" \/>\n<h1 data-section-id=\"35zmfp\" data-start=\"3169\" data-end=\"3196\">Experi\u00eancia e credenciais<\/h1>\n<p data-start=\"3198\" data-end=\"3324\">A atua\u00e7\u00e3o em gest\u00e3o de projetos \u00e9 conduzida por profissional com ampla experi\u00eancia na \u00e1rea de tecnologia e projetos complexos.<\/p>\n<p data-start=\"3326\" data-end=\"3336\">Destaques:<\/p>\n<ul data-start=\"3338\" data-end=\"3574\">\n<li data-section-id=\"4kha2i\" data-start=\"3338\" data-end=\"3406\">\n<p data-start=\"3340\" data-end=\"3406\"><strong data-start=\"3340\" data-end=\"3406\">Certifica\u00e7\u00e3o PMP\u00ae (Project Management Professional) desde 2003<\/strong><\/p>\n<\/li>\n<li data-section-id=\"11yt8dh\" data-start=\"3407\" data-end=\"3471\">\n<p data-start=\"3409\" data-end=\"3471\"><strong data-start=\"3417\" data-end=\"3471\">Experi\u00eancia em gest\u00e3o de projetos de TI desde 2000.<\/strong><\/p>\n<\/li>\n<li data-section-id=\"1ww8i3f\" data-start=\"3472\" data-end=\"3524\">\n<p data-start=\"3474\" data-end=\"3524\">atua\u00e7\u00e3o como <strong data-start=\"3487\" data-end=\"3524\">autor e revisor t\u00e9cnico de livros<\/strong><\/p>\n<\/li>\n<li data-section-id=\"1lwnsxi\" data-start=\"3525\" data-end=\"3574\">\n<p data-start=\"3527\" data-end=\"3574\">participa\u00e7\u00e3o como <strong data-start=\"3545\" data-end=\"3574\">palestrante internacional<\/strong><\/p>\n<\/li>\n<\/ul>\n<p data-start=\"3576\" data-end=\"3609\">Certifica\u00e7\u00f5es relevantes incluem:<\/p>\n<ul data-start=\"3611\" data-end=\"3801\">\n<li data-section-id=\"17cegm3\" data-start=\"3611\" data-end=\"3652\">\n<p data-start=\"3613\" data-end=\"3652\">PMP \u2013 Project Management Professional<\/p>\n<\/li>\n<li data-section-id=\"at2x04\" data-start=\"3653\" data-end=\"3681\">\n<p data-start=\"3655\" data-end=\"3681\">PRINCE2 Agile Foundation<\/p>\n<\/li>\n<li data-section-id=\"1u7lxjm\" data-start=\"3682\" data-end=\"3704\">\n<p data-start=\"3684\" data-end=\"3704\">PRINCE2 Foundation<\/p>\n<\/li>\n<li data-section-id=\"4jti7z\" data-start=\"3705\" data-end=\"3731\">\n<p data-start=\"3707\" data-end=\"3731\">Agile Scrum Foundation<\/p>\n<\/li>\n<li data-section-id=\"c92xdt\" data-start=\"3732\" data-end=\"3764\">\n<p data-start=\"3734\" data-end=\"3764\">Scrum Fundamentals Certified<\/p>\n<\/li>\n<li data-section-id=\"zcanv4\" data-start=\"3765\" data-end=\"3801\">\n<p data-start=\"3767\" data-end=\"3801\">Microsoft Certified Professional<\/p>\n<\/li>\n<\/ul>\n<hr data-start=\"3803\" data-end=\"3806\" \/>\n<h1 data-section-id=\"1crboo5\" data-start=\"3808\" data-end=\"3862\">Gest\u00e3o de projetos na era da Intelig\u00eancia Artificial<\/h1>\n<p data-start=\"3864\" data-end=\"3945\">A gest\u00e3o de projetos tamb\u00e9m est\u00e1 sendo transformada pela Intelig\u00eancia Artificial.<\/p>\n<p data-start=\"3947\" data-end=\"3983\">Ferramentas baseadas em IA permitem:<\/p>\n<ul data-start=\"3985\" data-end=\"4144\">\n<li data-section-id=\"vtohjl\" data-start=\"3985\" data-end=\"4029\">\n<p data-start=\"3987\" data-end=\"4029\">an\u00e1lise mais r\u00e1pida de riscos e cen\u00e1rios<\/p>\n<\/li>\n<li data-section-id=\"101lyfv\" data-start=\"4030\" data-end=\"4072\">\n<p data-start=\"4032\" data-end=\"4072\">automa\u00e7\u00e3o de documenta\u00e7\u00e3o e relat\u00f3rios<\/p>\n<\/li>\n<li data-section-id=\"z3gvsn\" data-start=\"4073\" data-end=\"4102\">\n<p data-start=\"4075\" data-end=\"4102\">apoio \u00e0 tomada de decis\u00e3o<\/p>\n<\/li>\n<li data-section-id=\"1nga26g\" data-start=\"4103\" data-end=\"4144\">\n<p data-start=\"4105\" data-end=\"4144\">melhoria da comunica\u00e7\u00e3o entre equipes<\/p>\n<\/li>\n<\/ul>\n<p data-start=\"4146\" data-end=\"4331\">A InfoChoice explora essas novas possibilidades integrando <strong data-start=\"4205\" data-end=\"4245\">IA generativa e ferramentas digitais<\/strong> \u00e0s pr\u00e1ticas de gest\u00e3o de projetos, ampliando a efici\u00eancia e a qualidade das entregas.<\/p>\n<p data-start=\"4146\" data-end=\"4331\"><img loading=\"lazy\" decoding=\"async\" class=\"alignnone size-full wp-image-3500\" src=\"http:\/\/infochoice.com.br\/site\/wp-content\/uploads\/2026\/03\/Arquitetura_de_Execucao_de_Projetos_de_Tecnologia_InfoChoice.png\" alt=\"Arquitetura de Execu\u00e7\u00e3o de Projetos de Tecnologia\" width=\"1024\" height=\"1536\" srcset=\"http:\/\/infochoice.com.br\/site\/wp-content\/uploads\/2026\/03\/Arquitetura_de_Execucao_de_Projetos_de_Tecnologia_InfoChoice.png 1024w, http:\/\/infochoice.com.br\/site\/wp-content\/uploads\/2026\/03\/Arquitetura_de_Execucao_de_Projetos_de_Tecnologia_InfoChoice-200x300.png 200w, http:\/\/infochoice.com.br\/site\/wp-content\/uploads\/2026\/03\/Arquitetura_de_Execucao_de_Projetos_de_Tecnologia_InfoChoice-683x1024.png 683w, http:\/\/infochoice.com.br\/site\/wp-content\/uploads\/2026\/03\/Arquitetura_de_Execucao_de_Projetos_de_Tecnologia_InfoChoice-768x1152.png 768w\" sizes=\"auto, (max-width: 1024px) 100vw, 1024px\" \/><\/p>\n<hr data-start=\"4333\" data-end=\"4336\" \/>\n<h2 data-section-id=\"1v7rqy2\" data-start=\"4354\" data-end=\"4413\">Precisa estruturar ou acelerar um projeto de tecnologia?<\/h2>\n<p data-start=\"4415\" data-end=\"4540\">A InfoChoice apoia organiza\u00e7\u00f5es na condu\u00e7\u00e3o de projetos de infraestrutura, cloud, dados, automa\u00e7\u00e3o e intelig\u00eancia artificial.<\/p>\n<p data-start=\"4542\" data-end=\"4678\">Converse com nosso <strong data-start=\"4561\" data-end=\"4583\">Assistente Virtual<\/strong> ou preencha o <a href=\"https:\/\/infochoice.com.br\/site\/index.php\/contato\/\"><strong data-start=\"4598\" data-end=\"4635\">Formul\u00e1rio Estrat\u00e9gico de Contato<\/strong><\/a> para iniciar uma avalia\u00e7\u00e3o do seu projeto.<\/p>\n<hr data-start=\"4680\" data-end=\"4683\" \/>\n<p data-start=\"4685\" data-end=\"4722\">\n","protected":false},"excerpt":{"rendered":"<p>Gest\u00e3o de Projetos na Era da Transforma\u00e7\u00e3o Digital Projetos de tecnologia s\u00e3o o motor da transforma\u00e7\u00e3o digital nas organiza\u00e7\u00f5es.Mas tamb\u00e9m s\u00e3o uma das principais fontes de desperd\u00edcio de investimento quando n\u00e3o s\u00e3o conduzidos com disciplina, governan\u00e7a e vis\u00e3o estrat\u00e9gica. Infraestrutura, cloud, dados, intelig\u00eancia artificial e automa\u00e7\u00e3o n\u00e3o geram valor apenas por existirem.Elas precisam ser planejadas, [&hellip;]<\/p>\n","protected":false},"author":1,"featured_media":0,"parent":0,"menu_order":1,"comment_status":"closed","ping_status":"closed","template":"","meta":{"footnotes":""},"class_list":["post-56","page","type-page","status-publish","hentry"],"yoast_head":"<!-- This site is optimized with the Yoast SEO plugin v27.4 - https:\/\/yoast.com\/product\/yoast-seo-wordpress\/ -->\n<title>Gest\u00e3o de Projetos - InfoChoice Tecnologia<\/title>\n<meta name=\"description\" content=\"Consultoria tril\u00edngue (ingl\u00eas, espanhol e portugu\u00eas) em Gest\u00e3o de Projetos de TI para um mundo globalizado.\" \/>\n<meta name=\"robots\" content=\"index, follow, max-snippet:-1, max-image-preview:large, max-video-preview:-1\" \/>\n<link rel=\"canonical\" href=\"http:\/\/infochoice.com.br\/site\/index.php\/gestao-de-projetos\/\" \/>\n<meta property=\"og:locale\" content=\"pt_BR\" \/>\n<meta property=\"og:type\" content=\"article\" \/>\n<meta property=\"og:title\" content=\"Gest\u00e3o de Projetos - InfoChoice Tecnologia\" \/>\n<meta property=\"og:description\" content=\"Consultoria tril\u00edngue (ingl\u00eas, espanhol e portugu\u00eas) em Gest\u00e3o de Projetos de TI para um mundo globalizado.\" \/>\n<meta property=\"og:url\" content=\"http:\/\/infochoice.com.br\/site\/index.php\/gestao-de-projetos\/\" \/>\n<meta property=\"og:site_name\" content=\"InfoChoice Tecnologia\" \/>\n<meta property=\"article:publisher\" content=\"https:\/\/www.facebook.com\/infochoicetecnologia\" \/>\n<meta property=\"article:modified_time\" content=\"2026-03-15T17:24:32+00:00\" \/>\n<meta property=\"og:image\" content=\"http:\/\/infochoice.com.br\/site\/wp-content\/uploads\/2026\/03\/Arquitetura_de_Execucao_de_Projetos_de_Tecnologia_InfoChoice.png\" \/>\n<meta name=\"twitter:card\" content=\"summary_large_image\" \/>\n<meta name=\"twitter:site\" content=\"@infochoicetecnologia\" \/>\n<meta name=\"twitter:label1\" content=\"Est. tempo de leitura\" \/>\n\t<meta name=\"twitter:data1\" content=\"3 minutos\" \/>\n<script type=\"application\/ld+json\" class=\"yoast-schema-graph\">{\"@context\":\"https:\\\/\\\/schema.org\",\"@graph\":[{\"@type\":\"WebPage\",\"@id\":\"http:\\\/\\\/infochoice.com.br\\\/site\\\/index.php\\\/gestao-de-projetos\\\/\",\"url\":\"http:\\\/\\\/infochoice.com.br\\\/site\\\/index.php\\\/gestao-de-projetos\\\/\",\"name\":\"Gest\u00e3o de Projetos - InfoChoice Tecnologia\",\"isPartOf\":{\"@id\":\"https:\\\/\\\/infochoice.com.br\\\/site\\\/#website\"},\"primaryImageOfPage\":{\"@id\":\"http:\\\/\\\/infochoice.com.br\\\/site\\\/index.php\\\/gestao-de-projetos\\\/#primaryimage\"},\"image\":{\"@id\":\"http:\\\/\\\/infochoice.com.br\\\/site\\\/index.php\\\/gestao-de-projetos\\\/#primaryimage\"},\"thumbnailUrl\":\"http:\\\/\\\/infochoice.com.br\\\/site\\\/wp-content\\\/uploads\\\/2026\\\/03\\\/Arquitetura_de_Execucao_de_Projetos_de_Tecnologia_InfoChoice.png\",\"datePublished\":\"2019-06-09T02:15:57+00:00\",\"dateModified\":\"2026-03-15T17:24:32+00:00\",\"description\":\"Consultoria tril\u00edngue (ingl\u00eas, espanhol e portugu\u00eas) em Gest\u00e3o de Projetos de TI para um mundo globalizado.\",\"breadcrumb\":{\"@id\":\"http:\\\/\\\/infochoice.com.br\\\/site\\\/index.php\\\/gestao-de-projetos\\\/#breadcrumb\"},\"inLanguage\":\"pt-BR\",\"potentialAction\":[{\"@type\":\"ReadAction\",\"target\":[\"http:\\\/\\\/infochoice.com.br\\\/site\\\/index.php\\\/gestao-de-projetos\\\/\"]}]},{\"@type\":\"ImageObject\",\"inLanguage\":\"pt-BR\",\"@id\":\"http:\\\/\\\/infochoice.com.br\\\/site\\\/index.php\\\/gestao-de-projetos\\\/#primaryimage\",\"url\":\"http:\\\/\\\/infochoice.com.br\\\/site\\\/wp-content\\\/uploads\\\/2026\\\/03\\\/Arquitetura_de_Execucao_de_Projetos_de_Tecnologia_InfoChoice.png\",\"contentUrl\":\"http:\\\/\\\/infochoice.com.br\\\/site\\\/wp-content\\\/uploads\\\/2026\\\/03\\\/Arquitetura_de_Execucao_de_Projetos_de_Tecnologia_InfoChoice.png\",\"width\":1024,\"height\":1536,\"caption\":\"Arquitetura de Execu\u00e7\u00e3o de Projetos de Tecnologia\"},{\"@type\":\"BreadcrumbList\",\"@id\":\"http:\\\/\\\/infochoice.com.br\\\/site\\\/index.php\\\/gestao-de-projetos\\\/#breadcrumb\",\"itemListElement\":[{\"@type\":\"ListItem\",\"position\":1,\"name\":\"Home\",\"item\":\"https:\\\/\\\/infochoice.com.br\\\/site\\\/\"},{\"@type\":\"ListItem\",\"position\":2,\"name\":\"Gest\u00e3o de Projetos\"}]},{\"@type\":\"WebSite\",\"@id\":\"https:\\\/\\\/infochoice.com.br\\\/site\\\/#website\",\"url\":\"https:\\\/\\\/infochoice.com.br\\\/site\\\/\",\"name\":\"InfoChoice Tecnologia\",\"description\":\"Solu\u00e7\u00f5es e decis\u00f5es estrat\u00e9gicas guiadas por confian\u00e7a, prop\u00f3sito e responsabilidade..\",\"publisher\":{\"@id\":\"https:\\\/\\\/infochoice.com.br\\\/site\\\/#organization\"},\"alternateName\":\"InfoChoice Tecnologia\",\"potentialAction\":[{\"@type\":\"SearchAction\",\"target\":{\"@type\":\"EntryPoint\",\"urlTemplate\":\"https:\\\/\\\/infochoice.com.br\\\/site\\\/?s={search_term_string}\"},\"query-input\":{\"@type\":\"PropertyValueSpecification\",\"valueRequired\":true,\"valueName\":\"search_term_string\"}}],\"inLanguage\":\"pt-BR\"},{\"@type\":\"Organization\",\"@id\":\"https:\\\/\\\/infochoice.com.br\\\/site\\\/#organization\",\"name\":\"InfoChoice\",\"alternateName\":\"InfoChoice Tecnologia\",\"url\":\"https:\\\/\\\/infochoice.com.br\\\/site\\\/\",\"logo\":{\"@type\":\"ImageObject\",\"inLanguage\":\"pt-BR\",\"@id\":\"https:\\\/\\\/infochoice.com.br\\\/site\\\/#\\\/schema\\\/logo\\\/image\\\/\",\"url\":\"https:\\\/\\\/i0.wp.com\\\/infochoice.com.br\\\/site\\\/wp-content\\\/uploads\\\/2023\\\/10\\\/infochoice_ico.png?fit=215%2C219&ssl=1\",\"contentUrl\":\"https:\\\/\\\/i0.wp.com\\\/infochoice.com.br\\\/site\\\/wp-content\\\/uploads\\\/2023\\\/10\\\/infochoice_ico.png?fit=215%2C219&ssl=1\",\"width\":215,\"height\":219,\"caption\":\"InfoChoice\"},\"image\":{\"@id\":\"https:\\\/\\\/infochoice.com.br\\\/site\\\/#\\\/schema\\\/logo\\\/image\\\/\"},\"sameAs\":[\"https:\\\/\\\/www.facebook.com\\\/infochoicetecnologia\",\"https:\\\/\\\/x.com\\\/infochoicetecnologia\",\"https:\\\/\\\/www.instagram.com\\\/infochoicetecnologia\",\"https:\\\/\\\/www.youtube.com\\\/infochoicetecnologia\",\"https:\\\/\\\/www.linkedin.com\\\/infochoicetecnologia\"]}]}<\/script>\n<!-- \/ Yoast SEO plugin. -->","yoast_head_json":{"title":"Gest\u00e3o de Projetos - InfoChoice Tecnologia","description":"Consultoria tril\u00edngue (ingl\u00eas, espanhol e portugu\u00eas) em Gest\u00e3o de Projetos de TI para um mundo globalizado.","robots":{"index":"index","follow":"follow","max-snippet":"max-snippet:-1","max-image-preview":"max-image-preview:large","max-video-preview":"max-video-preview:-1"},"canonical":"http:\/\/infochoice.com.br\/site\/index.php\/gestao-de-projetos\/","og_locale":"pt_BR","og_type":"article","og_title":"Gest\u00e3o de Projetos - InfoChoice Tecnologia","og_description":"Consultoria tril\u00edngue (ingl\u00eas, espanhol e portugu\u00eas) em Gest\u00e3o de Projetos de TI para um mundo globalizado.","og_url":"http:\/\/infochoice.com.br\/site\/index.php\/gestao-de-projetos\/","og_site_name":"InfoChoice Tecnologia","article_publisher":"https:\/\/www.facebook.com\/infochoicetecnologia","article_modified_time":"2026-03-15T17:24:32+00:00","og_image":[{"url":"http:\/\/infochoice.com.br\/site\/wp-content\/uploads\/2026\/03\/Arquitetura_de_Execucao_de_Projetos_de_Tecnologia_InfoChoice.png","type":"","width":"","height":""}],"twitter_card":"summary_large_image","twitter_site":"@infochoicetecnologia","twitter_misc":{"Est. tempo de leitura":"3 minutos"},"schema":{"@context":"https:\/\/schema.org","@graph":[{"@type":"WebPage","@id":"http:\/\/infochoice.com.br\/site\/index.php\/gestao-de-projetos\/","url":"http:\/\/infochoice.com.br\/site\/index.php\/gestao-de-projetos\/","name":"Gest\u00e3o de Projetos - InfoChoice Tecnologia","isPartOf":{"@id":"https:\/\/infochoice.com.br\/site\/#website"},"primaryImageOfPage":{"@id":"http:\/\/infochoice.com.br\/site\/index.php\/gestao-de-projetos\/#primaryimage"},"image":{"@id":"http:\/\/infochoice.com.br\/site\/index.php\/gestao-de-projetos\/#primaryimage"},"thumbnailUrl":"http:\/\/infochoice.com.br\/site\/wp-content\/uploads\/2026\/03\/Arquitetura_de_Execucao_de_Projetos_de_Tecnologia_InfoChoice.png","datePublished":"2019-06-09T02:15:57+00:00","dateModified":"2026-03-15T17:24:32+00:00","description":"Consultoria tril\u00edngue (ingl\u00eas, espanhol e portugu\u00eas) em Gest\u00e3o de Projetos de TI para um mundo globalizado.","breadcrumb":{"@id":"http:\/\/infochoice.com.br\/site\/index.php\/gestao-de-projetos\/#breadcrumb"},"inLanguage":"pt-BR","potentialAction":[{"@type":"ReadAction","target":["http:\/\/infochoice.com.br\/site\/index.php\/gestao-de-projetos\/"]}]},{"@type":"ImageObject","inLanguage":"pt-BR","@id":"http:\/\/infochoice.com.br\/site\/index.php\/gestao-de-projetos\/#primaryimage","url":"http:\/\/infochoice.com.br\/site\/wp-content\/uploads\/2026\/03\/Arquitetura_de_Execucao_de_Projetos_de_Tecnologia_InfoChoice.png","contentUrl":"http:\/\/infochoice.com.br\/site\/wp-content\/uploads\/2026\/03\/Arquitetura_de_Execucao_de_Projetos_de_Tecnologia_InfoChoice.png","width":1024,"height":1536,"caption":"Arquitetura de Execu\u00e7\u00e3o de Projetos de Tecnologia"},{"@type":"BreadcrumbList","@id":"http:\/\/infochoice.com.br\/site\/index.php\/gestao-de-projetos\/#breadcrumb","itemListElement":[{"@type":"ListItem","position":1,"name":"Home","item":"https:\/\/infochoice.com.br\/site\/"},{"@type":"ListItem","position":2,"name":"Gest\u00e3o de Projetos"}]},{"@type":"WebSite","@id":"https:\/\/infochoice.com.br\/site\/#website","url":"https:\/\/infochoice.com.br\/site\/","name":"InfoChoice Tecnologia","description":"Solu\u00e7\u00f5es e decis\u00f5es estrat\u00e9gicas guiadas por confian\u00e7a, prop\u00f3sito e responsabilidade..","publisher":{"@id":"https:\/\/infochoice.com.br\/site\/#organization"},"alternateName":"InfoChoice Tecnologia","potentialAction":[{"@type":"SearchAction","target":{"@type":"EntryPoint","urlTemplate":"https:\/\/infochoice.com.br\/site\/?s={search_term_string}"},"query-input":{"@type":"PropertyValueSpecification","valueRequired":true,"valueName":"search_term_string"}}],"inLanguage":"pt-BR"},{"@type":"Organization","@id":"https:\/\/infochoice.com.br\/site\/#organization","name":"InfoChoice","alternateName":"InfoChoice Tecnologia","url":"https:\/\/infochoice.com.br\/site\/","logo":{"@type":"ImageObject","inLanguage":"pt-BR","@id":"https:\/\/infochoice.com.br\/site\/#\/schema\/logo\/image\/","url":"https:\/\/i0.wp.com\/infochoice.com.br\/site\/wp-content\/uploads\/2023\/10\/infochoice_ico.png?fit=215%2C219&ssl=1","contentUrl":"https:\/\/i0.wp.com\/infochoice.com.br\/site\/wp-content\/uploads\/2023\/10\/infochoice_ico.png?fit=215%2C219&ssl=1","width":215,"height":219,"caption":"InfoChoice"},"image":{"@id":"https:\/\/infochoice.com.br\/site\/#\/schema\/logo\/image\/"},"sameAs":["https:\/\/www.facebook.com\/infochoicetecnologia","https:\/\/x.com\/infochoicetecnologia","https:\/\/www.instagram.com\/infochoicetecnologia","https:\/\/www.youtube.com\/infochoicetecnologia","https:\/\/www.linkedin.com\/infochoicetecnologia"]}]}},"_links":{"self":[{"href":"http:\/\/infochoice.com.br\/site\/index.php\/wp-json\/wp\/v2\/pages\/56","targetHints":{"allow":["GET"]}}],"collection":[{"href":"http:\/\/infochoice.com.br\/site\/index.php\/wp-json\/wp\/v2\/pages"}],"about":[{"href":"http:\/\/infochoice.com.br\/site\/index.php\/wp-json\/wp\/v2\/types\/page"}],"author":[{"embeddable":true,"href":"http:\/\/infochoice.com.br\/site\/index.php\/wp-json\/wp\/v2\/users\/1"}],"replies":[{"embeddable":true,"href":"http:\/\/infochoice.com.br\/site\/index.php\/wp-json\/wp\/v2\/comments?post=56"}],"version-history":[{"count":6,"href":"http:\/\/infochoice.com.br\/site\/index.php\/wp-json\/wp\/v2\/pages\/56\/revisions"}],"predecessor-version":[{"id":3503,"href":"http:\/\/infochoice.com.br\/site\/index.php\/wp-json\/wp\/v2\/pages\/56\/revisions\/3503"}],"wp:attachment":[{"href":"http:\/\/infochoice.com.br\/site\/index.php\/wp-json\/wp\/v2\/media?parent=56"}],"curies":[{"name":"wp","href":"https:\/\/api.w.org\/{rel}","templated":true}]}}