{"id":1013,"date":"2021-03-19T12:56:09","date_gmt":"2021-03-19T15:56:09","guid":{"rendered":"https:\/\/infochoice.com.br\/site\/?page_id=1013"},"modified":"2026-04-03T11:04:35","modified_gmt":"2026-04-03T14:04:35","slug":"revenda-e-parceiro-quest","status":"publish","type":"page","link":"https:\/\/infochoice.com.br\/site\/index.php\/revenda-e-parceiro-quest\/","title":{"rendered":"Revenda e Parceiro Quest"},"content":{"rendered":"<h3 data-section-id=\"mduqqi\" data-start=\"783\" data-end=\"878\"><strong data-start=\"787\" data-end=\"878\">Parceria com a Quest \u2013 Governan\u00e7a, Controle e Intelig\u00eancia para Ambientes de Dados e TI<\/strong><\/h3>\n<p data-start=\"880\" data-end=\"1048\">Em um cen\u00e1rio onde dados crescem exponencialmente, o desafio das empresas n\u00e3o \u00e9 apenas armazenar \u2014 \u00e9 <strong data-start=\"981\" data-end=\"1047\">controlar, governar e extrair valor com seguran\u00e7a e efici\u00eancia<\/strong>.<\/p>\n<p data-start=\"1050\" data-end=\"1270\">A parceria da InfoChoice com a Quest permite entregar solu\u00e7\u00f5es robustas para gest\u00e3o de dados, ambientes Microsoft e identidade digital, transformando complexidade em <strong data-start=\"1216\" data-end=\"1269\">controle, visibilidade e intelig\u00eancia operacional<\/strong>.<\/p>\n<hr data-start=\"1272\" data-end=\"1275\" \/>\n<h3 data-section-id=\"1ujxxp8\" data-start=\"1277\" data-end=\"1344\"><strong data-start=\"1281\" data-end=\"1344\">O problema real: ambientes complexos e dados sem governan\u00e7a<\/strong><\/h3>\n<p data-start=\"1346\" data-end=\"1396\">A maioria das organiza\u00e7\u00f5es enfrenta desafios como:<\/p>\n<ul data-start=\"1398\" data-end=\"1645\">\n<li data-section-id=\"qmze6q\" data-start=\"1398\" data-end=\"1455\">\n<p data-start=\"1400\" data-end=\"1455\">Ambientes Microsoft complexos e dif\u00edceis de gerenciar<\/p>\n<\/li>\n<li data-section-id=\"1ctmm8b\" data-start=\"1456\" data-end=\"1511\">\n<p data-start=\"1458\" data-end=\"1511\">Dados distribu\u00eddos, inconsistentes e sem governan\u00e7a<\/p>\n<\/li>\n<li data-section-id=\"11khqjn\" data-start=\"1512\" data-end=\"1565\">\n<p data-start=\"1514\" data-end=\"1565\">Falta de visibilidade sobre acessos e identidades<\/p>\n<\/li>\n<li data-section-id=\"1x06dh5\" data-start=\"1566\" data-end=\"1602\">\n<p data-start=\"1568\" data-end=\"1602\">Riscos de seguran\u00e7a e compliance<\/p>\n<\/li>\n<li data-section-id=\"burc5i\" data-start=\"1603\" data-end=\"1645\">\n<p data-start=\"1605\" data-end=\"1645\">Dificuldade em escalar opera\u00e7\u00f5es de TI<\/p>\n<\/li>\n<\/ul>\n<p data-start=\"1647\" data-end=\"1657\">Resultado:<\/p>\n<p data-start=\"1659\" data-end=\"1768\">\ud83d\udc49 aumento de risco<br data-start=\"1678\" data-end=\"1681\" \/>\ud83d\udc49 baixa efici\u00eancia operacional<br data-start=\"1712\" data-end=\"1715\" \/>\ud83d\udc49 dificuldade em avan\u00e7ar em projetos de dados e IA<\/p>\n<hr data-start=\"1770\" data-end=\"1773\" \/>\n<h3 data-section-id=\"b8qubc\" data-start=\"1775\" data-end=\"1843\"><strong data-start=\"1779\" data-end=\"1843\">O papel da Quest na transforma\u00e7\u00e3o dos ambientes corporativos<\/strong><\/h3>\n<p data-start=\"1845\" data-end=\"1937\">A Quest \u00e9 uma empresa global de software corporativo especializada em ajudar organiza\u00e7\u00f5es a:<\/p>\n<ul data-start=\"1939\" data-end=\"2140\">\n<li data-section-id=\"1v78bca\" data-start=\"1939\" data-end=\"1983\">\n<p data-start=\"1941\" data-end=\"1983\">Gerenciar e otimizar ambientes Microsoft<\/p>\n<\/li>\n<li data-section-id=\"1rgy792\" data-start=\"1984\" data-end=\"2018\">\n<p data-start=\"1986\" data-end=\"2018\">Proteger identidades e acessos<\/p>\n<\/li>\n<li data-section-id=\"q8jvrj\" data-start=\"2019\" data-end=\"2063\">\n<p data-start=\"2021\" data-end=\"2063\">Garantir qualidade e governan\u00e7a de dados<\/p>\n<\/li>\n<li data-section-id=\"13zxy10\" data-start=\"2064\" data-end=\"2095\">\n<p data-start=\"2066\" data-end=\"2095\">Simplificar opera\u00e7\u00f5es de TI<\/p>\n<\/li>\n<li data-section-id=\"1h6h214\" data-start=\"2096\" data-end=\"2140\">\n<p data-start=\"2098\" data-end=\"2140\">Modernizar infraestruturas e plataformas<\/p>\n<\/li>\n<\/ul>\n<p data-start=\"2142\" data-end=\"2274\">Suas solu\u00e7\u00f5es permitem que empresas <strong data-start=\"2178\" data-end=\"2222\">reduzam complexidade e aumentem controle<\/strong>, sem precisar substituir todo o ambiente existente.<\/p>\n<hr data-start=\"2276\" data-end=\"2279\" \/>\n<h3 data-section-id=\"up39z0\" data-start=\"2281\" data-end=\"2334\"><strong data-start=\"2285\" data-end=\"2334\">Como a InfoChoice potencializa o uso da Quest<\/strong><\/h3>\n<p data-start=\"2336\" data-end=\"2397\">Nosso diferencial est\u00e1 na aplica\u00e7\u00e3o estrat\u00e9gica das solu\u00e7\u00f5es:<\/p>\n<h4 data-start=\"2399\" data-end=\"2441\">\ud83d\udd39 Diagn\u00f3stico de ambientes e dados<\/h4>\n<p data-start=\"2442\" data-end=\"2489\">Mapeamos riscos, inefici\u00eancias e oportunidades.<\/p>\n<h4 data-start=\"2491\" data-end=\"2532\">\ud83d\udd39 Governan\u00e7a e qualidade de dados<\/h4>\n<p data-start=\"2533\" data-end=\"2583\">Estruturamos bases confi\u00e1veis para analytics e IA.<\/p>\n<h4 data-start=\"2585\" data-end=\"2624\">\ud83d\udd39 Gest\u00e3o de ambientes Microsoft<\/h4>\n<p data-start=\"2625\" data-end=\"2685\">Otimiza\u00e7\u00e3o de Active Directory, Office 365 e infraestrutura.<\/p>\n<h4 data-start=\"2687\" data-end=\"2732\">\ud83d\udd39 Seguran\u00e7a e controle de identidades<\/h4>\n<p data-start=\"2733\" data-end=\"2783\">Prote\u00e7\u00e3o de acessos e redu\u00e7\u00e3o de vulnerabilidades.<\/p>\n<h4 data-start=\"2785\" data-end=\"2818\">\ud83d\udd39 Moderniza\u00e7\u00e3o e migra\u00e7\u00e3o<\/h4>\n<p data-start=\"2819\" data-end=\"2877\">Apoiamos jornadas para cloud e novos modelos operacionais.<\/p>\n<hr data-start=\"2879\" data-end=\"2882\" \/>\n<h3 data-section-id=\"1w7vhhm\" data-start=\"2884\" data-end=\"2935\"><strong data-start=\"2888\" data-end=\"2935\">Capacidades que destravam o valor dos dados<\/strong><\/h3>\n<p data-start=\"2937\" data-end=\"2967\">Com a Quest, sua empresa pode:<\/p>\n<ul data-start=\"2969\" data-end=\"3217\">\n<li data-section-id=\"1oqi9c\" data-start=\"2969\" data-end=\"3014\">\n<p data-start=\"2971\" data-end=\"3014\">Reduzir a complexidade de ambientes de TI<\/p>\n<\/li>\n<li data-section-id=\"gwa2w0\" data-start=\"3015\" data-end=\"3060\">\n<p data-start=\"3017\" data-end=\"3060\">Melhorar governan\u00e7a e qualidade dos dados<\/p>\n<\/li>\n<li data-section-id=\"l3ol6\" data-start=\"3061\" data-end=\"3096\">\n<p data-start=\"3063\" data-end=\"3096\">Aumentar seguran\u00e7a e compliance<\/p>\n<\/li>\n<li data-section-id=\"ncvm5e\" data-start=\"3097\" data-end=\"3157\">\n<p data-start=\"3099\" data-end=\"3157\">Acelerar projetos de analytics e intelig\u00eancia artificial<\/p>\n<\/li>\n<li data-section-id=\"1m23qcn\" data-start=\"3158\" data-end=\"3217\">\n<p data-start=\"3160\" data-end=\"3217\">Ganhar visibilidade e controle sobre opera\u00e7\u00f5es cr\u00edticas<\/p>\n<\/li>\n<\/ul>\n<p data-start=\"3219\" data-end=\"3389\">Solu\u00e7\u00f5es modernas da Quest j\u00e1 incorporam automa\u00e7\u00e3o e IA para melhorar qualidade de dados e acelerar a cria\u00e7\u00e3o de produtos de dados<\/p>\n<hr data-start=\"3391\" data-end=\"3394\" \/>\n<h3 data-section-id=\"1i5zoob\" data-start=\"3396\" data-end=\"3434\"><strong data-start=\"3400\" data-end=\"3434\">Onde a Quest gera mais impacto<\/strong><\/h3>\n<ul data-start=\"3436\" data-end=\"3650\">\n<li data-section-id=\"1vkijxu\" data-start=\"3436\" data-end=\"3491\">\n<p data-start=\"3438\" data-end=\"3491\">Ambientes Microsoft (Active Directory, Azure, M365)<\/p>\n<\/li>\n<li data-section-id=\"1hfjrl2\" data-start=\"3492\" data-end=\"3529\">\n<p data-start=\"3494\" data-end=\"3529\">Governan\u00e7a e cataloga\u00e7\u00e3o de dados<\/p>\n<\/li>\n<li data-section-id=\"fjnlm5\" data-start=\"3530\" data-end=\"3563\">\n<p data-start=\"3532\" data-end=\"3563\">Seguran\u00e7a de identidade (IAM)<\/p>\n<\/li>\n<li data-section-id=\"1rdsr0j\" data-start=\"3564\" data-end=\"3607\">\n<p data-start=\"3566\" data-end=\"3607\">Monitoramento e performance de sistemas<\/p>\n<\/li>\n<li data-section-id=\"1okk3st\" data-start=\"3608\" data-end=\"3650\">\n<p data-start=\"3610\" data-end=\"3650\">Migra\u00e7\u00e3o e moderniza\u00e7\u00e3o de plataformas<\/p>\n<\/li>\n<\/ul>\n<hr data-start=\"3652\" data-end=\"3655\" \/>\n<h3 data-section-id=\"5u4oum\" data-start=\"3657\" data-end=\"3685\"><strong data-start=\"3661\" data-end=\"3685\">Por que a InfoChoice<\/strong><\/h3>\n<p data-start=\"3687\" data-end=\"3745\">Porque ferramentas sem estrat\u00e9gia n\u00e3o resolvem o problema.<\/p>\n<p data-start=\"3747\" data-end=\"3961\">\u2714 Vis\u00e3o integrada de dados, seguran\u00e7a e infraestrutura<br data-start=\"3801\" data-end=\"3804\" \/>\u2714 Experi\u00eancia em ambientes corporativos complexos<br data-start=\"3853\" data-end=\"3856\" \/>\u2714 Integra\u00e7\u00e3o com Microsoft, IBM e ecossistema de TI<br data-start=\"3907\" data-end=\"3910\" \/>\u2714 Foco em governan\u00e7a, controle e gera\u00e7\u00e3o de valor<\/p>\n<hr data-start=\"3963\" data-end=\"3966\" \/>\n<h3 data-section-id=\"1j0gqq8\" data-start=\"3968\" data-end=\"4030\"><strong data-start=\"3972\" data-end=\"4030\">Controle \u00e9 o primeiro passo para gerar valor com dados<\/strong><\/h3>\n<p data-start=\"4032\" data-end=\"4078\">Antes de extrair insights, \u00e9 preciso garantir:<\/p>\n<p data-start=\"4080\" data-end=\"4125\">\ud83d\udc49 qualidade<br data-start=\"4092\" data-end=\"4095\" \/>\ud83d\udc49 seguran\u00e7a<br data-start=\"4107\" data-end=\"4110\" \/>\ud83d\udc49 governan\u00e7a<\/p>\n<p data-start=\"4127\" data-end=\"4263\">A InfoChoice, em parceria com a Quest, transforma ambientes complexos em <strong data-start=\"4200\" data-end=\"4262\">plataformas confi\u00e1veis, seguras e preparadas para o futuro<\/strong>.<\/p>\n<hr data-start=\"4265\" data-end=\"4268\" \/>\n<h3 data-section-id=\"1v9j5mi\" data-start=\"4270\" data-end=\"4291\"><strong data-start=\"4274\" data-end=\"4291\">Pr\u00f3ximo passo<\/strong><\/h3>\n<p data-start=\"4293\" data-end=\"4397\">Se sua empresa enfrenta desafios com governan\u00e7a, seguran\u00e7a ou complexidade de TI, fale com a InfoChoice.<\/p>\n<p data-start=\"4399\" data-end=\"4483\">Vamos transformar seu ambiente em <strong data-start=\"4433\" data-end=\"4482\">controle, efici\u00eancia e intelig\u00eancia escal\u00e1vel<\/strong>.<\/p>\n\n\n<hr class=\"wp-block-separator has-alpha-channel-opacity\"\/>\n\n\n\n<h2 class=\"wp-block-heading\">Explore o Artigo E Ou\u00e7a o Podcast com An\u00e1lise Imersiva<\/h2>\n\n\n\n<p><a href=\"https:\/\/infochoice.com.br\/site\/index.php\/2026\/02\/17\/dados-confiaveis-o-verdadeiro-alicerce-da-ia-corporativa\/\"><strong>Dados confi\u00e1veis: o verdadeiro alicerce da IA corporativa<\/strong><\/a><\/p>\n\n\n\n<p>Como preparar dados confi\u00e1veis para escalar iniciativas de IA? Conhe\u00e7a a abordagem convergente da plataforma da Quest Software e como a InfoChoice apoia organiza\u00e7\u00f5es na transforma\u00e7\u00e3o de dados em ativos estrat\u00e9gicos prontos para inova\u00e7\u00e3o.<\/p>\n\n\n\n<figure class=\"wp-block-image size-large\"><img loading=\"lazy\" decoding=\"async\" width=\"1024\" height=\"683\" src=\"http:\/\/infochoice.com.br\/site\/wp-content\/uploads\/2026\/02\/Quest_Automated_Data_Product_Factory-1024x683.png\" alt=\"Ilustra\u00e7\u00e3o digital representando uma f\u00e1brica automatizada de produtos de dados com elementos de intelig\u00eancia artificial, pipeline tecnol\u00f3gico e classifica\u00e7\u00e3o de confiabilidade de dados para uso corporativo.\" class=\"wp-image-2903\" srcset=\"https:\/\/infochoice.com.br\/site\/wp-content\/uploads\/2026\/02\/Quest_Automated_Data_Product_Factory-1024x683.png 1024w, https:\/\/infochoice.com.br\/site\/wp-content\/uploads\/2026\/02\/Quest_Automated_Data_Product_Factory-300x200.png 300w, https:\/\/infochoice.com.br\/site\/wp-content\/uploads\/2026\/02\/Quest_Automated_Data_Product_Factory-768x512.png 768w, https:\/\/infochoice.com.br\/site\/wp-content\/uploads\/2026\/02\/Quest_Automated_Data_Product_Factory.png 1536w\" sizes=\"auto, (max-width: 1024px) 100vw, 1024px\" \/><\/figure>\n\n\n\n<hr class=\"wp-block-separator has-alpha-channel-opacity\"\/>\n\n\n\n<p class=\"has-large-font-size\"><strong>Transpar\u00eancia sobre parcerias e ecossistemas tecnol\u00f3gicos<\/strong><\/p>\n\n\n\n<p>A InfoChoice mant\u00e9m relacionamento ativo com diversos fabricantes de tecnologia, atuando dentro de seus ecossistemas por meio de programas de parceria, capacita\u00e7\u00e3o cont\u00ednua, registros de oportunidades, certifica\u00e7\u00f5es e integra\u00e7\u00e3o com distribuidores oficiais.<\/p>\n\n\n\n<p>\u00c9 importante destacar que a presen\u00e7a em listagens p\u00fablicas de parceiros varia conforme crit\u00e9rios espec\u00edficos de cada fabricante, n\u00e3o refletindo necessariamente o n\u00edvel de atua\u00e7\u00e3o, capacita\u00e7\u00e3o ou relacionamento comercial existente.<\/p>\n\n\n\n<p>Nosso compromisso \u00e9 com a transpar\u00eancia, a \u00e9tica e a entrega de solu\u00e7\u00f5es alinhadas \u00e0s melhores pr\u00e1ticas do mercado, sempre com base em rela\u00e7\u00f5es leg\u00edtimas e verific\u00e1veis.<\/p>\n\n\n\n<hr class=\"wp-block-separator has-alpha-channel-opacity\"\/>\n","protected":false},"excerpt":{"rendered":"<p>Parceria com a Quest \u2013 Governan\u00e7a, Controle e Intelig\u00eancia para Ambientes de Dados e TI Em um cen\u00e1rio onde dados crescem exponencialmente, o desafio das empresas n\u00e3o \u00e9 apenas armazenar \u2014 \u00e9 controlar, governar e extrair valor com seguran\u00e7a e efici\u00eancia. A parceria da InfoChoice com a Quest permite entregar solu\u00e7\u00f5es robustas para gest\u00e3o de [&hellip;]<\/p>\n","protected":false},"author":1,"featured_media":0,"parent":0,"menu_order":0,"comment_status":"closed","ping_status":"closed","template":"","meta":{"footnotes":""},"class_list":["post-1013","page","type-page","status-publish","hentry"],"yoast_head":"<!-- This site is optimized with the Yoast SEO plugin v27.6 - https:\/\/yoast.com\/product\/yoast-seo-wordpress\/ -->\n<title>Revenda e Parceiro Quest - InfoChoice Tecnologia<\/title>\n<meta name=\"description\" content=\"Na Quest, criamos o software que o ajuda a aproveitar os benef\u00edcios da nova tecnologia. Oferecemos solu\u00e7\u00f5es que gerenciam, modernizam e protegem sua empresa em seus endpoints, infraestrutura local e na nuvem. Ajudamos a vencer seu pr\u00f3ximo desafio com confian\u00e7a.\" \/>\n<meta name=\"robots\" content=\"index, follow, max-snippet:-1, max-image-preview:large, max-video-preview:-1\" \/>\n<link rel=\"canonical\" href=\"https:\/\/infochoice.com.br\/site\/index.php\/revenda-e-parceiro-quest\/\" \/>\n<meta property=\"og:locale\" content=\"pt_BR\" \/>\n<meta property=\"og:type\" content=\"article\" \/>\n<meta property=\"og:title\" content=\"Revenda e Parceiro Quest - InfoChoice Tecnologia\" \/>\n<meta property=\"og:description\" content=\"Na Quest, criamos o software que o ajuda a aproveitar os benef\u00edcios da nova tecnologia. Oferecemos solu\u00e7\u00f5es que gerenciam, modernizam e protegem sua empresa em seus endpoints, infraestrutura local e na nuvem. Ajudamos a vencer seu pr\u00f3ximo desafio com confian\u00e7a.\" \/>\n<meta property=\"og:url\" content=\"https:\/\/infochoice.com.br\/site\/index.php\/revenda-e-parceiro-quest\/\" \/>\n<meta property=\"og:site_name\" content=\"InfoChoice Tecnologia\" \/>\n<meta property=\"article:publisher\" content=\"https:\/\/www.facebook.com\/infochoicetecnologia\" \/>\n<meta property=\"article:modified_time\" content=\"2026-04-03T14:04:35+00:00\" \/>\n<meta property=\"og:image\" content=\"http:\/\/infochoice.com.br\/site\/wp-content\/uploads\/2026\/02\/Quest_Automated_Data_Product_Factory-1024x683.png\" \/>\n<meta name=\"twitter:card\" content=\"summary_large_image\" \/>\n<meta name=\"twitter:site\" content=\"@infochoicetecnologia\" \/>\n<meta name=\"twitter:label1\" content=\"Est. tempo de leitura\" \/>\n\t<meta name=\"twitter:data1\" content=\"4 minutos\" \/>\n<script type=\"application\/ld+json\" class=\"yoast-schema-graph\">{\"@context\":\"https:\\\/\\\/schema.org\",\"@graph\":[{\"@type\":\"WebPage\",\"@id\":\"https:\\\/\\\/infochoice.com.br\\\/site\\\/index.php\\\/revenda-e-parceiro-quest\\\/\",\"url\":\"https:\\\/\\\/infochoice.com.br\\\/site\\\/index.php\\\/revenda-e-parceiro-quest\\\/\",\"name\":\"Revenda e Parceiro Quest - InfoChoice Tecnologia\",\"isPartOf\":{\"@id\":\"https:\\\/\\\/infochoice.com.br\\\/site\\\/#website\"},\"primaryImageOfPage\":{\"@id\":\"https:\\\/\\\/infochoice.com.br\\\/site\\\/index.php\\\/revenda-e-parceiro-quest\\\/#primaryimage\"},\"image\":{\"@id\":\"https:\\\/\\\/infochoice.com.br\\\/site\\\/index.php\\\/revenda-e-parceiro-quest\\\/#primaryimage\"},\"thumbnailUrl\":\"http:\\\/\\\/infochoice.com.br\\\/site\\\/wp-content\\\/uploads\\\/2026\\\/02\\\/Quest_Automated_Data_Product_Factory-1024x683.png\",\"datePublished\":\"2021-03-19T15:56:09+00:00\",\"dateModified\":\"2026-04-03T14:04:35+00:00\",\"description\":\"Na Quest, criamos o software que o ajuda a aproveitar os benef\u00edcios da nova tecnologia. Oferecemos solu\u00e7\u00f5es que gerenciam, modernizam e protegem sua empresa em seus endpoints, infraestrutura local e na nuvem. Ajudamos a vencer seu pr\u00f3ximo desafio com confian\u00e7a.\",\"breadcrumb\":{\"@id\":\"https:\\\/\\\/infochoice.com.br\\\/site\\\/index.php\\\/revenda-e-parceiro-quest\\\/#breadcrumb\"},\"inLanguage\":\"pt-BR\",\"potentialAction\":[{\"@type\":\"ReadAction\",\"target\":[\"https:\\\/\\\/infochoice.com.br\\\/site\\\/index.php\\\/revenda-e-parceiro-quest\\\/\"]}]},{\"@type\":\"ImageObject\",\"inLanguage\":\"pt-BR\",\"@id\":\"https:\\\/\\\/infochoice.com.br\\\/site\\\/index.php\\\/revenda-e-parceiro-quest\\\/#primaryimage\",\"url\":\"https:\\\/\\\/infochoice.com.br\\\/site\\\/wp-content\\\/uploads\\\/2026\\\/02\\\/Quest_Automated_Data_Product_Factory.png\",\"contentUrl\":\"https:\\\/\\\/infochoice.com.br\\\/site\\\/wp-content\\\/uploads\\\/2026\\\/02\\\/Quest_Automated_Data_Product_Factory.png\",\"width\":1536,\"height\":1024,\"caption\":\"Ilustra\u00e7\u00e3o digital representando uma f\u00e1brica automatizada de produtos de dados com elementos de intelig\u00eancia artificial, pipeline tecnol\u00f3gico e classifica\u00e7\u00e3o de confiabilidade de dados para uso corporativo.\"},{\"@type\":\"BreadcrumbList\",\"@id\":\"https:\\\/\\\/infochoice.com.br\\\/site\\\/index.php\\\/revenda-e-parceiro-quest\\\/#breadcrumb\",\"itemListElement\":[{\"@type\":\"ListItem\",\"position\":1,\"name\":\"Home\",\"item\":\"https:\\\/\\\/infochoice.com.br\\\/site\\\/\"},{\"@type\":\"ListItem\",\"position\":2,\"name\":\"Revenda e Parceiro Quest\"}]},{\"@type\":\"WebSite\",\"@id\":\"https:\\\/\\\/infochoice.com.br\\\/site\\\/#website\",\"url\":\"https:\\\/\\\/infochoice.com.br\\\/site\\\/\",\"name\":\"InfoChoice Tecnologia\",\"description\":\"Solu\u00e7\u00f5es e decis\u00f5es estrat\u00e9gicas guiadas por confian\u00e7a, prop\u00f3sito e responsabilidade..\",\"publisher\":{\"@id\":\"https:\\\/\\\/infochoice.com.br\\\/site\\\/#organization\"},\"alternateName\":\"InfoChoice Tecnologia\",\"potentialAction\":[{\"@type\":\"SearchAction\",\"target\":{\"@type\":\"EntryPoint\",\"urlTemplate\":\"https:\\\/\\\/infochoice.com.br\\\/site\\\/?s={search_term_string}\"},\"query-input\":{\"@type\":\"PropertyValueSpecification\",\"valueRequired\":true,\"valueName\":\"search_term_string\"}}],\"inLanguage\":\"pt-BR\"},{\"@type\":\"Organization\",\"@id\":\"https:\\\/\\\/infochoice.com.br\\\/site\\\/#organization\",\"name\":\"InfoChoice\",\"alternateName\":\"InfoChoice Tecnologia\",\"url\":\"https:\\\/\\\/infochoice.com.br\\\/site\\\/\",\"logo\":{\"@type\":\"ImageObject\",\"inLanguage\":\"pt-BR\",\"@id\":\"https:\\\/\\\/infochoice.com.br\\\/site\\\/#\\\/schema\\\/logo\\\/image\\\/\",\"url\":\"https:\\\/\\\/i0.wp.com\\\/infochoice.com.br\\\/site\\\/wp-content\\\/uploads\\\/2023\\\/10\\\/infochoice_ico.png?fit=215%2C219&ssl=1\",\"contentUrl\":\"https:\\\/\\\/i0.wp.com\\\/infochoice.com.br\\\/site\\\/wp-content\\\/uploads\\\/2023\\\/10\\\/infochoice_ico.png?fit=215%2C219&ssl=1\",\"width\":215,\"height\":219,\"caption\":\"InfoChoice\"},\"image\":{\"@id\":\"https:\\\/\\\/infochoice.com.br\\\/site\\\/#\\\/schema\\\/logo\\\/image\\\/\"},\"sameAs\":[\"https:\\\/\\\/www.facebook.com\\\/infochoicetecnologia\",\"https:\\\/\\\/x.com\\\/infochoicetecnologia\",\"https:\\\/\\\/www.instagram.com\\\/infochoicetecnologia\",\"https:\\\/\\\/www.youtube.com\\\/infochoicetecnologia\",\"https:\\\/\\\/www.linkedin.com\\\/infochoicetecnologia\"]}]}<\/script>\n<!-- \/ Yoast SEO plugin. -->","yoast_head_json":{"title":"Revenda e Parceiro Quest - InfoChoice Tecnologia","description":"Na Quest, criamos o software que o ajuda a aproveitar os benef\u00edcios da nova tecnologia. Oferecemos solu\u00e7\u00f5es que gerenciam, modernizam e protegem sua empresa em seus endpoints, infraestrutura local e na nuvem. Ajudamos a vencer seu pr\u00f3ximo desafio com confian\u00e7a.","robots":{"index":"index","follow":"follow","max-snippet":"max-snippet:-1","max-image-preview":"max-image-preview:large","max-video-preview":"max-video-preview:-1"},"canonical":"https:\/\/infochoice.com.br\/site\/index.php\/revenda-e-parceiro-quest\/","og_locale":"pt_BR","og_type":"article","og_title":"Revenda e Parceiro Quest - InfoChoice Tecnologia","og_description":"Na Quest, criamos o software que o ajuda a aproveitar os benef\u00edcios da nova tecnologia. Oferecemos solu\u00e7\u00f5es que gerenciam, modernizam e protegem sua empresa em seus endpoints, infraestrutura local e na nuvem. Ajudamos a vencer seu pr\u00f3ximo desafio com confian\u00e7a.","og_url":"https:\/\/infochoice.com.br\/site\/index.php\/revenda-e-parceiro-quest\/","og_site_name":"InfoChoice Tecnologia","article_publisher":"https:\/\/www.facebook.com\/infochoicetecnologia","article_modified_time":"2026-04-03T14:04:35+00:00","og_image":[{"url":"http:\/\/infochoice.com.br\/site\/wp-content\/uploads\/2026\/02\/Quest_Automated_Data_Product_Factory-1024x683.png","type":"","width":"","height":""}],"twitter_card":"summary_large_image","twitter_site":"@infochoicetecnologia","twitter_misc":{"Est. tempo de leitura":"4 minutos"},"schema":{"@context":"https:\/\/schema.org","@graph":[{"@type":"WebPage","@id":"https:\/\/infochoice.com.br\/site\/index.php\/revenda-e-parceiro-quest\/","url":"https:\/\/infochoice.com.br\/site\/index.php\/revenda-e-parceiro-quest\/","name":"Revenda e Parceiro Quest - InfoChoice Tecnologia","isPartOf":{"@id":"https:\/\/infochoice.com.br\/site\/#website"},"primaryImageOfPage":{"@id":"https:\/\/infochoice.com.br\/site\/index.php\/revenda-e-parceiro-quest\/#primaryimage"},"image":{"@id":"https:\/\/infochoice.com.br\/site\/index.php\/revenda-e-parceiro-quest\/#primaryimage"},"thumbnailUrl":"http:\/\/infochoice.com.br\/site\/wp-content\/uploads\/2026\/02\/Quest_Automated_Data_Product_Factory-1024x683.png","datePublished":"2021-03-19T15:56:09+00:00","dateModified":"2026-04-03T14:04:35+00:00","description":"Na Quest, criamos o software que o ajuda a aproveitar os benef\u00edcios da nova tecnologia. Oferecemos solu\u00e7\u00f5es que gerenciam, modernizam e protegem sua empresa em seus endpoints, infraestrutura local e na nuvem. Ajudamos a vencer seu pr\u00f3ximo desafio com confian\u00e7a.","breadcrumb":{"@id":"https:\/\/infochoice.com.br\/site\/index.php\/revenda-e-parceiro-quest\/#breadcrumb"},"inLanguage":"pt-BR","potentialAction":[{"@type":"ReadAction","target":["https:\/\/infochoice.com.br\/site\/index.php\/revenda-e-parceiro-quest\/"]}]},{"@type":"ImageObject","inLanguage":"pt-BR","@id":"https:\/\/infochoice.com.br\/site\/index.php\/revenda-e-parceiro-quest\/#primaryimage","url":"https:\/\/infochoice.com.br\/site\/wp-content\/uploads\/2026\/02\/Quest_Automated_Data_Product_Factory.png","contentUrl":"https:\/\/infochoice.com.br\/site\/wp-content\/uploads\/2026\/02\/Quest_Automated_Data_Product_Factory.png","width":1536,"height":1024,"caption":"Ilustra\u00e7\u00e3o digital representando uma f\u00e1brica automatizada de produtos de dados com elementos de intelig\u00eancia artificial, pipeline tecnol\u00f3gico e classifica\u00e7\u00e3o de confiabilidade de dados para uso corporativo."},{"@type":"BreadcrumbList","@id":"https:\/\/infochoice.com.br\/site\/index.php\/revenda-e-parceiro-quest\/#breadcrumb","itemListElement":[{"@type":"ListItem","position":1,"name":"Home","item":"https:\/\/infochoice.com.br\/site\/"},{"@type":"ListItem","position":2,"name":"Revenda e Parceiro Quest"}]},{"@type":"WebSite","@id":"https:\/\/infochoice.com.br\/site\/#website","url":"https:\/\/infochoice.com.br\/site\/","name":"InfoChoice Tecnologia","description":"Solu\u00e7\u00f5es e decis\u00f5es estrat\u00e9gicas guiadas por confian\u00e7a, prop\u00f3sito e responsabilidade..","publisher":{"@id":"https:\/\/infochoice.com.br\/site\/#organization"},"alternateName":"InfoChoice Tecnologia","potentialAction":[{"@type":"SearchAction","target":{"@type":"EntryPoint","urlTemplate":"https:\/\/infochoice.com.br\/site\/?s={search_term_string}"},"query-input":{"@type":"PropertyValueSpecification","valueRequired":true,"valueName":"search_term_string"}}],"inLanguage":"pt-BR"},{"@type":"Organization","@id":"https:\/\/infochoice.com.br\/site\/#organization","name":"InfoChoice","alternateName":"InfoChoice Tecnologia","url":"https:\/\/infochoice.com.br\/site\/","logo":{"@type":"ImageObject","inLanguage":"pt-BR","@id":"https:\/\/infochoice.com.br\/site\/#\/schema\/logo\/image\/","url":"https:\/\/i0.wp.com\/infochoice.com.br\/site\/wp-content\/uploads\/2023\/10\/infochoice_ico.png?fit=215%2C219&ssl=1","contentUrl":"https:\/\/i0.wp.com\/infochoice.com.br\/site\/wp-content\/uploads\/2023\/10\/infochoice_ico.png?fit=215%2C219&ssl=1","width":215,"height":219,"caption":"InfoChoice"},"image":{"@id":"https:\/\/infochoice.com.br\/site\/#\/schema\/logo\/image\/"},"sameAs":["https:\/\/www.facebook.com\/infochoicetecnologia","https:\/\/x.com\/infochoicetecnologia","https:\/\/www.instagram.com\/infochoicetecnologia","https:\/\/www.youtube.com\/infochoicetecnologia","https:\/\/www.linkedin.com\/infochoicetecnologia"]}]}},"_links":{"self":[{"href":"https:\/\/infochoice.com.br\/site\/index.php\/wp-json\/wp\/v2\/pages\/1013","targetHints":{"allow":["GET"]}}],"collection":[{"href":"https:\/\/infochoice.com.br\/site\/index.php\/wp-json\/wp\/v2\/pages"}],"about":[{"href":"https:\/\/infochoice.com.br\/site\/index.php\/wp-json\/wp\/v2\/types\/page"}],"author":[{"embeddable":true,"href":"https:\/\/infochoice.com.br\/site\/index.php\/wp-json\/wp\/v2\/users\/1"}],"replies":[{"embeddable":true,"href":"https:\/\/infochoice.com.br\/site\/index.php\/wp-json\/wp\/v2\/comments?post=1013"}],"version-history":[{"count":10,"href":"https:\/\/infochoice.com.br\/site\/index.php\/wp-json\/wp\/v2\/pages\/1013\/revisions"}],"predecessor-version":[{"id":4447,"href":"https:\/\/infochoice.com.br\/site\/index.php\/wp-json\/wp\/v2\/pages\/1013\/revisions\/4447"}],"wp:attachment":[{"href":"https:\/\/infochoice.com.br\/site\/index.php\/wp-json\/wp\/v2\/media?parent=1013"}],"curies":[{"name":"wp","href":"https:\/\/api.w.org\/{rel}","templated":true}]}}