{"id":2251,"date":"2023-06-20T12:27:24","date_gmt":"2023-06-20T15:27:24","guid":{"rendered":"https:\/\/infochoice.com.br\/site\/?page_id=2251"},"modified":"2026-04-03T11:12:39","modified_gmt":"2026-04-03T14:12:39","slug":"revenda-e-parceiro-eaton","status":"publish","type":"page","link":"https:\/\/infochoice.com.br\/site\/index.php\/revenda-e-parceiro-eaton\/","title":{"rendered":"Revenda e Parceiro Eaton"},"content":{"rendered":"<h3 data-section-id=\"p01xks\" data-start=\"339\" data-end=\"449\"><strong data-start=\"343\" data-end=\"449\">Revenda e Parceiro <span class=\"hover:entity-accent entity-underline inline cursor-pointer align-baseline\"><span class=\"whitespace-normal\">Eaton<\/span><\/span> \u2013 Energia Inteligente para Ambientes Cr\u00edticos<\/strong><\/h3>\n<p data-start=\"451\" data-end=\"635\">Em um mundo digital, onde sistemas precisam operar 24&#215;7, a energia deixou de ser apenas suporte \u2014 ela se tornou um <strong data-start=\"566\" data-end=\"634\">fator cr\u00edtico de continuidade, seguran\u00e7a e desempenho do neg\u00f3cio<\/strong>.<\/p>\n<p data-start=\"637\" data-end=\"840\">A InfoChoice, como parceira da Eaton, ajuda sua empresa a transformar a infraestrutura el\u00e9trica em um <strong data-start=\"739\" data-end=\"760\">ativo estrat\u00e9gico<\/strong>, garantindo disponibilidade, efici\u00eancia e prote\u00e7\u00e3o para ambientes corporativos.<\/p>\n<hr data-start=\"842\" data-end=\"845\" \/>\n<h3 data-section-id=\"19von79\" data-start=\"847\" data-end=\"907\"><strong data-start=\"851\" data-end=\"907\">Muito al\u00e9m de nobreak: gest\u00e3o inteligente de energia<\/strong><\/h3>\n<p data-start=\"909\" data-end=\"1147\">A <span class=\"hover:entity-accent entity-underline inline cursor-pointer align-baseline\"><span class=\"whitespace-normal\">Eaton<\/span><\/span> \u00e9 uma empresa global especializada em gerenciamento de energia, com solu\u00e7\u00f5es que ajudam organiza\u00e7\u00f5es a operar de forma mais confi\u00e1vel, eficiente e sustent\u00e1vel<\/p>\n<p data-start=\"1149\" data-end=\"1170\">Seu portf\u00f3lio inclui:<\/p>\n<ul data-start=\"1172\" data-end=\"1371\">\n<li data-section-id=\"1k4i621\" data-start=\"1172\" data-end=\"1225\">\n<p data-start=\"1174\" data-end=\"1225\">Sistemas de energia ininterrupta (UPS \/ nobreaks)<\/p>\n<\/li>\n<li data-section-id=\"1ohrgpf\" data-start=\"1226\" data-end=\"1262\">\n<p data-start=\"1228\" data-end=\"1262\">Distribui\u00e7\u00e3o e prote\u00e7\u00e3o el\u00e9trica<\/p>\n<\/li>\n<li data-section-id=\"1rd3qn6\" data-start=\"1263\" data-end=\"1307\">\n<p data-start=\"1265\" data-end=\"1307\">Monitoramento e gerenciamento de energia<\/p>\n<\/li>\n<li data-section-id=\"176x0i5\" data-start=\"1308\" data-end=\"1371\">\n<p data-start=\"1310\" data-end=\"1371\">Solu\u00e7\u00f5es para data centers, ind\u00fastrias e ambientes cr\u00edticos<\/p>\n<\/li>\n<\/ul>\n<p data-start=\"1373\" data-end=\"1410\">Mais do que prote\u00e7\u00e3o, isso significa:<\/p>\n<ul data-start=\"1411\" data-end=\"1508\">\n<li data-section-id=\"yin2m\" data-start=\"1411\" data-end=\"1439\">\n<p data-start=\"1413\" data-end=\"1439\">Continuidade operacional<\/p>\n<\/li>\n<li data-section-id=\"nzvxv\" data-start=\"1440\" data-end=\"1461\">\n<p data-start=\"1442\" data-end=\"1461\">Redu\u00e7\u00e3o de riscos<\/p>\n<\/li>\n<li data-section-id=\"apq822\" data-start=\"1462\" data-end=\"1487\">\n<p data-start=\"1464\" data-end=\"1487\">Efici\u00eancia energ\u00e9tica<\/p>\n<\/li>\n<li data-section-id=\"1j57b99\" data-start=\"1488\" data-end=\"1508\">\n<p data-start=\"1490\" data-end=\"1508\">Sustentabilidade<\/p>\n<\/li>\n<\/ul>\n<hr data-start=\"1510\" data-end=\"1513\" \/>\n<h3 data-section-id=\"sngdco\" data-start=\"1515\" data-end=\"1576\"><strong data-start=\"1519\" data-end=\"1576\">O desafio das empresas: energia invis\u00edvel\u2026 at\u00e9 falhar<\/strong><\/h3>\n<p data-start=\"1578\" data-end=\"1653\">Muitas empresas s\u00f3 percebem a import\u00e2ncia da energia quando algo d\u00e1 errado.<\/p>\n<p data-start=\"1655\" data-end=\"1684\">Os principais riscos incluem:<\/p>\n<ul data-start=\"1686\" data-end=\"1872\">\n<li data-section-id=\"1l1f4d\" data-start=\"1686\" data-end=\"1733\">\n<p data-start=\"1688\" data-end=\"1733\">Quedas de energia que interrompem opera\u00e7\u00f5es<\/p>\n<\/li>\n<li data-section-id=\"19c0bpf\" data-start=\"1734\" data-end=\"1775\">\n<p data-start=\"1736\" data-end=\"1775\">Oscila\u00e7\u00f5es que danificam equipamentos<\/p>\n<\/li>\n<li data-section-id=\"34kkou\" data-start=\"1776\" data-end=\"1826\">\n<p data-start=\"1778\" data-end=\"1826\">Perda de dados e indisponibilidade de sistemas<\/p>\n<\/li>\n<li data-section-id=\"jzrn3y\" data-start=\"1827\" data-end=\"1872\">\n<p data-start=\"1829\" data-end=\"1872\">Impacto direto em receita e produtividade<\/p>\n<\/li>\n<\/ul>\n<p data-start=\"1874\" data-end=\"2050\">Ambientes como data centers, hospitais e ind\u00fastrias dependem de fornecimento cont\u00ednuo \u2014 qualquer falha pode gerar consequ\u00eancias cr\u00edticas<\/p>\n<hr data-start=\"2052\" data-end=\"2055\" \/>\n<h3 data-section-id=\"18l1djc\" data-start=\"2057\" data-end=\"2128\"><strong data-start=\"2061\" data-end=\"2128\">Como a InfoChoice transforma energia em continuidade de neg\u00f3cio<\/strong><\/h3>\n<p data-start=\"2130\" data-end=\"2255\">Nosso papel vai al\u00e9m da venda de equipamentos \u2014 estruturamos uma <strong data-start=\"2195\" data-end=\"2254\">estrat\u00e9gia completa de prote\u00e7\u00e3o e efici\u00eancia energ\u00e9tica<\/strong>:<\/p>\n<h4 data-start=\"2257\" data-end=\"2305\">\ud83d\udd39 Diagn\u00f3stico de infraestrutura el\u00e9trica<\/h4>\n<p data-start=\"2306\" data-end=\"2363\">Identificamos riscos, vulnerabilidades e pontos cr\u00edticos.<\/p>\n<h4 data-start=\"2365\" data-end=\"2421\">\ud83d\udd39 Arquitetura de energia para ambientes cr\u00edticos<\/h4>\n<p data-start=\"2422\" data-end=\"2494\">Projetamos solu\u00e7\u00f5es com redund\u00e2ncia, resili\u00eancia e alta disponibilidade.<\/p>\n<h4 data-start=\"2496\" data-end=\"2548\">\ud83d\udd39 Dimensionamento correto de UPS e autonomia<\/h4>\n<p data-start=\"2549\" data-end=\"2609\">Garantimos que a energia suporte a opera\u00e7\u00e3o real do neg\u00f3cio.<\/p>\n<h4 data-start=\"2611\" data-end=\"2655\">\ud83d\udd39 Monitoramento e gest\u00e3o inteligente<\/h4>\n<p data-start=\"2656\" data-end=\"2714\">Acompanhamos consumo, performance e eventos em tempo real.<\/p>\n<hr data-start=\"2716\" data-end=\"2719\" \/>\n<h3 data-section-id=\"3kcm06\" data-start=\"2721\" data-end=\"2773\"><strong data-start=\"2725\" data-end=\"2773\">Capacidades que sustentam opera\u00e7\u00f5es cr\u00edticas<\/strong><\/h3>\n<p data-start=\"2775\" data-end=\"2815\">Com as solu\u00e7\u00f5es Eaton, sua empresa pode:<\/p>\n<ul data-start=\"2817\" data-end=\"3116\">\n<li data-section-id=\"mzbsko\" data-start=\"2817\" data-end=\"2881\">\n<p data-start=\"2819\" data-end=\"2881\">Garantir continuidade operacional mesmo em falhas de energia<\/p>\n<\/li>\n<li data-section-id=\"qegwb3\" data-start=\"2882\" data-end=\"2943\">\n<p data-start=\"2884\" data-end=\"2943\">Proteger equipamentos e dados contra oscila\u00e7\u00f5es el\u00e9tricas<\/p>\n<\/li>\n<li data-section-id=\"stxn8a\" data-start=\"2944\" data-end=\"3004\">\n<p data-start=\"2946\" data-end=\"3004\">Escalar infraestrutura de energia conforme o crescimento<\/p>\n<\/li>\n<li data-section-id=\"1eufpxw\" data-start=\"3005\" data-end=\"3064\">\n<p data-start=\"3007\" data-end=\"3064\">Integrar energia com estrat\u00e9gias de data center e cloud<\/p>\n<\/li>\n<li data-section-id=\"9mpquf\" data-start=\"3065\" data-end=\"3116\">\n<p data-start=\"3067\" data-end=\"3116\">Melhorar efici\u00eancia energ\u00e9tica e reduzir custos<\/p>\n<\/li>\n<\/ul>\n<p data-start=\"3118\" data-end=\"3304\">A Eaton \u00e9 um dos principais fabricantes globais de sistemas UPS, amplamente utilizados em data centers e ambientes que exigem alta disponibilidade<\/p>\n<p data-start=\"3306\" data-end=\"3508\">Al\u00e9m disso, tecnologias modernas permitem que sistemas de energia participem de estrat\u00e9gias mais amplas, como integra\u00e7\u00e3o com redes inteligentes e sustentabilidade<\/p>\n<hr data-start=\"3510\" data-end=\"3513\" \/>\n<h3 data-section-id=\"a3wpbo\" data-start=\"3515\" data-end=\"3552\"><strong data-start=\"3519\" data-end=\"3552\">Principais frentes de atua\u00e7\u00e3o<\/strong><\/h3>\n<h4 data-start=\"3554\" data-end=\"3601\">\u26a1 Sistemas de Energia Ininterrupta (UPS)<\/h4>\n<p data-start=\"3602\" data-end=\"3677\">Prote\u00e7\u00e3o contra quedas e oscila\u00e7\u00f5es, garantindo continuidade das opera\u00e7\u00f5es.<\/p>\n<h4 data-start=\"3679\" data-end=\"3721\">\ud83d\udd0c Distribui\u00e7\u00e3o e Prote\u00e7\u00e3o El\u00e9trica<\/h4>\n<p data-start=\"3722\" data-end=\"3784\">Infraestrutura segura e confi\u00e1vel para ambientes corporativos.<\/p>\n<h4 data-start=\"3786\" data-end=\"3829\">\ud83d\udcca Monitoramento e Gest\u00e3o de Energia<\/h4>\n<p data-start=\"3830\" data-end=\"3887\">Visibilidade completa do consumo e desempenho energ\u00e9tico.<\/p>\n<h4 data-start=\"3889\" data-end=\"3939\">\ud83c\udf31 Efici\u00eancia Energ\u00e9tica e Sustentabilidade<\/h4>\n<p data-start=\"3940\" data-end=\"4009\">Redu\u00e7\u00e3o de custos e impacto ambiental com uso inteligente de energia.<\/p>\n<hr data-start=\"4011\" data-end=\"4014\" \/>\n<h3 data-section-id=\"1q32hfb\" data-start=\"4016\" data-end=\"4052\"><strong data-start=\"4020\" data-end=\"4052\">Onde a Eaton gera mais valor<\/strong><\/h3>\n<ul data-start=\"4054\" data-end=\"4253\">\n<li data-section-id=\"11b015\" data-start=\"4054\" data-end=\"4097\">\n<p data-start=\"4056\" data-end=\"4097\">Data centers e ambientes de TI cr\u00edticos<\/p>\n<\/li>\n<li data-section-id=\"16ol170\" data-start=\"4098\" data-end=\"4128\">\n<p data-start=\"4100\" data-end=\"4128\">Empresas com opera\u00e7\u00e3o 24&#215;7<\/p>\n<\/li>\n<li data-section-id=\"wota91\" data-start=\"4129\" data-end=\"4165\">\n<p data-start=\"4131\" data-end=\"4165\">Ind\u00fastrias e opera\u00e7\u00f5es cont\u00ednuas<\/p>\n<\/li>\n<li data-section-id=\"h8ter2\" data-start=\"4166\" data-end=\"4201\">\n<p data-start=\"4168\" data-end=\"4201\">Hospitais e ambientes sens\u00edveis<\/p>\n<\/li>\n<li data-section-id=\"q8shg3\" data-start=\"4202\" data-end=\"4253\">\n<p data-start=\"4204\" data-end=\"4253\">Organiza\u00e7\u00f5es em crescimento que n\u00e3o podem parar<\/p>\n<\/li>\n<\/ul>\n<hr data-start=\"4255\" data-end=\"4258\" \/>\n<h3 data-section-id=\"5u4oum\" data-start=\"4260\" data-end=\"4288\"><strong data-start=\"4264\" data-end=\"4288\">Por que a InfoChoice<\/strong><\/h3>\n<p data-start=\"4290\" data-end=\"4321\">Porque energia n\u00e3o pode falhar.<\/p>\n<p data-start=\"4323\" data-end=\"4534\">\u2714 Experi\u00eancia em ambientes cr\u00edticos e de alta disponibilidade<br data-start=\"4384\" data-end=\"4387\" \/>\u2714 Vis\u00e3o integrada entre energia, infraestrutura e TI<br data-start=\"4439\" data-end=\"4442\" \/>\u2714 Projetos orientados \u00e0 continuidade e resili\u00eancia<br data-start=\"4492\" data-end=\"4495\" \/>\u2714 Foco em efici\u00eancia, seguran\u00e7a e ROI<\/p>\n<hr data-start=\"4536\" data-end=\"4539\" \/>\n<h3 data-section-id=\"1k5u81f\" data-start=\"4541\" data-end=\"4621\"><strong data-start=\"4545\" data-end=\"4621\">Energia confi\u00e1vel \u00e9 invis\u00edvel \u2014 at\u00e9 o momento em que ela salva o neg\u00f3cio<\/strong><\/h3>\n<p data-start=\"4623\" data-end=\"4787\">A <span class=\"hover:entity-accent entity-underline inline cursor-pointer align-baseline\"><span class=\"whitespace-normal\">Eaton<\/span><\/span> entrega tecnologia de classe mundial.<br data-start=\"4700\" data-end=\"4703\" \/>A InfoChoice garante que ela funcione como um <strong data-start=\"4749\" data-end=\"4786\">pilar estrat\u00e9gico da sua opera\u00e7\u00e3o<\/strong>.<\/p>\n<hr data-start=\"4789\" data-end=\"4792\" \/>\n<h3 data-section-id=\"1v9j5mi\" data-start=\"4794\" data-end=\"4815\"><strong data-start=\"4798\" data-end=\"4815\">Pr\u00f3ximo passo<\/strong><\/h3>\n<p data-start=\"4817\" data-end=\"4958\">Se sua empresa precisa garantir continuidade operacional, proteger seus sistemas ou estruturar um ambiente resiliente, fale com a InfoChoice.<\/p>\n<p data-start=\"4960\" data-end=\"5060\">Vamos transformar sua infraestrutura de energia em <strong data-start=\"5011\" data-end=\"5059\">seguran\u00e7a, efici\u00eancia e vantagem competitiva<\/strong>.<\/p>\n\n\n<hr class=\"wp-block-separator has-alpha-channel-opacity\"\/>\n\n\n\n<p class=\"has-large-font-size\"><strong>Transpar\u00eancia sobre parcerias e ecossistemas tecnol\u00f3gicos<\/strong><\/p>\n\n\n\n<p>A InfoChoice mant\u00e9m relacionamento ativo com diversos fabricantes de tecnologia, atuando dentro de seus ecossistemas por meio de programas de parceria, capacita\u00e7\u00e3o cont\u00ednua, registros de oportunidades, certifica\u00e7\u00f5es e integra\u00e7\u00e3o com distribuidores oficiais.<\/p>\n\n\n\n<p>\u00c9 importante destacar que a presen\u00e7a em listagens p\u00fablicas de parceiros varia conforme crit\u00e9rios espec\u00edficos de cada fabricante, n\u00e3o refletindo necessariamente o n\u00edvel de atua\u00e7\u00e3o, capacita\u00e7\u00e3o ou relacionamento comercial existente.<\/p>\n\n\n\n<p>Nosso compromisso \u00e9 com a transpar\u00eancia, a \u00e9tica e a entrega de solu\u00e7\u00f5es alinhadas \u00e0s melhores pr\u00e1ticas do mercado, sempre com base em rela\u00e7\u00f5es leg\u00edtimas e verific\u00e1veis.<\/p>\n\n\n\n<hr class=\"wp-block-separator has-alpha-channel-opacity\"\/>\n","protected":false},"excerpt":{"rendered":"<p>Revenda e Parceiro Eaton \u2013 Energia Inteligente para Ambientes Cr\u00edticos Em um mundo digital, onde sistemas precisam operar 24&#215;7, a energia deixou de ser apenas suporte \u2014 ela se tornou um fator cr\u00edtico de continuidade, seguran\u00e7a e desempenho do neg\u00f3cio. A InfoChoice, como parceira da Eaton, ajuda sua empresa a transformar a infraestrutura el\u00e9trica em [&hellip;]<\/p>\n","protected":false},"author":1,"featured_media":0,"parent":0,"menu_order":0,"comment_status":"closed","ping_status":"closed","template":"","meta":{"footnotes":""},"class_list":["post-2251","page","type-page","status-publish","hentry"],"yoast_head":"<!-- This site is optimized with the Yoast SEO plugin v27.6 - https:\/\/yoast.com\/product\/yoast-seo-wordpress\/ -->\n<title>Revenda e Parceiro Eaton - InfoChoice Tecnologia<\/title>\n<meta name=\"description\" content=\"Com mais de 55 anos de experi\u00eancia no mercado, a Eaton \u00e9 l\u00edder mundial no fornecimento de solu\u00e7\u00f5es para gerenciamento, prote\u00e7\u00e3o e qualidade de energia, atendendo \u00e0s altas demandas requeridas atualmente.\" \/>\n<meta name=\"robots\" content=\"index, follow, max-snippet:-1, max-image-preview:large, max-video-preview:-1\" \/>\n<link rel=\"canonical\" href=\"https:\/\/infochoice.com.br\/site\/index.php\/revenda-e-parceiro-eaton\/\" \/>\n<meta property=\"og:locale\" content=\"pt_BR\" \/>\n<meta property=\"og:type\" content=\"article\" \/>\n<meta property=\"og:title\" content=\"Revenda e Parceiro Eaton - InfoChoice Tecnologia\" \/>\n<meta property=\"og:description\" content=\"Com mais de 55 anos de experi\u00eancia no mercado, a Eaton \u00e9 l\u00edder mundial no fornecimento de solu\u00e7\u00f5es para gerenciamento, prote\u00e7\u00e3o e qualidade de energia, atendendo \u00e0s altas demandas requeridas atualmente.\" \/>\n<meta property=\"og:url\" content=\"https:\/\/infochoice.com.br\/site\/index.php\/revenda-e-parceiro-eaton\/\" \/>\n<meta property=\"og:site_name\" content=\"InfoChoice Tecnologia\" \/>\n<meta property=\"article:publisher\" content=\"https:\/\/www.facebook.com\/infochoicetecnologia\" \/>\n<meta property=\"article:modified_time\" content=\"2026-04-03T14:12:39+00:00\" \/>\n<meta name=\"twitter:card\" content=\"summary_large_image\" \/>\n<meta name=\"twitter:site\" content=\"@infochoicetecnologia\" \/>\n<meta name=\"twitter:label1\" content=\"Est. tempo de leitura\" \/>\n\t<meta name=\"twitter:data1\" content=\"4 minutos\" \/>\n<script type=\"application\/ld+json\" class=\"yoast-schema-graph\">{\"@context\":\"https:\\\/\\\/schema.org\",\"@graph\":[{\"@type\":\"WebPage\",\"@id\":\"https:\\\/\\\/infochoice.com.br\\\/site\\\/index.php\\\/revenda-e-parceiro-eaton\\\/\",\"url\":\"https:\\\/\\\/infochoice.com.br\\\/site\\\/index.php\\\/revenda-e-parceiro-eaton\\\/\",\"name\":\"Revenda e Parceiro Eaton - InfoChoice Tecnologia\",\"isPartOf\":{\"@id\":\"https:\\\/\\\/infochoice.com.br\\\/site\\\/#website\"},\"datePublished\":\"2023-06-20T15:27:24+00:00\",\"dateModified\":\"2026-04-03T14:12:39+00:00\",\"description\":\"Com mais de 55 anos de experi\u00eancia no mercado, a Eaton \u00e9 l\u00edder mundial no fornecimento de solu\u00e7\u00f5es para gerenciamento, prote\u00e7\u00e3o e qualidade de energia, atendendo \u00e0s altas demandas requeridas atualmente.\",\"breadcrumb\":{\"@id\":\"https:\\\/\\\/infochoice.com.br\\\/site\\\/index.php\\\/revenda-e-parceiro-eaton\\\/#breadcrumb\"},\"inLanguage\":\"pt-BR\",\"potentialAction\":[{\"@type\":\"ReadAction\",\"target\":[\"https:\\\/\\\/infochoice.com.br\\\/site\\\/index.php\\\/revenda-e-parceiro-eaton\\\/\"]}]},{\"@type\":\"BreadcrumbList\",\"@id\":\"https:\\\/\\\/infochoice.com.br\\\/site\\\/index.php\\\/revenda-e-parceiro-eaton\\\/#breadcrumb\",\"itemListElement\":[{\"@type\":\"ListItem\",\"position\":1,\"name\":\"Home\",\"item\":\"https:\\\/\\\/infochoice.com.br\\\/site\\\/\"},{\"@type\":\"ListItem\",\"position\":2,\"name\":\"Revenda e Parceiro Eaton\"}]},{\"@type\":\"WebSite\",\"@id\":\"https:\\\/\\\/infochoice.com.br\\\/site\\\/#website\",\"url\":\"https:\\\/\\\/infochoice.com.br\\\/site\\\/\",\"name\":\"InfoChoice Tecnologia\",\"description\":\"Solu\u00e7\u00f5es e decis\u00f5es estrat\u00e9gicas guiadas por confian\u00e7a, prop\u00f3sito e responsabilidade..\",\"publisher\":{\"@id\":\"https:\\\/\\\/infochoice.com.br\\\/site\\\/#organization\"},\"alternateName\":\"InfoChoice Tecnologia\",\"potentialAction\":[{\"@type\":\"SearchAction\",\"target\":{\"@type\":\"EntryPoint\",\"urlTemplate\":\"https:\\\/\\\/infochoice.com.br\\\/site\\\/?s={search_term_string}\"},\"query-input\":{\"@type\":\"PropertyValueSpecification\",\"valueRequired\":true,\"valueName\":\"search_term_string\"}}],\"inLanguage\":\"pt-BR\"},{\"@type\":\"Organization\",\"@id\":\"https:\\\/\\\/infochoice.com.br\\\/site\\\/#organization\",\"name\":\"InfoChoice\",\"alternateName\":\"InfoChoice Tecnologia\",\"url\":\"https:\\\/\\\/infochoice.com.br\\\/site\\\/\",\"logo\":{\"@type\":\"ImageObject\",\"inLanguage\":\"pt-BR\",\"@id\":\"https:\\\/\\\/infochoice.com.br\\\/site\\\/#\\\/schema\\\/logo\\\/image\\\/\",\"url\":\"https:\\\/\\\/i0.wp.com\\\/infochoice.com.br\\\/site\\\/wp-content\\\/uploads\\\/2023\\\/10\\\/infochoice_ico.png?fit=215%2C219&ssl=1\",\"contentUrl\":\"https:\\\/\\\/i0.wp.com\\\/infochoice.com.br\\\/site\\\/wp-content\\\/uploads\\\/2023\\\/10\\\/infochoice_ico.png?fit=215%2C219&ssl=1\",\"width\":215,\"height\":219,\"caption\":\"InfoChoice\"},\"image\":{\"@id\":\"https:\\\/\\\/infochoice.com.br\\\/site\\\/#\\\/schema\\\/logo\\\/image\\\/\"},\"sameAs\":[\"https:\\\/\\\/www.facebook.com\\\/infochoicetecnologia\",\"https:\\\/\\\/x.com\\\/infochoicetecnologia\",\"https:\\\/\\\/www.instagram.com\\\/infochoicetecnologia\",\"https:\\\/\\\/www.youtube.com\\\/infochoicetecnologia\",\"https:\\\/\\\/www.linkedin.com\\\/infochoicetecnologia\"]}]}<\/script>\n<!-- \/ Yoast SEO plugin. -->","yoast_head_json":{"title":"Revenda e Parceiro Eaton - InfoChoice Tecnologia","description":"Com mais de 55 anos de experi\u00eancia no mercado, a Eaton \u00e9 l\u00edder mundial no fornecimento de solu\u00e7\u00f5es para gerenciamento, prote\u00e7\u00e3o e qualidade de energia, atendendo \u00e0s altas demandas requeridas atualmente.","robots":{"index":"index","follow":"follow","max-snippet":"max-snippet:-1","max-image-preview":"max-image-preview:large","max-video-preview":"max-video-preview:-1"},"canonical":"https:\/\/infochoice.com.br\/site\/index.php\/revenda-e-parceiro-eaton\/","og_locale":"pt_BR","og_type":"article","og_title":"Revenda e Parceiro Eaton - InfoChoice Tecnologia","og_description":"Com mais de 55 anos de experi\u00eancia no mercado, a Eaton \u00e9 l\u00edder mundial no fornecimento de solu\u00e7\u00f5es para gerenciamento, prote\u00e7\u00e3o e qualidade de energia, atendendo \u00e0s altas demandas requeridas atualmente.","og_url":"https:\/\/infochoice.com.br\/site\/index.php\/revenda-e-parceiro-eaton\/","og_site_name":"InfoChoice Tecnologia","article_publisher":"https:\/\/www.facebook.com\/infochoicetecnologia","article_modified_time":"2026-04-03T14:12:39+00:00","twitter_card":"summary_large_image","twitter_site":"@infochoicetecnologia","twitter_misc":{"Est. tempo de leitura":"4 minutos"},"schema":{"@context":"https:\/\/schema.org","@graph":[{"@type":"WebPage","@id":"https:\/\/infochoice.com.br\/site\/index.php\/revenda-e-parceiro-eaton\/","url":"https:\/\/infochoice.com.br\/site\/index.php\/revenda-e-parceiro-eaton\/","name":"Revenda e Parceiro Eaton - InfoChoice Tecnologia","isPartOf":{"@id":"https:\/\/infochoice.com.br\/site\/#website"},"datePublished":"2023-06-20T15:27:24+00:00","dateModified":"2026-04-03T14:12:39+00:00","description":"Com mais de 55 anos de experi\u00eancia no mercado, a Eaton \u00e9 l\u00edder mundial no fornecimento de solu\u00e7\u00f5es para gerenciamento, prote\u00e7\u00e3o e qualidade de energia, atendendo \u00e0s altas demandas requeridas atualmente.","breadcrumb":{"@id":"https:\/\/infochoice.com.br\/site\/index.php\/revenda-e-parceiro-eaton\/#breadcrumb"},"inLanguage":"pt-BR","potentialAction":[{"@type":"ReadAction","target":["https:\/\/infochoice.com.br\/site\/index.php\/revenda-e-parceiro-eaton\/"]}]},{"@type":"BreadcrumbList","@id":"https:\/\/infochoice.com.br\/site\/index.php\/revenda-e-parceiro-eaton\/#breadcrumb","itemListElement":[{"@type":"ListItem","position":1,"name":"Home","item":"https:\/\/infochoice.com.br\/site\/"},{"@type":"ListItem","position":2,"name":"Revenda e Parceiro Eaton"}]},{"@type":"WebSite","@id":"https:\/\/infochoice.com.br\/site\/#website","url":"https:\/\/infochoice.com.br\/site\/","name":"InfoChoice Tecnologia","description":"Solu\u00e7\u00f5es e decis\u00f5es estrat\u00e9gicas guiadas por confian\u00e7a, prop\u00f3sito e responsabilidade..","publisher":{"@id":"https:\/\/infochoice.com.br\/site\/#organization"},"alternateName":"InfoChoice Tecnologia","potentialAction":[{"@type":"SearchAction","target":{"@type":"EntryPoint","urlTemplate":"https:\/\/infochoice.com.br\/site\/?s={search_term_string}"},"query-input":{"@type":"PropertyValueSpecification","valueRequired":true,"valueName":"search_term_string"}}],"inLanguage":"pt-BR"},{"@type":"Organization","@id":"https:\/\/infochoice.com.br\/site\/#organization","name":"InfoChoice","alternateName":"InfoChoice Tecnologia","url":"https:\/\/infochoice.com.br\/site\/","logo":{"@type":"ImageObject","inLanguage":"pt-BR","@id":"https:\/\/infochoice.com.br\/site\/#\/schema\/logo\/image\/","url":"https:\/\/i0.wp.com\/infochoice.com.br\/site\/wp-content\/uploads\/2023\/10\/infochoice_ico.png?fit=215%2C219&ssl=1","contentUrl":"https:\/\/i0.wp.com\/infochoice.com.br\/site\/wp-content\/uploads\/2023\/10\/infochoice_ico.png?fit=215%2C219&ssl=1","width":215,"height":219,"caption":"InfoChoice"},"image":{"@id":"https:\/\/infochoice.com.br\/site\/#\/schema\/logo\/image\/"},"sameAs":["https:\/\/www.facebook.com\/infochoicetecnologia","https:\/\/x.com\/infochoicetecnologia","https:\/\/www.instagram.com\/infochoicetecnologia","https:\/\/www.youtube.com\/infochoicetecnologia","https:\/\/www.linkedin.com\/infochoicetecnologia"]}]}},"_links":{"self":[{"href":"https:\/\/infochoice.com.br\/site\/index.php\/wp-json\/wp\/v2\/pages\/2251","targetHints":{"allow":["GET"]}}],"collection":[{"href":"https:\/\/infochoice.com.br\/site\/index.php\/wp-json\/wp\/v2\/pages"}],"about":[{"href":"https:\/\/infochoice.com.br\/site\/index.php\/wp-json\/wp\/v2\/types\/page"}],"author":[{"embeddable":true,"href":"https:\/\/infochoice.com.br\/site\/index.php\/wp-json\/wp\/v2\/users\/1"}],"replies":[{"embeddable":true,"href":"https:\/\/infochoice.com.br\/site\/index.php\/wp-json\/wp\/v2\/comments?post=2251"}],"version-history":[{"count":5,"href":"https:\/\/infochoice.com.br\/site\/index.php\/wp-json\/wp\/v2\/pages\/2251\/revisions"}],"predecessor-version":[{"id":4456,"href":"https:\/\/infochoice.com.br\/site\/index.php\/wp-json\/wp\/v2\/pages\/2251\/revisions\/4456"}],"wp:attachment":[{"href":"https:\/\/infochoice.com.br\/site\/index.php\/wp-json\/wp\/v2\/media?parent=2251"}],"curies":[{"name":"wp","href":"https:\/\/api.w.org\/{rel}","templated":true}]}}