{"id":2268,"date":"2023-07-20T14:35:21","date_gmt":"2023-07-20T17:35:21","guid":{"rendered":"https:\/\/infochoice.com.br\/site\/?page_id=2268"},"modified":"2026-04-03T11:03:33","modified_gmt":"2026-04-03T14:03:33","slug":"revenda-e-parceiro-axis","status":"publish","type":"page","link":"https:\/\/infochoice.com.br\/site\/index.php\/revenda-e-parceiro-axis\/","title":{"rendered":"Revenda e Parceiro Axis"},"content":{"rendered":"<h3 data-section-id=\"8b8yaz\" data-start=\"323\" data-end=\"449\"><strong data-start=\"327\" data-end=\"449\">Parceria com a <span class=\"hover:entity-accent entity-underline inline cursor-pointer align-baseline\"><span class=\"whitespace-normal\">Axis Communications<\/span><\/span> \u2013 Seguran\u00e7a Inteligente, Monitoramento e Intelig\u00eancia Operacional<\/strong><\/h3>\n<p data-start=\"451\" data-end=\"566\">Seguran\u00e7a hoje n\u00e3o \u00e9 apenas vigil\u00e2ncia.<br data-start=\"490\" data-end=\"493\" \/>\u00c9 visibilidade, controle e intelig\u00eancia sobre o que acontece na opera\u00e7\u00e3o.<\/p>\n<p data-start=\"568\" data-end=\"795\">A InfoChoice, em parceria com a Axis Communications, entrega solu\u00e7\u00f5es completas de <strong data-start=\"651\" data-end=\"685\">videomonitoramento inteligente<\/strong>, permitindo proteger ambientes, otimizar opera\u00e7\u00f5es e gerar insights estrat\u00e9gicos a partir de imagens e dados.<\/p>\n<hr data-start=\"797\" data-end=\"800\" \/>\n<h3 data-section-id=\"1x6aszv\" data-start=\"802\" data-end=\"874\"><strong data-start=\"806\" data-end=\"874\">O problema real: falta de visibilidade gera risco e inefici\u00eancia<\/strong><\/h3>\n<p data-start=\"876\" data-end=\"913\">Muitas organiza\u00e7\u00f5es ainda operam com:<\/p>\n<ul data-start=\"915\" data-end=\"1153\">\n<li data-section-id=\"ooh8d9\" data-start=\"915\" data-end=\"961\">\n<p data-start=\"917\" data-end=\"961\">Baixa visibilidade sobre ambientes f\u00edsicos<\/p>\n<\/li>\n<li data-section-id=\"1u7ujde\" data-start=\"962\" data-end=\"1011\">\n<p data-start=\"964\" data-end=\"1011\">Sistemas de vigil\u00e2ncia limitados ou obsoletos<\/p>\n<\/li>\n<li data-section-id=\"1p2nhn2\" data-start=\"1012\" data-end=\"1062\">\n<p data-start=\"1014\" data-end=\"1062\">Falta de integra\u00e7\u00e3o entre seguran\u00e7a e opera\u00e7\u00e3o<\/p>\n<\/li>\n<li data-section-id=\"7f6092\" data-start=\"1063\" data-end=\"1096\">\n<p data-start=\"1065\" data-end=\"1096\">Respostas lentas a incidentes<\/p>\n<\/li>\n<li data-section-id=\"w6ryuy\" data-start=\"1097\" data-end=\"1153\">\n<p data-start=\"1099\" data-end=\"1153\">Aus\u00eancia de intelig\u00eancia sobre comportamento e fluxo<\/p>\n<\/li>\n<\/ul>\n<p data-start=\"1155\" data-end=\"1165\">Resultado:<\/p>\n<p data-start=\"1167\" data-end=\"1308\">\ud83d\udc49 aumento de riscos f\u00edsicos e operacionais<br data-start=\"1210\" data-end=\"1213\" \/>\ud83d\udc49 perdas financeiras<br data-start=\"1234\" data-end=\"1237\" \/>\ud83d\udc49 baixa efici\u00eancia<br data-start=\"1256\" data-end=\"1259\" \/>\ud83d\udc49 decis\u00f5es baseadas em percep\u00e7\u00e3o, n\u00e3o em dados<\/p>\n<hr data-start=\"1310\" data-end=\"1313\" \/>\n<h3 data-section-id=\"wcycmp\" data-start=\"1315\" data-end=\"1350\"><strong data-start=\"1319\" data-end=\"1350\">O que \u00e9 a Axis (na pr\u00e1tica)<\/strong><\/h3>\n<p data-start=\"1352\" data-end=\"1466\">A <span class=\"hover:entity-accent entity-underline inline cursor-pointer align-baseline\"><span class=\"whitespace-normal\">Axis Communications<\/span><\/span> \u00e9 refer\u00eancia global em solu\u00e7\u00f5es de seguran\u00e7a baseadas em rede, oferecendo:<\/p>\n<ul data-start=\"1468\" data-end=\"1660\">\n<li data-section-id=\"rm1j49\" data-start=\"1468\" data-end=\"1512\">\n<p data-start=\"1470\" data-end=\"1512\">C\u00e2meras IP e videomonitoramento avan\u00e7ado<\/p>\n<\/li>\n<li data-section-id=\"pklj7\" data-start=\"1513\" data-end=\"1546\">\n<p data-start=\"1515\" data-end=\"1546\">Controle de acesso e intercom<\/p>\n<\/li>\n<li data-section-id=\"1kqhm92\" data-start=\"1547\" data-end=\"1576\">\n<p data-start=\"1549\" data-end=\"1576\">Sistemas de \u00e1udio em rede<\/p>\n<\/li>\n<li data-section-id=\"4omfp8\" data-start=\"1577\" data-end=\"1618\">\n<p data-start=\"1579\" data-end=\"1618\">Plataformas de gerenciamento de v\u00eddeo<\/p>\n<\/li>\n<li data-section-id=\"18sjapu\" data-start=\"1619\" data-end=\"1660\">\n<p data-start=\"1621\" data-end=\"1660\">Analytics com intelig\u00eancia artificial<\/p>\n<\/li>\n<\/ul>\n<p data-start=\"1662\" data-end=\"1851\">A empresa \u00e9 pioneira em c\u00e2meras de rede e hoje atua globalmente com solu\u00e7\u00f5es que integram seguran\u00e7a, efici\u00eancia operacional e intelig\u00eancia de neg\u00f3cio<\/p>\n<hr data-start=\"1853\" data-end=\"1856\" \/>\n<h3 data-section-id=\"559r40\" data-start=\"1858\" data-end=\"1918\"><strong data-start=\"1862\" data-end=\"1918\">Muito al\u00e9m de c\u00e2meras: intelig\u00eancia baseada em v\u00eddeo<\/strong><\/h3>\n<p data-start=\"1920\" data-end=\"1971\">As solu\u00e7\u00f5es da Axis v\u00e3o al\u00e9m da captura de imagens:<\/p>\n<ul data-start=\"1973\" data-end=\"2165\">\n<li data-section-id=\"1bvhjw0\" data-start=\"1973\" data-end=\"2014\">\n<p data-start=\"1975\" data-end=\"2014\">Detec\u00e7\u00e3o de movimento e comportamento<\/p>\n<\/li>\n<li data-section-id=\"3ujhs8\" data-start=\"2015\" data-end=\"2057\">\n<p data-start=\"2017\" data-end=\"2057\">Contagem de pessoas e an\u00e1lise de fluxo<\/p>\n<\/li>\n<li data-section-id=\"t77ll7\" data-start=\"2058\" data-end=\"2096\">\n<p data-start=\"2060\" data-end=\"2096\">Identifica\u00e7\u00e3o de objetos e eventos<\/p>\n<\/li>\n<li data-section-id=\"ezeg7d\" data-start=\"2097\" data-end=\"2128\">\n<p data-start=\"2099\" data-end=\"2128\">Monitoramento em tempo real<\/p>\n<\/li>\n<li data-section-id=\"1chncbj\" data-start=\"2129\" data-end=\"2165\">\n<p data-start=\"2131\" data-end=\"2165\">Gera\u00e7\u00e3o de insights operacionais<\/p>\n<\/li>\n<\/ul>\n<p data-start=\"2167\" data-end=\"2337\">Com o uso de analytics e IA, os sistemas permitem transformar v\u00eddeo em <strong data-start=\"2238\" data-end=\"2262\">informa\u00e7\u00e3o acion\u00e1vel<\/strong>, melhorando seguran\u00e7a e efici\u00eancia<\/p>\n<hr data-start=\"2339\" data-end=\"2342\" \/>\n<h3 data-section-id=\"1j38q63\" data-start=\"2344\" data-end=\"2389\"><strong data-start=\"2348\" data-end=\"2389\">Como a InfoChoice potencializa a Axis<\/strong><\/h3>\n<p data-start=\"2391\" data-end=\"2457\">Nosso diferencial est\u00e1 em transformar monitoramento em estrat\u00e9gia:<\/p>\n<h4 data-start=\"2459\" data-end=\"2501\">\ud83d\udd39 Projeto de seguran\u00e7a inteligente<\/h4>\n<p data-start=\"2502\" data-end=\"2552\">Desenhamos solu\u00e7\u00f5es sob medida para cada ambiente.<\/p>\n<h4 data-start=\"2554\" data-end=\"2595\">\ud83d\udd39 Integra\u00e7\u00e3o com sistemas e dados<\/h4>\n<p data-start=\"2596\" data-end=\"2652\">Conectamos videomonitoramento com opera\u00e7\u00f5es e analytics.<\/p>\n<h4 data-start=\"2654\" data-end=\"2699\">\ud83d\udd39 Monitoramento e gest\u00e3o centralizada<\/h4>\n<p data-start=\"2700\" data-end=\"2743\">Unificamos controle, acesso e visibilidade.<\/p>\n<h4 data-start=\"2745\" data-end=\"2776\">\ud83d\udd39 Uso de analytics e IA<\/h4>\n<p data-start=\"2777\" data-end=\"2825\">Transformamos v\u00eddeo em intelig\u00eancia operacional.<\/p>\n<h4 data-start=\"2827\" data-end=\"2873\">\ud83d\udd39 Integra\u00e7\u00e3o com seguran\u00e7a corporativa<\/h4>\n<p data-start=\"2874\" data-end=\"2920\">Conectamos com DLP, redes, cloud e governan\u00e7a.<\/p>\n<hr data-start=\"2922\" data-end=\"2925\" \/>\n<h3 data-section-id=\"zh975s\" data-start=\"2927\" data-end=\"2972\"><strong data-start=\"2931\" data-end=\"2972\">Capacidades que v\u00e3o al\u00e9m da seguran\u00e7a<\/strong><\/h3>\n<p data-start=\"2974\" data-end=\"3003\">Com a Axis, sua empresa pode:<\/p>\n<ul data-start=\"3005\" data-end=\"3242\">\n<li data-section-id=\"kkguw3\" data-start=\"3005\" data-end=\"3060\">\n<p data-start=\"3007\" data-end=\"3060\">Monitorar ambientes em tempo real com alta precis\u00e3o<\/p>\n<\/li>\n<li data-section-id=\"1k9vtrw\" data-start=\"3061\" data-end=\"3104\">\n<p data-start=\"3063\" data-end=\"3104\">Prevenir incidentes antes que aconte\u00e7am<\/p>\n<\/li>\n<li data-section-id=\"1xstsjd\" data-start=\"3105\" data-end=\"3153\">\n<p data-start=\"3107\" data-end=\"3153\">Otimizar opera\u00e7\u00f5es com base em dados visuais<\/p>\n<\/li>\n<li data-section-id=\"2gxshb\" data-start=\"3154\" data-end=\"3196\">\n<p data-start=\"3156\" data-end=\"3196\">Melhorar seguran\u00e7a de pessoas e ativos<\/p>\n<\/li>\n<li data-section-id=\"11p11kl\" data-start=\"3197\" data-end=\"3242\">\n<p data-start=\"3199\" data-end=\"3242\">Gerar intelig\u00eancia para tomada de decis\u00e3o<\/p>\n<\/li>\n<\/ul>\n<p data-start=\"3244\" data-end=\"3381\">As solu\u00e7\u00f5es permitem n\u00e3o apenas proteger, mas tamb\u00e9m melhorar desempenho operacional e efici\u00eancia<\/p>\n<hr data-start=\"3383\" data-end=\"3386\" \/>\n<h3 data-section-id=\"1ddmeqt\" data-start=\"3388\" data-end=\"3423\"><strong data-start=\"3392\" data-end=\"3423\">Onde a Axis gera mais valor<\/strong><\/h3>\n<ul data-start=\"3425\" data-end=\"3621\">\n<li data-section-id=\"uxn6xz\" data-start=\"3425\" data-end=\"3460\">\n<p data-start=\"3427\" data-end=\"3460\">Ind\u00fastrias e opera\u00e7\u00f5es cr\u00edticas<\/p>\n<\/li>\n<li data-section-id=\"1bszjrt\" data-start=\"3461\" data-end=\"3506\">\n<p data-start=\"3463\" data-end=\"3506\">Varejo (an\u00e1lise de fluxo e comportamento)<\/p>\n<\/li>\n<li data-section-id=\"176fvz3\" data-start=\"3507\" data-end=\"3546\">\n<p data-start=\"3509\" data-end=\"3546\">Log\u00edstica e centros de distribui\u00e7\u00e3o<\/p>\n<\/li>\n<li data-section-id=\"o3152b\" data-start=\"3547\" data-end=\"3575\">\n<p data-start=\"3549\" data-end=\"3575\">Escrit\u00f3rios corporativos<\/p>\n<\/li>\n<li data-section-id=\"ylmtt\" data-start=\"3576\" data-end=\"3621\">\n<p data-start=\"3578\" data-end=\"3621\">Cidades inteligentes e ambientes p\u00fablicos<\/p>\n<\/li>\n<\/ul>\n<hr data-start=\"3623\" data-end=\"3626\" \/>\n<h3 data-section-id=\"5u4oum\" data-start=\"3628\" data-end=\"3656\"><strong data-start=\"3632\" data-end=\"3656\">Por que a InfoChoice<\/strong><\/h3>\n<p data-start=\"3658\" data-end=\"3703\">Porque seguran\u00e7a sem intelig\u00eancia \u00e9 limitada.<\/p>\n<p data-start=\"3705\" data-end=\"3899\">\u2714 Vis\u00e3o integrada de seguran\u00e7a f\u00edsica e digital<br data-start=\"3752\" data-end=\"3755\" \/>\u2714 Integra\u00e7\u00e3o com dados, analytics e cloud<br data-start=\"3796\" data-end=\"3799\" \/>\u2714 Experi\u00eancia em ambientes corporativos complexos<br data-start=\"3848\" data-end=\"3851\" \/>\u2714 Foco em preven\u00e7\u00e3o, visibilidade e efici\u00eancia<\/p>\n<hr data-start=\"3901\" data-end=\"3904\" \/>\n<h3 data-section-id=\"s0f4p6\" data-start=\"3906\" data-end=\"3955\"><strong data-start=\"3910\" data-end=\"3955\">Ver n\u00e3o \u00e9 suficiente. \u00c9 preciso entender.<\/strong><\/h3>\n<p data-start=\"3957\" data-end=\"4002\">C\u00e2meras registram.<br data-start=\"3975\" data-end=\"3978\" \/>Intelig\u00eancia interpreta.<\/p>\n<p data-start=\"4004\" data-end=\"4148\">A InfoChoice, em parceria com a Axis, transforma videomonitoramento em <strong data-start=\"4075\" data-end=\"4147\">visibilidade estrat\u00e9gica, controle operacional e decis\u00e3o inteligente<\/strong>.<\/p>\n<hr data-start=\"4150\" data-end=\"4153\" \/>\n<h3 data-section-id=\"1v9j5mi\" data-start=\"4155\" data-end=\"4176\"><strong data-start=\"4159\" data-end=\"4176\">Pr\u00f3ximo passo<\/strong><\/h3>\n<p data-start=\"4178\" data-end=\"4296\">Se sua empresa precisa evoluir sua seguran\u00e7a f\u00edsica e ganhar visibilidade sobre suas opera\u00e7\u00f5es, fale com a InfoChoice.<\/p>\n<p data-start=\"4298\" data-end=\"4387\">Vamos transformar seu ambiente em um sistema <strong data-start=\"4343\" data-end=\"4386\">seguro, inteligente e orientado a dados<\/strong>.<\/p>\n\n\n<hr class=\"wp-block-separator has-alpha-channel-opacity\"\/>\n\n\n\n<p class=\"has-large-font-size\"><strong>Transpar\u00eancia sobre parcerias e ecossistemas tecnol\u00f3gicos<\/strong><\/p>\n\n\n\n<p>A InfoChoice mant\u00e9m relacionamento ativo com diversos fabricantes de tecnologia, atuando dentro de seus ecossistemas por meio de programas de parceria, capacita\u00e7\u00e3o cont\u00ednua, registros de oportunidades, certifica\u00e7\u00f5es e integra\u00e7\u00e3o com distribuidores oficiais.<\/p>\n\n\n\n<p>\u00c9 importante destacar que a presen\u00e7a em listagens p\u00fablicas de parceiros varia conforme crit\u00e9rios espec\u00edficos de cada fabricante, n\u00e3o refletindo necessariamente o n\u00edvel de atua\u00e7\u00e3o, capacita\u00e7\u00e3o ou relacionamento comercial existente.<\/p>\n\n\n\n<p>Nosso compromisso \u00e9 com a transpar\u00eancia, a \u00e9tica e a entrega de solu\u00e7\u00f5es alinhadas \u00e0s melhores pr\u00e1ticas do mercado, sempre com base em rela\u00e7\u00f5es leg\u00edtimas e verific\u00e1veis.<\/p>\n\n\n\n<hr class=\"wp-block-separator has-alpha-channel-opacity\"\/>\n","protected":false},"excerpt":{"rendered":"<p>Parceria com a Axis Communications \u2013 Seguran\u00e7a Inteligente, Monitoramento e Intelig\u00eancia Operacional Seguran\u00e7a hoje n\u00e3o \u00e9 apenas vigil\u00e2ncia.\u00c9 visibilidade, controle e intelig\u00eancia sobre o que acontece na opera\u00e7\u00e3o. A InfoChoice, em parceria com a Axis Communications, entrega solu\u00e7\u00f5es completas de videomonitoramento inteligente, permitindo proteger ambientes, otimizar opera\u00e7\u00f5es e gerar insights estrat\u00e9gicos a partir de imagens [&hellip;]<\/p>\n","protected":false},"author":1,"featured_media":0,"parent":0,"menu_order":0,"comment_status":"closed","ping_status":"closed","template":"","meta":{"footnotes":""},"class_list":["post-2268","page","type-page","status-publish","hentry"],"yoast_head":"<!-- This site is optimized with the Yoast SEO plugin v27.6 - https:\/\/yoast.com\/product\/yoast-seo-wordpress\/ -->\n<title>Revenda e Parceiro Axis - InfoChoice Tecnologia<\/title>\n<meta name=\"description\" content=\"Produtos escal\u00e1veis e f\u00e1ceis de integrar baseados em IP e inova\u00e7\u00f5es para seguran\u00e7a e monitoramento por v\u00eddeo. Escolha entre nossa ampla variedade de produtos de plataforma aberta baseados em IP para monitoramento por v\u00eddeo, an\u00e1lise, controle de acesso, intercomunicadores e sistemas de \u00e1udio.\" \/>\n<meta name=\"robots\" content=\"index, follow, max-snippet:-1, max-image-preview:large, max-video-preview:-1\" \/>\n<link rel=\"canonical\" href=\"https:\/\/infochoice.com.br\/site\/index.php\/revenda-e-parceiro-axis\/\" \/>\n<meta property=\"og:locale\" content=\"pt_BR\" \/>\n<meta property=\"og:type\" content=\"article\" \/>\n<meta property=\"og:title\" content=\"Revenda e Parceiro Axis - InfoChoice Tecnologia\" \/>\n<meta property=\"og:description\" content=\"Produtos escal\u00e1veis e f\u00e1ceis de integrar baseados em IP e inova\u00e7\u00f5es para seguran\u00e7a e monitoramento por v\u00eddeo. Escolha entre nossa ampla variedade de produtos de plataforma aberta baseados em IP para monitoramento por v\u00eddeo, an\u00e1lise, controle de acesso, intercomunicadores e sistemas de \u00e1udio.\" \/>\n<meta property=\"og:url\" content=\"https:\/\/infochoice.com.br\/site\/index.php\/revenda-e-parceiro-axis\/\" \/>\n<meta property=\"og:site_name\" content=\"InfoChoice Tecnologia\" \/>\n<meta property=\"article:publisher\" content=\"https:\/\/www.facebook.com\/infochoicetecnologia\" \/>\n<meta property=\"article:modified_time\" content=\"2026-04-03T14:03:33+00:00\" \/>\n<meta name=\"twitter:card\" content=\"summary_large_image\" \/>\n<meta name=\"twitter:site\" content=\"@infochoicetecnologia\" \/>\n<meta name=\"twitter:label1\" content=\"Est. tempo de leitura\" \/>\n\t<meta name=\"twitter:data1\" content=\"4 minutos\" \/>\n<script type=\"application\/ld+json\" class=\"yoast-schema-graph\">{\"@context\":\"https:\\\/\\\/schema.org\",\"@graph\":[{\"@type\":\"WebPage\",\"@id\":\"https:\\\/\\\/infochoice.com.br\\\/site\\\/index.php\\\/revenda-e-parceiro-axis\\\/\",\"url\":\"https:\\\/\\\/infochoice.com.br\\\/site\\\/index.php\\\/revenda-e-parceiro-axis\\\/\",\"name\":\"Revenda e Parceiro Axis - InfoChoice Tecnologia\",\"isPartOf\":{\"@id\":\"https:\\\/\\\/infochoice.com.br\\\/site\\\/#website\"},\"datePublished\":\"2023-07-20T17:35:21+00:00\",\"dateModified\":\"2026-04-03T14:03:33+00:00\",\"description\":\"Produtos escal\u00e1veis e f\u00e1ceis de integrar baseados em IP e inova\u00e7\u00f5es para seguran\u00e7a e monitoramento por v\u00eddeo. Escolha entre nossa ampla variedade de produtos de plataforma aberta baseados em IP para monitoramento por v\u00eddeo, an\u00e1lise, controle de acesso, intercomunicadores e sistemas de \u00e1udio.\",\"breadcrumb\":{\"@id\":\"https:\\\/\\\/infochoice.com.br\\\/site\\\/index.php\\\/revenda-e-parceiro-axis\\\/#breadcrumb\"},\"inLanguage\":\"pt-BR\",\"potentialAction\":[{\"@type\":\"ReadAction\",\"target\":[\"https:\\\/\\\/infochoice.com.br\\\/site\\\/index.php\\\/revenda-e-parceiro-axis\\\/\"]}]},{\"@type\":\"BreadcrumbList\",\"@id\":\"https:\\\/\\\/infochoice.com.br\\\/site\\\/index.php\\\/revenda-e-parceiro-axis\\\/#breadcrumb\",\"itemListElement\":[{\"@type\":\"ListItem\",\"position\":1,\"name\":\"Home\",\"item\":\"https:\\\/\\\/infochoice.com.br\\\/site\\\/\"},{\"@type\":\"ListItem\",\"position\":2,\"name\":\"Revenda e Parceiro Axis\"}]},{\"@type\":\"WebSite\",\"@id\":\"https:\\\/\\\/infochoice.com.br\\\/site\\\/#website\",\"url\":\"https:\\\/\\\/infochoice.com.br\\\/site\\\/\",\"name\":\"InfoChoice Tecnologia\",\"description\":\"Solu\u00e7\u00f5es e decis\u00f5es estrat\u00e9gicas guiadas por confian\u00e7a, prop\u00f3sito e responsabilidade..\",\"publisher\":{\"@id\":\"https:\\\/\\\/infochoice.com.br\\\/site\\\/#organization\"},\"alternateName\":\"InfoChoice Tecnologia\",\"potentialAction\":[{\"@type\":\"SearchAction\",\"target\":{\"@type\":\"EntryPoint\",\"urlTemplate\":\"https:\\\/\\\/infochoice.com.br\\\/site\\\/?s={search_term_string}\"},\"query-input\":{\"@type\":\"PropertyValueSpecification\",\"valueRequired\":true,\"valueName\":\"search_term_string\"}}],\"inLanguage\":\"pt-BR\"},{\"@type\":\"Organization\",\"@id\":\"https:\\\/\\\/infochoice.com.br\\\/site\\\/#organization\",\"name\":\"InfoChoice\",\"alternateName\":\"InfoChoice Tecnologia\",\"url\":\"https:\\\/\\\/infochoice.com.br\\\/site\\\/\",\"logo\":{\"@type\":\"ImageObject\",\"inLanguage\":\"pt-BR\",\"@id\":\"https:\\\/\\\/infochoice.com.br\\\/site\\\/#\\\/schema\\\/logo\\\/image\\\/\",\"url\":\"https:\\\/\\\/i0.wp.com\\\/infochoice.com.br\\\/site\\\/wp-content\\\/uploads\\\/2023\\\/10\\\/infochoice_ico.png?fit=215%2C219&ssl=1\",\"contentUrl\":\"https:\\\/\\\/i0.wp.com\\\/infochoice.com.br\\\/site\\\/wp-content\\\/uploads\\\/2023\\\/10\\\/infochoice_ico.png?fit=215%2C219&ssl=1\",\"width\":215,\"height\":219,\"caption\":\"InfoChoice\"},\"image\":{\"@id\":\"https:\\\/\\\/infochoice.com.br\\\/site\\\/#\\\/schema\\\/logo\\\/image\\\/\"},\"sameAs\":[\"https:\\\/\\\/www.facebook.com\\\/infochoicetecnologia\",\"https:\\\/\\\/x.com\\\/infochoicetecnologia\",\"https:\\\/\\\/www.instagram.com\\\/infochoicetecnologia\",\"https:\\\/\\\/www.youtube.com\\\/infochoicetecnologia\",\"https:\\\/\\\/www.linkedin.com\\\/infochoicetecnologia\"]}]}<\/script>\n<!-- \/ Yoast SEO plugin. -->","yoast_head_json":{"title":"Revenda e Parceiro Axis - InfoChoice Tecnologia","description":"Produtos escal\u00e1veis e f\u00e1ceis de integrar baseados em IP e inova\u00e7\u00f5es para seguran\u00e7a e monitoramento por v\u00eddeo. Escolha entre nossa ampla variedade de produtos de plataforma aberta baseados em IP para monitoramento por v\u00eddeo, an\u00e1lise, controle de acesso, intercomunicadores e sistemas de \u00e1udio.","robots":{"index":"index","follow":"follow","max-snippet":"max-snippet:-1","max-image-preview":"max-image-preview:large","max-video-preview":"max-video-preview:-1"},"canonical":"https:\/\/infochoice.com.br\/site\/index.php\/revenda-e-parceiro-axis\/","og_locale":"pt_BR","og_type":"article","og_title":"Revenda e Parceiro Axis - InfoChoice Tecnologia","og_description":"Produtos escal\u00e1veis e f\u00e1ceis de integrar baseados em IP e inova\u00e7\u00f5es para seguran\u00e7a e monitoramento por v\u00eddeo. Escolha entre nossa ampla variedade de produtos de plataforma aberta baseados em IP para monitoramento por v\u00eddeo, an\u00e1lise, controle de acesso, intercomunicadores e sistemas de \u00e1udio.","og_url":"https:\/\/infochoice.com.br\/site\/index.php\/revenda-e-parceiro-axis\/","og_site_name":"InfoChoice Tecnologia","article_publisher":"https:\/\/www.facebook.com\/infochoicetecnologia","article_modified_time":"2026-04-03T14:03:33+00:00","twitter_card":"summary_large_image","twitter_site":"@infochoicetecnologia","twitter_misc":{"Est. tempo de leitura":"4 minutos"},"schema":{"@context":"https:\/\/schema.org","@graph":[{"@type":"WebPage","@id":"https:\/\/infochoice.com.br\/site\/index.php\/revenda-e-parceiro-axis\/","url":"https:\/\/infochoice.com.br\/site\/index.php\/revenda-e-parceiro-axis\/","name":"Revenda e Parceiro Axis - InfoChoice Tecnologia","isPartOf":{"@id":"https:\/\/infochoice.com.br\/site\/#website"},"datePublished":"2023-07-20T17:35:21+00:00","dateModified":"2026-04-03T14:03:33+00:00","description":"Produtos escal\u00e1veis e f\u00e1ceis de integrar baseados em IP e inova\u00e7\u00f5es para seguran\u00e7a e monitoramento por v\u00eddeo. Escolha entre nossa ampla variedade de produtos de plataforma aberta baseados em IP para monitoramento por v\u00eddeo, an\u00e1lise, controle de acesso, intercomunicadores e sistemas de \u00e1udio.","breadcrumb":{"@id":"https:\/\/infochoice.com.br\/site\/index.php\/revenda-e-parceiro-axis\/#breadcrumb"},"inLanguage":"pt-BR","potentialAction":[{"@type":"ReadAction","target":["https:\/\/infochoice.com.br\/site\/index.php\/revenda-e-parceiro-axis\/"]}]},{"@type":"BreadcrumbList","@id":"https:\/\/infochoice.com.br\/site\/index.php\/revenda-e-parceiro-axis\/#breadcrumb","itemListElement":[{"@type":"ListItem","position":1,"name":"Home","item":"https:\/\/infochoice.com.br\/site\/"},{"@type":"ListItem","position":2,"name":"Revenda e Parceiro Axis"}]},{"@type":"WebSite","@id":"https:\/\/infochoice.com.br\/site\/#website","url":"https:\/\/infochoice.com.br\/site\/","name":"InfoChoice Tecnologia","description":"Solu\u00e7\u00f5es e decis\u00f5es estrat\u00e9gicas guiadas por confian\u00e7a, prop\u00f3sito e responsabilidade..","publisher":{"@id":"https:\/\/infochoice.com.br\/site\/#organization"},"alternateName":"InfoChoice Tecnologia","potentialAction":[{"@type":"SearchAction","target":{"@type":"EntryPoint","urlTemplate":"https:\/\/infochoice.com.br\/site\/?s={search_term_string}"},"query-input":{"@type":"PropertyValueSpecification","valueRequired":true,"valueName":"search_term_string"}}],"inLanguage":"pt-BR"},{"@type":"Organization","@id":"https:\/\/infochoice.com.br\/site\/#organization","name":"InfoChoice","alternateName":"InfoChoice Tecnologia","url":"https:\/\/infochoice.com.br\/site\/","logo":{"@type":"ImageObject","inLanguage":"pt-BR","@id":"https:\/\/infochoice.com.br\/site\/#\/schema\/logo\/image\/","url":"https:\/\/i0.wp.com\/infochoice.com.br\/site\/wp-content\/uploads\/2023\/10\/infochoice_ico.png?fit=215%2C219&ssl=1","contentUrl":"https:\/\/i0.wp.com\/infochoice.com.br\/site\/wp-content\/uploads\/2023\/10\/infochoice_ico.png?fit=215%2C219&ssl=1","width":215,"height":219,"caption":"InfoChoice"},"image":{"@id":"https:\/\/infochoice.com.br\/site\/#\/schema\/logo\/image\/"},"sameAs":["https:\/\/www.facebook.com\/infochoicetecnologia","https:\/\/x.com\/infochoicetecnologia","https:\/\/www.instagram.com\/infochoicetecnologia","https:\/\/www.youtube.com\/infochoicetecnologia","https:\/\/www.linkedin.com\/infochoicetecnologia"]}]}},"_links":{"self":[{"href":"https:\/\/infochoice.com.br\/site\/index.php\/wp-json\/wp\/v2\/pages\/2268","targetHints":{"allow":["GET"]}}],"collection":[{"href":"https:\/\/infochoice.com.br\/site\/index.php\/wp-json\/wp\/v2\/pages"}],"about":[{"href":"https:\/\/infochoice.com.br\/site\/index.php\/wp-json\/wp\/v2\/types\/page"}],"author":[{"embeddable":true,"href":"https:\/\/infochoice.com.br\/site\/index.php\/wp-json\/wp\/v2\/users\/1"}],"replies":[{"embeddable":true,"href":"https:\/\/infochoice.com.br\/site\/index.php\/wp-json\/wp\/v2\/comments?post=2268"}],"version-history":[{"count":5,"href":"https:\/\/infochoice.com.br\/site\/index.php\/wp-json\/wp\/v2\/pages\/2268\/revisions"}],"predecessor-version":[{"id":4445,"href":"https:\/\/infochoice.com.br\/site\/index.php\/wp-json\/wp\/v2\/pages\/2268\/revisions\/4445"}],"wp:attachment":[{"href":"https:\/\/infochoice.com.br\/site\/index.php\/wp-json\/wp\/v2\/media?parent=2268"}],"curies":[{"name":"wp","href":"https:\/\/api.w.org\/{rel}","templated":true}]}}