{"id":2286,"date":"2023-07-24T16:18:08","date_gmt":"2023-07-24T19:18:08","guid":{"rendered":"https:\/\/infochoice.com.br\/site\/?page_id=2286"},"modified":"2023-10-08T11:16:33","modified_gmt":"2023-10-08T14:16:33","slug":"limpeza-e-restauracao-de-audio","status":"publish","type":"page","link":"https:\/\/infochoice.com.br\/site\/index.php\/limpeza-e-restauracao-de-audio\/","title":{"rendered":"Limpeza e Restaura\u00e7\u00e3o de \u00c1udio"},"content":{"rendered":"<p><!-- Google tag (gtag.js) --><br \/>\n<script async src=\"https:\/\/www.googletagmanager.com\/gtag\/js?id=G-FHSZNHR1FT\"><\/script><br \/>\n<script><br \/>\n  window.dataLayer = window.dataLayer || [];<br \/>\n  function gtag(){dataLayer.push(arguments);}<br \/>\n  gtag('js', new Date());<\/p>\n<p>  gtag('config', 'G-FHSZNHR1FT');<br \/>\n<\/script><br \/>\nO reparo de \u00e1udio \u00e9 o processo de restaura\u00e7\u00e3o de \u00e1udio danificado ou remo\u00e7\u00e3o de ru\u00eddo de fundo indesejado capturado durante a grava\u00e7\u00e3o de som.<\/p>\n<p>O nosso servi\u00e7o \u00e9 indicado para aqueles que querem melhorar a qualidade dos seus \u00e1udios, incluindo \u00e1udio em v\u00eddeos e para resolver problemas de \u00e1udio na produ\u00e7\u00e3o musical, p\u00f3s-produ\u00e7\u00e3o e podcasting.<\/p>\n<p>Reduz som de vento, ru\u00eddos de fundo, elimina ru\u00eddos individuais, reduz reverb, restaura \u00e1udio que estourou, dentre outros ru\u00eddos.<\/p>\n<p>Utiliza\u00e7\u00e3o das mais avan\u00e7adas t\u00e9cnicas e ferramentas modernas da ind\u00fastria.<\/p>\n","protected":false},"excerpt":{"rendered":"<p>O reparo de \u00e1udio \u00e9 o processo de restaura\u00e7\u00e3o de \u00e1udio danificado ou remo\u00e7\u00e3o de ru\u00eddo de fundo indesejado capturado durante a grava\u00e7\u00e3o de som. O nosso servi\u00e7o \u00e9 indicado para aqueles que querem melhorar a qualidade dos seus \u00e1udios, incluindo \u00e1udio em v\u00eddeos e para resolver problemas de \u00e1udio na produ\u00e7\u00e3o musical, p\u00f3s-produ\u00e7\u00e3o e [&hellip;]<\/p>\n","protected":false},"author":1,"featured_media":0,"parent":0,"menu_order":0,"comment_status":"closed","ping_status":"closed","template":"","meta":{"footnotes":""},"class_list":["post-2286","page","type-page","status-publish","hentry"],"yoast_head":"<!-- This site is optimized with the Yoast SEO plugin v27.4 - https:\/\/yoast.com\/product\/yoast-seo-wordpress\/ -->\n<title>Limpeza e Restaura\u00e7\u00e3o de \u00c1udio - InfoChoice Tecnologia<\/title>\n<meta name=\"description\" content=\"O reparo de \u00e1udio \u00e9 o processo de restaura\u00e7\u00e3o de \u00e1udio danificado ou remo\u00e7\u00e3o de ru\u00eddo de fundo indesejado capturado durante a grava\u00e7\u00e3o de som.\" \/>\n<meta name=\"robots\" content=\"index, follow, max-snippet:-1, max-image-preview:large, max-video-preview:-1\" \/>\n<link rel=\"canonical\" href=\"https:\/\/infochoice.com.br\/site\/index.php\/limpeza-e-restauracao-de-audio\/\" \/>\n<meta property=\"og:locale\" content=\"pt_BR\" \/>\n<meta property=\"og:type\" content=\"article\" \/>\n<meta property=\"og:title\" content=\"Limpeza e Restaura\u00e7\u00e3o de \u00c1udio - InfoChoice Tecnologia\" \/>\n<meta property=\"og:description\" content=\"O reparo de \u00e1udio \u00e9 o processo de restaura\u00e7\u00e3o de \u00e1udio danificado ou remo\u00e7\u00e3o de ru\u00eddo de fundo indesejado capturado durante a grava\u00e7\u00e3o de som.\" \/>\n<meta property=\"og:url\" content=\"https:\/\/infochoice.com.br\/site\/index.php\/limpeza-e-restauracao-de-audio\/\" \/>\n<meta property=\"og:site_name\" content=\"InfoChoice Tecnologia\" \/>\n<meta property=\"article:publisher\" content=\"https:\/\/www.facebook.com\/infochoicetecnologia\" \/>\n<meta property=\"article:modified_time\" content=\"2023-10-08T14:16:33+00:00\" \/>\n<meta name=\"twitter:card\" content=\"summary_large_image\" \/>\n<meta name=\"twitter:site\" content=\"@infochoicetecnologia\" \/>\n<meta name=\"twitter:label1\" content=\"Est. tempo de leitura\" \/>\n\t<meta name=\"twitter:data1\" content=\"1 minuto\" \/>\n<script type=\"application\/ld+json\" class=\"yoast-schema-graph\">{\"@context\":\"https:\\\/\\\/schema.org\",\"@graph\":[{\"@type\":\"WebPage\",\"@id\":\"https:\\\/\\\/infochoice.com.br\\\/site\\\/index.php\\\/limpeza-e-restauracao-de-audio\\\/\",\"url\":\"https:\\\/\\\/infochoice.com.br\\\/site\\\/index.php\\\/limpeza-e-restauracao-de-audio\\\/\",\"name\":\"Limpeza e Restaura\u00e7\u00e3o de \u00c1udio - InfoChoice Tecnologia\",\"isPartOf\":{\"@id\":\"https:\\\/\\\/infochoice.com.br\\\/site\\\/#website\"},\"datePublished\":\"2023-07-24T19:18:08+00:00\",\"dateModified\":\"2023-10-08T14:16:33+00:00\",\"description\":\"O reparo de \u00e1udio \u00e9 o processo de restaura\u00e7\u00e3o de \u00e1udio danificado ou remo\u00e7\u00e3o de ru\u00eddo de fundo indesejado capturado durante a grava\u00e7\u00e3o de som.\",\"breadcrumb\":{\"@id\":\"https:\\\/\\\/infochoice.com.br\\\/site\\\/index.php\\\/limpeza-e-restauracao-de-audio\\\/#breadcrumb\"},\"inLanguage\":\"pt-BR\",\"potentialAction\":[{\"@type\":\"ReadAction\",\"target\":[\"https:\\\/\\\/infochoice.com.br\\\/site\\\/index.php\\\/limpeza-e-restauracao-de-audio\\\/\"]}]},{\"@type\":\"BreadcrumbList\",\"@id\":\"https:\\\/\\\/infochoice.com.br\\\/site\\\/index.php\\\/limpeza-e-restauracao-de-audio\\\/#breadcrumb\",\"itemListElement\":[{\"@type\":\"ListItem\",\"position\":1,\"name\":\"Home\",\"item\":\"https:\\\/\\\/infochoice.com.br\\\/site\\\/\"},{\"@type\":\"ListItem\",\"position\":2,\"name\":\"Limpeza e Restaura\u00e7\u00e3o de \u00c1udio\"}]},{\"@type\":\"WebSite\",\"@id\":\"https:\\\/\\\/infochoice.com.br\\\/site\\\/#website\",\"url\":\"https:\\\/\\\/infochoice.com.br\\\/site\\\/\",\"name\":\"InfoChoice Tecnologia\",\"description\":\"Solu\u00e7\u00f5es e decis\u00f5es estrat\u00e9gicas guiadas por confian\u00e7a, prop\u00f3sito e responsabilidade..\",\"publisher\":{\"@id\":\"https:\\\/\\\/infochoice.com.br\\\/site\\\/#organization\"},\"alternateName\":\"InfoChoice Tecnologia\",\"potentialAction\":[{\"@type\":\"SearchAction\",\"target\":{\"@type\":\"EntryPoint\",\"urlTemplate\":\"https:\\\/\\\/infochoice.com.br\\\/site\\\/?s={search_term_string}\"},\"query-input\":{\"@type\":\"PropertyValueSpecification\",\"valueRequired\":true,\"valueName\":\"search_term_string\"}}],\"inLanguage\":\"pt-BR\"},{\"@type\":\"Organization\",\"@id\":\"https:\\\/\\\/infochoice.com.br\\\/site\\\/#organization\",\"name\":\"InfoChoice\",\"alternateName\":\"InfoChoice Tecnologia\",\"url\":\"https:\\\/\\\/infochoice.com.br\\\/site\\\/\",\"logo\":{\"@type\":\"ImageObject\",\"inLanguage\":\"pt-BR\",\"@id\":\"https:\\\/\\\/infochoice.com.br\\\/site\\\/#\\\/schema\\\/logo\\\/image\\\/\",\"url\":\"https:\\\/\\\/i0.wp.com\\\/infochoice.com.br\\\/site\\\/wp-content\\\/uploads\\\/2023\\\/10\\\/infochoice_ico.png?fit=215%2C219&ssl=1\",\"contentUrl\":\"https:\\\/\\\/i0.wp.com\\\/infochoice.com.br\\\/site\\\/wp-content\\\/uploads\\\/2023\\\/10\\\/infochoice_ico.png?fit=215%2C219&ssl=1\",\"width\":215,\"height\":219,\"caption\":\"InfoChoice\"},\"image\":{\"@id\":\"https:\\\/\\\/infochoice.com.br\\\/site\\\/#\\\/schema\\\/logo\\\/image\\\/\"},\"sameAs\":[\"https:\\\/\\\/www.facebook.com\\\/infochoicetecnologia\",\"https:\\\/\\\/x.com\\\/infochoicetecnologia\",\"https:\\\/\\\/www.instagram.com\\\/infochoicetecnologia\",\"https:\\\/\\\/www.youtube.com\\\/infochoicetecnologia\",\"https:\\\/\\\/www.linkedin.com\\\/infochoicetecnologia\"]}]}<\/script>\n<!-- \/ Yoast SEO plugin. -->","yoast_head_json":{"title":"Limpeza e Restaura\u00e7\u00e3o de \u00c1udio - InfoChoice Tecnologia","description":"O reparo de \u00e1udio \u00e9 o processo de restaura\u00e7\u00e3o de \u00e1udio danificado ou remo\u00e7\u00e3o de ru\u00eddo de fundo indesejado capturado durante a grava\u00e7\u00e3o de som.","robots":{"index":"index","follow":"follow","max-snippet":"max-snippet:-1","max-image-preview":"max-image-preview:large","max-video-preview":"max-video-preview:-1"},"canonical":"https:\/\/infochoice.com.br\/site\/index.php\/limpeza-e-restauracao-de-audio\/","og_locale":"pt_BR","og_type":"article","og_title":"Limpeza e Restaura\u00e7\u00e3o de \u00c1udio - InfoChoice Tecnologia","og_description":"O reparo de \u00e1udio \u00e9 o processo de restaura\u00e7\u00e3o de \u00e1udio danificado ou remo\u00e7\u00e3o de ru\u00eddo de fundo indesejado capturado durante a grava\u00e7\u00e3o de som.","og_url":"https:\/\/infochoice.com.br\/site\/index.php\/limpeza-e-restauracao-de-audio\/","og_site_name":"InfoChoice Tecnologia","article_publisher":"https:\/\/www.facebook.com\/infochoicetecnologia","article_modified_time":"2023-10-08T14:16:33+00:00","twitter_card":"summary_large_image","twitter_site":"@infochoicetecnologia","twitter_misc":{"Est. tempo de leitura":"1 minuto"},"schema":{"@context":"https:\/\/schema.org","@graph":[{"@type":"WebPage","@id":"https:\/\/infochoice.com.br\/site\/index.php\/limpeza-e-restauracao-de-audio\/","url":"https:\/\/infochoice.com.br\/site\/index.php\/limpeza-e-restauracao-de-audio\/","name":"Limpeza e Restaura\u00e7\u00e3o de \u00c1udio - InfoChoice Tecnologia","isPartOf":{"@id":"https:\/\/infochoice.com.br\/site\/#website"},"datePublished":"2023-07-24T19:18:08+00:00","dateModified":"2023-10-08T14:16:33+00:00","description":"O reparo de \u00e1udio \u00e9 o processo de restaura\u00e7\u00e3o de \u00e1udio danificado ou remo\u00e7\u00e3o de ru\u00eddo de fundo indesejado capturado durante a grava\u00e7\u00e3o de som.","breadcrumb":{"@id":"https:\/\/infochoice.com.br\/site\/index.php\/limpeza-e-restauracao-de-audio\/#breadcrumb"},"inLanguage":"pt-BR","potentialAction":[{"@type":"ReadAction","target":["https:\/\/infochoice.com.br\/site\/index.php\/limpeza-e-restauracao-de-audio\/"]}]},{"@type":"BreadcrumbList","@id":"https:\/\/infochoice.com.br\/site\/index.php\/limpeza-e-restauracao-de-audio\/#breadcrumb","itemListElement":[{"@type":"ListItem","position":1,"name":"Home","item":"https:\/\/infochoice.com.br\/site\/"},{"@type":"ListItem","position":2,"name":"Limpeza e Restaura\u00e7\u00e3o de \u00c1udio"}]},{"@type":"WebSite","@id":"https:\/\/infochoice.com.br\/site\/#website","url":"https:\/\/infochoice.com.br\/site\/","name":"InfoChoice Tecnologia","description":"Solu\u00e7\u00f5es e decis\u00f5es estrat\u00e9gicas guiadas por confian\u00e7a, prop\u00f3sito e responsabilidade..","publisher":{"@id":"https:\/\/infochoice.com.br\/site\/#organization"},"alternateName":"InfoChoice Tecnologia","potentialAction":[{"@type":"SearchAction","target":{"@type":"EntryPoint","urlTemplate":"https:\/\/infochoice.com.br\/site\/?s={search_term_string}"},"query-input":{"@type":"PropertyValueSpecification","valueRequired":true,"valueName":"search_term_string"}}],"inLanguage":"pt-BR"},{"@type":"Organization","@id":"https:\/\/infochoice.com.br\/site\/#organization","name":"InfoChoice","alternateName":"InfoChoice Tecnologia","url":"https:\/\/infochoice.com.br\/site\/","logo":{"@type":"ImageObject","inLanguage":"pt-BR","@id":"https:\/\/infochoice.com.br\/site\/#\/schema\/logo\/image\/","url":"https:\/\/i0.wp.com\/infochoice.com.br\/site\/wp-content\/uploads\/2023\/10\/infochoice_ico.png?fit=215%2C219&ssl=1","contentUrl":"https:\/\/i0.wp.com\/infochoice.com.br\/site\/wp-content\/uploads\/2023\/10\/infochoice_ico.png?fit=215%2C219&ssl=1","width":215,"height":219,"caption":"InfoChoice"},"image":{"@id":"https:\/\/infochoice.com.br\/site\/#\/schema\/logo\/image\/"},"sameAs":["https:\/\/www.facebook.com\/infochoicetecnologia","https:\/\/x.com\/infochoicetecnologia","https:\/\/www.instagram.com\/infochoicetecnologia","https:\/\/www.youtube.com\/infochoicetecnologia","https:\/\/www.linkedin.com\/infochoicetecnologia"]}]}},"_links":{"self":[{"href":"https:\/\/infochoice.com.br\/site\/index.php\/wp-json\/wp\/v2\/pages\/2286","targetHints":{"allow":["GET"]}}],"collection":[{"href":"https:\/\/infochoice.com.br\/site\/index.php\/wp-json\/wp\/v2\/pages"}],"about":[{"href":"https:\/\/infochoice.com.br\/site\/index.php\/wp-json\/wp\/v2\/types\/page"}],"author":[{"embeddable":true,"href":"https:\/\/infochoice.com.br\/site\/index.php\/wp-json\/wp\/v2\/users\/1"}],"replies":[{"embeddable":true,"href":"https:\/\/infochoice.com.br\/site\/index.php\/wp-json\/wp\/v2\/comments?post=2286"}],"version-history":[{"count":2,"href":"https:\/\/infochoice.com.br\/site\/index.php\/wp-json\/wp\/v2\/pages\/2286\/revisions"}],"predecessor-version":[{"id":2363,"href":"https:\/\/infochoice.com.br\/site\/index.php\/wp-json\/wp\/v2\/pages\/2286\/revisions\/2363"}],"wp:attachment":[{"href":"https:\/\/infochoice.com.br\/site\/index.php\/wp-json\/wp\/v2\/media?parent=2286"}],"curies":[{"name":"wp","href":"https:\/\/api.w.org\/{rel}","templated":true}]}}