{"id":294,"date":"2019-09-23T07:30:12","date_gmt":"2019-09-23T10:30:12","guid":{"rendered":"http:\/\/infochoice.com.br\/site\/?page_id=294"},"modified":"2026-04-03T11:11:03","modified_gmt":"2026-04-03T14:11:03","slug":"revenda-lenovo","status":"publish","type":"page","link":"https:\/\/infochoice.com.br\/site\/index.php\/revenda-lenovo\/","title":{"rendered":"Revenda e Parceiro Lenovo"},"content":{"rendered":"<h3 data-section-id=\"s58wwt\" data-start=\"390\" data-end=\"479\"><strong data-start=\"394\" data-end=\"479\">Revenda e Parceiro Lenovo \u2013 Infraestrutura Inteligente para Data Centers Modernos<\/strong><\/h3>\n<p data-start=\"481\" data-end=\"647\">A infraestrutura de TI evoluiu. Hoje, n\u00e3o basta suportar opera\u00e7\u00f5es \u2014 ela precisa ser <strong data-start=\"566\" data-end=\"646\">eficiente, escal\u00e1vel e preparada para dados, cloud e intelig\u00eancia artificial<\/strong>.<\/p>\n<p data-start=\"649\" data-end=\"874\">A InfoChoice, como parceira da <span class=\"hover:entity-accent entity-underline inline cursor-pointer align-baseline\"><span class=\"whitespace-normal\">Lenovo<\/span><\/span>, ajuda sua empresa a construir uma base tecnol\u00f3gica moderna, capaz de sustentar crescimento, inova\u00e7\u00e3o e performance com equil\u00edbrio entre custo e efici\u00eancia.<\/p>\n<hr data-start=\"876\" data-end=\"879\" \/>\n<h3 data-section-id=\"oyxw75\" data-start=\"881\" data-end=\"950\"><strong data-start=\"885\" data-end=\"950\">Muito al\u00e9m de hardware: efici\u00eancia, escalabilidade e inova\u00e7\u00e3o<\/strong><\/h3>\n<p data-start=\"952\" data-end=\"1103\">A <span class=\"hover:entity-accent entity-underline inline cursor-pointer align-baseline\"><span class=\"whitespace-normal\">Lenovo<\/span><\/span> \u00e9 uma das l\u00edderes globais em infraestrutura corporativa, com solu\u00e7\u00f5es que v\u00e3o do edge ao data center e \u00e0 nuvem.<\/p>\n<p data-start=\"1105\" data-end=\"1126\">Seu portf\u00f3lio inclui:<\/p>\n<ul data-start=\"1128\" data-end=\"1263\">\n<li data-section-id=\"dqw0ul\" data-start=\"1128\" data-end=\"1169\">\n<p data-start=\"1130\" data-end=\"1169\">Servidores corporativos (ThinkSystem)<\/p>\n<\/li>\n<li data-section-id=\"7qcle\" data-start=\"1170\" data-end=\"1218\">\n<p data-start=\"1172\" data-end=\"1218\">Infraestrutura hiperconvergente (ThinkAgile)<\/p>\n<\/li>\n<li data-section-id=\"1gu1oyy\" data-start=\"1219\" data-end=\"1263\">\n<p data-start=\"1221\" data-end=\"1263\">Solu\u00e7\u00f5es para edge computing (ThinkEdge)<\/p>\n<\/li>\n<\/ul>\n<p data-start=\"1265\" data-end=\"1506\">Essas plataformas s\u00e3o projetadas para entregar alta performance, confiabilidade e efici\u00eancia energ\u00e9tica, atendendo desde ambientes tradicionais at\u00e9 workloads modernos como analytics, virtualiza\u00e7\u00e3o e IA<\/p>\n<hr data-start=\"1508\" data-end=\"1511\" \/>\n<h3 data-section-id=\"x3lbfv\" data-start=\"1513\" data-end=\"1574\"><strong data-start=\"1517\" data-end=\"1574\">O desafio das empresas: crescer sem perder efici\u00eancia<\/strong><\/h3>\n<p data-start=\"1576\" data-end=\"1635\">\u00c0 medida que as empresas crescem, surgem desafios cr\u00edticos:<\/p>\n<ul data-start=\"1637\" data-end=\"1867\">\n<li data-section-id=\"ryz3mn\" data-start=\"1637\" data-end=\"1683\">\n<p data-start=\"1639\" data-end=\"1683\">Infraestrutura que n\u00e3o acompanha a demanda<\/p>\n<\/li>\n<li data-section-id=\"3hk90a\" data-start=\"1684\" data-end=\"1715\">\n<p data-start=\"1686\" data-end=\"1715\">Custos elevados de expans\u00e3o<\/p>\n<\/li>\n<li data-section-id=\"1b9xheu\" data-start=\"1716\" data-end=\"1763\">\n<p data-start=\"1718\" data-end=\"1763\">Ambientes complexos e dif\u00edceis de gerenciar<\/p>\n<\/li>\n<li data-section-id=\"1bzkuly\" data-start=\"1764\" data-end=\"1805\">\n<p data-start=\"1766\" data-end=\"1805\">Falta de integra\u00e7\u00e3o com cloud e dados<\/p>\n<\/li>\n<li data-section-id=\"4j7ems\" data-start=\"1806\" data-end=\"1867\">\n<p data-start=\"1808\" data-end=\"1867\">Dificuldade em suportar novas cargas (IA, analytics, VDI)<\/p>\n<\/li>\n<\/ul>\n<p data-start=\"1869\" data-end=\"1945\">Resultado:<br data-start=\"1879\" data-end=\"1882\" \/>\ud83d\udc49 mais custo<br data-start=\"1895\" data-end=\"1898\" \/>\ud83d\udc49 menos agilidade<br data-start=\"1916\" data-end=\"1919\" \/>\ud83d\udc49 limita\u00e7\u00e3o para inovar<\/p>\n<hr data-start=\"1947\" data-end=\"1950\" \/>\n<h3 data-section-id=\"oddqwt\" data-start=\"1952\" data-end=\"2034\"><strong data-start=\"1956\" data-end=\"2034\">Como a InfoChoice transforma infraestrutura Lenovo em vantagem competitiva<\/strong><\/h3>\n<p data-start=\"2036\" data-end=\"2137\">Nosso papel vai al\u00e9m da revenda \u2014 estruturamos uma <strong data-start=\"2087\" data-end=\"2136\">plataforma moderna e eficiente para o neg\u00f3cio<\/strong>:<\/p>\n<h4 data-start=\"2139\" data-end=\"2187\">\ud83d\udd39 Diagn\u00f3stico de capacidade e maturidade<\/h4>\n<p data-start=\"2188\" data-end=\"2263\">Avaliamos desempenho, escalabilidade e ader\u00eancia ao crescimento da empresa.<\/p>\n<h4 data-start=\"2265\" data-end=\"2312\">\ud83d\udd39 Arquitetura de infraestrutura moderna<\/h4>\n<p data-start=\"2313\" data-end=\"2387\">Desenhamos ambientes preparados para virtualiza\u00e7\u00e3o, cloud h\u00edbrida e dados.<\/p>\n<h4 data-start=\"2389\" data-end=\"2436\">\ud83d\udd39 Consolida\u00e7\u00e3o e otimiza\u00e7\u00e3o de recursos<\/h4>\n<p data-start=\"2437\" data-end=\"2482\">Reduzimos complexidade e custos operacionais.<\/p>\n<h4 data-start=\"2484\" data-end=\"2534\">\ud83d\udd39 Integra\u00e7\u00e3o com cloud, dados e aplica\u00e7\u00f5es<\/h4>\n<p data-start=\"2535\" data-end=\"2602\">Conectamos infraestrutura local a estrat\u00e9gias digitais mais amplas.<\/p>\n<hr data-start=\"2604\" data-end=\"2607\" \/>\n<h3 data-section-id=\"g745lq\" data-start=\"2609\" data-end=\"2663\"><strong data-start=\"2613\" data-end=\"2663\">Capacidades que impulsionam ambientes modernos<\/strong><\/h3>\n<p data-start=\"2665\" data-end=\"2706\">Com as solu\u00e7\u00f5es Lenovo, sua empresa pode:<\/p>\n<ul data-start=\"2708\" data-end=\"3015\">\n<li data-section-id=\"byk1pl\" data-start=\"2708\" data-end=\"2777\">\n<p data-start=\"2710\" data-end=\"2777\">Executar workloads cr\u00edticos com alta performance e confiabilidade<\/p>\n<\/li>\n<li data-section-id=\"b9yltm\" data-start=\"2778\" data-end=\"2842\">\n<p data-start=\"2780\" data-end=\"2842\">Consolidar infraestrutura e reduzir footprint de data center<\/p>\n<\/li>\n<li data-section-id=\"1sydj4r\" data-start=\"2843\" data-end=\"2901\">\n<p data-start=\"2845\" data-end=\"2901\">Suportar ambientes virtualizados e aplica\u00e7\u00f5es modernas<\/p>\n<\/li>\n<li data-section-id=\"1rjok9s\" data-start=\"2902\" data-end=\"2956\">\n<p data-start=\"2904\" data-end=\"2956\">Escalar recursos conforme o crescimento do neg\u00f3cio<\/p>\n<\/li>\n<li data-section-id=\"ijebf4\" data-start=\"2957\" data-end=\"3015\">\n<p data-start=\"2959\" data-end=\"3015\">Preparar o ambiente para IA, analytics e cloud h\u00edbrida<\/p>\n<\/li>\n<\/ul>\n<p data-start=\"3017\" data-end=\"3254\">Servidores da linha ThinkSystem, por exemplo, oferecem arquitetura flex\u00edvel e alta capacidade de processamento, sendo amplamente utilizados em virtualiza\u00e7\u00e3o, bancos de dados e analytics corporativo<\/p>\n<p data-start=\"3256\" data-end=\"3468\">Al\u00e9m disso, a Lenovo vem evoluindo sua infraestrutura para suportar workloads de IA e alto desempenho, com ganhos significativos de efici\u00eancia e capacidade de processamento<\/p>\n<hr data-start=\"3470\" data-end=\"3473\" \/>\n<h3 data-section-id=\"a3wpbo\" data-start=\"3475\" data-end=\"3512\"><strong data-start=\"3479\" data-end=\"3512\">Principais frentes de atua\u00e7\u00e3o<\/strong><\/h3>\n<h4 data-start=\"3514\" data-end=\"3562\">\ud83d\udda5\ufe0f Servidores Corporativos (ThinkSystem)<\/h4>\n<p data-start=\"3563\" data-end=\"3636\">Alta performance e flexibilidade para workloads cr\u00edticos e virtualiza\u00e7\u00e3o.<\/p>\n<h4 data-start=\"3638\" data-end=\"3692\">\ud83d\udd04 Infraestrutura Hiperconvergente (ThinkAgile)<\/h4>\n<p data-start=\"3693\" data-end=\"3759\">Solu\u00e7\u00f5es integradas que simplificam gest\u00e3o e aceleram implanta\u00e7\u00e3o.<\/p>\n<h4 data-start=\"3761\" data-end=\"3797\">\ud83c\udf10 Edge Computing (ThinkEdge)<\/h4>\n<p data-start=\"3798\" data-end=\"3867\">Processamento pr\u00f3ximo \u00e0 origem dos dados para ambientes distribu\u00eddos.<\/p>\n<h4 data-start=\"3869\" data-end=\"3899\">\u2601\ufe0f Integra\u00e7\u00e3o com Cloud<\/h4>\n<p data-start=\"3900\" data-end=\"3951\">Base pronta para estrat\u00e9gias h\u00edbridas e multicloud.<\/p>\n<hr data-start=\"3953\" data-end=\"3956\" \/>\n<h3 data-section-id=\"zz0rzr\" data-start=\"3958\" data-end=\"3995\"><strong data-start=\"3962\" data-end=\"3995\">Onde a Lenovo gera mais valor<\/strong><\/h3>\n<ul data-start=\"3997\" data-end=\"4241\">\n<li data-section-id=\"1c3an0o\" data-start=\"3997\" data-end=\"4060\">\n<p data-start=\"3999\" data-end=\"4060\">Empresas em crescimento que precisam escalar com efici\u00eancia<\/p>\n<\/li>\n<li data-section-id=\"1xdyver\" data-start=\"4061\" data-end=\"4112\">\n<p data-start=\"4063\" data-end=\"4112\">Ambientes virtualizados e data centers modernos<\/p>\n<\/li>\n<li data-section-id=\"1tlseeq\" data-start=\"4113\" data-end=\"4159\">\n<p data-start=\"4115\" data-end=\"4159\">Projetos de consolida\u00e7\u00e3o de infraestrutura<\/p>\n<\/li>\n<li data-section-id=\"lejax7\" data-start=\"4160\" data-end=\"4195\">\n<p data-start=\"4162\" data-end=\"4195\">Organiza\u00e7\u00f5es orientadas a dados<\/p>\n<\/li>\n<li data-section-id=\"r29z38\" data-start=\"4196\" data-end=\"4241\">\n<p data-start=\"4198\" data-end=\"4241\">Iniciativas de transforma\u00e7\u00e3o digital e IA<\/p>\n<\/li>\n<\/ul>\n<hr data-start=\"4243\" data-end=\"4246\" \/>\n<h3 data-section-id=\"5u4oum\" data-start=\"4248\" data-end=\"4276\"><strong data-start=\"4252\" data-end=\"4276\">Por que a InfoChoice<\/strong><\/h3>\n<p data-start=\"4278\" data-end=\"4333\">Porque infraestrutura eficiente \u00e9 vantagem competitiva.<\/p>\n<p data-start=\"4335\" data-end=\"4515\">\u2714 Vis\u00e3o estrat\u00e9gica de arquitetura de TI<br data-start=\"4375\" data-end=\"4378\" \/>\u2714 Experi\u00eancia em ambientes corporativos complexos<br data-start=\"4427\" data-end=\"4430\" \/>\u2714 Integra\u00e7\u00e3o entre hardware, cloud e dados<br data-start=\"4472\" data-end=\"4475\" \/>\u2714 Foco em efici\u00eancia operacional e ROI<\/p>\n<hr data-start=\"4517\" data-end=\"4520\" \/>\n<h3 data-section-id=\"1kh3eno\" data-start=\"4522\" data-end=\"4599\"><strong data-start=\"4526\" data-end=\"4599\">Infraestrutura moderna n\u00e3o \u00e9 sobre gastar mais \u2014 \u00e9 sobre fazer melhor<\/strong><\/h3>\n<p data-start=\"4601\" data-end=\"4775\">A <span class=\"hover:entity-accent entity-underline inline cursor-pointer align-baseline\"><span class=\"whitespace-normal\">Lenovo<\/span><\/span> entrega tecnologia eficiente e escal\u00e1vel.<br data-start=\"4682\" data-end=\"4685\" \/>A InfoChoice garante que ela seja aplicada com estrat\u00e9gia, integra\u00e7\u00e3o e foco em resultado.<\/p>\n<hr data-start=\"4777\" data-end=\"4780\" \/>\n<h3 data-section-id=\"1v9j5mi\" data-start=\"4782\" data-end=\"4803\"><strong data-start=\"4786\" data-end=\"4803\">Pr\u00f3ximo passo<\/strong><\/h3>\n<p data-start=\"4805\" data-end=\"4961\">Se sua empresa precisa modernizar sua infraestrutura, reduzir custos operacionais ou preparar o ambiente para crescimento e inova\u00e7\u00e3o, fale com a InfoChoice.<\/p>\n<p data-start=\"4963\" data-end=\"5049\">Vamos transformar sua infraestrutura em <strong data-start=\"5003\" data-end=\"5048\">efici\u00eancia, escala e vantagem competitiva<\/strong>.<\/p>\n\n\n<hr class=\"wp-block-separator has-alpha-channel-opacity\"\/>\n\n\n\n<p class=\"has-large-font-size\"><strong>Transpar\u00eancia sobre parcerias e ecossistemas tecnol\u00f3gicos<\/strong><\/p>\n\n\n\n<p>A InfoChoice mant\u00e9m relacionamento ativo com diversos fabricantes de tecnologia, atuando dentro de seus ecossistemas por meio de programas de parceria, capacita\u00e7\u00e3o cont\u00ednua, registros de oportunidades, certifica\u00e7\u00f5es e integra\u00e7\u00e3o com distribuidores oficiais.<\/p>\n\n\n\n<p>\u00c9 importante destacar que a presen\u00e7a em listagens p\u00fablicas de parceiros varia conforme crit\u00e9rios espec\u00edficos de cada fabricante, n\u00e3o refletindo necessariamente o n\u00edvel de atua\u00e7\u00e3o, capacita\u00e7\u00e3o ou relacionamento comercial existente.<\/p>\n\n\n\n<p>Nosso compromisso \u00e9 com a transpar\u00eancia, a \u00e9tica e a entrega de solu\u00e7\u00f5es alinhadas \u00e0s melhores pr\u00e1ticas do mercado, sempre com base em rela\u00e7\u00f5es leg\u00edtimas e verific\u00e1veis.<\/p>\n\n\n\n<hr class=\"wp-block-separator has-alpha-channel-opacity\"\/>\n","protected":false},"excerpt":{"rendered":"<p>Revenda e Parceiro Lenovo \u2013 Infraestrutura Inteligente para Data Centers Modernos A infraestrutura de TI evoluiu. Hoje, n\u00e3o basta suportar opera\u00e7\u00f5es \u2014 ela precisa ser eficiente, escal\u00e1vel e preparada para dados, cloud e intelig\u00eancia artificial. A InfoChoice, como parceira da Lenovo, ajuda sua empresa a construir uma base tecnol\u00f3gica moderna, capaz de sustentar crescimento, inova\u00e7\u00e3o [&hellip;]<\/p>\n","protected":false},"author":1,"featured_media":0,"parent":0,"menu_order":0,"comment_status":"closed","ping_status":"closed","template":"","meta":{"footnotes":""},"class_list":["post-294","page","type-page","status-publish","hentry"],"yoast_head":"<!-- This site is optimized with the Yoast SEO plugin v27.6 - https:\/\/yoast.com\/product\/yoast-seo-wordpress\/ -->\n<title>Revenda e Parceiro Lenovo - InfoChoice Tecnologia<\/title>\n<meta name=\"description\" content=\"Tecnologia mais inteligente para todos. Desenvolvemos solu\u00e7\u00f5es tecnol\u00f3gicas que mudam o mundo para criar uma sociedade digit.al mais inclusiva, confi\u00e1vel e sustent\u00e1vel.\" \/>\n<meta name=\"robots\" content=\"index, follow, max-snippet:-1, max-image-preview:large, max-video-preview:-1\" \/>\n<link rel=\"canonical\" href=\"https:\/\/infochoice.com.br\/site\/index.php\/revenda-lenovo\/\" \/>\n<meta property=\"og:locale\" content=\"pt_BR\" \/>\n<meta property=\"og:type\" content=\"article\" \/>\n<meta property=\"og:title\" content=\"Revenda e Parceiro Lenovo - InfoChoice Tecnologia\" \/>\n<meta property=\"og:description\" content=\"Tecnologia mais inteligente para todos. Desenvolvemos solu\u00e7\u00f5es tecnol\u00f3gicas que mudam o mundo para criar uma sociedade digit.al mais inclusiva, confi\u00e1vel e sustent\u00e1vel.\" \/>\n<meta property=\"og:url\" content=\"https:\/\/infochoice.com.br\/site\/index.php\/revenda-lenovo\/\" \/>\n<meta property=\"og:site_name\" content=\"InfoChoice Tecnologia\" \/>\n<meta property=\"article:publisher\" content=\"https:\/\/www.facebook.com\/infochoicetecnologia\" \/>\n<meta property=\"article:modified_time\" content=\"2026-04-03T14:11:03+00:00\" \/>\n<meta name=\"twitter:card\" content=\"summary_large_image\" \/>\n<meta name=\"twitter:site\" content=\"@infochoicetecnologia\" \/>\n<meta name=\"twitter:label1\" content=\"Est. tempo de leitura\" \/>\n\t<meta name=\"twitter:data1\" content=\"4 minutos\" \/>\n<script type=\"application\/ld+json\" class=\"yoast-schema-graph\">{\"@context\":\"https:\\\/\\\/schema.org\",\"@graph\":[{\"@type\":\"WebPage\",\"@id\":\"https:\\\/\\\/infochoice.com.br\\\/site\\\/index.php\\\/revenda-lenovo\\\/\",\"url\":\"https:\\\/\\\/infochoice.com.br\\\/site\\\/index.php\\\/revenda-lenovo\\\/\",\"name\":\"Revenda e Parceiro Lenovo - InfoChoice Tecnologia\",\"isPartOf\":{\"@id\":\"https:\\\/\\\/infochoice.com.br\\\/site\\\/#website\"},\"datePublished\":\"2019-09-23T10:30:12+00:00\",\"dateModified\":\"2026-04-03T14:11:03+00:00\",\"description\":\"Tecnologia mais inteligente para todos. Desenvolvemos solu\u00e7\u00f5es tecnol\u00f3gicas que mudam o mundo para criar uma sociedade digit.al mais inclusiva, confi\u00e1vel e sustent\u00e1vel.\",\"breadcrumb\":{\"@id\":\"https:\\\/\\\/infochoice.com.br\\\/site\\\/index.php\\\/revenda-lenovo\\\/#breadcrumb\"},\"inLanguage\":\"pt-BR\",\"potentialAction\":[{\"@type\":\"ReadAction\",\"target\":[\"https:\\\/\\\/infochoice.com.br\\\/site\\\/index.php\\\/revenda-lenovo\\\/\"]}]},{\"@type\":\"BreadcrumbList\",\"@id\":\"https:\\\/\\\/infochoice.com.br\\\/site\\\/index.php\\\/revenda-lenovo\\\/#breadcrumb\",\"itemListElement\":[{\"@type\":\"ListItem\",\"position\":1,\"name\":\"Home\",\"item\":\"https:\\\/\\\/infochoice.com.br\\\/site\\\/\"},{\"@type\":\"ListItem\",\"position\":2,\"name\":\"Revenda e Parceiro Lenovo\"}]},{\"@type\":\"WebSite\",\"@id\":\"https:\\\/\\\/infochoice.com.br\\\/site\\\/#website\",\"url\":\"https:\\\/\\\/infochoice.com.br\\\/site\\\/\",\"name\":\"InfoChoice Tecnologia\",\"description\":\"Solu\u00e7\u00f5es e decis\u00f5es estrat\u00e9gicas guiadas por confian\u00e7a, prop\u00f3sito e responsabilidade..\",\"publisher\":{\"@id\":\"https:\\\/\\\/infochoice.com.br\\\/site\\\/#organization\"},\"alternateName\":\"InfoChoice Tecnologia\",\"potentialAction\":[{\"@type\":\"SearchAction\",\"target\":{\"@type\":\"EntryPoint\",\"urlTemplate\":\"https:\\\/\\\/infochoice.com.br\\\/site\\\/?s={search_term_string}\"},\"query-input\":{\"@type\":\"PropertyValueSpecification\",\"valueRequired\":true,\"valueName\":\"search_term_string\"}}],\"inLanguage\":\"pt-BR\"},{\"@type\":\"Organization\",\"@id\":\"https:\\\/\\\/infochoice.com.br\\\/site\\\/#organization\",\"name\":\"InfoChoice\",\"alternateName\":\"InfoChoice Tecnologia\",\"url\":\"https:\\\/\\\/infochoice.com.br\\\/site\\\/\",\"logo\":{\"@type\":\"ImageObject\",\"inLanguage\":\"pt-BR\",\"@id\":\"https:\\\/\\\/infochoice.com.br\\\/site\\\/#\\\/schema\\\/logo\\\/image\\\/\",\"url\":\"https:\\\/\\\/i0.wp.com\\\/infochoice.com.br\\\/site\\\/wp-content\\\/uploads\\\/2023\\\/10\\\/infochoice_ico.png?fit=215%2C219&ssl=1\",\"contentUrl\":\"https:\\\/\\\/i0.wp.com\\\/infochoice.com.br\\\/site\\\/wp-content\\\/uploads\\\/2023\\\/10\\\/infochoice_ico.png?fit=215%2C219&ssl=1\",\"width\":215,\"height\":219,\"caption\":\"InfoChoice\"},\"image\":{\"@id\":\"https:\\\/\\\/infochoice.com.br\\\/site\\\/#\\\/schema\\\/logo\\\/image\\\/\"},\"sameAs\":[\"https:\\\/\\\/www.facebook.com\\\/infochoicetecnologia\",\"https:\\\/\\\/x.com\\\/infochoicetecnologia\",\"https:\\\/\\\/www.instagram.com\\\/infochoicetecnologia\",\"https:\\\/\\\/www.youtube.com\\\/infochoicetecnologia\",\"https:\\\/\\\/www.linkedin.com\\\/infochoicetecnologia\"]}]}<\/script>\n<!-- \/ Yoast SEO plugin. -->","yoast_head_json":{"title":"Revenda e Parceiro Lenovo - InfoChoice Tecnologia","description":"Tecnologia mais inteligente para todos. Desenvolvemos solu\u00e7\u00f5es tecnol\u00f3gicas que mudam o mundo para criar uma sociedade digit.al mais inclusiva, confi\u00e1vel e sustent\u00e1vel.","robots":{"index":"index","follow":"follow","max-snippet":"max-snippet:-1","max-image-preview":"max-image-preview:large","max-video-preview":"max-video-preview:-1"},"canonical":"https:\/\/infochoice.com.br\/site\/index.php\/revenda-lenovo\/","og_locale":"pt_BR","og_type":"article","og_title":"Revenda e Parceiro Lenovo - InfoChoice Tecnologia","og_description":"Tecnologia mais inteligente para todos. Desenvolvemos solu\u00e7\u00f5es tecnol\u00f3gicas que mudam o mundo para criar uma sociedade digit.al mais inclusiva, confi\u00e1vel e sustent\u00e1vel.","og_url":"https:\/\/infochoice.com.br\/site\/index.php\/revenda-lenovo\/","og_site_name":"InfoChoice Tecnologia","article_publisher":"https:\/\/www.facebook.com\/infochoicetecnologia","article_modified_time":"2026-04-03T14:11:03+00:00","twitter_card":"summary_large_image","twitter_site":"@infochoicetecnologia","twitter_misc":{"Est. tempo de leitura":"4 minutos"},"schema":{"@context":"https:\/\/schema.org","@graph":[{"@type":"WebPage","@id":"https:\/\/infochoice.com.br\/site\/index.php\/revenda-lenovo\/","url":"https:\/\/infochoice.com.br\/site\/index.php\/revenda-lenovo\/","name":"Revenda e Parceiro Lenovo - InfoChoice Tecnologia","isPartOf":{"@id":"https:\/\/infochoice.com.br\/site\/#website"},"datePublished":"2019-09-23T10:30:12+00:00","dateModified":"2026-04-03T14:11:03+00:00","description":"Tecnologia mais inteligente para todos. Desenvolvemos solu\u00e7\u00f5es tecnol\u00f3gicas que mudam o mundo para criar uma sociedade digit.al mais inclusiva, confi\u00e1vel e sustent\u00e1vel.","breadcrumb":{"@id":"https:\/\/infochoice.com.br\/site\/index.php\/revenda-lenovo\/#breadcrumb"},"inLanguage":"pt-BR","potentialAction":[{"@type":"ReadAction","target":["https:\/\/infochoice.com.br\/site\/index.php\/revenda-lenovo\/"]}]},{"@type":"BreadcrumbList","@id":"https:\/\/infochoice.com.br\/site\/index.php\/revenda-lenovo\/#breadcrumb","itemListElement":[{"@type":"ListItem","position":1,"name":"Home","item":"https:\/\/infochoice.com.br\/site\/"},{"@type":"ListItem","position":2,"name":"Revenda e Parceiro Lenovo"}]},{"@type":"WebSite","@id":"https:\/\/infochoice.com.br\/site\/#website","url":"https:\/\/infochoice.com.br\/site\/","name":"InfoChoice Tecnologia","description":"Solu\u00e7\u00f5es e decis\u00f5es estrat\u00e9gicas guiadas por confian\u00e7a, prop\u00f3sito e responsabilidade..","publisher":{"@id":"https:\/\/infochoice.com.br\/site\/#organization"},"alternateName":"InfoChoice Tecnologia","potentialAction":[{"@type":"SearchAction","target":{"@type":"EntryPoint","urlTemplate":"https:\/\/infochoice.com.br\/site\/?s={search_term_string}"},"query-input":{"@type":"PropertyValueSpecification","valueRequired":true,"valueName":"search_term_string"}}],"inLanguage":"pt-BR"},{"@type":"Organization","@id":"https:\/\/infochoice.com.br\/site\/#organization","name":"InfoChoice","alternateName":"InfoChoice Tecnologia","url":"https:\/\/infochoice.com.br\/site\/","logo":{"@type":"ImageObject","inLanguage":"pt-BR","@id":"https:\/\/infochoice.com.br\/site\/#\/schema\/logo\/image\/","url":"https:\/\/i0.wp.com\/infochoice.com.br\/site\/wp-content\/uploads\/2023\/10\/infochoice_ico.png?fit=215%2C219&ssl=1","contentUrl":"https:\/\/i0.wp.com\/infochoice.com.br\/site\/wp-content\/uploads\/2023\/10\/infochoice_ico.png?fit=215%2C219&ssl=1","width":215,"height":219,"caption":"InfoChoice"},"image":{"@id":"https:\/\/infochoice.com.br\/site\/#\/schema\/logo\/image\/"},"sameAs":["https:\/\/www.facebook.com\/infochoicetecnologia","https:\/\/x.com\/infochoicetecnologia","https:\/\/www.instagram.com\/infochoicetecnologia","https:\/\/www.youtube.com\/infochoicetecnologia","https:\/\/www.linkedin.com\/infochoicetecnologia"]}]}},"_links":{"self":[{"href":"https:\/\/infochoice.com.br\/site\/index.php\/wp-json\/wp\/v2\/pages\/294","targetHints":{"allow":["GET"]}}],"collection":[{"href":"https:\/\/infochoice.com.br\/site\/index.php\/wp-json\/wp\/v2\/pages"}],"about":[{"href":"https:\/\/infochoice.com.br\/site\/index.php\/wp-json\/wp\/v2\/types\/page"}],"author":[{"embeddable":true,"href":"https:\/\/infochoice.com.br\/site\/index.php\/wp-json\/wp\/v2\/users\/1"}],"replies":[{"embeddable":true,"href":"https:\/\/infochoice.com.br\/site\/index.php\/wp-json\/wp\/v2\/comments?post=294"}],"version-history":[{"count":17,"href":"https:\/\/infochoice.com.br\/site\/index.php\/wp-json\/wp\/v2\/pages\/294\/revisions"}],"predecessor-version":[{"id":4454,"href":"https:\/\/infochoice.com.br\/site\/index.php\/wp-json\/wp\/v2\/pages\/294\/revisions\/4454"}],"wp:attachment":[{"href":"https:\/\/infochoice.com.br\/site\/index.php\/wp-json\/wp\/v2\/media?parent=294"}],"curies":[{"name":"wp","href":"https:\/\/api.w.org\/{rel}","templated":true}]}}