{"id":410,"date":"2020-06-16T11:16:46","date_gmt":"2020-06-16T14:16:46","guid":{"rendered":"http:\/\/infochoice.com.br\/site\/?page_id=410"},"modified":"2023-10-08T12:57:02","modified_gmt":"2023-10-08T15:57:02","slug":"nuvem-privada","status":"publish","type":"page","link":"https:\/\/infochoice.com.br\/site\/index.php\/nuvem-privada\/","title":{"rendered":"Nuvem Privada"},"content":{"rendered":"<p><!-- Google tag (gtag.js) --><br \/>\n<script async src=\"https:\/\/www.googletagmanager.com\/gtag\/js?id=G-FHSZNHR1FT\"><\/script><br \/>\n<script><br \/>\n  window.dataLayer = window.dataLayer || [];<br \/>\n  function gtag(){dataLayer.push(arguments);}<br \/>\n  gtag('js', new Date());<\/p>\n<p>  gtag('config', 'G-FHSZNHR1FT');<br \/>\n<\/script><\/p>\n<div class=\"h-global-transition-all h-heading style-1219 style-local-563-h29 position-relative h-element\" data-colibri-id=\"563-h29\">\n<div class=\"h-heading__outer style-1219 style-local-563-h29\">\n<h2 class=\"\">Tranquilidade para a transforma\u00e7\u00e3o do seu neg\u00f3cio!<\/h2>\n<\/div>\n<\/div>\n<div class=\"h-text h-text-component style-1249 style-local-563-h30 position-relative h-element\" data-colibri-id=\"563-h30\">\n<div class=\"\">\n<p>N\u00f3s trabalhamos muito para voc\u00ea trabalhar melhor!<\/p>\n<p><img loading=\"lazy\" decoding=\"async\" class=\"alignnone wp-image-412\" src=\"http:\/\/infochoice.com.br\/site\/wp-content\/uploads\/2020\/06\/nuvem_privada_1.png\" alt=\"\" width=\"506\" height=\"233\" srcset=\"https:\/\/infochoice.com.br\/site\/wp-content\/uploads\/2020\/06\/nuvem_privada_1.png 771w, https:\/\/infochoice.com.br\/site\/wp-content\/uploads\/2020\/06\/nuvem_privada_1-300x138.png 300w, https:\/\/infochoice.com.br\/site\/wp-content\/uploads\/2020\/06\/nuvem_privada_1-768x354.png 768w\" sizes=\"auto, (max-width: 506px) 100vw, 506px\" \/><\/p>\n<p><img loading=\"lazy\" decoding=\"async\" class=\"alignnone wp-image-413\" src=\"http:\/\/infochoice.com.br\/site\/wp-content\/uploads\/2020\/06\/nuvem_privada_2.png\" alt=\"\" width=\"506\" height=\"236\" srcset=\"https:\/\/infochoice.com.br\/site\/wp-content\/uploads\/2020\/06\/nuvem_privada_2.png 757w, https:\/\/infochoice.com.br\/site\/wp-content\/uploads\/2020\/06\/nuvem_privada_2-300x140.png 300w\" sizes=\"auto, (max-width: 506px) 100vw, 506px\" \/><\/p>\n<div class=\"h-global-transition-all h-heading style-811 style-local-620-c27 position-relative h-element\" data-colibri-id=\"620-c27\">\n<h4 class=\"\">NUVEM PRIVADA<\/h4>\n<\/div>\n<div class=\"h-text h-text-component style-813 style-local-620-c28 position-relative h-element\" data-colibri-id=\"620-c28\">\n<div class=\"\">\n<p>N\u00f3s cuidamos de toda a jornada para a nuvem privada. Para manter a competitividade \u00e9 necess\u00e1rio fazer a transforma\u00e7\u00e3o digital, n\u00e3o \u00e9 a toa que 80% dos executivos de TI t\u00eam projetos em nuvem previstos para os pr\u00f3ximos 12 meses. Agilidade, performance e seguran\u00e7a aos processos da sua empresa s\u00e3o fundamentais para combater a concorr\u00eancia.<\/p>\n<p><img loading=\"lazy\" decoding=\"async\" class=\"alignnone  wp-image-415\" src=\"http:\/\/infochoice.com.br\/site\/wp-content\/uploads\/2020\/06\/nuvem_privada_3.png\" alt=\"\" width=\"252\" height=\"172\" srcset=\"https:\/\/infochoice.com.br\/site\/wp-content\/uploads\/2020\/06\/nuvem_privada_3.png 722w, https:\/\/infochoice.com.br\/site\/wp-content\/uploads\/2020\/06\/nuvem_privada_3-300x204.png 300w\" sizes=\"auto, (max-width: 252px) 100vw, 252px\" \/><\/p>\n<div class=\"h-global-transition-all h-heading style-743 style-local-620-c62 position-relative h-element\" data-colibri-id=\"620-c62\">\n<h2 class=\"\">Coisas que queremos compartilhar com voc\u00ea<\/h2>\n<\/div>\n<div class=\"h-lead h-text h-text-component style-744 style-local-620-c63 position-relative h-element\" data-colibri-id=\"620-c63\">\n<div class=\"\">\n<p>Torne sua empresa mais \u00e1gil e eficiente, esteja a frente de seus concorrentes<\/p>\n<p><img loading=\"lazy\" decoding=\"async\" class=\"alignnone wp-image-416\" src=\"http:\/\/infochoice.com.br\/site\/wp-content\/uploads\/2020\/06\/nuvem_privada_4.png\" alt=\"\" width=\"506\" height=\"325\" srcset=\"https:\/\/infochoice.com.br\/site\/wp-content\/uploads\/2020\/06\/nuvem_privada_4.png 765w, https:\/\/infochoice.com.br\/site\/wp-content\/uploads\/2020\/06\/nuvem_privada_4-300x193.png 300w\" sizes=\"auto, (max-width: 506px) 100vw, 506px\" \/> <img loading=\"lazy\" decoding=\"async\" class=\"alignnone wp-image-417\" src=\"http:\/\/infochoice.com.br\/site\/wp-content\/uploads\/2020\/06\/nuvem_privada_5.png\" alt=\"\" width=\"507\" height=\"328\" srcset=\"https:\/\/infochoice.com.br\/site\/wp-content\/uploads\/2020\/06\/nuvem_privada_5.png 762w, https:\/\/infochoice.com.br\/site\/wp-content\/uploads\/2020\/06\/nuvem_privada_5-300x194.png 300w\" sizes=\"auto, (max-width: 507px) 100vw, 507px\" \/><\/p>\n<p><a href=\"https:\/\/infochoice.com.br\/site\/index.php\/contato\/\"><img loading=\"lazy\" decoding=\"async\" class=\"alignnone wp-image-418\" src=\"http:\/\/infochoice.com.br\/site\/wp-content\/uploads\/2020\/06\/fale_com_um_especialista.png\" alt=\"\" width=\"290\" height=\"51\" \/><\/a><\/p>\n<\/div>\n<\/div>\n<\/div>\n<\/div>\n<\/div>\n<\/div>\n","protected":false},"excerpt":{"rendered":"<p>Tranquilidade para a transforma\u00e7\u00e3o do seu neg\u00f3cio! N\u00f3s trabalhamos muito para voc\u00ea trabalhar melhor! NUVEM PRIVADA N\u00f3s cuidamos de toda a jornada para a nuvem privada. Para manter a competitividade \u00e9 necess\u00e1rio fazer a transforma\u00e7\u00e3o digital, n\u00e3o \u00e9 a toa que 80% dos executivos de TI t\u00eam projetos em nuvem previstos para os pr\u00f3ximos 12 [&hellip;]<\/p>\n","protected":false},"author":1,"featured_media":0,"parent":0,"menu_order":0,"comment_status":"closed","ping_status":"closed","template":"","meta":{"footnotes":""},"class_list":["post-410","page","type-page","status-publish","hentry"],"yoast_head":"<!-- This site is optimized with the Yoast SEO plugin v27.6 - https:\/\/yoast.com\/product\/yoast-seo-wordpress\/ -->\n<title>Nuvem Privada - InfoChoice Tecnologia<\/title>\n<meta name=\"description\" content=\"N\u00f3s cuidamos de toda a jornada para a nuvem privada. Para manter a competitividade \u00e9 necess\u00e1rio fazer a transforma\u00e7\u00e3o digital, n\u00e3o \u00e9 \u00e0 toa que 80% dos executivos de TI t\u00eam projetos em nuvem previstos para os pr\u00f3ximos 12 meses.\" \/>\n<meta name=\"robots\" content=\"index, follow, max-snippet:-1, max-image-preview:large, max-video-preview:-1\" \/>\n<link rel=\"canonical\" href=\"https:\/\/infochoice.com.br\/site\/index.php\/nuvem-privada\/\" \/>\n<meta property=\"og:locale\" content=\"pt_BR\" \/>\n<meta property=\"og:type\" content=\"article\" \/>\n<meta property=\"og:title\" content=\"Nuvem Privada - InfoChoice Tecnologia\" \/>\n<meta property=\"og:description\" content=\"N\u00f3s cuidamos de toda a jornada para a nuvem privada. Para manter a competitividade \u00e9 necess\u00e1rio fazer a transforma\u00e7\u00e3o digital, n\u00e3o \u00e9 \u00e0 toa que 80% dos executivos de TI t\u00eam projetos em nuvem previstos para os pr\u00f3ximos 12 meses.\" \/>\n<meta property=\"og:url\" content=\"https:\/\/infochoice.com.br\/site\/index.php\/nuvem-privada\/\" \/>\n<meta property=\"og:site_name\" content=\"InfoChoice Tecnologia\" \/>\n<meta property=\"article:publisher\" content=\"https:\/\/www.facebook.com\/infochoicetecnologia\" \/>\n<meta property=\"article:modified_time\" content=\"2023-10-08T15:57:02+00:00\" \/>\n<meta property=\"og:image\" content=\"http:\/\/infochoice.com.br\/site\/wp-content\/uploads\/2020\/06\/nuvem_privada_1.png\" \/>\n<meta name=\"twitter:card\" content=\"summary_large_image\" \/>\n<meta name=\"twitter:site\" content=\"@infochoicetecnologia\" \/>\n<meta name=\"twitter:label1\" content=\"Est. tempo de leitura\" \/>\n\t<meta name=\"twitter:data1\" content=\"2 minutos\" \/>\n<script type=\"application\/ld+json\" class=\"yoast-schema-graph\">{\"@context\":\"https:\\\/\\\/schema.org\",\"@graph\":[{\"@type\":\"WebPage\",\"@id\":\"https:\\\/\\\/infochoice.com.br\\\/site\\\/index.php\\\/nuvem-privada\\\/\",\"url\":\"https:\\\/\\\/infochoice.com.br\\\/site\\\/index.php\\\/nuvem-privada\\\/\",\"name\":\"Nuvem Privada - InfoChoice Tecnologia\",\"isPartOf\":{\"@id\":\"https:\\\/\\\/infochoice.com.br\\\/site\\\/#website\"},\"primaryImageOfPage\":{\"@id\":\"https:\\\/\\\/infochoice.com.br\\\/site\\\/index.php\\\/nuvem-privada\\\/#primaryimage\"},\"image\":{\"@id\":\"https:\\\/\\\/infochoice.com.br\\\/site\\\/index.php\\\/nuvem-privada\\\/#primaryimage\"},\"thumbnailUrl\":\"http:\\\/\\\/infochoice.com.br\\\/site\\\/wp-content\\\/uploads\\\/2020\\\/06\\\/nuvem_privada_1.png\",\"datePublished\":\"2020-06-16T14:16:46+00:00\",\"dateModified\":\"2023-10-08T15:57:02+00:00\",\"description\":\"N\u00f3s cuidamos de toda a jornada para a nuvem privada. Para manter a competitividade \u00e9 necess\u00e1rio fazer a transforma\u00e7\u00e3o digital, n\u00e3o \u00e9 \u00e0 toa que 80% dos executivos de TI t\u00eam projetos em nuvem previstos para os pr\u00f3ximos 12 meses.\",\"breadcrumb\":{\"@id\":\"https:\\\/\\\/infochoice.com.br\\\/site\\\/index.php\\\/nuvem-privada\\\/#breadcrumb\"},\"inLanguage\":\"pt-BR\",\"potentialAction\":[{\"@type\":\"ReadAction\",\"target\":[\"https:\\\/\\\/infochoice.com.br\\\/site\\\/index.php\\\/nuvem-privada\\\/\"]}]},{\"@type\":\"ImageObject\",\"inLanguage\":\"pt-BR\",\"@id\":\"https:\\\/\\\/infochoice.com.br\\\/site\\\/index.php\\\/nuvem-privada\\\/#primaryimage\",\"url\":\"https:\\\/\\\/infochoice.com.br\\\/site\\\/wp-content\\\/uploads\\\/2020\\\/06\\\/nuvem_privada_1.png\",\"contentUrl\":\"https:\\\/\\\/infochoice.com.br\\\/site\\\/wp-content\\\/uploads\\\/2020\\\/06\\\/nuvem_privada_1.png\",\"width\":771,\"height\":355},{\"@type\":\"BreadcrumbList\",\"@id\":\"https:\\\/\\\/infochoice.com.br\\\/site\\\/index.php\\\/nuvem-privada\\\/#breadcrumb\",\"itemListElement\":[{\"@type\":\"ListItem\",\"position\":1,\"name\":\"Home\",\"item\":\"https:\\\/\\\/infochoice.com.br\\\/site\\\/\"},{\"@type\":\"ListItem\",\"position\":2,\"name\":\"Nuvem Privada\"}]},{\"@type\":\"WebSite\",\"@id\":\"https:\\\/\\\/infochoice.com.br\\\/site\\\/#website\",\"url\":\"https:\\\/\\\/infochoice.com.br\\\/site\\\/\",\"name\":\"InfoChoice Tecnologia\",\"description\":\"Solu\u00e7\u00f5es e decis\u00f5es estrat\u00e9gicas guiadas por confian\u00e7a, prop\u00f3sito e responsabilidade..\",\"publisher\":{\"@id\":\"https:\\\/\\\/infochoice.com.br\\\/site\\\/#organization\"},\"alternateName\":\"InfoChoice Tecnologia\",\"potentialAction\":[{\"@type\":\"SearchAction\",\"target\":{\"@type\":\"EntryPoint\",\"urlTemplate\":\"https:\\\/\\\/infochoice.com.br\\\/site\\\/?s={search_term_string}\"},\"query-input\":{\"@type\":\"PropertyValueSpecification\",\"valueRequired\":true,\"valueName\":\"search_term_string\"}}],\"inLanguage\":\"pt-BR\"},{\"@type\":\"Organization\",\"@id\":\"https:\\\/\\\/infochoice.com.br\\\/site\\\/#organization\",\"name\":\"InfoChoice\",\"alternateName\":\"InfoChoice Tecnologia\",\"url\":\"https:\\\/\\\/infochoice.com.br\\\/site\\\/\",\"logo\":{\"@type\":\"ImageObject\",\"inLanguage\":\"pt-BR\",\"@id\":\"https:\\\/\\\/infochoice.com.br\\\/site\\\/#\\\/schema\\\/logo\\\/image\\\/\",\"url\":\"https:\\\/\\\/i0.wp.com\\\/infochoice.com.br\\\/site\\\/wp-content\\\/uploads\\\/2023\\\/10\\\/infochoice_ico.png?fit=215%2C219&ssl=1\",\"contentUrl\":\"https:\\\/\\\/i0.wp.com\\\/infochoice.com.br\\\/site\\\/wp-content\\\/uploads\\\/2023\\\/10\\\/infochoice_ico.png?fit=215%2C219&ssl=1\",\"width\":215,\"height\":219,\"caption\":\"InfoChoice\"},\"image\":{\"@id\":\"https:\\\/\\\/infochoice.com.br\\\/site\\\/#\\\/schema\\\/logo\\\/image\\\/\"},\"sameAs\":[\"https:\\\/\\\/www.facebook.com\\\/infochoicetecnologia\",\"https:\\\/\\\/x.com\\\/infochoicetecnologia\",\"https:\\\/\\\/www.instagram.com\\\/infochoicetecnologia\",\"https:\\\/\\\/www.youtube.com\\\/infochoicetecnologia\",\"https:\\\/\\\/www.linkedin.com\\\/infochoicetecnologia\"]}]}<\/script>\n<!-- \/ Yoast SEO plugin. -->","yoast_head_json":{"title":"Nuvem Privada - InfoChoice Tecnologia","description":"N\u00f3s cuidamos de toda a jornada para a nuvem privada. Para manter a competitividade \u00e9 necess\u00e1rio fazer a transforma\u00e7\u00e3o digital, n\u00e3o \u00e9 \u00e0 toa que 80% dos executivos de TI t\u00eam projetos em nuvem previstos para os pr\u00f3ximos 12 meses.","robots":{"index":"index","follow":"follow","max-snippet":"max-snippet:-1","max-image-preview":"max-image-preview:large","max-video-preview":"max-video-preview:-1"},"canonical":"https:\/\/infochoice.com.br\/site\/index.php\/nuvem-privada\/","og_locale":"pt_BR","og_type":"article","og_title":"Nuvem Privada - InfoChoice Tecnologia","og_description":"N\u00f3s cuidamos de toda a jornada para a nuvem privada. Para manter a competitividade \u00e9 necess\u00e1rio fazer a transforma\u00e7\u00e3o digital, n\u00e3o \u00e9 \u00e0 toa que 80% dos executivos de TI t\u00eam projetos em nuvem previstos para os pr\u00f3ximos 12 meses.","og_url":"https:\/\/infochoice.com.br\/site\/index.php\/nuvem-privada\/","og_site_name":"InfoChoice Tecnologia","article_publisher":"https:\/\/www.facebook.com\/infochoicetecnologia","article_modified_time":"2023-10-08T15:57:02+00:00","og_image":[{"url":"http:\/\/infochoice.com.br\/site\/wp-content\/uploads\/2020\/06\/nuvem_privada_1.png","type":"","width":"","height":""}],"twitter_card":"summary_large_image","twitter_site":"@infochoicetecnologia","twitter_misc":{"Est. tempo de leitura":"2 minutos"},"schema":{"@context":"https:\/\/schema.org","@graph":[{"@type":"WebPage","@id":"https:\/\/infochoice.com.br\/site\/index.php\/nuvem-privada\/","url":"https:\/\/infochoice.com.br\/site\/index.php\/nuvem-privada\/","name":"Nuvem Privada - InfoChoice Tecnologia","isPartOf":{"@id":"https:\/\/infochoice.com.br\/site\/#website"},"primaryImageOfPage":{"@id":"https:\/\/infochoice.com.br\/site\/index.php\/nuvem-privada\/#primaryimage"},"image":{"@id":"https:\/\/infochoice.com.br\/site\/index.php\/nuvem-privada\/#primaryimage"},"thumbnailUrl":"http:\/\/infochoice.com.br\/site\/wp-content\/uploads\/2020\/06\/nuvem_privada_1.png","datePublished":"2020-06-16T14:16:46+00:00","dateModified":"2023-10-08T15:57:02+00:00","description":"N\u00f3s cuidamos de toda a jornada para a nuvem privada. Para manter a competitividade \u00e9 necess\u00e1rio fazer a transforma\u00e7\u00e3o digital, n\u00e3o \u00e9 \u00e0 toa que 80% dos executivos de TI t\u00eam projetos em nuvem previstos para os pr\u00f3ximos 12 meses.","breadcrumb":{"@id":"https:\/\/infochoice.com.br\/site\/index.php\/nuvem-privada\/#breadcrumb"},"inLanguage":"pt-BR","potentialAction":[{"@type":"ReadAction","target":["https:\/\/infochoice.com.br\/site\/index.php\/nuvem-privada\/"]}]},{"@type":"ImageObject","inLanguage":"pt-BR","@id":"https:\/\/infochoice.com.br\/site\/index.php\/nuvem-privada\/#primaryimage","url":"https:\/\/infochoice.com.br\/site\/wp-content\/uploads\/2020\/06\/nuvem_privada_1.png","contentUrl":"https:\/\/infochoice.com.br\/site\/wp-content\/uploads\/2020\/06\/nuvem_privada_1.png","width":771,"height":355},{"@type":"BreadcrumbList","@id":"https:\/\/infochoice.com.br\/site\/index.php\/nuvem-privada\/#breadcrumb","itemListElement":[{"@type":"ListItem","position":1,"name":"Home","item":"https:\/\/infochoice.com.br\/site\/"},{"@type":"ListItem","position":2,"name":"Nuvem Privada"}]},{"@type":"WebSite","@id":"https:\/\/infochoice.com.br\/site\/#website","url":"https:\/\/infochoice.com.br\/site\/","name":"InfoChoice Tecnologia","description":"Solu\u00e7\u00f5es e decis\u00f5es estrat\u00e9gicas guiadas por confian\u00e7a, prop\u00f3sito e responsabilidade..","publisher":{"@id":"https:\/\/infochoice.com.br\/site\/#organization"},"alternateName":"InfoChoice Tecnologia","potentialAction":[{"@type":"SearchAction","target":{"@type":"EntryPoint","urlTemplate":"https:\/\/infochoice.com.br\/site\/?s={search_term_string}"},"query-input":{"@type":"PropertyValueSpecification","valueRequired":true,"valueName":"search_term_string"}}],"inLanguage":"pt-BR"},{"@type":"Organization","@id":"https:\/\/infochoice.com.br\/site\/#organization","name":"InfoChoice","alternateName":"InfoChoice Tecnologia","url":"https:\/\/infochoice.com.br\/site\/","logo":{"@type":"ImageObject","inLanguage":"pt-BR","@id":"https:\/\/infochoice.com.br\/site\/#\/schema\/logo\/image\/","url":"https:\/\/i0.wp.com\/infochoice.com.br\/site\/wp-content\/uploads\/2023\/10\/infochoice_ico.png?fit=215%2C219&ssl=1","contentUrl":"https:\/\/i0.wp.com\/infochoice.com.br\/site\/wp-content\/uploads\/2023\/10\/infochoice_ico.png?fit=215%2C219&ssl=1","width":215,"height":219,"caption":"InfoChoice"},"image":{"@id":"https:\/\/infochoice.com.br\/site\/#\/schema\/logo\/image\/"},"sameAs":["https:\/\/www.facebook.com\/infochoicetecnologia","https:\/\/x.com\/infochoicetecnologia","https:\/\/www.instagram.com\/infochoicetecnologia","https:\/\/www.youtube.com\/infochoicetecnologia","https:\/\/www.linkedin.com\/infochoicetecnologia"]}]}},"_links":{"self":[{"href":"https:\/\/infochoice.com.br\/site\/index.php\/wp-json\/wp\/v2\/pages\/410","targetHints":{"allow":["GET"]}}],"collection":[{"href":"https:\/\/infochoice.com.br\/site\/index.php\/wp-json\/wp\/v2\/pages"}],"about":[{"href":"https:\/\/infochoice.com.br\/site\/index.php\/wp-json\/wp\/v2\/types\/page"}],"author":[{"embeddable":true,"href":"https:\/\/infochoice.com.br\/site\/index.php\/wp-json\/wp\/v2\/users\/1"}],"replies":[{"embeddable":true,"href":"https:\/\/infochoice.com.br\/site\/index.php\/wp-json\/wp\/v2\/comments?post=410"}],"version-history":[{"count":9,"href":"https:\/\/infochoice.com.br\/site\/index.php\/wp-json\/wp\/v2\/pages\/410\/revisions"}],"predecessor-version":[{"id":2516,"href":"https:\/\/infochoice.com.br\/site\/index.php\/wp-json\/wp\/v2\/pages\/410\/revisions\/2516"}],"wp:attachment":[{"href":"https:\/\/infochoice.com.br\/site\/index.php\/wp-json\/wp\/v2\/media?parent=410"}],"curies":[{"name":"wp","href":"https:\/\/api.w.org\/{rel}","templated":true}]}}