{"id":427,"date":"2020-06-16T15:49:51","date_gmt":"2020-06-16T18:49:51","guid":{"rendered":"http:\/\/infochoice.com.br\/site\/?page_id=427"},"modified":"2023-10-08T11:16:38","modified_gmt":"2023-10-08T14:16:38","slug":"nuvem-hibrida","status":"publish","type":"page","link":"https:\/\/infochoice.com.br\/site\/index.php\/nuvem-hibrida\/","title":{"rendered":"Nuvem H\u00edbrida"},"content":{"rendered":"<p><!-- Google tag (gtag.js) --><br \/>\n<script async src=\"https:\/\/www.googletagmanager.com\/gtag\/js?id=G-FHSZNHR1FT\"><\/script><br \/>\n<script><br \/>\n  window.dataLayer = window.dataLayer || [];<br \/>\n  function gtag(){dataLayer.push(arguments);}<br \/>\n  gtag('js', new Date());<\/p>\n<p>  gtag('config', 'G-FHSZNHR1FT');<br \/>\n<\/script><\/p>\n<div class=\"h-row-container gutters-row-lg-2 gutters-row-md-2 gutters-row-0 gutters-row-v-lg-2 gutters-row-v-md-2 gutters-row-v-2 style-1440 style-local-603-c83 position-relative\" data-colibri-id=\"603-c83\">\n<div class=\"h-row justify-content-lg-center justify-content-md-center justify-content-center align-items-lg-stretch align-items-md-stretch align-items-stretch gutters-col-lg-2 gutters-col-md-2 gutters-col-0 gutters-col-v-lg-2 gutters-col-v-md-2 gutters-col-v-2\">\n<div class=\"h-column h-column-container d-flex h-col-lg-auto h-col-md-auto h-col-auto style-1441-outer style-local-603-c84-outer\">\n<div class=\"d-flex h-flex-basis h-column__inner h-px-lg-2 h-px-md-2 h-px-2 v-inner-lg-2 v-inner-md-2 v-inner-2 style-1441 style-local-603-c84 position-relative\" data-colibri-id=\"603-c84\">\n<div class=\"w-100 h-y-container h-column__content h-column__v-align flex-basis-100 align-self-lg-start align-self-md-start align-self-start\">\n<div class=\"h-global-transition-all h-heading style-1442 style-local-603-c85 position-relative h-element\" data-colibri-id=\"603-c85\">\n<h1 class=\"\">Qual a nuvem da sua prefer\u00eancia?<\/h1>\n<\/div>\n<div class=\"h-text h-text-component style-1443 style-local-603-c86 position-relative h-element\" data-colibri-id=\"603-c86\">\n<div class=\"\">\n<p>\u00c9 muito importante mapear as necessidades da sua aplica\u00e7\u00e3o, e em seguida decidir qual a melhor nuvem para rodar a sua carga de trabalho especifica.<\/p>\n<\/div>\n<\/div>\n<\/div>\n<\/div>\n<\/div>\n<\/div>\n<\/div>\n<div class=\"h-row-container gutters-row-lg-2 gutters-row-md-2 gutters-row-2 gutters-row-v-lg-2 gutters-row-v-md-2 gutters-row-v-2 style-1425 style-local-603-c87 position-relative\" data-colibri-id=\"603-c87\">\n<div class=\"h-row justify-content-lg-center justify-content-md-center justify-content-center align-items-lg-stretch align-items-md-stretch align-items-stretch gutters-col-lg-2 gutters-col-md-2 gutters-col-2 gutters-col-v-lg-2 gutters-col-v-md-2 gutters-col-v-2\">\n<div class=\"h-column h-column-container d-flex h-col-lg-12 h-col-md-12 h-col-12 style-1434-outer style-local-603-c88-outer\">\n<div class=\"d-flex h-flex-basis h-column__inner h-px-lg-0 h-px-md-0 h-px-0 v-inner-lg-0 v-inner-md-0 v-inner-0 style-1434 style-local-603-c88 position-relative\" data-colibri-id=\"603-c88\">\n<div class=\"w-100 h-y-container h-column__content h-column__v-align flex-basis-100 align-self-lg-start align-self-md-start align-self-start\">\n<div class=\"h-text h-text-component style-1446 style-local-603-c89 position-relative h-element\" data-colibri-id=\"603-c89\">\n<div class=\"\">\n<p>CONEX\u00c3O DE BAIXA LAT\u00caNCIA ENTRE A SUA NUVEM PRIVADA E A NUVEM P\u00daBLICA<\/p>\n<\/div>\n<\/div>\n<div class=\"h-text h-text-component style-1445 style-local-603-c90 position-relative h-element\" data-colibri-id=\"603-c90\">\n<div class=\"\">\n<p>N\u00f3s conectamos voc\u00ea com as nuvens p\u00fablicas atrav\u00e9s de uma conex\u00e3o de baixa lat\u00eancia.<\/p>\n<p><img loading=\"lazy\" decoding=\"async\" class=\"alignnone wp-image-484\" src=\"http:\/\/infochoice.com.br\/site\/wp-content\/uploads\/2020\/06\/data-center-cloud-exchange_2.png\" alt=\"\" width=\"800\" height=\"654\" srcset=\"https:\/\/infochoice.com.br\/site\/wp-content\/uploads\/2020\/06\/data-center-cloud-exchange_2.png 800w, https:\/\/infochoice.com.br\/site\/wp-content\/uploads\/2020\/06\/data-center-cloud-exchange_2-300x245.png 300w, https:\/\/infochoice.com.br\/site\/wp-content\/uploads\/2020\/06\/data-center-cloud-exchange_2-768x628.png 768w\" sizes=\"auto, (max-width: 800px) 100vw, 800px\" \/><\/p>\n<p><img loading=\"lazy\" decoding=\"async\" class=\"alignnone wp-image-485\" src=\"http:\/\/infochoice.com.br\/site\/wp-content\/uploads\/2020\/06\/nuvem_hibrida_1.png\" alt=\"\" width=\"883\" height=\"384\" srcset=\"https:\/\/infochoice.com.br\/site\/wp-content\/uploads\/2020\/06\/nuvem_hibrida_1.png 883w, https:\/\/infochoice.com.br\/site\/wp-content\/uploads\/2020\/06\/nuvem_hibrida_1-300x130.png 300w, https:\/\/infochoice.com.br\/site\/wp-content\/uploads\/2020\/06\/nuvem_hibrida_1-768x334.png 768w\" sizes=\"auto, (max-width: 883px) 100vw, 883px\" \/><\/p>\n<p><img loading=\"lazy\" decoding=\"async\" class=\"alignnone wp-image-486\" src=\"http:\/\/infochoice.com.br\/site\/wp-content\/uploads\/2020\/06\/nuvem_hibrida_2.png\" alt=\"\" width=\"1223\" height=\"534\" srcset=\"https:\/\/infochoice.com.br\/site\/wp-content\/uploads\/2020\/06\/nuvem_hibrida_2.png 1223w, https:\/\/infochoice.com.br\/site\/wp-content\/uploads\/2020\/06\/nuvem_hibrida_2-300x131.png 300w, https:\/\/infochoice.com.br\/site\/wp-content\/uploads\/2020\/06\/nuvem_hibrida_2-1024x447.png 1024w, https:\/\/infochoice.com.br\/site\/wp-content\/uploads\/2020\/06\/nuvem_hibrida_2-768x335.png 768w\" sizes=\"auto, (max-width: 1223px) 100vw, 1223px\" \/><\/p>\n<p><a href=\"https:\/\/infochoice.com.br\/site\/index.php\/contato\/\"><img loading=\"lazy\" decoding=\"async\" class=\"alignnone wp-image-418\" src=\"http:\/\/infochoice.com.br\/site\/wp-content\/uploads\/2020\/06\/fale_com_um_especialista.png\" alt=\"\" width=\"290\" height=\"51\" \/><\/a><\/p>\n<\/div>\n<\/div>\n<\/div>\n<\/div>\n<\/div>\n<\/div>\n<\/div>\n","protected":false},"excerpt":{"rendered":"<p>Qual a nuvem da sua prefer\u00eancia? \u00c9 muito importante mapear as necessidades da sua aplica\u00e7\u00e3o, e em seguida decidir qual a melhor nuvem para rodar a sua carga de trabalho especifica. CONEX\u00c3O DE BAIXA LAT\u00caNCIA ENTRE A SUA NUVEM PRIVADA E A NUVEM P\u00daBLICA N\u00f3s conectamos voc\u00ea com as nuvens p\u00fablicas atrav\u00e9s de uma conex\u00e3o [&hellip;]<\/p>\n","protected":false},"author":1,"featured_media":0,"parent":0,"menu_order":0,"comment_status":"closed","ping_status":"closed","template":"","meta":{"footnotes":""},"class_list":["post-427","page","type-page","status-publish","hentry"],"yoast_head":"<!-- This site is optimized with the Yoast SEO plugin v27.6 - https:\/\/yoast.com\/product\/yoast-seo-wordpress\/ -->\n<title>Nuvem H\u00edbrida - InfoChoice Tecnologia<\/title>\n<meta name=\"description\" content=\"\u00c9 muito importante mapear as necessidades da sua aplica\u00e7\u00e3o, e em seguida decidir qual a melhor nuvem para rodar a sua carga de trabalho especifica.\" \/>\n<meta name=\"robots\" content=\"index, follow, max-snippet:-1, max-image-preview:large, max-video-preview:-1\" \/>\n<link rel=\"canonical\" href=\"https:\/\/infochoice.com.br\/site\/index.php\/nuvem-hibrida\/\" \/>\n<meta property=\"og:locale\" content=\"pt_BR\" \/>\n<meta property=\"og:type\" content=\"article\" \/>\n<meta property=\"og:title\" content=\"Nuvem H\u00edbrida - InfoChoice Tecnologia\" \/>\n<meta property=\"og:description\" content=\"\u00c9 muito importante mapear as necessidades da sua aplica\u00e7\u00e3o, e em seguida decidir qual a melhor nuvem para rodar a sua carga de trabalho especifica.\" \/>\n<meta property=\"og:url\" content=\"https:\/\/infochoice.com.br\/site\/index.php\/nuvem-hibrida\/\" \/>\n<meta property=\"og:site_name\" content=\"InfoChoice Tecnologia\" \/>\n<meta property=\"article:publisher\" content=\"https:\/\/www.facebook.com\/infochoicetecnologia\" \/>\n<meta property=\"article:modified_time\" content=\"2023-10-08T14:16:38+00:00\" \/>\n<meta property=\"og:image\" content=\"http:\/\/infochoice.com.br\/site\/wp-content\/uploads\/2020\/06\/data-center-cloud-exchange_2.png\" \/>\n<meta name=\"twitter:card\" content=\"summary_large_image\" \/>\n<meta name=\"twitter:site\" content=\"@infochoicetecnologia\" \/>\n<meta name=\"twitter:label1\" content=\"Est. tempo de leitura\" \/>\n\t<meta name=\"twitter:data1\" content=\"2 minutos\" \/>\n<script type=\"application\/ld+json\" class=\"yoast-schema-graph\">{\"@context\":\"https:\\\/\\\/schema.org\",\"@graph\":[{\"@type\":\"WebPage\",\"@id\":\"https:\\\/\\\/infochoice.com.br\\\/site\\\/index.php\\\/nuvem-hibrida\\\/\",\"url\":\"https:\\\/\\\/infochoice.com.br\\\/site\\\/index.php\\\/nuvem-hibrida\\\/\",\"name\":\"Nuvem H\u00edbrida - InfoChoice Tecnologia\",\"isPartOf\":{\"@id\":\"https:\\\/\\\/infochoice.com.br\\\/site\\\/#website\"},\"primaryImageOfPage\":{\"@id\":\"https:\\\/\\\/infochoice.com.br\\\/site\\\/index.php\\\/nuvem-hibrida\\\/#primaryimage\"},\"image\":{\"@id\":\"https:\\\/\\\/infochoice.com.br\\\/site\\\/index.php\\\/nuvem-hibrida\\\/#primaryimage\"},\"thumbnailUrl\":\"http:\\\/\\\/infochoice.com.br\\\/site\\\/wp-content\\\/uploads\\\/2020\\\/06\\\/data-center-cloud-exchange_2.png\",\"datePublished\":\"2020-06-16T18:49:51+00:00\",\"dateModified\":\"2023-10-08T14:16:38+00:00\",\"description\":\"\u00c9 muito importante mapear as necessidades da sua aplica\u00e7\u00e3o, e em seguida decidir qual a melhor nuvem para rodar a sua carga de trabalho especifica.\",\"breadcrumb\":{\"@id\":\"https:\\\/\\\/infochoice.com.br\\\/site\\\/index.php\\\/nuvem-hibrida\\\/#breadcrumb\"},\"inLanguage\":\"pt-BR\",\"potentialAction\":[{\"@type\":\"ReadAction\",\"target\":[\"https:\\\/\\\/infochoice.com.br\\\/site\\\/index.php\\\/nuvem-hibrida\\\/\"]}]},{\"@type\":\"ImageObject\",\"inLanguage\":\"pt-BR\",\"@id\":\"https:\\\/\\\/infochoice.com.br\\\/site\\\/index.php\\\/nuvem-hibrida\\\/#primaryimage\",\"url\":\"https:\\\/\\\/infochoice.com.br\\\/site\\\/wp-content\\\/uploads\\\/2020\\\/06\\\/data-center-cloud-exchange_2.png\",\"contentUrl\":\"https:\\\/\\\/infochoice.com.br\\\/site\\\/wp-content\\\/uploads\\\/2020\\\/06\\\/data-center-cloud-exchange_2.png\",\"width\":800,\"height\":654},{\"@type\":\"BreadcrumbList\",\"@id\":\"https:\\\/\\\/infochoice.com.br\\\/site\\\/index.php\\\/nuvem-hibrida\\\/#breadcrumb\",\"itemListElement\":[{\"@type\":\"ListItem\",\"position\":1,\"name\":\"Home\",\"item\":\"https:\\\/\\\/infochoice.com.br\\\/site\\\/\"},{\"@type\":\"ListItem\",\"position\":2,\"name\":\"Nuvem H\u00edbrida\"}]},{\"@type\":\"WebSite\",\"@id\":\"https:\\\/\\\/infochoice.com.br\\\/site\\\/#website\",\"url\":\"https:\\\/\\\/infochoice.com.br\\\/site\\\/\",\"name\":\"InfoChoice Tecnologia\",\"description\":\"Solu\u00e7\u00f5es e decis\u00f5es estrat\u00e9gicas guiadas por confian\u00e7a, prop\u00f3sito e responsabilidade..\",\"publisher\":{\"@id\":\"https:\\\/\\\/infochoice.com.br\\\/site\\\/#organization\"},\"alternateName\":\"InfoChoice Tecnologia\",\"potentialAction\":[{\"@type\":\"SearchAction\",\"target\":{\"@type\":\"EntryPoint\",\"urlTemplate\":\"https:\\\/\\\/infochoice.com.br\\\/site\\\/?s={search_term_string}\"},\"query-input\":{\"@type\":\"PropertyValueSpecification\",\"valueRequired\":true,\"valueName\":\"search_term_string\"}}],\"inLanguage\":\"pt-BR\"},{\"@type\":\"Organization\",\"@id\":\"https:\\\/\\\/infochoice.com.br\\\/site\\\/#organization\",\"name\":\"InfoChoice\",\"alternateName\":\"InfoChoice Tecnologia\",\"url\":\"https:\\\/\\\/infochoice.com.br\\\/site\\\/\",\"logo\":{\"@type\":\"ImageObject\",\"inLanguage\":\"pt-BR\",\"@id\":\"https:\\\/\\\/infochoice.com.br\\\/site\\\/#\\\/schema\\\/logo\\\/image\\\/\",\"url\":\"https:\\\/\\\/i0.wp.com\\\/infochoice.com.br\\\/site\\\/wp-content\\\/uploads\\\/2023\\\/10\\\/infochoice_ico.png?fit=215%2C219&ssl=1\",\"contentUrl\":\"https:\\\/\\\/i0.wp.com\\\/infochoice.com.br\\\/site\\\/wp-content\\\/uploads\\\/2023\\\/10\\\/infochoice_ico.png?fit=215%2C219&ssl=1\",\"width\":215,\"height\":219,\"caption\":\"InfoChoice\"},\"image\":{\"@id\":\"https:\\\/\\\/infochoice.com.br\\\/site\\\/#\\\/schema\\\/logo\\\/image\\\/\"},\"sameAs\":[\"https:\\\/\\\/www.facebook.com\\\/infochoicetecnologia\",\"https:\\\/\\\/x.com\\\/infochoicetecnologia\",\"https:\\\/\\\/www.instagram.com\\\/infochoicetecnologia\",\"https:\\\/\\\/www.youtube.com\\\/infochoicetecnologia\",\"https:\\\/\\\/www.linkedin.com\\\/infochoicetecnologia\"]}]}<\/script>\n<!-- \/ Yoast SEO plugin. -->","yoast_head_json":{"title":"Nuvem H\u00edbrida - InfoChoice Tecnologia","description":"\u00c9 muito importante mapear as necessidades da sua aplica\u00e7\u00e3o, e em seguida decidir qual a melhor nuvem para rodar a sua carga de trabalho especifica.","robots":{"index":"index","follow":"follow","max-snippet":"max-snippet:-1","max-image-preview":"max-image-preview:large","max-video-preview":"max-video-preview:-1"},"canonical":"https:\/\/infochoice.com.br\/site\/index.php\/nuvem-hibrida\/","og_locale":"pt_BR","og_type":"article","og_title":"Nuvem H\u00edbrida - InfoChoice Tecnologia","og_description":"\u00c9 muito importante mapear as necessidades da sua aplica\u00e7\u00e3o, e em seguida decidir qual a melhor nuvem para rodar a sua carga de trabalho especifica.","og_url":"https:\/\/infochoice.com.br\/site\/index.php\/nuvem-hibrida\/","og_site_name":"InfoChoice Tecnologia","article_publisher":"https:\/\/www.facebook.com\/infochoicetecnologia","article_modified_time":"2023-10-08T14:16:38+00:00","og_image":[{"url":"http:\/\/infochoice.com.br\/site\/wp-content\/uploads\/2020\/06\/data-center-cloud-exchange_2.png","type":"","width":"","height":""}],"twitter_card":"summary_large_image","twitter_site":"@infochoicetecnologia","twitter_misc":{"Est. tempo de leitura":"2 minutos"},"schema":{"@context":"https:\/\/schema.org","@graph":[{"@type":"WebPage","@id":"https:\/\/infochoice.com.br\/site\/index.php\/nuvem-hibrida\/","url":"https:\/\/infochoice.com.br\/site\/index.php\/nuvem-hibrida\/","name":"Nuvem H\u00edbrida - InfoChoice Tecnologia","isPartOf":{"@id":"https:\/\/infochoice.com.br\/site\/#website"},"primaryImageOfPage":{"@id":"https:\/\/infochoice.com.br\/site\/index.php\/nuvem-hibrida\/#primaryimage"},"image":{"@id":"https:\/\/infochoice.com.br\/site\/index.php\/nuvem-hibrida\/#primaryimage"},"thumbnailUrl":"http:\/\/infochoice.com.br\/site\/wp-content\/uploads\/2020\/06\/data-center-cloud-exchange_2.png","datePublished":"2020-06-16T18:49:51+00:00","dateModified":"2023-10-08T14:16:38+00:00","description":"\u00c9 muito importante mapear as necessidades da sua aplica\u00e7\u00e3o, e em seguida decidir qual a melhor nuvem para rodar a sua carga de trabalho especifica.","breadcrumb":{"@id":"https:\/\/infochoice.com.br\/site\/index.php\/nuvem-hibrida\/#breadcrumb"},"inLanguage":"pt-BR","potentialAction":[{"@type":"ReadAction","target":["https:\/\/infochoice.com.br\/site\/index.php\/nuvem-hibrida\/"]}]},{"@type":"ImageObject","inLanguage":"pt-BR","@id":"https:\/\/infochoice.com.br\/site\/index.php\/nuvem-hibrida\/#primaryimage","url":"https:\/\/infochoice.com.br\/site\/wp-content\/uploads\/2020\/06\/data-center-cloud-exchange_2.png","contentUrl":"https:\/\/infochoice.com.br\/site\/wp-content\/uploads\/2020\/06\/data-center-cloud-exchange_2.png","width":800,"height":654},{"@type":"BreadcrumbList","@id":"https:\/\/infochoice.com.br\/site\/index.php\/nuvem-hibrida\/#breadcrumb","itemListElement":[{"@type":"ListItem","position":1,"name":"Home","item":"https:\/\/infochoice.com.br\/site\/"},{"@type":"ListItem","position":2,"name":"Nuvem H\u00edbrida"}]},{"@type":"WebSite","@id":"https:\/\/infochoice.com.br\/site\/#website","url":"https:\/\/infochoice.com.br\/site\/","name":"InfoChoice Tecnologia","description":"Solu\u00e7\u00f5es e decis\u00f5es estrat\u00e9gicas guiadas por confian\u00e7a, prop\u00f3sito e responsabilidade..","publisher":{"@id":"https:\/\/infochoice.com.br\/site\/#organization"},"alternateName":"InfoChoice Tecnologia","potentialAction":[{"@type":"SearchAction","target":{"@type":"EntryPoint","urlTemplate":"https:\/\/infochoice.com.br\/site\/?s={search_term_string}"},"query-input":{"@type":"PropertyValueSpecification","valueRequired":true,"valueName":"search_term_string"}}],"inLanguage":"pt-BR"},{"@type":"Organization","@id":"https:\/\/infochoice.com.br\/site\/#organization","name":"InfoChoice","alternateName":"InfoChoice Tecnologia","url":"https:\/\/infochoice.com.br\/site\/","logo":{"@type":"ImageObject","inLanguage":"pt-BR","@id":"https:\/\/infochoice.com.br\/site\/#\/schema\/logo\/image\/","url":"https:\/\/i0.wp.com\/infochoice.com.br\/site\/wp-content\/uploads\/2023\/10\/infochoice_ico.png?fit=215%2C219&ssl=1","contentUrl":"https:\/\/i0.wp.com\/infochoice.com.br\/site\/wp-content\/uploads\/2023\/10\/infochoice_ico.png?fit=215%2C219&ssl=1","width":215,"height":219,"caption":"InfoChoice"},"image":{"@id":"https:\/\/infochoice.com.br\/site\/#\/schema\/logo\/image\/"},"sameAs":["https:\/\/www.facebook.com\/infochoicetecnologia","https:\/\/x.com\/infochoicetecnologia","https:\/\/www.instagram.com\/infochoicetecnologia","https:\/\/www.youtube.com\/infochoicetecnologia","https:\/\/www.linkedin.com\/infochoicetecnologia"]}]}},"_links":{"self":[{"href":"https:\/\/infochoice.com.br\/site\/index.php\/wp-json\/wp\/v2\/pages\/427","targetHints":{"allow":["GET"]}}],"collection":[{"href":"https:\/\/infochoice.com.br\/site\/index.php\/wp-json\/wp\/v2\/pages"}],"about":[{"href":"https:\/\/infochoice.com.br\/site\/index.php\/wp-json\/wp\/v2\/types\/page"}],"author":[{"embeddable":true,"href":"https:\/\/infochoice.com.br\/site\/index.php\/wp-json\/wp\/v2\/users\/1"}],"replies":[{"embeddable":true,"href":"https:\/\/infochoice.com.br\/site\/index.php\/wp-json\/wp\/v2\/comments?post=427"}],"version-history":[{"count":5,"href":"https:\/\/infochoice.com.br\/site\/index.php\/wp-json\/wp\/v2\/pages\/427\/revisions"}],"predecessor-version":[{"id":2365,"href":"https:\/\/infochoice.com.br\/site\/index.php\/wp-json\/wp\/v2\/pages\/427\/revisions\/2365"}],"wp:attachment":[{"href":"https:\/\/infochoice.com.br\/site\/index.php\/wp-json\/wp\/v2\/media?parent=427"}],"curies":[{"name":"wp","href":"https:\/\/api.w.org\/{rel}","templated":true}]}}