{"id":431,"date":"2020-06-16T15:51:04","date_gmt":"2020-06-16T18:51:04","guid":{"rendered":"http:\/\/infochoice.com.br\/site\/?page_id=431"},"modified":"2023-10-08T11:15:41","modified_gmt":"2023-10-08T14:15:41","slug":"backup-cloud","status":"publish","type":"page","link":"https:\/\/infochoice.com.br\/site\/index.php\/backup-cloud\/","title":{"rendered":"Backup Cloud"},"content":{"rendered":"<p>O backup na nuvem \u00e9 a solu\u00e7\u00e3o que viabiliza mais seguran\u00e7a no armazenamento das informa\u00e7\u00f5es,&nbsp;<b>minimizando as chances de ataques digitais<\/b>&nbsp;e o tempo de resposta em caso de amea\u00e7as.<\/p>\n<p>Com isso, mesmo profissionais alocados remotamente conseguem acessar os dados necess\u00e1rios \u00e0 execu\u00e7\u00e3o das tarefas. O que atende a demanda de como aumentar a produtividade no home office.<\/p>\n<p><a href=\"https:\/\/infochoice.com.br\/site\/index.php\/contato\/\"><img loading=\"lazy\" decoding=\"async\" class=\"alignnone wp-image-418\" src=\"http:\/\/infochoice.com.br\/site\/wp-content\/uploads\/2020\/06\/fale_com_um_especialista.png\" alt=\"\" width=\"290\" height=\"51\"><\/a><\/p>\n","protected":false},"excerpt":{"rendered":"<p>O backup na nuvem \u00e9 a solu\u00e7\u00e3o que viabiliza mais seguran\u00e7a no armazenamento das informa\u00e7\u00f5es,&nbsp;minimizando as chances de ataques digitais&nbsp;e o tempo de resposta em caso de amea\u00e7as. Com isso, mesmo profissionais alocados remotamente conseguem acessar os dados necess\u00e1rios \u00e0 execu\u00e7\u00e3o das tarefas. O que atende a demanda de como aumentar a produtividade no home [&hellip;]<\/p>\n","protected":false},"author":1,"featured_media":0,"parent":0,"menu_order":0,"comment_status":"closed","ping_status":"closed","template":"","meta":{"footnotes":""},"class_list":["post-431","page","type-page","status-publish","hentry"],"yoast_head":"<!-- This site is optimized with the Yoast SEO plugin v27.4 - https:\/\/yoast.com\/product\/yoast-seo-wordpress\/ -->\n<title>Backup Cloud - InfoChoice Tecnologia<\/title>\n<meta name=\"description\" content=\"Backup Cloud.\" \/>\n<meta name=\"robots\" content=\"index, follow, max-snippet:-1, max-image-preview:large, max-video-preview:-1\" \/>\n<link rel=\"canonical\" href=\"https:\/\/infochoice.com.br\/site\/index.php\/backup-cloud\/\" \/>\n<meta property=\"og:locale\" content=\"pt_BR\" \/>\n<meta property=\"og:type\" content=\"article\" \/>\n<meta property=\"og:title\" content=\"Backup Cloud - InfoChoice Tecnologia\" \/>\n<meta property=\"og:description\" content=\"Backup Cloud.\" \/>\n<meta property=\"og:url\" content=\"https:\/\/infochoice.com.br\/site\/index.php\/backup-cloud\/\" \/>\n<meta property=\"og:site_name\" content=\"InfoChoice Tecnologia\" \/>\n<meta property=\"article:publisher\" content=\"https:\/\/www.facebook.com\/infochoicetecnologia\" \/>\n<meta property=\"article:modified_time\" content=\"2023-10-08T14:15:41+00:00\" \/>\n<meta property=\"og:image\" content=\"http:\/\/infochoice.com.br\/site\/wp-content\/uploads\/2020\/06\/fale_com_um_especialista.png\" \/>\n<meta name=\"twitter:card\" content=\"summary_large_image\" \/>\n<meta name=\"twitter:site\" content=\"@infochoicetecnologia\" \/>\n<meta name=\"twitter:label1\" content=\"Est. tempo de leitura\" \/>\n\t<meta name=\"twitter:data1\" content=\"1 minuto\" \/>\n<script type=\"application\/ld+json\" class=\"yoast-schema-graph\">{\"@context\":\"https:\\\/\\\/schema.org\",\"@graph\":[{\"@type\":\"WebPage\",\"@id\":\"https:\\\/\\\/infochoice.com.br\\\/site\\\/index.php\\\/backup-cloud\\\/\",\"url\":\"https:\\\/\\\/infochoice.com.br\\\/site\\\/index.php\\\/backup-cloud\\\/\",\"name\":\"Backup Cloud - InfoChoice Tecnologia\",\"isPartOf\":{\"@id\":\"https:\\\/\\\/infochoice.com.br\\\/site\\\/#website\"},\"primaryImageOfPage\":{\"@id\":\"https:\\\/\\\/infochoice.com.br\\\/site\\\/index.php\\\/backup-cloud\\\/#primaryimage\"},\"image\":{\"@id\":\"https:\\\/\\\/infochoice.com.br\\\/site\\\/index.php\\\/backup-cloud\\\/#primaryimage\"},\"thumbnailUrl\":\"http:\\\/\\\/infochoice.com.br\\\/site\\\/wp-content\\\/uploads\\\/2020\\\/06\\\/fale_com_um_especialista.png\",\"datePublished\":\"2020-06-16T18:51:04+00:00\",\"dateModified\":\"2023-10-08T14:15:41+00:00\",\"description\":\"Backup Cloud.\",\"breadcrumb\":{\"@id\":\"https:\\\/\\\/infochoice.com.br\\\/site\\\/index.php\\\/backup-cloud\\\/#breadcrumb\"},\"inLanguage\":\"pt-BR\",\"potentialAction\":[{\"@type\":\"ReadAction\",\"target\":[\"https:\\\/\\\/infochoice.com.br\\\/site\\\/index.php\\\/backup-cloud\\\/\"]}]},{\"@type\":\"ImageObject\",\"inLanguage\":\"pt-BR\",\"@id\":\"https:\\\/\\\/infochoice.com.br\\\/site\\\/index.php\\\/backup-cloud\\\/#primaryimage\",\"url\":\"https:\\\/\\\/infochoice.com.br\\\/site\\\/wp-content\\\/uploads\\\/2020\\\/06\\\/fale_com_um_especialista.png\",\"contentUrl\":\"https:\\\/\\\/infochoice.com.br\\\/site\\\/wp-content\\\/uploads\\\/2020\\\/06\\\/fale_com_um_especialista.png\",\"width\":290,\"height\":51},{\"@type\":\"BreadcrumbList\",\"@id\":\"https:\\\/\\\/infochoice.com.br\\\/site\\\/index.php\\\/backup-cloud\\\/#breadcrumb\",\"itemListElement\":[{\"@type\":\"ListItem\",\"position\":1,\"name\":\"Home\",\"item\":\"https:\\\/\\\/infochoice.com.br\\\/site\\\/\"},{\"@type\":\"ListItem\",\"position\":2,\"name\":\"Backup Cloud\"}]},{\"@type\":\"WebSite\",\"@id\":\"https:\\\/\\\/infochoice.com.br\\\/site\\\/#website\",\"url\":\"https:\\\/\\\/infochoice.com.br\\\/site\\\/\",\"name\":\"InfoChoice Tecnologia\",\"description\":\"Solu\u00e7\u00f5es e decis\u00f5es estrat\u00e9gicas guiadas por confian\u00e7a, prop\u00f3sito e responsabilidade..\",\"publisher\":{\"@id\":\"https:\\\/\\\/infochoice.com.br\\\/site\\\/#organization\"},\"alternateName\":\"InfoChoice Tecnologia\",\"potentialAction\":[{\"@type\":\"SearchAction\",\"target\":{\"@type\":\"EntryPoint\",\"urlTemplate\":\"https:\\\/\\\/infochoice.com.br\\\/site\\\/?s={search_term_string}\"},\"query-input\":{\"@type\":\"PropertyValueSpecification\",\"valueRequired\":true,\"valueName\":\"search_term_string\"}}],\"inLanguage\":\"pt-BR\"},{\"@type\":\"Organization\",\"@id\":\"https:\\\/\\\/infochoice.com.br\\\/site\\\/#organization\",\"name\":\"InfoChoice\",\"alternateName\":\"InfoChoice Tecnologia\",\"url\":\"https:\\\/\\\/infochoice.com.br\\\/site\\\/\",\"logo\":{\"@type\":\"ImageObject\",\"inLanguage\":\"pt-BR\",\"@id\":\"https:\\\/\\\/infochoice.com.br\\\/site\\\/#\\\/schema\\\/logo\\\/image\\\/\",\"url\":\"https:\\\/\\\/i0.wp.com\\\/infochoice.com.br\\\/site\\\/wp-content\\\/uploads\\\/2023\\\/10\\\/infochoice_ico.png?fit=215%2C219&ssl=1\",\"contentUrl\":\"https:\\\/\\\/i0.wp.com\\\/infochoice.com.br\\\/site\\\/wp-content\\\/uploads\\\/2023\\\/10\\\/infochoice_ico.png?fit=215%2C219&ssl=1\",\"width\":215,\"height\":219,\"caption\":\"InfoChoice\"},\"image\":{\"@id\":\"https:\\\/\\\/infochoice.com.br\\\/site\\\/#\\\/schema\\\/logo\\\/image\\\/\"},\"sameAs\":[\"https:\\\/\\\/www.facebook.com\\\/infochoicetecnologia\",\"https:\\\/\\\/x.com\\\/infochoicetecnologia\",\"https:\\\/\\\/www.instagram.com\\\/infochoicetecnologia\",\"https:\\\/\\\/www.youtube.com\\\/infochoicetecnologia\",\"https:\\\/\\\/www.linkedin.com\\\/infochoicetecnologia\"]}]}<\/script>\n<!-- \/ Yoast SEO plugin. -->","yoast_head_json":{"title":"Backup Cloud - InfoChoice Tecnologia","description":"Backup Cloud.","robots":{"index":"index","follow":"follow","max-snippet":"max-snippet:-1","max-image-preview":"max-image-preview:large","max-video-preview":"max-video-preview:-1"},"canonical":"https:\/\/infochoice.com.br\/site\/index.php\/backup-cloud\/","og_locale":"pt_BR","og_type":"article","og_title":"Backup Cloud - InfoChoice Tecnologia","og_description":"Backup Cloud.","og_url":"https:\/\/infochoice.com.br\/site\/index.php\/backup-cloud\/","og_site_name":"InfoChoice Tecnologia","article_publisher":"https:\/\/www.facebook.com\/infochoicetecnologia","article_modified_time":"2023-10-08T14:15:41+00:00","og_image":[{"url":"http:\/\/infochoice.com.br\/site\/wp-content\/uploads\/2020\/06\/fale_com_um_especialista.png","type":"","width":"","height":""}],"twitter_card":"summary_large_image","twitter_site":"@infochoicetecnologia","twitter_misc":{"Est. tempo de leitura":"1 minuto"},"schema":{"@context":"https:\/\/schema.org","@graph":[{"@type":"WebPage","@id":"https:\/\/infochoice.com.br\/site\/index.php\/backup-cloud\/","url":"https:\/\/infochoice.com.br\/site\/index.php\/backup-cloud\/","name":"Backup Cloud - InfoChoice Tecnologia","isPartOf":{"@id":"https:\/\/infochoice.com.br\/site\/#website"},"primaryImageOfPage":{"@id":"https:\/\/infochoice.com.br\/site\/index.php\/backup-cloud\/#primaryimage"},"image":{"@id":"https:\/\/infochoice.com.br\/site\/index.php\/backup-cloud\/#primaryimage"},"thumbnailUrl":"http:\/\/infochoice.com.br\/site\/wp-content\/uploads\/2020\/06\/fale_com_um_especialista.png","datePublished":"2020-06-16T18:51:04+00:00","dateModified":"2023-10-08T14:15:41+00:00","description":"Backup Cloud.","breadcrumb":{"@id":"https:\/\/infochoice.com.br\/site\/index.php\/backup-cloud\/#breadcrumb"},"inLanguage":"pt-BR","potentialAction":[{"@type":"ReadAction","target":["https:\/\/infochoice.com.br\/site\/index.php\/backup-cloud\/"]}]},{"@type":"ImageObject","inLanguage":"pt-BR","@id":"https:\/\/infochoice.com.br\/site\/index.php\/backup-cloud\/#primaryimage","url":"https:\/\/infochoice.com.br\/site\/wp-content\/uploads\/2020\/06\/fale_com_um_especialista.png","contentUrl":"https:\/\/infochoice.com.br\/site\/wp-content\/uploads\/2020\/06\/fale_com_um_especialista.png","width":290,"height":51},{"@type":"BreadcrumbList","@id":"https:\/\/infochoice.com.br\/site\/index.php\/backup-cloud\/#breadcrumb","itemListElement":[{"@type":"ListItem","position":1,"name":"Home","item":"https:\/\/infochoice.com.br\/site\/"},{"@type":"ListItem","position":2,"name":"Backup Cloud"}]},{"@type":"WebSite","@id":"https:\/\/infochoice.com.br\/site\/#website","url":"https:\/\/infochoice.com.br\/site\/","name":"InfoChoice Tecnologia","description":"Solu\u00e7\u00f5es e decis\u00f5es estrat\u00e9gicas guiadas por confian\u00e7a, prop\u00f3sito e responsabilidade..","publisher":{"@id":"https:\/\/infochoice.com.br\/site\/#organization"},"alternateName":"InfoChoice Tecnologia","potentialAction":[{"@type":"SearchAction","target":{"@type":"EntryPoint","urlTemplate":"https:\/\/infochoice.com.br\/site\/?s={search_term_string}"},"query-input":{"@type":"PropertyValueSpecification","valueRequired":true,"valueName":"search_term_string"}}],"inLanguage":"pt-BR"},{"@type":"Organization","@id":"https:\/\/infochoice.com.br\/site\/#organization","name":"InfoChoice","alternateName":"InfoChoice Tecnologia","url":"https:\/\/infochoice.com.br\/site\/","logo":{"@type":"ImageObject","inLanguage":"pt-BR","@id":"https:\/\/infochoice.com.br\/site\/#\/schema\/logo\/image\/","url":"https:\/\/i0.wp.com\/infochoice.com.br\/site\/wp-content\/uploads\/2023\/10\/infochoice_ico.png?fit=215%2C219&ssl=1","contentUrl":"https:\/\/i0.wp.com\/infochoice.com.br\/site\/wp-content\/uploads\/2023\/10\/infochoice_ico.png?fit=215%2C219&ssl=1","width":215,"height":219,"caption":"InfoChoice"},"image":{"@id":"https:\/\/infochoice.com.br\/site\/#\/schema\/logo\/image\/"},"sameAs":["https:\/\/www.facebook.com\/infochoicetecnologia","https:\/\/x.com\/infochoicetecnologia","https:\/\/www.instagram.com\/infochoicetecnologia","https:\/\/www.youtube.com\/infochoicetecnologia","https:\/\/www.linkedin.com\/infochoicetecnologia"]}]}},"_links":{"self":[{"href":"https:\/\/infochoice.com.br\/site\/index.php\/wp-json\/wp\/v2\/pages\/431","targetHints":{"allow":["GET"]}}],"collection":[{"href":"https:\/\/infochoice.com.br\/site\/index.php\/wp-json\/wp\/v2\/pages"}],"about":[{"href":"https:\/\/infochoice.com.br\/site\/index.php\/wp-json\/wp\/v2\/types\/page"}],"author":[{"embeddable":true,"href":"https:\/\/infochoice.com.br\/site\/index.php\/wp-json\/wp\/v2\/users\/1"}],"replies":[{"embeddable":true,"href":"https:\/\/infochoice.com.br\/site\/index.php\/wp-json\/wp\/v2\/comments?post=431"}],"version-history":[{"count":4,"href":"https:\/\/infochoice.com.br\/site\/index.php\/wp-json\/wp\/v2\/pages\/431\/revisions"}],"predecessor-version":[{"id":939,"href":"https:\/\/infochoice.com.br\/site\/index.php\/wp-json\/wp\/v2\/pages\/431\/revisions\/939"}],"wp:attachment":[{"href":"https:\/\/infochoice.com.br\/site\/index.php\/wp-json\/wp\/v2\/media?parent=431"}],"curies":[{"name":"wp","href":"https:\/\/api.w.org\/{rel}","templated":true}]}}