{"id":433,"date":"2020-06-16T15:51:32","date_gmt":"2020-06-16T18:51:32","guid":{"rendered":"http:\/\/infochoice.com.br\/site\/?page_id=433"},"modified":"2023-10-08T11:16:42","modified_gmt":"2023-10-08T14:16:42","slug":"pabx-cloud","status":"publish","type":"page","link":"https:\/\/infochoice.com.br\/site\/index.php\/pabx-cloud\/","title":{"rendered":"PABX Cloud"},"content":{"rendered":"<p><!-- Google tag (gtag.js) --><br \/>\n<script async src=\"https:\/\/www.googletagmanager.com\/gtag\/js?id=G-FHSZNHR1FT\"><\/script><br \/>\n<script><br \/>\n  window.dataLayer = window.dataLayer || [];<br \/>\n  function gtag(){dataLayer.push(arguments);}<br \/>\n  gtag('js', new Date());<\/p>\n<p>  gtag('config', 'G-FHSZNHR1FT');<br \/>\n<\/script><\/p>\n<div class=\"h-global-transition-all h-heading style-1833 style-local-637-c61 position-relative h-element\" data-colibri-id=\"637-c61\">\n<h4 class=\"\">J\u00c1 IMAGINOU SUA EMPRESA SEM COMUNICA\u00c7\u00c3O? INVISTA EM PABX CLOUD!<\/h4>\n<\/div>\n<div class=\"h-global-transition-all h-heading style-1834 style-local-637-c62 position-relative h-element\" data-colibri-id=\"637-c62\">\n<h3 class=\"\">PABX Cloud, comunica\u00e7\u00e3o atrav\u00e9s de qualquer device.<\/h3>\n<\/div>\n<div class=\"h-text h-text-component style-1835 style-local-637-c63 position-relative h-element\" data-colibri-id=\"637-c63\">\n<div class=\"\">\n<p>Como seria gerir departamentos e neg\u00f3cios sem um processo de comunica\u00e7\u00e3o eficaz? Toneladas de dados chegam a todo momento nas empresas e de diversas formas, via celulares, tablets, telefones, e-mail, etc., mas qual \u00e9 o melhor processo para organizar todas estas informa\u00e7\u00f5es?<\/p>\n<p>Em um mercado cada vez mais competitivo, agilidade e efic\u00e1cia no gerenciamento das informa\u00e7\u00f5es significa estar um passo \u00e0 frente da concorr\u00eancia e com a comunica\u00e7\u00e3o unificada (UC) na nuvem \u00e9 poss\u00edvel integrar todos os sistemas e facilitar o processo de comunica\u00e7\u00e3o. Um dos principais objetivos da UC, al\u00e9m de facilitar o gerenciamento, \u00e9 permitir que os colaboradores tenham acesso a informa\u00e7\u00f5es da sua empresa atrav\u00e9s de qualquer dispositivo, lugar ou at\u00e9 mesmo plataforma.<\/p>\n<p>Integra\u00e7\u00e3o da equipe realizada atrav\u00e9s de home office, acesso remoto, mobile, aplica\u00e7\u00f5es em Cloud Computing e outras ferramentas de comunica\u00e7\u00e3o. Tenha sua equipe sempre integrada e colaborativa, seja com os colegas de trabalho ou com clientes.<\/p>\n<p><img loading=\"lazy\" decoding=\"async\" class=\"alignnone wp-image-475 size-large\" src=\"http:\/\/infochoice.com.br\/site\/wp-content\/uploads\/2020\/06\/avaya_pabx_cloud-1024x768.jpg\" alt=\"\" width=\"640\" height=\"480\" srcset=\"https:\/\/infochoice.com.br\/site\/wp-content\/uploads\/2020\/06\/avaya_pabx_cloud-1024x768.jpg 1024w, https:\/\/infochoice.com.br\/site\/wp-content\/uploads\/2020\/06\/avaya_pabx_cloud-300x225.jpg 300w, https:\/\/infochoice.com.br\/site\/wp-content\/uploads\/2020\/06\/avaya_pabx_cloud-768x576.jpg 768w, https:\/\/infochoice.com.br\/site\/wp-content\/uploads\/2020\/06\/avaya_pabx_cloud.jpg 1280w\" sizes=\"auto, (max-width: 640px) 100vw, 640px\" \/><\/p>\n<p><img loading=\"lazy\" decoding=\"async\" class=\"alignnone wp-image-477\" src=\"http:\/\/infochoice.com.br\/site\/wp-content\/uploads\/2020\/06\/pabx_1.png\" alt=\"\" width=\"613\" height=\"338\" srcset=\"https:\/\/infochoice.com.br\/site\/wp-content\/uploads\/2020\/06\/pabx_1.png 613w, https:\/\/infochoice.com.br\/site\/wp-content\/uploads\/2020\/06\/pabx_1-300x165.png 300w\" sizes=\"auto, (max-width: 613px) 100vw, 613px\" \/> <img loading=\"lazy\" decoding=\"async\" class=\"alignnone wp-image-478\" src=\"http:\/\/infochoice.com.br\/site\/wp-content\/uploads\/2020\/06\/pabx_2.png\" alt=\"\" width=\"615\" height=\"339\" srcset=\"https:\/\/infochoice.com.br\/site\/wp-content\/uploads\/2020\/06\/pabx_2.png 615w, https:\/\/infochoice.com.br\/site\/wp-content\/uploads\/2020\/06\/pabx_2-300x165.png 300w\" sizes=\"auto, (max-width: 615px) 100vw, 615px\" \/><\/p>\n<p><a href=\"https:\/\/infochoice.com.br\/site\/index.php\/contato\/\"><img loading=\"lazy\" decoding=\"async\" class=\"alignnone wp-image-418\" src=\"http:\/\/infochoice.com.br\/site\/wp-content\/uploads\/2020\/06\/fale_com_um_especialista.png\" alt=\"\" width=\"290\" height=\"51\" \/><\/a><\/p>\n<\/div>\n<\/div>\n","protected":false},"excerpt":{"rendered":"<p>J\u00c1 IMAGINOU SUA EMPRESA SEM COMUNICA\u00c7\u00c3O? INVISTA EM PABX CLOUD! PABX Cloud, comunica\u00e7\u00e3o atrav\u00e9s de qualquer device. Como seria gerir departamentos e neg\u00f3cios sem um processo de comunica\u00e7\u00e3o eficaz? Toneladas de dados chegam a todo momento nas empresas e de diversas formas, via celulares, tablets, telefones, e-mail, etc., mas qual \u00e9 o melhor processo para [&hellip;]<\/p>\n","protected":false},"author":1,"featured_media":0,"parent":0,"menu_order":0,"comment_status":"closed","ping_status":"closed","template":"","meta":{"footnotes":""},"class_list":["post-433","page","type-page","status-publish","hentry"],"yoast_head":"<!-- This site is optimized with the Yoast SEO plugin v27.6 - https:\/\/yoast.com\/product\/yoast-seo-wordpress\/ -->\n<title>PABX Cloud - InfoChoice Tecnologia<\/title>\n<meta name=\"description\" content=\"Em um mercado cada vez mais competitivo, agilidade e efic\u00e1cia no gerenciamento das informa\u00e7\u00f5es significa estar um passo \u00e0 frente da concorr\u00eancia e com a comunica\u00e7\u00e3o unificada (UC) na nuvem \u00e9 poss\u00edvel integrar todos os sistemas e facilitar o processo de comunica\u00e7\u00e3o.\" \/>\n<meta name=\"robots\" content=\"index, follow, max-snippet:-1, max-image-preview:large, max-video-preview:-1\" \/>\n<link rel=\"canonical\" href=\"https:\/\/infochoice.com.br\/site\/index.php\/pabx-cloud\/\" \/>\n<meta property=\"og:locale\" content=\"pt_BR\" \/>\n<meta property=\"og:type\" content=\"article\" \/>\n<meta property=\"og:title\" content=\"PABX Cloud - InfoChoice Tecnologia\" \/>\n<meta property=\"og:description\" content=\"Em um mercado cada vez mais competitivo, agilidade e efic\u00e1cia no gerenciamento das informa\u00e7\u00f5es significa estar um passo \u00e0 frente da concorr\u00eancia e com a comunica\u00e7\u00e3o unificada (UC) na nuvem \u00e9 poss\u00edvel integrar todos os sistemas e facilitar o processo de comunica\u00e7\u00e3o.\" \/>\n<meta property=\"og:url\" content=\"https:\/\/infochoice.com.br\/site\/index.php\/pabx-cloud\/\" \/>\n<meta property=\"og:site_name\" content=\"InfoChoice Tecnologia\" \/>\n<meta property=\"article:publisher\" content=\"https:\/\/www.facebook.com\/infochoicetecnologia\" \/>\n<meta property=\"article:modified_time\" content=\"2023-10-08T14:16:42+00:00\" \/>\n<meta property=\"og:image\" content=\"http:\/\/infochoice.com.br\/site\/wp-content\/uploads\/2020\/06\/avaya_pabx_cloud-1024x768.jpg\" \/>\n<meta name=\"twitter:card\" content=\"summary_large_image\" \/>\n<meta name=\"twitter:site\" content=\"@infochoicetecnologia\" \/>\n<meta name=\"twitter:label1\" content=\"Est. tempo de leitura\" \/>\n\t<meta name=\"twitter:data1\" content=\"2 minutos\" \/>\n<script type=\"application\/ld+json\" class=\"yoast-schema-graph\">{\"@context\":\"https:\\\/\\\/schema.org\",\"@graph\":[{\"@type\":\"WebPage\",\"@id\":\"https:\\\/\\\/infochoice.com.br\\\/site\\\/index.php\\\/pabx-cloud\\\/\",\"url\":\"https:\\\/\\\/infochoice.com.br\\\/site\\\/index.php\\\/pabx-cloud\\\/\",\"name\":\"PABX Cloud - InfoChoice Tecnologia\",\"isPartOf\":{\"@id\":\"https:\\\/\\\/infochoice.com.br\\\/site\\\/#website\"},\"primaryImageOfPage\":{\"@id\":\"https:\\\/\\\/infochoice.com.br\\\/site\\\/index.php\\\/pabx-cloud\\\/#primaryimage\"},\"image\":{\"@id\":\"https:\\\/\\\/infochoice.com.br\\\/site\\\/index.php\\\/pabx-cloud\\\/#primaryimage\"},\"thumbnailUrl\":\"http:\\\/\\\/infochoice.com.br\\\/site\\\/wp-content\\\/uploads\\\/2020\\\/06\\\/avaya_pabx_cloud-1024x768.jpg\",\"datePublished\":\"2020-06-16T18:51:32+00:00\",\"dateModified\":\"2023-10-08T14:16:42+00:00\",\"description\":\"Em um mercado cada vez mais competitivo, agilidade e efic\u00e1cia no gerenciamento das informa\u00e7\u00f5es significa estar um passo \u00e0 frente da concorr\u00eancia e com a comunica\u00e7\u00e3o unificada (UC) na nuvem \u00e9 poss\u00edvel integrar todos os sistemas e facilitar o processo de comunica\u00e7\u00e3o.\",\"breadcrumb\":{\"@id\":\"https:\\\/\\\/infochoice.com.br\\\/site\\\/index.php\\\/pabx-cloud\\\/#breadcrumb\"},\"inLanguage\":\"pt-BR\",\"potentialAction\":[{\"@type\":\"ReadAction\",\"target\":[\"https:\\\/\\\/infochoice.com.br\\\/site\\\/index.php\\\/pabx-cloud\\\/\"]}]},{\"@type\":\"ImageObject\",\"inLanguage\":\"pt-BR\",\"@id\":\"https:\\\/\\\/infochoice.com.br\\\/site\\\/index.php\\\/pabx-cloud\\\/#primaryimage\",\"url\":\"https:\\\/\\\/infochoice.com.br\\\/site\\\/wp-content\\\/uploads\\\/2020\\\/06\\\/avaya_pabx_cloud.jpg\",\"contentUrl\":\"https:\\\/\\\/infochoice.com.br\\\/site\\\/wp-content\\\/uploads\\\/2020\\\/06\\\/avaya_pabx_cloud.jpg\",\"width\":1280,\"height\":960},{\"@type\":\"BreadcrumbList\",\"@id\":\"https:\\\/\\\/infochoice.com.br\\\/site\\\/index.php\\\/pabx-cloud\\\/#breadcrumb\",\"itemListElement\":[{\"@type\":\"ListItem\",\"position\":1,\"name\":\"Home\",\"item\":\"https:\\\/\\\/infochoice.com.br\\\/site\\\/\"},{\"@type\":\"ListItem\",\"position\":2,\"name\":\"PABX Cloud\"}]},{\"@type\":\"WebSite\",\"@id\":\"https:\\\/\\\/infochoice.com.br\\\/site\\\/#website\",\"url\":\"https:\\\/\\\/infochoice.com.br\\\/site\\\/\",\"name\":\"InfoChoice Tecnologia\",\"description\":\"Solu\u00e7\u00f5es e decis\u00f5es estrat\u00e9gicas guiadas por confian\u00e7a, prop\u00f3sito e responsabilidade..\",\"publisher\":{\"@id\":\"https:\\\/\\\/infochoice.com.br\\\/site\\\/#organization\"},\"alternateName\":\"InfoChoice Tecnologia\",\"potentialAction\":[{\"@type\":\"SearchAction\",\"target\":{\"@type\":\"EntryPoint\",\"urlTemplate\":\"https:\\\/\\\/infochoice.com.br\\\/site\\\/?s={search_term_string}\"},\"query-input\":{\"@type\":\"PropertyValueSpecification\",\"valueRequired\":true,\"valueName\":\"search_term_string\"}}],\"inLanguage\":\"pt-BR\"},{\"@type\":\"Organization\",\"@id\":\"https:\\\/\\\/infochoice.com.br\\\/site\\\/#organization\",\"name\":\"InfoChoice\",\"alternateName\":\"InfoChoice Tecnologia\",\"url\":\"https:\\\/\\\/infochoice.com.br\\\/site\\\/\",\"logo\":{\"@type\":\"ImageObject\",\"inLanguage\":\"pt-BR\",\"@id\":\"https:\\\/\\\/infochoice.com.br\\\/site\\\/#\\\/schema\\\/logo\\\/image\\\/\",\"url\":\"https:\\\/\\\/i0.wp.com\\\/infochoice.com.br\\\/site\\\/wp-content\\\/uploads\\\/2023\\\/10\\\/infochoice_ico.png?fit=215%2C219&ssl=1\",\"contentUrl\":\"https:\\\/\\\/i0.wp.com\\\/infochoice.com.br\\\/site\\\/wp-content\\\/uploads\\\/2023\\\/10\\\/infochoice_ico.png?fit=215%2C219&ssl=1\",\"width\":215,\"height\":219,\"caption\":\"InfoChoice\"},\"image\":{\"@id\":\"https:\\\/\\\/infochoice.com.br\\\/site\\\/#\\\/schema\\\/logo\\\/image\\\/\"},\"sameAs\":[\"https:\\\/\\\/www.facebook.com\\\/infochoicetecnologia\",\"https:\\\/\\\/x.com\\\/infochoicetecnologia\",\"https:\\\/\\\/www.instagram.com\\\/infochoicetecnologia\",\"https:\\\/\\\/www.youtube.com\\\/infochoicetecnologia\",\"https:\\\/\\\/www.linkedin.com\\\/infochoicetecnologia\"]}]}<\/script>\n<!-- \/ Yoast SEO plugin. -->","yoast_head_json":{"title":"PABX Cloud - InfoChoice Tecnologia","description":"Em um mercado cada vez mais competitivo, agilidade e efic\u00e1cia no gerenciamento das informa\u00e7\u00f5es significa estar um passo \u00e0 frente da concorr\u00eancia e com a comunica\u00e7\u00e3o unificada (UC) na nuvem \u00e9 poss\u00edvel integrar todos os sistemas e facilitar o processo de comunica\u00e7\u00e3o.","robots":{"index":"index","follow":"follow","max-snippet":"max-snippet:-1","max-image-preview":"max-image-preview:large","max-video-preview":"max-video-preview:-1"},"canonical":"https:\/\/infochoice.com.br\/site\/index.php\/pabx-cloud\/","og_locale":"pt_BR","og_type":"article","og_title":"PABX Cloud - InfoChoice Tecnologia","og_description":"Em um mercado cada vez mais competitivo, agilidade e efic\u00e1cia no gerenciamento das informa\u00e7\u00f5es significa estar um passo \u00e0 frente da concorr\u00eancia e com a comunica\u00e7\u00e3o unificada (UC) na nuvem \u00e9 poss\u00edvel integrar todos os sistemas e facilitar o processo de comunica\u00e7\u00e3o.","og_url":"https:\/\/infochoice.com.br\/site\/index.php\/pabx-cloud\/","og_site_name":"InfoChoice Tecnologia","article_publisher":"https:\/\/www.facebook.com\/infochoicetecnologia","article_modified_time":"2023-10-08T14:16:42+00:00","og_image":[{"url":"http:\/\/infochoice.com.br\/site\/wp-content\/uploads\/2020\/06\/avaya_pabx_cloud-1024x768.jpg","type":"","width":"","height":""}],"twitter_card":"summary_large_image","twitter_site":"@infochoicetecnologia","twitter_misc":{"Est. tempo de leitura":"2 minutos"},"schema":{"@context":"https:\/\/schema.org","@graph":[{"@type":"WebPage","@id":"https:\/\/infochoice.com.br\/site\/index.php\/pabx-cloud\/","url":"https:\/\/infochoice.com.br\/site\/index.php\/pabx-cloud\/","name":"PABX Cloud - InfoChoice Tecnologia","isPartOf":{"@id":"https:\/\/infochoice.com.br\/site\/#website"},"primaryImageOfPage":{"@id":"https:\/\/infochoice.com.br\/site\/index.php\/pabx-cloud\/#primaryimage"},"image":{"@id":"https:\/\/infochoice.com.br\/site\/index.php\/pabx-cloud\/#primaryimage"},"thumbnailUrl":"http:\/\/infochoice.com.br\/site\/wp-content\/uploads\/2020\/06\/avaya_pabx_cloud-1024x768.jpg","datePublished":"2020-06-16T18:51:32+00:00","dateModified":"2023-10-08T14:16:42+00:00","description":"Em um mercado cada vez mais competitivo, agilidade e efic\u00e1cia no gerenciamento das informa\u00e7\u00f5es significa estar um passo \u00e0 frente da concorr\u00eancia e com a comunica\u00e7\u00e3o unificada (UC) na nuvem \u00e9 poss\u00edvel integrar todos os sistemas e facilitar o processo de comunica\u00e7\u00e3o.","breadcrumb":{"@id":"https:\/\/infochoice.com.br\/site\/index.php\/pabx-cloud\/#breadcrumb"},"inLanguage":"pt-BR","potentialAction":[{"@type":"ReadAction","target":["https:\/\/infochoice.com.br\/site\/index.php\/pabx-cloud\/"]}]},{"@type":"ImageObject","inLanguage":"pt-BR","@id":"https:\/\/infochoice.com.br\/site\/index.php\/pabx-cloud\/#primaryimage","url":"https:\/\/infochoice.com.br\/site\/wp-content\/uploads\/2020\/06\/avaya_pabx_cloud.jpg","contentUrl":"https:\/\/infochoice.com.br\/site\/wp-content\/uploads\/2020\/06\/avaya_pabx_cloud.jpg","width":1280,"height":960},{"@type":"BreadcrumbList","@id":"https:\/\/infochoice.com.br\/site\/index.php\/pabx-cloud\/#breadcrumb","itemListElement":[{"@type":"ListItem","position":1,"name":"Home","item":"https:\/\/infochoice.com.br\/site\/"},{"@type":"ListItem","position":2,"name":"PABX Cloud"}]},{"@type":"WebSite","@id":"https:\/\/infochoice.com.br\/site\/#website","url":"https:\/\/infochoice.com.br\/site\/","name":"InfoChoice Tecnologia","description":"Solu\u00e7\u00f5es e decis\u00f5es estrat\u00e9gicas guiadas por confian\u00e7a, prop\u00f3sito e responsabilidade..","publisher":{"@id":"https:\/\/infochoice.com.br\/site\/#organization"},"alternateName":"InfoChoice Tecnologia","potentialAction":[{"@type":"SearchAction","target":{"@type":"EntryPoint","urlTemplate":"https:\/\/infochoice.com.br\/site\/?s={search_term_string}"},"query-input":{"@type":"PropertyValueSpecification","valueRequired":true,"valueName":"search_term_string"}}],"inLanguage":"pt-BR"},{"@type":"Organization","@id":"https:\/\/infochoice.com.br\/site\/#organization","name":"InfoChoice","alternateName":"InfoChoice Tecnologia","url":"https:\/\/infochoice.com.br\/site\/","logo":{"@type":"ImageObject","inLanguage":"pt-BR","@id":"https:\/\/infochoice.com.br\/site\/#\/schema\/logo\/image\/","url":"https:\/\/i0.wp.com\/infochoice.com.br\/site\/wp-content\/uploads\/2023\/10\/infochoice_ico.png?fit=215%2C219&ssl=1","contentUrl":"https:\/\/i0.wp.com\/infochoice.com.br\/site\/wp-content\/uploads\/2023\/10\/infochoice_ico.png?fit=215%2C219&ssl=1","width":215,"height":219,"caption":"InfoChoice"},"image":{"@id":"https:\/\/infochoice.com.br\/site\/#\/schema\/logo\/image\/"},"sameAs":["https:\/\/www.facebook.com\/infochoicetecnologia","https:\/\/x.com\/infochoicetecnologia","https:\/\/www.instagram.com\/infochoicetecnologia","https:\/\/www.youtube.com\/infochoicetecnologia","https:\/\/www.linkedin.com\/infochoicetecnologia"]}]}},"_links":{"self":[{"href":"https:\/\/infochoice.com.br\/site\/index.php\/wp-json\/wp\/v2\/pages\/433","targetHints":{"allow":["GET"]}}],"collection":[{"href":"https:\/\/infochoice.com.br\/site\/index.php\/wp-json\/wp\/v2\/pages"}],"about":[{"href":"https:\/\/infochoice.com.br\/site\/index.php\/wp-json\/wp\/v2\/types\/page"}],"author":[{"embeddable":true,"href":"https:\/\/infochoice.com.br\/site\/index.php\/wp-json\/wp\/v2\/users\/1"}],"replies":[{"embeddable":true,"href":"https:\/\/infochoice.com.br\/site\/index.php\/wp-json\/wp\/v2\/comments?post=433"}],"version-history":[{"count":6,"href":"https:\/\/infochoice.com.br\/site\/index.php\/wp-json\/wp\/v2\/pages\/433\/revisions"}],"predecessor-version":[{"id":2368,"href":"https:\/\/infochoice.com.br\/site\/index.php\/wp-json\/wp\/v2\/pages\/433\/revisions\/2368"}],"wp:attachment":[{"href":"https:\/\/infochoice.com.br\/site\/index.php\/wp-json\/wp\/v2\/media?parent=433"}],"curies":[{"name":"wp","href":"https:\/\/api.w.org\/{rel}","templated":true}]}}