{"id":448,"date":"2020-06-16T16:00:46","date_gmt":"2020-06-16T19:00:46","guid":{"rendered":"http:\/\/infochoice.com.br\/site\/?page_id=448"},"modified":"2023-10-08T11:18:49","modified_gmt":"2023-10-08T14:18:49","slug":"virtual-desktop","status":"publish","type":"page","link":"https:\/\/infochoice.com.br\/site\/index.php\/virtual-desktop\/","title":{"rendered":"Virtual Desktop"},"content":{"rendered":"<p><!-- Google tag (gtag.js) --><br \/>\n<script async src=\"https:\/\/www.googletagmanager.com\/gtag\/js?id=G-FHSZNHR1FT\"><\/script><br \/>\n<script><br \/>\n  window.dataLayer = window.dataLayer || [];<br \/>\n  function gtag(){dataLayer.push(arguments);}<br \/>\n  gtag('js', new Date());<\/p>\n<p>  gtag('config', 'G-FHSZNHR1FT');<br \/>\n<\/script><br \/>\nCom o virtual desktop, todos os dados,\u00a0<b>processos e aplica\u00e7\u00f5es<\/b>\u00a0<b>s\u00e3o centralizados<\/b>\u00a0em apenas um dashboard. O que facilita e torna a ferramenta mais intuitiva e completa.<\/p>\n<p>Essa \u00e9 uma das principais solu\u00e7\u00f5es quando se fala em como aumentar a produtividade dos times atuando em home office, al\u00e9m de tamb\u00e9m melhorar a seguran\u00e7a de dados da companhia.<\/p>\n<p>Ainda que todas essas solu\u00e7\u00f5es impactem a produtividade dos times, \u00e9 indispens\u00e1vel que haja uma\u00a0<b>gest\u00e3o integrada dos recursos<\/b>, garantindo m\u00e1ximo aproveitamento das ferramentas adotadas.<\/p>\n<p>Essa integra\u00e7\u00e3o tamb\u00e9m reflete a facilidade dos colaboradores em\u00a0<b>inserir essas novas ferramentas nas rotinas di\u00e1rias<\/b>.<\/p>\n<p>Seu desktop corporativo virtualizado com uma incr\u00edvel performance, acess\u00edvel de qualquer lugar!<\/p>\n<p>O Desktop Cloud ou antigamente Virtual Desktop Infrastructure (VDI), \u00e9 uma solu\u00e7\u00e3o f\u00e1cil de gerenciar que permite \u00e0s empresas fornecer aplicativos e desktops com seguran\u00e7a a qualquer dispositivo e em qualquer rede. Al\u00e9m de ser \u00e9 a maneira mais r\u00e1pida de colocar em pr\u00e1tica o plano de conting\u00eancia, proporcionando aumento de produtividade da sua equipe, principalmente com automa\u00e7\u00e3o de processos. Assim sua empresa garante facilidade de acesso e desempenho, em um \u00fanico aplicativo.<\/p>\n<p>Abaixo tr\u00eas benef\u00edcios de implementar uma solu\u00e7\u00e3o de Desktop Cloud:<\/p>\n<p><strong>Mantenha os dados confidenciais seguros<\/strong><\/p>\n<p>Permite que voc\u00ea forne\u00e7a uma experi\u00eancia de espa\u00e7o de trabalho segura em qualquer dispositivo, com maior agilidade de TI, melhor seguran\u00e7a corporativa e maior produtividade do usu\u00e1rio final.<\/p>\n<p><strong>Trabalho seguro e flex\u00edvel remotamente<\/strong><\/p>\n<p>Permita que seus colaboradores trabalhem remotamente de qualquer lugar acessando um desktop virtual corporativo com alta performance e a seguran\u00e7a necess\u00e1ria.<\/p>\n<p>Crie um plano de continuidade de neg\u00f3cios com solu\u00e7\u00f5es em espa\u00e7o de trabalho h\u00edbrido seguro.<\/p>\n<p><strong>Implante recursos seguros da nuvem<\/strong><\/p>\n<p>Simplifique a entrega de aplicativos virtuais e desktops como servi\u00e7o. Fornecendo acesso seguro em qualquer dispositivo e melhorando a continuidade de neg\u00f3cio.<\/p>\n<p><a href=\"https:\/\/infochoice.com.br\/site\/index.php\/contato\/\"><img loading=\"lazy\" decoding=\"async\" class=\"alignnone wp-image-418\" src=\"http:\/\/infochoice.com.br\/site\/wp-content\/uploads\/2020\/06\/fale_com_um_especialista.png\" alt=\"\" width=\"290\" height=\"51\" \/><\/a><\/p>\n","protected":false},"excerpt":{"rendered":"<p>Com o virtual desktop, todos os dados,\u00a0processos e aplica\u00e7\u00f5es\u00a0s\u00e3o centralizados\u00a0em apenas um dashboard. O que facilita e torna a ferramenta mais intuitiva e completa. Essa \u00e9 uma das principais solu\u00e7\u00f5es quando se fala em como aumentar a produtividade dos times atuando em home office, al\u00e9m de tamb\u00e9m melhorar a seguran\u00e7a de dados da companhia. Ainda [&hellip;]<\/p>\n","protected":false},"author":1,"featured_media":0,"parent":0,"menu_order":0,"comment_status":"closed","ping_status":"closed","template":"","meta":{"footnotes":""},"class_list":["post-448","page","type-page","status-publish","hentry"],"yoast_head":"<!-- This site is optimized with the Yoast SEO plugin v27.6 - https:\/\/yoast.com\/product\/yoast-seo-wordpress\/ -->\n<title>Virtual Desktop - InfoChoice Tecnologia<\/title>\n<meta name=\"description\" content=\"Com o virtual desktop, todos os dados,\u00a0processos e aplica\u00e7\u00f5es\u00a0s\u00e3o centralizados\u00a0em apenas um dashboard. O que facilita e torna a ferramenta mais intuitiva e completa.\" \/>\n<meta name=\"robots\" content=\"index, follow, max-snippet:-1, max-image-preview:large, max-video-preview:-1\" \/>\n<link rel=\"canonical\" href=\"https:\/\/infochoice.com.br\/site\/index.php\/virtual-desktop\/\" \/>\n<meta property=\"og:locale\" content=\"pt_BR\" \/>\n<meta property=\"og:type\" content=\"article\" \/>\n<meta property=\"og:title\" content=\"Virtual Desktop - InfoChoice Tecnologia\" \/>\n<meta property=\"og:description\" content=\"Com o virtual desktop, todos os dados,\u00a0processos e aplica\u00e7\u00f5es\u00a0s\u00e3o centralizados\u00a0em apenas um dashboard. O que facilita e torna a ferramenta mais intuitiva e completa.\" \/>\n<meta property=\"og:url\" content=\"https:\/\/infochoice.com.br\/site\/index.php\/virtual-desktop\/\" \/>\n<meta property=\"og:site_name\" content=\"InfoChoice Tecnologia\" \/>\n<meta property=\"article:publisher\" content=\"https:\/\/www.facebook.com\/infochoicetecnologia\" \/>\n<meta property=\"article:modified_time\" content=\"2023-10-08T14:18:49+00:00\" \/>\n<meta property=\"og:image\" content=\"http:\/\/infochoice.com.br\/site\/wp-content\/uploads\/2020\/06\/fale_com_um_especialista.png\" \/>\n<meta name=\"twitter:card\" content=\"summary_large_image\" \/>\n<meta name=\"twitter:site\" content=\"@infochoicetecnologia\" \/>\n<meta name=\"twitter:label1\" content=\"Est. tempo de leitura\" \/>\n\t<meta name=\"twitter:data1\" content=\"2 minutos\" \/>\n<script type=\"application\/ld+json\" class=\"yoast-schema-graph\">{\"@context\":\"https:\\\/\\\/schema.org\",\"@graph\":[{\"@type\":\"WebPage\",\"@id\":\"https:\\\/\\\/infochoice.com.br\\\/site\\\/index.php\\\/virtual-desktop\\\/\",\"url\":\"https:\\\/\\\/infochoice.com.br\\\/site\\\/index.php\\\/virtual-desktop\\\/\",\"name\":\"Virtual Desktop - InfoChoice Tecnologia\",\"isPartOf\":{\"@id\":\"https:\\\/\\\/infochoice.com.br\\\/site\\\/#website\"},\"primaryImageOfPage\":{\"@id\":\"https:\\\/\\\/infochoice.com.br\\\/site\\\/index.php\\\/virtual-desktop\\\/#primaryimage\"},\"image\":{\"@id\":\"https:\\\/\\\/infochoice.com.br\\\/site\\\/index.php\\\/virtual-desktop\\\/#primaryimage\"},\"thumbnailUrl\":\"http:\\\/\\\/infochoice.com.br\\\/site\\\/wp-content\\\/uploads\\\/2020\\\/06\\\/fale_com_um_especialista.png\",\"datePublished\":\"2020-06-16T19:00:46+00:00\",\"dateModified\":\"2023-10-08T14:18:49+00:00\",\"description\":\"Com o virtual desktop, todos os dados,\u00a0processos e aplica\u00e7\u00f5es\u00a0s\u00e3o centralizados\u00a0em apenas um dashboard. O que facilita e torna a ferramenta mais intuitiva e completa.\",\"breadcrumb\":{\"@id\":\"https:\\\/\\\/infochoice.com.br\\\/site\\\/index.php\\\/virtual-desktop\\\/#breadcrumb\"},\"inLanguage\":\"pt-BR\",\"potentialAction\":[{\"@type\":\"ReadAction\",\"target\":[\"https:\\\/\\\/infochoice.com.br\\\/site\\\/index.php\\\/virtual-desktop\\\/\"]}]},{\"@type\":\"ImageObject\",\"inLanguage\":\"pt-BR\",\"@id\":\"https:\\\/\\\/infochoice.com.br\\\/site\\\/index.php\\\/virtual-desktop\\\/#primaryimage\",\"url\":\"https:\\\/\\\/infochoice.com.br\\\/site\\\/wp-content\\\/uploads\\\/2020\\\/06\\\/fale_com_um_especialista.png\",\"contentUrl\":\"https:\\\/\\\/infochoice.com.br\\\/site\\\/wp-content\\\/uploads\\\/2020\\\/06\\\/fale_com_um_especialista.png\",\"width\":290,\"height\":51},{\"@type\":\"BreadcrumbList\",\"@id\":\"https:\\\/\\\/infochoice.com.br\\\/site\\\/index.php\\\/virtual-desktop\\\/#breadcrumb\",\"itemListElement\":[{\"@type\":\"ListItem\",\"position\":1,\"name\":\"Home\",\"item\":\"https:\\\/\\\/infochoice.com.br\\\/site\\\/\"},{\"@type\":\"ListItem\",\"position\":2,\"name\":\"Virtual Desktop\"}]},{\"@type\":\"WebSite\",\"@id\":\"https:\\\/\\\/infochoice.com.br\\\/site\\\/#website\",\"url\":\"https:\\\/\\\/infochoice.com.br\\\/site\\\/\",\"name\":\"InfoChoice Tecnologia\",\"description\":\"Solu\u00e7\u00f5es e decis\u00f5es estrat\u00e9gicas guiadas por confian\u00e7a, prop\u00f3sito e responsabilidade..\",\"publisher\":{\"@id\":\"https:\\\/\\\/infochoice.com.br\\\/site\\\/#organization\"},\"alternateName\":\"InfoChoice Tecnologia\",\"potentialAction\":[{\"@type\":\"SearchAction\",\"target\":{\"@type\":\"EntryPoint\",\"urlTemplate\":\"https:\\\/\\\/infochoice.com.br\\\/site\\\/?s={search_term_string}\"},\"query-input\":{\"@type\":\"PropertyValueSpecification\",\"valueRequired\":true,\"valueName\":\"search_term_string\"}}],\"inLanguage\":\"pt-BR\"},{\"@type\":\"Organization\",\"@id\":\"https:\\\/\\\/infochoice.com.br\\\/site\\\/#organization\",\"name\":\"InfoChoice\",\"alternateName\":\"InfoChoice Tecnologia\",\"url\":\"https:\\\/\\\/infochoice.com.br\\\/site\\\/\",\"logo\":{\"@type\":\"ImageObject\",\"inLanguage\":\"pt-BR\",\"@id\":\"https:\\\/\\\/infochoice.com.br\\\/site\\\/#\\\/schema\\\/logo\\\/image\\\/\",\"url\":\"https:\\\/\\\/i0.wp.com\\\/infochoice.com.br\\\/site\\\/wp-content\\\/uploads\\\/2023\\\/10\\\/infochoice_ico.png?fit=215%2C219&ssl=1\",\"contentUrl\":\"https:\\\/\\\/i0.wp.com\\\/infochoice.com.br\\\/site\\\/wp-content\\\/uploads\\\/2023\\\/10\\\/infochoice_ico.png?fit=215%2C219&ssl=1\",\"width\":215,\"height\":219,\"caption\":\"InfoChoice\"},\"image\":{\"@id\":\"https:\\\/\\\/infochoice.com.br\\\/site\\\/#\\\/schema\\\/logo\\\/image\\\/\"},\"sameAs\":[\"https:\\\/\\\/www.facebook.com\\\/infochoicetecnologia\",\"https:\\\/\\\/x.com\\\/infochoicetecnologia\",\"https:\\\/\\\/www.instagram.com\\\/infochoicetecnologia\",\"https:\\\/\\\/www.youtube.com\\\/infochoicetecnologia\",\"https:\\\/\\\/www.linkedin.com\\\/infochoicetecnologia\"]}]}<\/script>\n<!-- \/ Yoast SEO plugin. -->","yoast_head_json":{"title":"Virtual Desktop - InfoChoice Tecnologia","description":"Com o virtual desktop, todos os dados,\u00a0processos e aplica\u00e7\u00f5es\u00a0s\u00e3o centralizados\u00a0em apenas um dashboard. O que facilita e torna a ferramenta mais intuitiva e completa.","robots":{"index":"index","follow":"follow","max-snippet":"max-snippet:-1","max-image-preview":"max-image-preview:large","max-video-preview":"max-video-preview:-1"},"canonical":"https:\/\/infochoice.com.br\/site\/index.php\/virtual-desktop\/","og_locale":"pt_BR","og_type":"article","og_title":"Virtual Desktop - InfoChoice Tecnologia","og_description":"Com o virtual desktop, todos os dados,\u00a0processos e aplica\u00e7\u00f5es\u00a0s\u00e3o centralizados\u00a0em apenas um dashboard. O que facilita e torna a ferramenta mais intuitiva e completa.","og_url":"https:\/\/infochoice.com.br\/site\/index.php\/virtual-desktop\/","og_site_name":"InfoChoice Tecnologia","article_publisher":"https:\/\/www.facebook.com\/infochoicetecnologia","article_modified_time":"2023-10-08T14:18:49+00:00","og_image":[{"url":"http:\/\/infochoice.com.br\/site\/wp-content\/uploads\/2020\/06\/fale_com_um_especialista.png","type":"","width":"","height":""}],"twitter_card":"summary_large_image","twitter_site":"@infochoicetecnologia","twitter_misc":{"Est. tempo de leitura":"2 minutos"},"schema":{"@context":"https:\/\/schema.org","@graph":[{"@type":"WebPage","@id":"https:\/\/infochoice.com.br\/site\/index.php\/virtual-desktop\/","url":"https:\/\/infochoice.com.br\/site\/index.php\/virtual-desktop\/","name":"Virtual Desktop - InfoChoice Tecnologia","isPartOf":{"@id":"https:\/\/infochoice.com.br\/site\/#website"},"primaryImageOfPage":{"@id":"https:\/\/infochoice.com.br\/site\/index.php\/virtual-desktop\/#primaryimage"},"image":{"@id":"https:\/\/infochoice.com.br\/site\/index.php\/virtual-desktop\/#primaryimage"},"thumbnailUrl":"http:\/\/infochoice.com.br\/site\/wp-content\/uploads\/2020\/06\/fale_com_um_especialista.png","datePublished":"2020-06-16T19:00:46+00:00","dateModified":"2023-10-08T14:18:49+00:00","description":"Com o virtual desktop, todos os dados,\u00a0processos e aplica\u00e7\u00f5es\u00a0s\u00e3o centralizados\u00a0em apenas um dashboard. O que facilita e torna a ferramenta mais intuitiva e completa.","breadcrumb":{"@id":"https:\/\/infochoice.com.br\/site\/index.php\/virtual-desktop\/#breadcrumb"},"inLanguage":"pt-BR","potentialAction":[{"@type":"ReadAction","target":["https:\/\/infochoice.com.br\/site\/index.php\/virtual-desktop\/"]}]},{"@type":"ImageObject","inLanguage":"pt-BR","@id":"https:\/\/infochoice.com.br\/site\/index.php\/virtual-desktop\/#primaryimage","url":"https:\/\/infochoice.com.br\/site\/wp-content\/uploads\/2020\/06\/fale_com_um_especialista.png","contentUrl":"https:\/\/infochoice.com.br\/site\/wp-content\/uploads\/2020\/06\/fale_com_um_especialista.png","width":290,"height":51},{"@type":"BreadcrumbList","@id":"https:\/\/infochoice.com.br\/site\/index.php\/virtual-desktop\/#breadcrumb","itemListElement":[{"@type":"ListItem","position":1,"name":"Home","item":"https:\/\/infochoice.com.br\/site\/"},{"@type":"ListItem","position":2,"name":"Virtual Desktop"}]},{"@type":"WebSite","@id":"https:\/\/infochoice.com.br\/site\/#website","url":"https:\/\/infochoice.com.br\/site\/","name":"InfoChoice Tecnologia","description":"Solu\u00e7\u00f5es e decis\u00f5es estrat\u00e9gicas guiadas por confian\u00e7a, prop\u00f3sito e responsabilidade..","publisher":{"@id":"https:\/\/infochoice.com.br\/site\/#organization"},"alternateName":"InfoChoice Tecnologia","potentialAction":[{"@type":"SearchAction","target":{"@type":"EntryPoint","urlTemplate":"https:\/\/infochoice.com.br\/site\/?s={search_term_string}"},"query-input":{"@type":"PropertyValueSpecification","valueRequired":true,"valueName":"search_term_string"}}],"inLanguage":"pt-BR"},{"@type":"Organization","@id":"https:\/\/infochoice.com.br\/site\/#organization","name":"InfoChoice","alternateName":"InfoChoice Tecnologia","url":"https:\/\/infochoice.com.br\/site\/","logo":{"@type":"ImageObject","inLanguage":"pt-BR","@id":"https:\/\/infochoice.com.br\/site\/#\/schema\/logo\/image\/","url":"https:\/\/i0.wp.com\/infochoice.com.br\/site\/wp-content\/uploads\/2023\/10\/infochoice_ico.png?fit=215%2C219&ssl=1","contentUrl":"https:\/\/i0.wp.com\/infochoice.com.br\/site\/wp-content\/uploads\/2023\/10\/infochoice_ico.png?fit=215%2C219&ssl=1","width":215,"height":219,"caption":"InfoChoice"},"image":{"@id":"https:\/\/infochoice.com.br\/site\/#\/schema\/logo\/image\/"},"sameAs":["https:\/\/www.facebook.com\/infochoicetecnologia","https:\/\/x.com\/infochoicetecnologia","https:\/\/www.instagram.com\/infochoicetecnologia","https:\/\/www.youtube.com\/infochoicetecnologia","https:\/\/www.linkedin.com\/infochoicetecnologia"]}]}},"_links":{"self":[{"href":"https:\/\/infochoice.com.br\/site\/index.php\/wp-json\/wp\/v2\/pages\/448","targetHints":{"allow":["GET"]}}],"collection":[{"href":"https:\/\/infochoice.com.br\/site\/index.php\/wp-json\/wp\/v2\/pages"}],"about":[{"href":"https:\/\/infochoice.com.br\/site\/index.php\/wp-json\/wp\/v2\/types\/page"}],"author":[{"embeddable":true,"href":"https:\/\/infochoice.com.br\/site\/index.php\/wp-json\/wp\/v2\/users\/1"}],"replies":[{"embeddable":true,"href":"https:\/\/infochoice.com.br\/site\/index.php\/wp-json\/wp\/v2\/comments?post=448"}],"version-history":[{"count":4,"href":"https:\/\/infochoice.com.br\/site\/index.php\/wp-json\/wp\/v2\/pages\/448\/revisions"}],"predecessor-version":[{"id":2396,"href":"https:\/\/infochoice.com.br\/site\/index.php\/wp-json\/wp\/v2\/pages\/448\/revisions\/2396"}],"wp:attachment":[{"href":"https:\/\/infochoice.com.br\/site\/index.php\/wp-json\/wp\/v2\/media?parent=448"}],"curies":[{"name":"wp","href":"https:\/\/api.w.org\/{rel}","templated":true}]}}