{"id":717,"date":"2020-07-14T18:49:45","date_gmt":"2020-07-14T21:49:45","guid":{"rendered":"http:\/\/infochoice.com.br\/site\/?page_id=717"},"modified":"2026-03-17T22:28:27","modified_gmt":"2026-03-18T01:28:27","slug":"erwin-data-intelligence","status":"publish","type":"page","link":"https:\/\/infochoice.com.br\/site\/index.php\/erwin-data-intelligence\/","title":{"rendered":"erwin Data Intelligence"},"content":{"rendered":"<h3 data-section-id=\"1g35iro\" data-start=\"1045\" data-end=\"1140\"><strong data-start=\"1049\" data-end=\"1140\">erwin Data Intelligence \u2013 A Plataforma que Conecta, Governa e Ativa os Dados da Empresa<\/strong><\/h3>\n<p data-start=\"1142\" data-end=\"1247\">Empresas que tratam dados de forma isolada criam silos.<br data-start=\"1197\" data-end=\"1200\" \/>Empresas que conectam dados criam intelig\u00eancia.<\/p>\n<p data-start=\"1249\" data-end=\"1381\">O desafio atual n\u00e3o \u00e9 apenas coletar ou armazenar dados \u2014 \u00e9 <strong data-start=\"1309\" data-end=\"1380\">integrar, governar e transformar dados em valor real para o neg\u00f3cio<\/strong>.<\/p>\n<p data-start=\"1383\" data-end=\"1594\">A InfoChoice, em parceria com a Quest Software, entrega o <strong data-start=\"1441\" data-end=\"1468\">erwin Data Intelligence<\/strong>, uma plataforma completa que unifica governan\u00e7a, qualidade, cat\u00e1logo e contexto de dados em um \u00fanico ecossistema inteligente.<\/p>\n<hr data-start=\"1596\" data-end=\"1599\" \/>\n<h3 data-section-id=\"1bu9kea\" data-start=\"1601\" data-end=\"1667\"><strong data-start=\"1605\" data-end=\"1667\">O problema real: dados fragmentados n\u00e3o geram intelig\u00eancia<\/strong><\/h3>\n<p data-start=\"1669\" data-end=\"1724\">Mesmo empresas que investiram em dados ainda enfrentam:<\/p>\n<ul data-start=\"1726\" data-end=\"1980\">\n<li data-section-id=\"8drff1\" data-start=\"1726\" data-end=\"1792\">\n<p data-start=\"1728\" data-end=\"1792\">Ferramentas desconectadas (cataloga\u00e7\u00e3o, qualidade, governan\u00e7a)<\/p>\n<\/li>\n<li data-section-id=\"1d0w969\" data-start=\"1793\" data-end=\"1844\">\n<p data-start=\"1795\" data-end=\"1844\">Falta de integra\u00e7\u00e3o entre \u00e1reas de neg\u00f3cio e TI<\/p>\n<\/li>\n<li data-section-id=\"ihvg1u\" data-start=\"1845\" data-end=\"1885\">\n<p data-start=\"1847\" data-end=\"1885\">Dados sem contexto ou confiabilidade<\/p>\n<\/li>\n<li data-section-id=\"un3m1u\" data-start=\"1886\" data-end=\"1930\">\n<p data-start=\"1888\" data-end=\"1930\">Dificuldade em escalar iniciativas de IA<\/p>\n<\/li>\n<li data-section-id=\"skcnzb\" data-start=\"1931\" data-end=\"1980\">\n<p data-start=\"1933\" data-end=\"1980\">Falta de vis\u00e3o unificada do ambiente de dados<\/p>\n<\/li>\n<\/ul>\n<p data-start=\"1982\" data-end=\"1992\">Resultado:<\/p>\n<p data-start=\"1994\" data-end=\"2124\">\ud83d\udc49 baixa confian\u00e7a nos dados<br data-start=\"2022\" data-end=\"2025\" \/>\ud83d\udc49 iniciativas de IA que n\u00e3o escalam<br data-start=\"2061\" data-end=\"2064\" \/>\ud83d\udc49 decis\u00f5es inconsistentes<br data-start=\"2090\" data-end=\"2093\" \/>\ud83d\udc49 perda de valor estrat\u00e9gico<\/p>\n<hr data-start=\"2126\" data-end=\"2129\" \/>\n<h3 data-section-id=\"10tjyhi\" data-start=\"2131\" data-end=\"2177\"><strong data-start=\"2135\" data-end=\"2177\">O que \u00e9 Data Intelligence (na pr\u00e1tica)<\/strong><\/h3>\n<p data-start=\"2179\" data-end=\"2215\">Data Intelligence \u00e9 a capacidade de:<\/p>\n<ul data-start=\"2217\" data-end=\"2434\">\n<li data-section-id=\"uijpuo\" data-start=\"2217\" data-end=\"2259\">\n<p data-start=\"2219\" data-end=\"2259\">Conectar todos os dados da organiza\u00e7\u00e3o<\/p>\n<\/li>\n<li data-section-id=\"n9qj0l\" data-start=\"2260\" data-end=\"2299\">\n<p data-start=\"2262\" data-end=\"2299\">Entender seu contexto e significado<\/p>\n<\/li>\n<li data-section-id=\"1e2h103\" data-start=\"2300\" data-end=\"2335\">\n<p data-start=\"2302\" data-end=\"2335\">Garantir qualidade e governan\u00e7a<\/p>\n<\/li>\n<li data-section-id=\"15vwsje\" data-start=\"2336\" data-end=\"2380\">\n<p data-start=\"2338\" data-end=\"2380\">Disponibilizar dados confi\u00e1veis para uso<\/p>\n<\/li>\n<li data-section-id=\"1bltjqn\" data-start=\"2381\" data-end=\"2434\">\n<p data-start=\"2383\" data-end=\"2434\">Transformar dados em decis\u00f5es e produtos de valor<\/p>\n<\/li>\n<\/ul>\n<p data-start=\"2436\" data-end=\"2565\">O erwin Data Intelligence vai al\u00e9m de ferramentas isoladas \u2014 ele cria uma <strong data-start=\"2510\" data-end=\"2564\">plataforma integrada de gest\u00e3o e ativa\u00e7\u00e3o de dados<\/strong>.<\/p>\n<hr data-start=\"2567\" data-end=\"2570\" \/>\n<h3 data-section-id=\"bx403w\" data-start=\"2572\" data-end=\"2613\"><strong data-start=\"2576\" data-end=\"2613\">O que \u00e9 o erwin Data Intelligence<\/strong><\/h3>\n<p data-start=\"2615\" data-end=\"2680\">O erwin Data Intelligence \u00e9 uma plataforma convergente que re\u00fane:<\/p>\n<ul data-start=\"2682\" data-end=\"2904\">\n<li data-section-id=\"1asbz6t\" data-start=\"2682\" data-end=\"2726\">\n<p data-start=\"2684\" data-end=\"2726\">Data Catalog (visibilidade e mapeamento)<\/p>\n<\/li>\n<li data-section-id=\"nvnxkj\" data-start=\"2727\" data-end=\"2772\">\n<p data-start=\"2729\" data-end=\"2772\">Data Quality (qualidade e confiabilidade)<\/p>\n<\/li>\n<li data-section-id=\"1o4sd05\" data-start=\"2773\" data-end=\"2816\">\n<p data-start=\"2775\" data-end=\"2816\">Data Literacy (entendimento e contexto)<\/p>\n<\/li>\n<li data-section-id=\"18uzef6\" data-start=\"2817\" data-end=\"2859\">\n<p data-start=\"2819\" data-end=\"2859\">Data Governance (controle e pol\u00edticas)<\/p>\n<\/li>\n<li data-section-id=\"1us8a0u\" data-start=\"2860\" data-end=\"2904\">\n<p data-start=\"2862\" data-end=\"2904\">Data Marketplace (distribui\u00e7\u00e3o de dados)<\/p>\n<\/li>\n<\/ul>\n<p data-start=\"2906\" data-end=\"3081\">Tudo conectado por uma base comum de metadados, linhagem e governan\u00e7a, permitindo entregar dados confi\u00e1veis e prontos para IA em escala<\/p>\n<p data-start=\"3083\" data-end=\"3282\">Al\u00e9m disso, a plataforma automatiza a coleta de metadados e fornece vis\u00e3o completa do ambiente de dados, facilitando governan\u00e7a, compliance e tomada de decis\u00e3o<\/p>\n<hr data-start=\"3284\" data-end=\"3287\" \/>\n<h3 data-section-id=\"b4ko7z\" data-start=\"3289\" data-end=\"3354\"><strong data-start=\"3293\" data-end=\"3354\">Como a InfoChoice transforma dados em ativos estrat\u00e9gicos<\/strong><\/h3>\n<p data-start=\"3356\" data-end=\"3423\">Nosso diferencial est\u00e1 em conectar tecnologia com valor de neg\u00f3cio:<\/p>\n<h4 data-start=\"3425\" data-end=\"3470\">\ud83d\udd39 Diagn\u00f3stico do ecossistema de dados<\/h4>\n<p data-start=\"3471\" data-end=\"3515\">Identificamos silos, riscos e oportunidades.<\/p>\n<h4 data-start=\"3517\" data-end=\"3564\">\ud83d\udd39 Integra\u00e7\u00e3o de ferramentas e processos<\/h4>\n<p data-start=\"3565\" data-end=\"3609\">Unificamos governan\u00e7a, qualidade e cat\u00e1logo.<\/p>\n<h4 data-start=\"3611\" data-end=\"3654\">\ud83d\udd39 Estrutura\u00e7\u00e3o de Data Intelligence<\/h4>\n<p data-start=\"3655\" data-end=\"3701\">Criamos uma vis\u00e3o \u00fanica e integrada dos dados.<\/p>\n<h4 data-start=\"3703\" data-end=\"3752\">\ud83d\udd39 Prepara\u00e7\u00e3o para IA e analytics avan\u00e7ado<\/h4>\n<p data-start=\"3753\" data-end=\"3805\">Garantimos dados confi\u00e1veis e utiliz\u00e1veis em escala.<\/p>\n<h4 data-start=\"3807\" data-end=\"3848\">\ud83d\udd39 Ativa\u00e7\u00e3o de dados como produtos<\/h4>\n<p data-start=\"3849\" data-end=\"3908\">Transformamos dados em ativos reutiliz\u00e1veis e monetiz\u00e1veis.<\/p>\n<hr data-start=\"3910\" data-end=\"3913\" \/>\n<h3 data-section-id=\"1i9rg91\" data-start=\"3915\" data-end=\"3968\"><strong data-start=\"3919\" data-end=\"3968\">Capacidades que elevam o n\u00edvel da organiza\u00e7\u00e3o<\/strong><\/h3>\n<p data-start=\"3970\" data-end=\"4018\">Com o erwin Data Intelligence, sua empresa pode:<\/p>\n<ul data-start=\"4020\" data-end=\"4253\">\n<li data-section-id=\"o3hsiw\" data-start=\"4020\" data-end=\"4060\">\n<p data-start=\"4022\" data-end=\"4060\">Unificar todo o ecossistema de dados<\/p>\n<\/li>\n<li data-section-id=\"tpljvf\" data-start=\"4061\" data-end=\"4113\">\n<p data-start=\"4063\" data-end=\"4113\">Aumentar a confian\u00e7a e qualidade das informa\u00e7\u00f5es<\/p>\n<\/li>\n<li data-section-id=\"inh1\" data-start=\"4114\" data-end=\"4161\">\n<p data-start=\"4116\" data-end=\"4161\">Escalar projetos de intelig\u00eancia artificial<\/p>\n<\/li>\n<li data-section-id=\"5e8gdd\" data-start=\"4162\" data-end=\"4206\">\n<p data-start=\"4164\" data-end=\"4206\">Automatizar governan\u00e7a e gest\u00e3o de dados<\/p>\n<\/li>\n<li data-section-id=\"vlcjgr\" data-start=\"4207\" data-end=\"4253\">\n<p data-start=\"4209\" data-end=\"4253\">Transformar dados em produtos estrat\u00e9gicos<\/p>\n<\/li>\n<\/ul>\n<p data-start=\"4255\" data-end=\"4432\">A plataforma permite automatizar governan\u00e7a, avaliar qualidade, garantir conformidade e entregar dados prontos para uso em IA e analytics<\/p>\n<hr data-start=\"4434\" data-end=\"4437\" \/>\n<h3 data-section-id=\"8p6pu5\" data-start=\"4439\" data-end=\"4487\"><strong data-start=\"4443\" data-end=\"4487\">Onde o Data Intelligence gera mais valor<\/strong><\/h3>\n<ul data-start=\"4489\" data-end=\"4666\">\n<li data-section-id=\"13c44xu\" data-start=\"4489\" data-end=\"4525\">\n<p data-start=\"4491\" data-end=\"4525\">Governan\u00e7a e compliance de dados<\/p>\n<\/li>\n<li data-section-id=\"oswibh\" data-start=\"4526\" data-end=\"4559\">\n<p data-start=\"4528\" data-end=\"4559\">Plataformas de analytics e BI<\/p>\n<\/li>\n<li data-section-id=\"1s40dz2\" data-start=\"4560\" data-end=\"4599\">\n<p data-start=\"4562\" data-end=\"4599\">Projetos de intelig\u00eancia artificial<\/p>\n<\/li>\n<li data-section-id=\"1a650zq\" data-start=\"4600\" data-end=\"4633\">\n<p data-start=\"4602\" data-end=\"4633\">Moderniza\u00e7\u00e3o de dados e cloud<\/p>\n<\/li>\n<li data-section-id=\"yj3r1v\" data-start=\"4634\" data-end=\"4666\">\n<p data-start=\"4636\" data-end=\"4666\">Cria\u00e7\u00e3o de produtos de dados<\/p>\n<\/li>\n<\/ul>\n<hr data-start=\"4668\" data-end=\"4671\" \/>\n<h3 data-section-id=\"5u4oum\" data-start=\"4673\" data-end=\"4701\"><strong data-start=\"4677\" data-end=\"4701\">Por que a InfoChoice<\/strong><\/h3>\n<p data-start=\"4703\" data-end=\"4749\">Porque integrar dados exige vis\u00e3o estrat\u00e9gica.<\/p>\n<p data-start=\"4751\" data-end=\"4969\">\u2714 Abordagem ponta a ponta (dados, governan\u00e7a, IA e arquitetura)<br data-start=\"4814\" data-end=\"4817\" \/>\u2714 Integra\u00e7\u00e3o com todo o ecossistema tecnol\u00f3gico<br data-start=\"4864\" data-end=\"4867\" \/>\u2714 Experi\u00eancia em ambientes corporativos complexos<br data-start=\"4916\" data-end=\"4919\" \/>\u2714 Foco em gera\u00e7\u00e3o de valor e maturidade de dados<\/p>\n<hr data-start=\"4971\" data-end=\"4974\" \/>\n<h3 data-section-id=\"1xno2if\" data-start=\"4976\" data-end=\"5026\"><strong data-start=\"4980\" data-end=\"5026\">Dados s\u00f3 geram valor quando s\u00e3o conectados<\/strong><\/h3>\n<p data-start=\"5028\" data-end=\"5125\">Ferramentas isoladas resolvem partes do problema.<br data-start=\"5077\" data-end=\"5080\" \/>Plataformas integradas transformam o neg\u00f3cio.<\/p>\n<p data-start=\"5127\" data-end=\"5288\">A InfoChoice, com o erwin Data Intelligence, ajuda sua empresa a evoluir de dados fragmentados para uma opera\u00e7\u00e3o baseada em <strong data-start=\"5251\" data-end=\"5287\">intelig\u00eancia, confian\u00e7a e escala<\/strong>.<\/p>\n<hr data-start=\"5290\" data-end=\"5293\" \/>\n<h3 data-section-id=\"1v9j5mi\" data-start=\"5295\" data-end=\"5316\"><strong data-start=\"5299\" data-end=\"5316\">Pr\u00f3ximo passo<\/strong><\/h3>\n<p data-start=\"5318\" data-end=\"5462\">Se sua empresa quer evoluir sua maturidade de dados e conectar governan\u00e7a, qualidade e analytics em uma \u00fanica estrat\u00e9gia, fale com a InfoChoice.<\/p>\n<p data-start=\"5464\" data-end=\"5558\">Vamos transformar seus dados em <strong data-start=\"5496\" data-end=\"5557\">intelig\u00eancia integrada, escal\u00e1vel e orientada a resultado<\/strong>.<\/p>\n","protected":false},"excerpt":{"rendered":"<p>erwin Data Intelligence \u2013 A Plataforma que Conecta, Governa e Ativa os Dados da Empresa Empresas que tratam dados de forma isolada criam silos.Empresas que conectam dados criam intelig\u00eancia. O desafio atual n\u00e3o \u00e9 apenas coletar ou armazenar dados \u2014 \u00e9 integrar, governar e transformar dados em valor real para o neg\u00f3cio. A InfoChoice, em [&hellip;]<\/p>\n","protected":false},"author":1,"featured_media":0,"parent":0,"menu_order":0,"comment_status":"closed","ping_status":"closed","template":"","meta":{"footnotes":""},"class_list":["post-717","page","type-page","status-publish","hentry"],"yoast_head":"<!-- This site is optimized with the Yoast SEO plugin v27.6 - https:\/\/yoast.com\/product\/yoast-seo-wordpress\/ -->\n<title>erwin Data Intelligence - InfoChoice Tecnologia<\/title>\n<meta name=\"description\" content=\"O erwin Data Intelligence (erwin DI) combina o cat\u00e1logo de dados e os recursos de alfabetiza\u00e7\u00e3o de dados para maior conscientiza\u00e7\u00e3o e acesso aos ativos de dados dispon\u00edveis, orienta\u00e7\u00f5es sobre seu uso e grades de prote\u00e7\u00e3o para garantir que as pol\u00edticas e pr\u00e1ticas recomendadas sejam seguidas.\" \/>\n<meta name=\"robots\" content=\"index, follow, max-snippet:-1, max-image-preview:large, max-video-preview:-1\" \/>\n<link rel=\"canonical\" href=\"https:\/\/infochoice.com.br\/site\/index.php\/erwin-data-intelligence\/\" \/>\n<meta property=\"og:locale\" content=\"pt_BR\" \/>\n<meta property=\"og:type\" content=\"article\" \/>\n<meta property=\"og:title\" content=\"erwin Data Intelligence - InfoChoice Tecnologia\" \/>\n<meta property=\"og:description\" content=\"O erwin Data Intelligence (erwin DI) combina o cat\u00e1logo de dados e os recursos de alfabetiza\u00e7\u00e3o de dados para maior conscientiza\u00e7\u00e3o e acesso aos ativos de dados dispon\u00edveis, orienta\u00e7\u00f5es sobre seu uso e grades de prote\u00e7\u00e3o para garantir que as pol\u00edticas e pr\u00e1ticas recomendadas sejam seguidas.\" \/>\n<meta property=\"og:url\" content=\"https:\/\/infochoice.com.br\/site\/index.php\/erwin-data-intelligence\/\" \/>\n<meta property=\"og:site_name\" content=\"InfoChoice Tecnologia\" \/>\n<meta property=\"article:publisher\" content=\"https:\/\/www.facebook.com\/infochoicetecnologia\" \/>\n<meta property=\"article:modified_time\" content=\"2026-03-18T01:28:27+00:00\" \/>\n<meta name=\"twitter:card\" content=\"summary_large_image\" \/>\n<meta name=\"twitter:site\" content=\"@infochoicetecnologia\" \/>\n<meta name=\"twitter:label1\" content=\"Est. tempo de leitura\" \/>\n\t<meta name=\"twitter:data1\" content=\"7 minutos\" \/>\n<script type=\"application\/ld+json\" class=\"yoast-schema-graph\">{\"@context\":\"https:\\\/\\\/schema.org\",\"@graph\":[{\"@type\":\"WebPage\",\"@id\":\"https:\\\/\\\/infochoice.com.br\\\/site\\\/index.php\\\/erwin-data-intelligence\\\/\",\"url\":\"https:\\\/\\\/infochoice.com.br\\\/site\\\/index.php\\\/erwin-data-intelligence\\\/\",\"name\":\"erwin Data Intelligence - InfoChoice Tecnologia\",\"isPartOf\":{\"@id\":\"https:\\\/\\\/infochoice.com.br\\\/site\\\/#website\"},\"datePublished\":\"2020-07-14T21:49:45+00:00\",\"dateModified\":\"2026-03-18T01:28:27+00:00\",\"description\":\"O erwin Data Intelligence (erwin DI) combina o cat\u00e1logo de dados e os recursos de alfabetiza\u00e7\u00e3o de dados para maior conscientiza\u00e7\u00e3o e acesso aos ativos de dados dispon\u00edveis, orienta\u00e7\u00f5es sobre seu uso e grades de prote\u00e7\u00e3o para garantir que as pol\u00edticas e pr\u00e1ticas recomendadas sejam seguidas.\",\"breadcrumb\":{\"@id\":\"https:\\\/\\\/infochoice.com.br\\\/site\\\/index.php\\\/erwin-data-intelligence\\\/#breadcrumb\"},\"inLanguage\":\"pt-BR\",\"potentialAction\":[{\"@type\":\"ReadAction\",\"target\":[\"https:\\\/\\\/infochoice.com.br\\\/site\\\/index.php\\\/erwin-data-intelligence\\\/\"]}]},{\"@type\":\"BreadcrumbList\",\"@id\":\"https:\\\/\\\/infochoice.com.br\\\/site\\\/index.php\\\/erwin-data-intelligence\\\/#breadcrumb\",\"itemListElement\":[{\"@type\":\"ListItem\",\"position\":1,\"name\":\"Home\",\"item\":\"https:\\\/\\\/infochoice.com.br\\\/site\\\/\"},{\"@type\":\"ListItem\",\"position\":2,\"name\":\"erwin Data Intelligence\"}]},{\"@type\":\"WebSite\",\"@id\":\"https:\\\/\\\/infochoice.com.br\\\/site\\\/#website\",\"url\":\"https:\\\/\\\/infochoice.com.br\\\/site\\\/\",\"name\":\"InfoChoice Tecnologia\",\"description\":\"Solu\u00e7\u00f5es e decis\u00f5es estrat\u00e9gicas guiadas por confian\u00e7a, prop\u00f3sito e responsabilidade..\",\"publisher\":{\"@id\":\"https:\\\/\\\/infochoice.com.br\\\/site\\\/#organization\"},\"alternateName\":\"InfoChoice Tecnologia\",\"potentialAction\":[{\"@type\":\"SearchAction\",\"target\":{\"@type\":\"EntryPoint\",\"urlTemplate\":\"https:\\\/\\\/infochoice.com.br\\\/site\\\/?s={search_term_string}\"},\"query-input\":{\"@type\":\"PropertyValueSpecification\",\"valueRequired\":true,\"valueName\":\"search_term_string\"}}],\"inLanguage\":\"pt-BR\"},{\"@type\":\"Organization\",\"@id\":\"https:\\\/\\\/infochoice.com.br\\\/site\\\/#organization\",\"name\":\"InfoChoice\",\"alternateName\":\"InfoChoice Tecnologia\",\"url\":\"https:\\\/\\\/infochoice.com.br\\\/site\\\/\",\"logo\":{\"@type\":\"ImageObject\",\"inLanguage\":\"pt-BR\",\"@id\":\"https:\\\/\\\/infochoice.com.br\\\/site\\\/#\\\/schema\\\/logo\\\/image\\\/\",\"url\":\"https:\\\/\\\/i0.wp.com\\\/infochoice.com.br\\\/site\\\/wp-content\\\/uploads\\\/2023\\\/10\\\/infochoice_ico.png?fit=215%2C219&ssl=1\",\"contentUrl\":\"https:\\\/\\\/i0.wp.com\\\/infochoice.com.br\\\/site\\\/wp-content\\\/uploads\\\/2023\\\/10\\\/infochoice_ico.png?fit=215%2C219&ssl=1\",\"width\":215,\"height\":219,\"caption\":\"InfoChoice\"},\"image\":{\"@id\":\"https:\\\/\\\/infochoice.com.br\\\/site\\\/#\\\/schema\\\/logo\\\/image\\\/\"},\"sameAs\":[\"https:\\\/\\\/www.facebook.com\\\/infochoicetecnologia\",\"https:\\\/\\\/x.com\\\/infochoicetecnologia\",\"https:\\\/\\\/www.instagram.com\\\/infochoicetecnologia\",\"https:\\\/\\\/www.youtube.com\\\/infochoicetecnologia\",\"https:\\\/\\\/www.linkedin.com\\\/infochoicetecnologia\"]}]}<\/script>\n<!-- \/ Yoast SEO plugin. -->","yoast_head_json":{"title":"erwin Data Intelligence - InfoChoice Tecnologia","description":"O erwin Data Intelligence (erwin DI) combina o cat\u00e1logo de dados e os recursos de alfabetiza\u00e7\u00e3o de dados para maior conscientiza\u00e7\u00e3o e acesso aos ativos de dados dispon\u00edveis, orienta\u00e7\u00f5es sobre seu uso e grades de prote\u00e7\u00e3o para garantir que as pol\u00edticas e pr\u00e1ticas recomendadas sejam seguidas.","robots":{"index":"index","follow":"follow","max-snippet":"max-snippet:-1","max-image-preview":"max-image-preview:large","max-video-preview":"max-video-preview:-1"},"canonical":"https:\/\/infochoice.com.br\/site\/index.php\/erwin-data-intelligence\/","og_locale":"pt_BR","og_type":"article","og_title":"erwin Data Intelligence - InfoChoice Tecnologia","og_description":"O erwin Data Intelligence (erwin DI) combina o cat\u00e1logo de dados e os recursos de alfabetiza\u00e7\u00e3o de dados para maior conscientiza\u00e7\u00e3o e acesso aos ativos de dados dispon\u00edveis, orienta\u00e7\u00f5es sobre seu uso e grades de prote\u00e7\u00e3o para garantir que as pol\u00edticas e pr\u00e1ticas recomendadas sejam seguidas.","og_url":"https:\/\/infochoice.com.br\/site\/index.php\/erwin-data-intelligence\/","og_site_name":"InfoChoice Tecnologia","article_publisher":"https:\/\/www.facebook.com\/infochoicetecnologia","article_modified_time":"2026-03-18T01:28:27+00:00","twitter_card":"summary_large_image","twitter_site":"@infochoicetecnologia","twitter_misc":{"Est. tempo de leitura":"7 minutos"},"schema":{"@context":"https:\/\/schema.org","@graph":[{"@type":"WebPage","@id":"https:\/\/infochoice.com.br\/site\/index.php\/erwin-data-intelligence\/","url":"https:\/\/infochoice.com.br\/site\/index.php\/erwin-data-intelligence\/","name":"erwin Data Intelligence - InfoChoice Tecnologia","isPartOf":{"@id":"https:\/\/infochoice.com.br\/site\/#website"},"datePublished":"2020-07-14T21:49:45+00:00","dateModified":"2026-03-18T01:28:27+00:00","description":"O erwin Data Intelligence (erwin DI) combina o cat\u00e1logo de dados e os recursos de alfabetiza\u00e7\u00e3o de dados para maior conscientiza\u00e7\u00e3o e acesso aos ativos de dados dispon\u00edveis, orienta\u00e7\u00f5es sobre seu uso e grades de prote\u00e7\u00e3o para garantir que as pol\u00edticas e pr\u00e1ticas recomendadas sejam seguidas.","breadcrumb":{"@id":"https:\/\/infochoice.com.br\/site\/index.php\/erwin-data-intelligence\/#breadcrumb"},"inLanguage":"pt-BR","potentialAction":[{"@type":"ReadAction","target":["https:\/\/infochoice.com.br\/site\/index.php\/erwin-data-intelligence\/"]}]},{"@type":"BreadcrumbList","@id":"https:\/\/infochoice.com.br\/site\/index.php\/erwin-data-intelligence\/#breadcrumb","itemListElement":[{"@type":"ListItem","position":1,"name":"Home","item":"https:\/\/infochoice.com.br\/site\/"},{"@type":"ListItem","position":2,"name":"erwin Data Intelligence"}]},{"@type":"WebSite","@id":"https:\/\/infochoice.com.br\/site\/#website","url":"https:\/\/infochoice.com.br\/site\/","name":"InfoChoice Tecnologia","description":"Solu\u00e7\u00f5es e decis\u00f5es estrat\u00e9gicas guiadas por confian\u00e7a, prop\u00f3sito e responsabilidade..","publisher":{"@id":"https:\/\/infochoice.com.br\/site\/#organization"},"alternateName":"InfoChoice Tecnologia","potentialAction":[{"@type":"SearchAction","target":{"@type":"EntryPoint","urlTemplate":"https:\/\/infochoice.com.br\/site\/?s={search_term_string}"},"query-input":{"@type":"PropertyValueSpecification","valueRequired":true,"valueName":"search_term_string"}}],"inLanguage":"pt-BR"},{"@type":"Organization","@id":"https:\/\/infochoice.com.br\/site\/#organization","name":"InfoChoice","alternateName":"InfoChoice Tecnologia","url":"https:\/\/infochoice.com.br\/site\/","logo":{"@type":"ImageObject","inLanguage":"pt-BR","@id":"https:\/\/infochoice.com.br\/site\/#\/schema\/logo\/image\/","url":"https:\/\/i0.wp.com\/infochoice.com.br\/site\/wp-content\/uploads\/2023\/10\/infochoice_ico.png?fit=215%2C219&ssl=1","contentUrl":"https:\/\/i0.wp.com\/infochoice.com.br\/site\/wp-content\/uploads\/2023\/10\/infochoice_ico.png?fit=215%2C219&ssl=1","width":215,"height":219,"caption":"InfoChoice"},"image":{"@id":"https:\/\/infochoice.com.br\/site\/#\/schema\/logo\/image\/"},"sameAs":["https:\/\/www.facebook.com\/infochoicetecnologia","https:\/\/x.com\/infochoicetecnologia","https:\/\/www.instagram.com\/infochoicetecnologia","https:\/\/www.youtube.com\/infochoicetecnologia","https:\/\/www.linkedin.com\/infochoicetecnologia"]}]}},"_links":{"self":[{"href":"https:\/\/infochoice.com.br\/site\/index.php\/wp-json\/wp\/v2\/pages\/717","targetHints":{"allow":["GET"]}}],"collection":[{"href":"https:\/\/infochoice.com.br\/site\/index.php\/wp-json\/wp\/v2\/pages"}],"about":[{"href":"https:\/\/infochoice.com.br\/site\/index.php\/wp-json\/wp\/v2\/types\/page"}],"author":[{"embeddable":true,"href":"https:\/\/infochoice.com.br\/site\/index.php\/wp-json\/wp\/v2\/users\/1"}],"replies":[{"embeddable":true,"href":"https:\/\/infochoice.com.br\/site\/index.php\/wp-json\/wp\/v2\/comments?post=717"}],"version-history":[{"count":21,"href":"https:\/\/infochoice.com.br\/site\/index.php\/wp-json\/wp\/v2\/pages\/717\/revisions"}],"predecessor-version":[{"id":3689,"href":"https:\/\/infochoice.com.br\/site\/index.php\/wp-json\/wp\/v2\/pages\/717\/revisions\/3689"}],"wp:attachment":[{"href":"https:\/\/infochoice.com.br\/site\/index.php\/wp-json\/wp\/v2\/media?parent=717"}],"curies":[{"name":"wp","href":"https:\/\/api.w.org\/{rel}","templated":true}]}}