{"id":763,"date":"2020-07-14T21:00:32","date_gmt":"2020-07-15T00:00:32","guid":{"rendered":"http:\/\/infochoice.com.br\/site\/?page_id=763"},"modified":"2026-03-17T22:29:30","modified_gmt":"2026-03-18T01:29:30","slug":"erwin-data-modeler","status":"publish","type":"page","link":"https:\/\/infochoice.com.br\/site\/index.php\/erwin-data-modeler\/","title":{"rendered":"erwin Data Modeler"},"content":{"rendered":"<h3 data-section-id=\"10hsa1m\" data-start=\"937\" data-end=\"1018\"><strong data-start=\"941\" data-end=\"1018\">erwin Data Modeler \u2013 A Base Estrutural para Dados Confi\u00e1veis e Escal\u00e1veis<\/strong><\/h3>\n<p data-start=\"1020\" data-end=\"1101\">Antes de analisar, governar ou usar dados \u2014 \u00e9 preciso estrutur\u00e1-los corretamente.<\/p>\n<p data-start=\"1103\" data-end=\"1179\">A maioria dos problemas com dados n\u00e3o come\u00e7a na an\u00e1lise.<br data-start=\"1159\" data-end=\"1162\" \/>Come\u00e7a no design.<\/p>\n<p data-start=\"1181\" data-end=\"1257\">Dados mal modelados geram inconsist\u00eancia, retrabalho e decis\u00f5es equivocadas.<\/p>\n<p data-start=\"1259\" data-end=\"1511\">A InfoChoice, em parceria com a Quest Software, entrega o <strong data-start=\"1317\" data-end=\"1339\">erwin Data Modeler<\/strong>, uma plataforma que permite estruturar dados de forma padronizada, consistente e alinhada ao neg\u00f3cio \u2014 criando a base para governan\u00e7a, analytics e intelig\u00eancia artificial.<\/p>\n<hr data-start=\"1513\" data-end=\"1516\" \/>\n<h3 data-section-id=\"1c1uguo\" data-start=\"1518\" data-end=\"1573\"><strong data-start=\"1522\" data-end=\"1573\">O problema real: dados sem estrutura geram caos<\/strong><\/h3>\n<p data-start=\"1575\" data-end=\"1613\">Na pr\u00e1tica, muitas empresas enfrentam:<\/p>\n<ul data-start=\"1615\" data-end=\"1811\">\n<li data-section-id=\"1o29hpl\" data-start=\"1615\" data-end=\"1651\">\n<p data-start=\"1617\" data-end=\"1651\">Bancos de dados mal estruturados<\/p>\n<\/li>\n<li data-section-id=\"dnhblz\" data-start=\"1652\" data-end=\"1692\">\n<p data-start=\"1654\" data-end=\"1692\">Falta de padroniza\u00e7\u00e3o entre sistemas<\/p>\n<\/li>\n<li data-section-id=\"13tkq74\" data-start=\"1693\" data-end=\"1731\">\n<p data-start=\"1695\" data-end=\"1731\">Dados duplicados ou inconsistentes<\/p>\n<\/li>\n<li data-section-id=\"d5o1vi\" data-start=\"1732\" data-end=\"1770\">\n<p data-start=\"1734\" data-end=\"1770\">Dificuldade em integrar aplica\u00e7\u00f5es<\/p>\n<\/li>\n<li data-section-id=\"n8ioe0\" data-start=\"1771\" data-end=\"1811\">\n<p data-start=\"1773\" data-end=\"1811\">Alto retrabalho em projetos de dados<\/p>\n<\/li>\n<\/ul>\n<p data-start=\"1813\" data-end=\"1823\">Resultado:<\/p>\n<p data-start=\"1825\" data-end=\"1953\">\ud83d\udc49 baixa qualidade dos dados<br data-start=\"1853\" data-end=\"1856\" \/>\ud83d\udc49 dificuldade em escalar analytics<br data-start=\"1891\" data-end=\"1894\" \/>\ud83d\udc49 problemas em integra\u00e7\u00f5es<br data-start=\"1921\" data-end=\"1924\" \/>\ud83d\udc49 aumento de custo e risco<\/p>\n<hr data-start=\"1955\" data-end=\"1958\" \/>\n<h3 data-section-id=\"1vafd66\" data-start=\"1960\" data-end=\"2007\"><strong data-start=\"1964\" data-end=\"2007\">O que \u00e9 Modelagem de Dados (na pr\u00e1tica)<\/strong><\/h3>\n<p data-start=\"2009\" data-end=\"2052\">Modelagem de dados \u00e9 o processo de definir:<\/p>\n<ul data-start=\"2054\" data-end=\"2212\">\n<li data-section-id=\"ys6fqf\" data-start=\"2054\" data-end=\"2109\">\n<p data-start=\"2056\" data-end=\"2109\">Estrutura dos dados (tabelas, entidades, atributos)<\/p>\n<\/li>\n<li data-section-id=\"1d7o4wa\" data-start=\"2110\" data-end=\"2140\">\n<p data-start=\"2112\" data-end=\"2140\">Rela\u00e7\u00f5es entre informa\u00e7\u00f5es<\/p>\n<\/li>\n<li data-section-id=\"j7kmx1\" data-start=\"2141\" data-end=\"2170\">\n<p data-start=\"2143\" data-end=\"2170\">Regras e padr\u00f5es de dados<\/p>\n<\/li>\n<li data-section-id=\"1wsgbno\" data-start=\"2171\" data-end=\"2212\">\n<p data-start=\"2173\" data-end=\"2212\">Organiza\u00e7\u00e3o l\u00f3gica e f\u00edsica dos dados<\/p>\n<\/li>\n<\/ul>\n<p data-start=\"2214\" data-end=\"2299\">\u00c9 o que transforma dados em uma <strong data-start=\"2246\" data-end=\"2298\">estrutura organizada, compreens\u00edvel e utiliz\u00e1vel<\/strong>.<\/p>\n<p data-start=\"2301\" data-end=\"2371\">Sem modelagem, cada sistema cria sua pr\u00f3pria l\u00f3gica \u2014 e o caos come\u00e7a.<\/p>\n<hr data-start=\"2373\" data-end=\"2376\" \/>\n<h3 data-section-id=\"nxz2sh\" data-start=\"2378\" data-end=\"2414\"><strong data-start=\"2382\" data-end=\"2414\">O que \u00e9 o erwin Data Modeler<\/strong><\/h3>\n<p data-start=\"2416\" data-end=\"2483\">O erwin Data Modeler \u00e9 uma plataforma l\u00edder de mercado que permite:<\/p>\n<ul data-start=\"2485\" data-end=\"2733\">\n<li data-section-id=\"1revrci\" data-start=\"2485\" data-end=\"2542\">\n<p data-start=\"2487\" data-end=\"2542\">Criar modelos conceituais, l\u00f3gicos e f\u00edsicos de dados<\/p>\n<\/li>\n<li data-section-id=\"xwsjpk\" data-start=\"2543\" data-end=\"2589\">\n<p data-start=\"2545\" data-end=\"2589\">Visualizar e entender estruturas complexas<\/p>\n<\/li>\n<li data-section-id=\"fwgrns\" data-start=\"2590\" data-end=\"2632\">\n<p data-start=\"2592\" data-end=\"2632\">Padronizar dados em toda a organiza\u00e7\u00e3o<\/p>\n<\/li>\n<li data-section-id=\"1kspbpm\" data-start=\"2633\" data-end=\"2675\">\n<p data-start=\"2635\" data-end=\"2675\">Automatizar gera\u00e7\u00e3o de bancos de dados<\/p>\n<\/li>\n<li data-section-id=\"wjq5r9\" data-start=\"2676\" data-end=\"2733\">\n<p data-start=\"2678\" data-end=\"2733\">Integrar dados entre m\u00faltiplos sistemas e plataformas<\/p>\n<\/li>\n<\/ul>\n<p data-start=\"2735\" data-end=\"2904\">Ele permite que empresas projetem e implementem dados com consist\u00eancia, reduzindo riscos e melhorando a qualidade das informa\u00e7\u00f5es<\/p>\n<hr data-start=\"2906\" data-end=\"2909\" \/>\n<h3 data-section-id=\"1713g5x\" data-start=\"2911\" data-end=\"2977\"><strong data-start=\"2915\" data-end=\"2977\">Como a InfoChoice transforma modelagem em valor de neg\u00f3cio<\/strong><\/h3>\n<p data-start=\"2979\" data-end=\"3039\">Nosso diferencial est\u00e1 em conectar modelagem com estrat\u00e9gia:<\/p>\n<h4 data-start=\"3041\" data-end=\"3090\">\ud83d\udd39 Diagn\u00f3stico da estrutura de dados atual<\/h4>\n<p data-start=\"3091\" data-end=\"3142\">Identificamos inconsist\u00eancias e riscos estruturais.<\/p>\n<h4 data-start=\"3144\" data-end=\"3189\">\ud83d\udd39 Padroniza\u00e7\u00e3o e arquitetura de dados<\/h4>\n<p data-start=\"3190\" data-end=\"3227\">Criamos modelos alinhados ao neg\u00f3cio.<\/p>\n<h4 data-start=\"3229\" data-end=\"3264\">\ud83d\udd39 Integra\u00e7\u00e3o entre sistemas<\/h4>\n<p data-start=\"3265\" data-end=\"3318\">Garantimos consist\u00eancia entre diferentes plataformas.<\/p>\n<h4 data-start=\"3320\" data-end=\"3368\">\ud83d\udd39 Prepara\u00e7\u00e3o para governan\u00e7a e analytics<\/h4>\n<p data-start=\"3369\" data-end=\"3422\">Criamos a base para Data Catalog, Data Literacy e IA.<\/p>\n<h4 data-start=\"3424\" data-end=\"3464\">\ud83d\udd39 Suporte \u00e0 moderniza\u00e7\u00e3o e cloud<\/h4>\n<p data-start=\"3465\" data-end=\"3519\">Facilitamos migra\u00e7\u00e3o e evolu\u00e7\u00e3o de ambientes de dados.<\/p>\n<hr data-start=\"3521\" data-end=\"3524\" \/>\n<h3 data-section-id=\"1lw388o\" data-start=\"3526\" data-end=\"3591\"><strong data-start=\"3530\" data-end=\"3591\">Capacidades que evitam problemas antes que eles aconte\u00e7am<\/strong><\/h3>\n<p data-start=\"3593\" data-end=\"3636\">Com o erwin Data Modeler, sua empresa pode:<\/p>\n<ul data-start=\"3638\" data-end=\"3872\">\n<li data-section-id=\"md5mfo\" data-start=\"3638\" data-end=\"3685\">\n<p data-start=\"3640\" data-end=\"3685\">Garantir qualidade dos dados desde a origem<\/p>\n<\/li>\n<li data-section-id=\"1k2fzk9\" data-start=\"3686\" data-end=\"3729\">\n<p data-start=\"3688\" data-end=\"3729\">Reduzir retrabalho em projetos de dados<\/p>\n<\/li>\n<li data-section-id=\"ktntf5\" data-start=\"3730\" data-end=\"3777\">\n<p data-start=\"3732\" data-end=\"3777\">Padronizar estruturas em toda a organiza\u00e7\u00e3o<\/p>\n<\/li>\n<li data-section-id=\"m97cox\" data-start=\"3778\" data-end=\"3817\">\n<p data-start=\"3780\" data-end=\"3817\">Facilitar integra\u00e7\u00e3o entre sistemas<\/p>\n<\/li>\n<li data-section-id=\"1ob8u89\" data-start=\"3818\" data-end=\"3872\">\n<p data-start=\"3820\" data-end=\"3872\">Acelerar desenvolvimento de aplica\u00e7\u00f5es e analytics<\/p>\n<\/li>\n<\/ul>\n<p data-start=\"3874\" data-end=\"4038\">A modelagem de dados melhora a compreens\u00e3o, padroniza\u00e7\u00e3o e qualidade das informa\u00e7\u00f5es, reduzindo custos e riscos operacionais<\/p>\n<hr data-start=\"4040\" data-end=\"4043\" \/>\n<h3 data-section-id=\"1seo0ps\" data-start=\"4045\" data-end=\"4088\"><strong data-start=\"4049\" data-end=\"4088\">Onde o Data Modeler gera mais valor<\/strong><\/h3>\n<ul data-start=\"4090\" data-end=\"4279\">\n<li data-section-id=\"1s2nglz\" data-start=\"4090\" data-end=\"4134\">\n<p data-start=\"4092\" data-end=\"4134\">Desenvolvimento de sistemas e aplica\u00e7\u00f5es<\/p>\n<\/li>\n<li data-section-id=\"117on2j\" data-start=\"4135\" data-end=\"4167\">\n<p data-start=\"4137\" data-end=\"4167\">Data warehouses e data lakes<\/p>\n<\/li>\n<li data-section-id=\"1j1bonx\" data-start=\"4168\" data-end=\"4191\">\n<p data-start=\"4170\" data-end=\"4191\">Integra\u00e7\u00e3o de dados<\/p>\n<\/li>\n<li data-section-id=\"ou9lsr\" data-start=\"4192\" data-end=\"4227\">\n<p data-start=\"4194\" data-end=\"4227\">Governan\u00e7a e qualidade de dados<\/p>\n<\/li>\n<li data-section-id=\"1o3ey31\" data-start=\"4228\" data-end=\"4279\">\n<p data-start=\"4230\" data-end=\"4279\">Projetos de analytics e intelig\u00eancia artificial<\/p>\n<\/li>\n<\/ul>\n<hr data-start=\"4281\" data-end=\"4284\" \/>\n<h3 data-section-id=\"5u4oum\" data-start=\"4286\" data-end=\"4314\"><strong data-start=\"4290\" data-end=\"4314\">Por que a InfoChoice<\/strong><\/h3>\n<p data-start=\"4316\" data-end=\"4373\">Porque dados bem estruturados evitam problemas no futuro.<\/p>\n<p data-start=\"4375\" data-end=\"4576\">\u2714 Vis\u00e3o estrat\u00e9gica de dados e arquitetura<br data-start=\"4417\" data-end=\"4420\" \/>\u2714 Integra\u00e7\u00e3o com governan\u00e7a, cat\u00e1logo e analytics<br data-start=\"4469\" data-end=\"4472\" \/>\u2714 Experi\u00eancia em ambientes corporativos complexos<br data-start=\"4521\" data-end=\"4524\" \/>\u2714 Foco em qualidade, padroniza\u00e7\u00e3o e escalabilidade<\/p>\n<hr data-start=\"4578\" data-end=\"4581\" \/>\n<h3 data-section-id=\"1qlsqgn\" data-start=\"4583\" data-end=\"4629\"><strong data-start=\"4587\" data-end=\"4629\">A qualidade dos dados come\u00e7a no design<\/strong><\/h3>\n<p data-start=\"4631\" data-end=\"4697\">N\u00e3o adianta governar, analisar ou usar dados que nasceram errados.<\/p>\n<p data-start=\"4699\" data-end=\"4871\">A InfoChoice, com o erwin Data Modeler, ajuda sua empresa a construir uma base s\u00f3lida \u2014 onde dados s\u00e3o <strong data-start=\"4802\" data-end=\"4870\">consistentes, confi\u00e1veis e preparados para crescer com o neg\u00f3cio<\/strong>.<\/p>\n<hr data-start=\"4873\" data-end=\"4876\" \/>\n<h3 data-section-id=\"1v9j5mi\" data-start=\"4878\" data-end=\"4899\"><strong data-start=\"4882\" data-end=\"4899\">Pr\u00f3ximo passo<\/strong><\/h3>\n<p data-start=\"4901\" data-end=\"5005\">Se sua empresa enfrenta problemas de qualidade, integra\u00e7\u00e3o ou estrutura de dados, fale com a InfoChoice.<\/p>\n<p data-start=\"5007\" data-end=\"5102\">Vamos transformar seus dados em uma base <strong data-start=\"5048\" data-end=\"5101\">organizada, padronizada e pronta para gerar valor<\/strong>.<\/p>\n","protected":false},"excerpt":{"rendered":"<p>erwin Data Modeler \u2013 A Base Estrutural para Dados Confi\u00e1veis e Escal\u00e1veis Antes de analisar, governar ou usar dados \u2014 \u00e9 preciso estrutur\u00e1-los corretamente. A maioria dos problemas com dados n\u00e3o come\u00e7a na an\u00e1lise.Come\u00e7a no design. Dados mal modelados geram inconsist\u00eancia, retrabalho e decis\u00f5es equivocadas. A InfoChoice, em parceria com a Quest Software, entrega o [&hellip;]<\/p>\n","protected":false},"author":1,"featured_media":0,"parent":0,"menu_order":0,"comment_status":"closed","ping_status":"closed","template":"","meta":{"footnotes":""},"class_list":["post-763","page","type-page","status-publish","hentry"],"yoast_head":"<!-- This site is optimized with the Yoast SEO plugin v27.5 - https:\/\/yoast.com\/product\/yoast-seo-wordpress\/ -->\n<title>erwin Data Modeler - InfoChoice Tecnologia<\/title>\n<meta name=\"description\" content=\"O erwin Data Modeler (erwin DM) \u00e9 uma ferramenta premiada de modelagem de dados usada para encontrar, visualizar, projetar, implantar e padronizar ativos de dados corporativos de alta qualidade.\" \/>\n<meta name=\"robots\" content=\"index, follow, max-snippet:-1, max-image-preview:large, max-video-preview:-1\" \/>\n<link rel=\"canonical\" href=\"https:\/\/infochoice.com.br\/site\/index.php\/erwin-data-modeler\/\" \/>\n<meta property=\"og:locale\" content=\"pt_BR\" \/>\n<meta property=\"og:type\" content=\"article\" \/>\n<meta property=\"og:title\" content=\"erwin Data Modeler - InfoChoice Tecnologia\" \/>\n<meta property=\"og:description\" content=\"O erwin Data Modeler (erwin DM) \u00e9 uma ferramenta premiada de modelagem de dados usada para encontrar, visualizar, projetar, implantar e padronizar ativos de dados corporativos de alta qualidade.\" \/>\n<meta property=\"og:url\" content=\"https:\/\/infochoice.com.br\/site\/index.php\/erwin-data-modeler\/\" \/>\n<meta property=\"og:site_name\" content=\"InfoChoice Tecnologia\" \/>\n<meta property=\"article:publisher\" content=\"https:\/\/www.facebook.com\/infochoicetecnologia\" \/>\n<meta property=\"article:modified_time\" content=\"2026-03-18T01:29:30+00:00\" \/>\n<meta name=\"twitter:card\" content=\"summary_large_image\" \/>\n<meta name=\"twitter:site\" content=\"@infochoicetecnologia\" \/>\n<meta name=\"twitter:label1\" content=\"Est. tempo de leitura\" \/>\n\t<meta name=\"twitter:data1\" content=\"5 minutos\" \/>\n<script type=\"application\/ld+json\" class=\"yoast-schema-graph\">{\"@context\":\"https:\\\/\\\/schema.org\",\"@graph\":[{\"@type\":\"WebPage\",\"@id\":\"https:\\\/\\\/infochoice.com.br\\\/site\\\/index.php\\\/erwin-data-modeler\\\/\",\"url\":\"https:\\\/\\\/infochoice.com.br\\\/site\\\/index.php\\\/erwin-data-modeler\\\/\",\"name\":\"erwin Data Modeler - InfoChoice Tecnologia\",\"isPartOf\":{\"@id\":\"https:\\\/\\\/infochoice.com.br\\\/site\\\/#website\"},\"datePublished\":\"2020-07-15T00:00:32+00:00\",\"dateModified\":\"2026-03-18T01:29:30+00:00\",\"description\":\"O erwin Data Modeler (erwin DM) \u00e9 uma ferramenta premiada de modelagem de dados usada para encontrar, visualizar, projetar, implantar e padronizar ativos de dados corporativos de alta qualidade.\",\"breadcrumb\":{\"@id\":\"https:\\\/\\\/infochoice.com.br\\\/site\\\/index.php\\\/erwin-data-modeler\\\/#breadcrumb\"},\"inLanguage\":\"pt-BR\",\"potentialAction\":[{\"@type\":\"ReadAction\",\"target\":[\"https:\\\/\\\/infochoice.com.br\\\/site\\\/index.php\\\/erwin-data-modeler\\\/\"]}]},{\"@type\":\"BreadcrumbList\",\"@id\":\"https:\\\/\\\/infochoice.com.br\\\/site\\\/index.php\\\/erwin-data-modeler\\\/#breadcrumb\",\"itemListElement\":[{\"@type\":\"ListItem\",\"position\":1,\"name\":\"Home\",\"item\":\"https:\\\/\\\/infochoice.com.br\\\/site\\\/\"},{\"@type\":\"ListItem\",\"position\":2,\"name\":\"erwin Data Modeler\"}]},{\"@type\":\"WebSite\",\"@id\":\"https:\\\/\\\/infochoice.com.br\\\/site\\\/#website\",\"url\":\"https:\\\/\\\/infochoice.com.br\\\/site\\\/\",\"name\":\"InfoChoice Tecnologia\",\"description\":\"Solu\u00e7\u00f5es e decis\u00f5es estrat\u00e9gicas guiadas por confian\u00e7a, prop\u00f3sito e responsabilidade..\",\"publisher\":{\"@id\":\"https:\\\/\\\/infochoice.com.br\\\/site\\\/#organization\"},\"alternateName\":\"InfoChoice Tecnologia\",\"potentialAction\":[{\"@type\":\"SearchAction\",\"target\":{\"@type\":\"EntryPoint\",\"urlTemplate\":\"https:\\\/\\\/infochoice.com.br\\\/site\\\/?s={search_term_string}\"},\"query-input\":{\"@type\":\"PropertyValueSpecification\",\"valueRequired\":true,\"valueName\":\"search_term_string\"}}],\"inLanguage\":\"pt-BR\"},{\"@type\":\"Organization\",\"@id\":\"https:\\\/\\\/infochoice.com.br\\\/site\\\/#organization\",\"name\":\"InfoChoice\",\"alternateName\":\"InfoChoice Tecnologia\",\"url\":\"https:\\\/\\\/infochoice.com.br\\\/site\\\/\",\"logo\":{\"@type\":\"ImageObject\",\"inLanguage\":\"pt-BR\",\"@id\":\"https:\\\/\\\/infochoice.com.br\\\/site\\\/#\\\/schema\\\/logo\\\/image\\\/\",\"url\":\"https:\\\/\\\/i0.wp.com\\\/infochoice.com.br\\\/site\\\/wp-content\\\/uploads\\\/2023\\\/10\\\/infochoice_ico.png?fit=215%2C219&ssl=1\",\"contentUrl\":\"https:\\\/\\\/i0.wp.com\\\/infochoice.com.br\\\/site\\\/wp-content\\\/uploads\\\/2023\\\/10\\\/infochoice_ico.png?fit=215%2C219&ssl=1\",\"width\":215,\"height\":219,\"caption\":\"InfoChoice\"},\"image\":{\"@id\":\"https:\\\/\\\/infochoice.com.br\\\/site\\\/#\\\/schema\\\/logo\\\/image\\\/\"},\"sameAs\":[\"https:\\\/\\\/www.facebook.com\\\/infochoicetecnologia\",\"https:\\\/\\\/x.com\\\/infochoicetecnologia\",\"https:\\\/\\\/www.instagram.com\\\/infochoicetecnologia\",\"https:\\\/\\\/www.youtube.com\\\/infochoicetecnologia\",\"https:\\\/\\\/www.linkedin.com\\\/infochoicetecnologia\"]}]}<\/script>\n<!-- \/ Yoast SEO plugin. -->","yoast_head_json":{"title":"erwin Data Modeler - InfoChoice Tecnologia","description":"O erwin Data Modeler (erwin DM) \u00e9 uma ferramenta premiada de modelagem de dados usada para encontrar, visualizar, projetar, implantar e padronizar ativos de dados corporativos de alta qualidade.","robots":{"index":"index","follow":"follow","max-snippet":"max-snippet:-1","max-image-preview":"max-image-preview:large","max-video-preview":"max-video-preview:-1"},"canonical":"https:\/\/infochoice.com.br\/site\/index.php\/erwin-data-modeler\/","og_locale":"pt_BR","og_type":"article","og_title":"erwin Data Modeler - InfoChoice Tecnologia","og_description":"O erwin Data Modeler (erwin DM) \u00e9 uma ferramenta premiada de modelagem de dados usada para encontrar, visualizar, projetar, implantar e padronizar ativos de dados corporativos de alta qualidade.","og_url":"https:\/\/infochoice.com.br\/site\/index.php\/erwin-data-modeler\/","og_site_name":"InfoChoice Tecnologia","article_publisher":"https:\/\/www.facebook.com\/infochoicetecnologia","article_modified_time":"2026-03-18T01:29:30+00:00","twitter_card":"summary_large_image","twitter_site":"@infochoicetecnologia","twitter_misc":{"Est. tempo de leitura":"5 minutos"},"schema":{"@context":"https:\/\/schema.org","@graph":[{"@type":"WebPage","@id":"https:\/\/infochoice.com.br\/site\/index.php\/erwin-data-modeler\/","url":"https:\/\/infochoice.com.br\/site\/index.php\/erwin-data-modeler\/","name":"erwin Data Modeler - InfoChoice Tecnologia","isPartOf":{"@id":"https:\/\/infochoice.com.br\/site\/#website"},"datePublished":"2020-07-15T00:00:32+00:00","dateModified":"2026-03-18T01:29:30+00:00","description":"O erwin Data Modeler (erwin DM) \u00e9 uma ferramenta premiada de modelagem de dados usada para encontrar, visualizar, projetar, implantar e padronizar ativos de dados corporativos de alta qualidade.","breadcrumb":{"@id":"https:\/\/infochoice.com.br\/site\/index.php\/erwin-data-modeler\/#breadcrumb"},"inLanguage":"pt-BR","potentialAction":[{"@type":"ReadAction","target":["https:\/\/infochoice.com.br\/site\/index.php\/erwin-data-modeler\/"]}]},{"@type":"BreadcrumbList","@id":"https:\/\/infochoice.com.br\/site\/index.php\/erwin-data-modeler\/#breadcrumb","itemListElement":[{"@type":"ListItem","position":1,"name":"Home","item":"https:\/\/infochoice.com.br\/site\/"},{"@type":"ListItem","position":2,"name":"erwin Data Modeler"}]},{"@type":"WebSite","@id":"https:\/\/infochoice.com.br\/site\/#website","url":"https:\/\/infochoice.com.br\/site\/","name":"InfoChoice Tecnologia","description":"Solu\u00e7\u00f5es e decis\u00f5es estrat\u00e9gicas guiadas por confian\u00e7a, prop\u00f3sito e responsabilidade..","publisher":{"@id":"https:\/\/infochoice.com.br\/site\/#organization"},"alternateName":"InfoChoice Tecnologia","potentialAction":[{"@type":"SearchAction","target":{"@type":"EntryPoint","urlTemplate":"https:\/\/infochoice.com.br\/site\/?s={search_term_string}"},"query-input":{"@type":"PropertyValueSpecification","valueRequired":true,"valueName":"search_term_string"}}],"inLanguage":"pt-BR"},{"@type":"Organization","@id":"https:\/\/infochoice.com.br\/site\/#organization","name":"InfoChoice","alternateName":"InfoChoice Tecnologia","url":"https:\/\/infochoice.com.br\/site\/","logo":{"@type":"ImageObject","inLanguage":"pt-BR","@id":"https:\/\/infochoice.com.br\/site\/#\/schema\/logo\/image\/","url":"https:\/\/i0.wp.com\/infochoice.com.br\/site\/wp-content\/uploads\/2023\/10\/infochoice_ico.png?fit=215%2C219&ssl=1","contentUrl":"https:\/\/i0.wp.com\/infochoice.com.br\/site\/wp-content\/uploads\/2023\/10\/infochoice_ico.png?fit=215%2C219&ssl=1","width":215,"height":219,"caption":"InfoChoice"},"image":{"@id":"https:\/\/infochoice.com.br\/site\/#\/schema\/logo\/image\/"},"sameAs":["https:\/\/www.facebook.com\/infochoicetecnologia","https:\/\/x.com\/infochoicetecnologia","https:\/\/www.instagram.com\/infochoicetecnologia","https:\/\/www.youtube.com\/infochoicetecnologia","https:\/\/www.linkedin.com\/infochoicetecnologia"]}]}},"_links":{"self":[{"href":"https:\/\/infochoice.com.br\/site\/index.php\/wp-json\/wp\/v2\/pages\/763","targetHints":{"allow":["GET"]}}],"collection":[{"href":"https:\/\/infochoice.com.br\/site\/index.php\/wp-json\/wp\/v2\/pages"}],"about":[{"href":"https:\/\/infochoice.com.br\/site\/index.php\/wp-json\/wp\/v2\/types\/page"}],"author":[{"embeddable":true,"href":"https:\/\/infochoice.com.br\/site\/index.php\/wp-json\/wp\/v2\/users\/1"}],"replies":[{"embeddable":true,"href":"https:\/\/infochoice.com.br\/site\/index.php\/wp-json\/wp\/v2\/comments?post=763"}],"version-history":[{"count":7,"href":"https:\/\/infochoice.com.br\/site\/index.php\/wp-json\/wp\/v2\/pages\/763\/revisions"}],"predecessor-version":[{"id":3690,"href":"https:\/\/infochoice.com.br\/site\/index.php\/wp-json\/wp\/v2\/pages\/763\/revisions\/3690"}],"wp:attachment":[{"href":"https:\/\/infochoice.com.br\/site\/index.php\/wp-json\/wp\/v2\/media?parent=763"}],"curies":[{"name":"wp","href":"https:\/\/api.w.org\/{rel}","templated":true}]}}