{"id":864,"date":"2020-08-02T16:09:53","date_gmt":"2020-08-02T19:09:53","guid":{"rendered":"http:\/\/infochoice.com.br\/site\/?page_id=864"},"modified":"2026-03-17T22:25:32","modified_gmt":"2026-03-18T01:25:32","slug":"erwin-evolve","status":"publish","type":"page","link":"https:\/\/infochoice.com.br\/site\/index.php\/erwin-evolve\/","title":{"rendered":"erwin Evolve"},"content":{"rendered":"<h3 data-section-id=\"11zea4k\" data-start=\"570\" data-end=\"650\"><strong data-start=\"574\" data-end=\"650\">erwin Evolve \u2013 Arquitetura Corporativa e Transforma\u00e7\u00e3o Orientada a Dados<\/strong><\/h3>\n<p data-start=\"652\" data-end=\"709\">Empresas que crescem sem estrutura acumulam complexidade.<\/p>\n<p data-start=\"711\" data-end=\"880\">Sistemas desconectados, processos pouco claros, dados sem governan\u00e7a e decis\u00f5es desalinhadas s\u00e3o sintomas de um problema maior:<br data-start=\"838\" data-end=\"841\" \/>\ud83d\udc49 <strong data-start=\"844\" data-end=\"880\">falta de arquitetura corporativa<\/strong><\/p>\n<p data-start=\"882\" data-end=\"1119\">A InfoChoice, em parceria com a <span class=\"hover:entity-accent entity-underline inline cursor-pointer align-baseline\"><span class=\"whitespace-normal\">Quest Software<\/span><\/span>, entrega o <strong data-start=\"963\" data-end=\"979\">erwin Evolve<\/strong>, uma plataforma que permite mapear, organizar e alinhar toda a estrutura da empresa \u2014 conectando estrat\u00e9gia, processos, dados e tecnologia.<\/p>\n<hr data-start=\"1121\" data-end=\"1124\" \/>\n<h3 data-section-id=\"1sgok8a\" data-start=\"1126\" data-end=\"1196\"><strong data-start=\"1130\" data-end=\"1196\">O problema real: crescimento sem alinhamento gera complexidade<\/strong><\/h3>\n<p data-start=\"1198\" data-end=\"1245\">Na maioria das organiza\u00e7\u00f5es, \u00e9 comum encontrar:<\/p>\n<ul data-start=\"1247\" data-end=\"1496\">\n<li data-section-id=\"10e4q0w\" data-start=\"1247\" data-end=\"1295\">\n<p data-start=\"1249\" data-end=\"1295\">Processos n\u00e3o documentados ou inconsistentes<\/p>\n<\/li>\n<li data-section-id=\"7nzgjm\" data-start=\"1296\" data-end=\"1335\">\n<p data-start=\"1298\" data-end=\"1335\">Sistemas que n\u00e3o conversam entre si<\/p>\n<\/li>\n<li data-section-id=\"1r7utns\" data-start=\"1336\" data-end=\"1391\">\n<p data-start=\"1338\" data-end=\"1391\">Falta de visibilidade sobre depend\u00eancias e impactos<\/p>\n<\/li>\n<li data-section-id=\"l1x6q9\" data-start=\"1392\" data-end=\"1449\">\n<p data-start=\"1394\" data-end=\"1449\">Dificuldade em priorizar iniciativas de transforma\u00e7\u00e3o<\/p>\n<\/li>\n<li data-section-id=\"qcwsh7\" data-start=\"1450\" data-end=\"1496\">\n<p data-start=\"1452\" data-end=\"1496\">Desalinhamento entre \u00e1reas de neg\u00f3cio e TI<\/p>\n<\/li>\n<\/ul>\n<p data-start=\"1498\" data-end=\"1508\">Resultado:<\/p>\n<p data-start=\"1510\" data-end=\"1625\">\ud83d\udc49 decis\u00f5es desconectadas<br data-start=\"1535\" data-end=\"1538\" \/>\ud83d\udc49 aumento de custos<br data-start=\"1558\" data-end=\"1561\" \/>\ud83d\udc49 baixa efici\u00eancia operacional<br data-start=\"1592\" data-end=\"1595\" \/>\ud83d\udc49 risco elevado em mudan\u00e7as<\/p>\n<hr data-start=\"1627\" data-end=\"1630\" \/>\n<h3 data-section-id=\"1na49g8\" data-start=\"1632\" data-end=\"1675\"><strong data-start=\"1636\" data-end=\"1675\">O que \u00e9 o erwin Evolve (na pr\u00e1tica)<\/strong><\/h3>\n<p data-start=\"1677\" data-end=\"1803\">O erwin Evolve \u00e9 uma plataforma de <strong data-start=\"1712\" data-end=\"1765\">Arquitetura Corporativa (Enterprise Architecture)<\/strong> e modelagem de processos que permite:<\/p>\n<ul data-start=\"1805\" data-end=\"2065\">\n<li data-section-id=\"1bkzhud\" data-start=\"1805\" data-end=\"1871\">\n<p data-start=\"1807\" data-end=\"1871\">Mapear a rela\u00e7\u00e3o entre neg\u00f3cio, dados, aplica\u00e7\u00f5es e tecnologia<\/p>\n<\/li>\n<li data-section-id=\"7yspcw\" data-start=\"1872\" data-end=\"1909\">\n<p data-start=\"1874\" data-end=\"1909\">Documentar e padronizar processos<\/p>\n<\/li>\n<li data-section-id=\"qjs80u\" data-start=\"1910\" data-end=\"1964\">\n<p data-start=\"1912\" data-end=\"1964\">Analisar impactos de mudan\u00e7as antes de execut\u00e1-las<\/p>\n<\/li>\n<li data-section-id=\"8xd0lw\" data-start=\"1965\" data-end=\"2009\">\n<p data-start=\"1967\" data-end=\"2009\">Criar uma vis\u00e3o integrada da organiza\u00e7\u00e3o<\/p>\n<\/li>\n<li data-section-id=\"735s9l\" data-start=\"2010\" data-end=\"2065\">\n<p data-start=\"2012\" data-end=\"2065\">Apoiar iniciativas de transforma\u00e7\u00e3o digital e cloud<\/p>\n<\/li>\n<\/ul>\n<p data-start=\"2067\" data-end=\"2196\">Ele permite alinhar pessoas, processos, dados e tecnologia em uma \u00fanica vis\u00e3o estruturada<\/p>\n<hr data-start=\"2198\" data-end=\"2201\" \/>\n<h3 data-section-id=\"kv21u4\" data-start=\"2203\" data-end=\"2275\"><strong data-start=\"2207\" data-end=\"2275\">Como a InfoChoice transforma arquitetura em resultado de neg\u00f3cio<\/strong><\/h3>\n<p data-start=\"2277\" data-end=\"2387\">Nosso diferencial n\u00e3o est\u00e1 apenas na ferramenta \u2014 mas na <strong data-start=\"2334\" data-end=\"2386\">aplica\u00e7\u00e3o estrat\u00e9gica da arquitetura corporativa<\/strong>:<\/p>\n<h4 data-start=\"2389\" data-end=\"2438\">\ud83d\udd39 Mapeamento da arquitetura atual (AS-IS)<\/h4>\n<p data-start=\"2439\" data-end=\"2499\">Identificamos sistemas, processos e depend\u00eancias existentes.<\/p>\n<h4 data-start=\"2501\" data-end=\"2548\">\ud83d\udd39 Desenho da arquitetura futura (TO-BE)<\/h4>\n<p data-start=\"2549\" data-end=\"2605\">Estruturamos o caminho para evolu\u00e7\u00e3o digital da empresa.<\/p>\n<h4 data-start=\"2607\" data-end=\"2657\">\ud83d\udd39 Modelagem de processos e fluxos de valor<\/h4>\n<p data-start=\"2658\" data-end=\"2714\">Tornamos opera\u00e7\u00f5es mais claras, eficientes e escal\u00e1veis.<\/p>\n<h4 data-start=\"2716\" data-end=\"2758\">\ud83d\udd39 An\u00e1lise de impacto e prioriza\u00e7\u00e3o<\/h4>\n<p data-start=\"2759\" data-end=\"2824\">Ajudamos a tomar decis\u00f5es com base em dados e depend\u00eancias reais.<\/p>\n<h4 data-start=\"2826\" data-end=\"2870\">\ud83d\udd39 Integra\u00e7\u00e3o com governan\u00e7a de dados<\/h4>\n<p data-start=\"2871\" data-end=\"2944\">Conectamos arquitetura com qualidade, compliance e intelig\u00eancia de dados.<\/p>\n<hr data-start=\"2946\" data-end=\"2949\" \/>\n<h3 data-section-id=\"tu8klm\" data-start=\"2951\" data-end=\"2997\"><strong data-start=\"2955\" data-end=\"2997\">Capacidades que transformam a opera\u00e7\u00e3o<\/strong><\/h3>\n<p data-start=\"2999\" data-end=\"3036\">Com o erwin Evolve, sua empresa pode:<\/p>\n<ul data-start=\"3038\" data-end=\"3262\">\n<li data-section-id=\"1pjhd1e\" data-start=\"3038\" data-end=\"3079\">\n<p data-start=\"3040\" data-end=\"3079\">Reduzir a complexidade organizacional<\/p>\n<\/li>\n<li data-section-id=\"xn6u6m\" data-start=\"3080\" data-end=\"3132\">\n<p data-start=\"3082\" data-end=\"3132\">Aumentar visibilidade sobre processos e sistemas<\/p>\n<\/li>\n<li data-section-id=\"1h4eemw\" data-start=\"3133\" data-end=\"3171\">\n<p data-start=\"3135\" data-end=\"3171\">Melhorar governan\u00e7a e conformidade<\/p>\n<\/li>\n<li data-section-id=\"21l4y8\" data-start=\"3172\" data-end=\"3218\">\n<p data-start=\"3174\" data-end=\"3218\">Acelerar projetos de transforma\u00e7\u00e3o digital<\/p>\n<\/li>\n<li data-section-id=\"1ws4pj1\" data-start=\"3219\" data-end=\"3262\">\n<p data-start=\"3221\" data-end=\"3262\">Tomar decis\u00f5es com base em impacto real<\/p>\n<\/li>\n<\/ul>\n<p data-start=\"3264\" data-end=\"3451\">A plataforma permite visualizar, documentar e analisar a arquitetura corporativa de forma integrada, facilitando decis\u00f5es mais r\u00e1pidas e assertivas<\/p>\n<hr data-start=\"3453\" data-end=\"3456\" \/>\n<h3 data-section-id=\"1wv692k\" data-start=\"3458\" data-end=\"3501\"><strong data-start=\"3462\" data-end=\"3501\">Onde o erwin Evolve gera mais valor<\/strong><\/h3>\n<ul data-start=\"3503\" data-end=\"3725\">\n<li data-section-id=\"amhk1d\" data-start=\"3503\" data-end=\"3555\">\n<p data-start=\"3505\" data-end=\"3555\">Transforma\u00e7\u00e3o digital e moderniza\u00e7\u00e3o de sistemas<\/p>\n<\/li>\n<li data-section-id=\"j9kw9s\" data-start=\"3556\" data-end=\"3579\">\n<p data-start=\"3558\" data-end=\"3579\">Migra\u00e7\u00e3o para cloud<\/p>\n<\/li>\n<li data-section-id=\"66poji\" data-start=\"3580\" data-end=\"3607\">\n<p data-start=\"3582\" data-end=\"3607\">Governan\u00e7a e compliance<\/p>\n<\/li>\n<li data-section-id=\"138b8um\" data-start=\"3608\" data-end=\"3650\">\n<p data-start=\"3610\" data-end=\"3650\">Integra\u00e7\u00e3o entre \u00e1reas de neg\u00f3cio e TI<\/p>\n<\/li>\n<li data-section-id=\"lnlb79\" data-start=\"3651\" data-end=\"3688\">\n<p data-start=\"3653\" data-end=\"3688\">Gest\u00e3o de portf\u00f3lio de aplica\u00e7\u00f5es<\/p>\n<\/li>\n<li data-section-id=\"1cop6wr\" data-start=\"3689\" data-end=\"3725\">\n<p data-start=\"3691\" data-end=\"3725\">Arquitetura de dados e processos<\/p>\n<\/li>\n<\/ul>\n<hr data-start=\"3727\" data-end=\"3730\" \/>\n<h3 data-section-id=\"5u4oum\" data-start=\"3732\" data-end=\"3760\"><strong data-start=\"3736\" data-end=\"3760\">Por que a InfoChoice<\/strong><\/h3>\n<p data-start=\"3762\" data-end=\"3809\">Porque arquitetura sem execu\u00e7\u00e3o n\u00e3o gera valor.<\/p>\n<p data-start=\"3811\" data-end=\"4013\">\u2714 Vis\u00e3o estrat\u00e9gica de neg\u00f3cio + tecnologia<br data-start=\"3854\" data-end=\"3857\" \/>\u2714 Integra\u00e7\u00e3o com dados, governan\u00e7a e analytics<br data-start=\"3903\" data-end=\"3906\" \/>\u2714 Experi\u00eancia em ambientes corporativos complexos<br data-start=\"3955\" data-end=\"3958\" \/>\u2714 Foco em efici\u00eancia, controle e evolu\u00e7\u00e3o sustent\u00e1vel<\/p>\n<hr data-start=\"4015\" data-end=\"4018\" \/>\n<h3 data-section-id=\"1n0wsdf\" data-start=\"4020\" data-end=\"4071\"><strong data-start=\"4024\" data-end=\"4071\">Sem arquitetura, a transforma\u00e7\u00e3o vira risco<\/strong><\/h3>\n<p data-start=\"4073\" data-end=\"4111\">Antes de inovar, \u00e9 preciso estruturar.<\/p>\n<p data-start=\"4113\" data-end=\"4247\">A InfoChoice, com o erwin Evolve, ajuda sua empresa a construir uma base s\u00f3lida para crescer com <strong data-start=\"4210\" data-end=\"4246\">controle, clareza e intelig\u00eancia<\/strong>.<\/p>\n<hr data-start=\"4249\" data-end=\"4252\" \/>\n<h3 data-section-id=\"1v9j5mi\" data-start=\"4254\" data-end=\"4275\"><strong data-start=\"4258\" data-end=\"4275\">Pr\u00f3ximo passo<\/strong><\/h3>\n<p data-start=\"4277\" data-end=\"4416\">Se sua empresa enfrenta desafios com complexidade, falta de visibilidade ou dificuldades em evoluir sua arquitetura, fale com a InfoChoice.<\/p>\n<p data-start=\"4418\" data-end=\"4519\">Vamos transformar sua organiza\u00e7\u00e3o em uma estrutura <strong data-start=\"4469\" data-end=\"4518\">alinhada, governada e preparada para o futuro<\/strong>.<\/p>\n","protected":false},"excerpt":{"rendered":"<p>erwin Evolve \u2013 Arquitetura Corporativa e Transforma\u00e7\u00e3o Orientada a Dados Empresas que crescem sem estrutura acumulam complexidade. Sistemas desconectados, processos pouco claros, dados sem governan\u00e7a e decis\u00f5es desalinhadas s\u00e3o sintomas de um problema maior:\ud83d\udc49 falta de arquitetura corporativa A InfoChoice, em parceria com a Quest Software, entrega o erwin Evolve, uma plataforma que permite mapear, [&hellip;]<\/p>\n","protected":false},"author":1,"featured_media":0,"parent":0,"menu_order":0,"comment_status":"closed","ping_status":"closed","template":"","meta":{"footnotes":""},"class_list":["post-864","page","type-page","status-publish","hentry"],"yoast_head":"<!-- This site is optimized with the Yoast SEO plugin v27.4 - https:\/\/yoast.com\/product\/yoast-seo-wordpress\/ -->\n<title>erwin Evolve - InfoChoice Tecnologia<\/title>\n<meta name=\"description\" content=\"As disciplinas de arquitetura corporativa e modelagem de processos de neg\u00f3cios dependem muito umas das outras e compartilham muitas das mesmas necessidades de visualiza\u00e7\u00e3o, documenta\u00e7\u00e3o e an\u00e1lise de informa\u00e7\u00f5es. O erwin Evolve \u00e9 um conjunto de software \u00fanico e poderoso que atende aos casos de uso da EA e da BP.\" \/>\n<meta name=\"robots\" content=\"index, follow, max-snippet:-1, max-image-preview:large, max-video-preview:-1\" \/>\n<link rel=\"canonical\" href=\"https:\/\/infochoice.com.br\/site\/index.php\/erwin-evolve\/\" \/>\n<meta property=\"og:locale\" content=\"pt_BR\" \/>\n<meta property=\"og:type\" content=\"article\" \/>\n<meta property=\"og:title\" content=\"erwin Evolve - InfoChoice Tecnologia\" \/>\n<meta property=\"og:description\" content=\"As disciplinas de arquitetura corporativa e modelagem de processos de neg\u00f3cios dependem muito umas das outras e compartilham muitas das mesmas necessidades de visualiza\u00e7\u00e3o, documenta\u00e7\u00e3o e an\u00e1lise de informa\u00e7\u00f5es. O erwin Evolve \u00e9 um conjunto de software \u00fanico e poderoso que atende aos casos de uso da EA e da BP.\" \/>\n<meta property=\"og:url\" content=\"https:\/\/infochoice.com.br\/site\/index.php\/erwin-evolve\/\" \/>\n<meta property=\"og:site_name\" content=\"InfoChoice Tecnologia\" \/>\n<meta property=\"article:publisher\" content=\"https:\/\/www.facebook.com\/infochoicetecnologia\" \/>\n<meta property=\"article:modified_time\" content=\"2026-03-18T01:25:32+00:00\" \/>\n<meta name=\"twitter:card\" content=\"summary_large_image\" \/>\n<meta name=\"twitter:site\" content=\"@infochoicetecnologia\" \/>\n<meta name=\"twitter:label1\" content=\"Est. tempo de leitura\" \/>\n\t<meta name=\"twitter:data1\" content=\"4 minutos\" \/>\n<script type=\"application\/ld+json\" class=\"yoast-schema-graph\">{\"@context\":\"https:\\\/\\\/schema.org\",\"@graph\":[{\"@type\":\"WebPage\",\"@id\":\"https:\\\/\\\/infochoice.com.br\\\/site\\\/index.php\\\/erwin-evolve\\\/\",\"url\":\"https:\\\/\\\/infochoice.com.br\\\/site\\\/index.php\\\/erwin-evolve\\\/\",\"name\":\"erwin Evolve - InfoChoice Tecnologia\",\"isPartOf\":{\"@id\":\"https:\\\/\\\/infochoice.com.br\\\/site\\\/#website\"},\"datePublished\":\"2020-08-02T19:09:53+00:00\",\"dateModified\":\"2026-03-18T01:25:32+00:00\",\"description\":\"As disciplinas de arquitetura corporativa e modelagem de processos de neg\u00f3cios dependem muito umas das outras e compartilham muitas das mesmas necessidades de visualiza\u00e7\u00e3o, documenta\u00e7\u00e3o e an\u00e1lise de informa\u00e7\u00f5es. O erwin Evolve \u00e9 um conjunto de software \u00fanico e poderoso que atende aos casos de uso da EA e da BP.\",\"breadcrumb\":{\"@id\":\"https:\\\/\\\/infochoice.com.br\\\/site\\\/index.php\\\/erwin-evolve\\\/#breadcrumb\"},\"inLanguage\":\"pt-BR\",\"potentialAction\":[{\"@type\":\"ReadAction\",\"target\":[\"https:\\\/\\\/infochoice.com.br\\\/site\\\/index.php\\\/erwin-evolve\\\/\"]}]},{\"@type\":\"BreadcrumbList\",\"@id\":\"https:\\\/\\\/infochoice.com.br\\\/site\\\/index.php\\\/erwin-evolve\\\/#breadcrumb\",\"itemListElement\":[{\"@type\":\"ListItem\",\"position\":1,\"name\":\"Home\",\"item\":\"https:\\\/\\\/infochoice.com.br\\\/site\\\/\"},{\"@type\":\"ListItem\",\"position\":2,\"name\":\"erwin Evolve\"}]},{\"@type\":\"WebSite\",\"@id\":\"https:\\\/\\\/infochoice.com.br\\\/site\\\/#website\",\"url\":\"https:\\\/\\\/infochoice.com.br\\\/site\\\/\",\"name\":\"InfoChoice Tecnologia\",\"description\":\"Solu\u00e7\u00f5es e decis\u00f5es estrat\u00e9gicas guiadas por confian\u00e7a, prop\u00f3sito e responsabilidade..\",\"publisher\":{\"@id\":\"https:\\\/\\\/infochoice.com.br\\\/site\\\/#organization\"},\"alternateName\":\"InfoChoice Tecnologia\",\"potentialAction\":[{\"@type\":\"SearchAction\",\"target\":{\"@type\":\"EntryPoint\",\"urlTemplate\":\"https:\\\/\\\/infochoice.com.br\\\/site\\\/?s={search_term_string}\"},\"query-input\":{\"@type\":\"PropertyValueSpecification\",\"valueRequired\":true,\"valueName\":\"search_term_string\"}}],\"inLanguage\":\"pt-BR\"},{\"@type\":\"Organization\",\"@id\":\"https:\\\/\\\/infochoice.com.br\\\/site\\\/#organization\",\"name\":\"InfoChoice\",\"alternateName\":\"InfoChoice Tecnologia\",\"url\":\"https:\\\/\\\/infochoice.com.br\\\/site\\\/\",\"logo\":{\"@type\":\"ImageObject\",\"inLanguage\":\"pt-BR\",\"@id\":\"https:\\\/\\\/infochoice.com.br\\\/site\\\/#\\\/schema\\\/logo\\\/image\\\/\",\"url\":\"https:\\\/\\\/i0.wp.com\\\/infochoice.com.br\\\/site\\\/wp-content\\\/uploads\\\/2023\\\/10\\\/infochoice_ico.png?fit=215%2C219&ssl=1\",\"contentUrl\":\"https:\\\/\\\/i0.wp.com\\\/infochoice.com.br\\\/site\\\/wp-content\\\/uploads\\\/2023\\\/10\\\/infochoice_ico.png?fit=215%2C219&ssl=1\",\"width\":215,\"height\":219,\"caption\":\"InfoChoice\"},\"image\":{\"@id\":\"https:\\\/\\\/infochoice.com.br\\\/site\\\/#\\\/schema\\\/logo\\\/image\\\/\"},\"sameAs\":[\"https:\\\/\\\/www.facebook.com\\\/infochoicetecnologia\",\"https:\\\/\\\/x.com\\\/infochoicetecnologia\",\"https:\\\/\\\/www.instagram.com\\\/infochoicetecnologia\",\"https:\\\/\\\/www.youtube.com\\\/infochoicetecnologia\",\"https:\\\/\\\/www.linkedin.com\\\/infochoicetecnologia\"]}]}<\/script>\n<!-- \/ Yoast SEO plugin. -->","yoast_head_json":{"title":"erwin Evolve - InfoChoice Tecnologia","description":"As disciplinas de arquitetura corporativa e modelagem de processos de neg\u00f3cios dependem muito umas das outras e compartilham muitas das mesmas necessidades de visualiza\u00e7\u00e3o, documenta\u00e7\u00e3o e an\u00e1lise de informa\u00e7\u00f5es. O erwin Evolve \u00e9 um conjunto de software \u00fanico e poderoso que atende aos casos de uso da EA e da BP.","robots":{"index":"index","follow":"follow","max-snippet":"max-snippet:-1","max-image-preview":"max-image-preview:large","max-video-preview":"max-video-preview:-1"},"canonical":"https:\/\/infochoice.com.br\/site\/index.php\/erwin-evolve\/","og_locale":"pt_BR","og_type":"article","og_title":"erwin Evolve - InfoChoice Tecnologia","og_description":"As disciplinas de arquitetura corporativa e modelagem de processos de neg\u00f3cios dependem muito umas das outras e compartilham muitas das mesmas necessidades de visualiza\u00e7\u00e3o, documenta\u00e7\u00e3o e an\u00e1lise de informa\u00e7\u00f5es. O erwin Evolve \u00e9 um conjunto de software \u00fanico e poderoso que atende aos casos de uso da EA e da BP.","og_url":"https:\/\/infochoice.com.br\/site\/index.php\/erwin-evolve\/","og_site_name":"InfoChoice Tecnologia","article_publisher":"https:\/\/www.facebook.com\/infochoicetecnologia","article_modified_time":"2026-03-18T01:25:32+00:00","twitter_card":"summary_large_image","twitter_site":"@infochoicetecnologia","twitter_misc":{"Est. tempo de leitura":"4 minutos"},"schema":{"@context":"https:\/\/schema.org","@graph":[{"@type":"WebPage","@id":"https:\/\/infochoice.com.br\/site\/index.php\/erwin-evolve\/","url":"https:\/\/infochoice.com.br\/site\/index.php\/erwin-evolve\/","name":"erwin Evolve - InfoChoice Tecnologia","isPartOf":{"@id":"https:\/\/infochoice.com.br\/site\/#website"},"datePublished":"2020-08-02T19:09:53+00:00","dateModified":"2026-03-18T01:25:32+00:00","description":"As disciplinas de arquitetura corporativa e modelagem de processos de neg\u00f3cios dependem muito umas das outras e compartilham muitas das mesmas necessidades de visualiza\u00e7\u00e3o, documenta\u00e7\u00e3o e an\u00e1lise de informa\u00e7\u00f5es. O erwin Evolve \u00e9 um conjunto de software \u00fanico e poderoso que atende aos casos de uso da EA e da BP.","breadcrumb":{"@id":"https:\/\/infochoice.com.br\/site\/index.php\/erwin-evolve\/#breadcrumb"},"inLanguage":"pt-BR","potentialAction":[{"@type":"ReadAction","target":["https:\/\/infochoice.com.br\/site\/index.php\/erwin-evolve\/"]}]},{"@type":"BreadcrumbList","@id":"https:\/\/infochoice.com.br\/site\/index.php\/erwin-evolve\/#breadcrumb","itemListElement":[{"@type":"ListItem","position":1,"name":"Home","item":"https:\/\/infochoice.com.br\/site\/"},{"@type":"ListItem","position":2,"name":"erwin Evolve"}]},{"@type":"WebSite","@id":"https:\/\/infochoice.com.br\/site\/#website","url":"https:\/\/infochoice.com.br\/site\/","name":"InfoChoice Tecnologia","description":"Solu\u00e7\u00f5es e decis\u00f5es estrat\u00e9gicas guiadas por confian\u00e7a, prop\u00f3sito e responsabilidade..","publisher":{"@id":"https:\/\/infochoice.com.br\/site\/#organization"},"alternateName":"InfoChoice Tecnologia","potentialAction":[{"@type":"SearchAction","target":{"@type":"EntryPoint","urlTemplate":"https:\/\/infochoice.com.br\/site\/?s={search_term_string}"},"query-input":{"@type":"PropertyValueSpecification","valueRequired":true,"valueName":"search_term_string"}}],"inLanguage":"pt-BR"},{"@type":"Organization","@id":"https:\/\/infochoice.com.br\/site\/#organization","name":"InfoChoice","alternateName":"InfoChoice Tecnologia","url":"https:\/\/infochoice.com.br\/site\/","logo":{"@type":"ImageObject","inLanguage":"pt-BR","@id":"https:\/\/infochoice.com.br\/site\/#\/schema\/logo\/image\/","url":"https:\/\/i0.wp.com\/infochoice.com.br\/site\/wp-content\/uploads\/2023\/10\/infochoice_ico.png?fit=215%2C219&ssl=1","contentUrl":"https:\/\/i0.wp.com\/infochoice.com.br\/site\/wp-content\/uploads\/2023\/10\/infochoice_ico.png?fit=215%2C219&ssl=1","width":215,"height":219,"caption":"InfoChoice"},"image":{"@id":"https:\/\/infochoice.com.br\/site\/#\/schema\/logo\/image\/"},"sameAs":["https:\/\/www.facebook.com\/infochoicetecnologia","https:\/\/x.com\/infochoicetecnologia","https:\/\/www.instagram.com\/infochoicetecnologia","https:\/\/www.youtube.com\/infochoicetecnologia","https:\/\/www.linkedin.com\/infochoicetecnologia"]}]}},"_links":{"self":[{"href":"https:\/\/infochoice.com.br\/site\/index.php\/wp-json\/wp\/v2\/pages\/864","targetHints":{"allow":["GET"]}}],"collection":[{"href":"https:\/\/infochoice.com.br\/site\/index.php\/wp-json\/wp\/v2\/pages"}],"about":[{"href":"https:\/\/infochoice.com.br\/site\/index.php\/wp-json\/wp\/v2\/types\/page"}],"author":[{"embeddable":true,"href":"https:\/\/infochoice.com.br\/site\/index.php\/wp-json\/wp\/v2\/users\/1"}],"replies":[{"embeddable":true,"href":"https:\/\/infochoice.com.br\/site\/index.php\/wp-json\/wp\/v2\/comments?post=864"}],"version-history":[{"count":5,"href":"https:\/\/infochoice.com.br\/site\/index.php\/wp-json\/wp\/v2\/pages\/864\/revisions"}],"predecessor-version":[{"id":3686,"href":"https:\/\/infochoice.com.br\/site\/index.php\/wp-json\/wp\/v2\/pages\/864\/revisions\/3686"}],"wp:attachment":[{"href":"https:\/\/infochoice.com.br\/site\/index.php\/wp-json\/wp\/v2\/media?parent=864"}],"curies":[{"name":"wp","href":"https:\/\/api.w.org\/{rel}","templated":true}]}}