{"id":946,"date":"2020-11-06T15:52:19","date_gmt":"2020-11-06T18:52:19","guid":{"rendered":"http:\/\/infochoice.com.br\/site\/?page_id=946"},"modified":"2026-04-03T11:41:26","modified_gmt":"2026-04-03T14:41:26","slug":"revenda-e-parceiro-veeam","status":"publish","type":"page","link":"https:\/\/infochoice.com.br\/site\/index.php\/revenda-e-parceiro-veeam\/","title":{"rendered":"Revenda e Parceiro Veeam"},"content":{"rendered":"<p><!-- Google tag (gtag.js) --><br \/>\n<script async src=\"https:\/\/www.googletagmanager.com\/gtag\/js?id=G-FHSZNHR1FT\"><\/script><br \/>\n<script><br \/>\n  window.dataLayer = window.dataLayer || [];<br \/>\n  function gtag(){dataLayer.push(arguments);}<br \/>\n  gtag('js', new Date());<\/p>\n<p>  gtag('config', 'G-FHSZNHR1FT');<br \/>\n<\/script><\/p>\n\n\n<p><a href=\"https:\/\/wcs-clouddata-infochoice.swcontentsyndication.com\/Homepage-BR\">https:\/\/wcs-clouddata-infochoice.swcontentsyndication.com\/Homepage-BR<\/a><\/p>\n\n\n\n<hr class=\"wp-block-separator has-alpha-channel-opacity\"\/>\n\n\n\n<p class=\"has-large-font-size\"><strong>Transpar\u00eancia sobre parcerias e ecossistemas tecnol\u00f3gicos<\/strong><\/p>\n\n\n\n<p>A InfoChoice mant\u00e9m relacionamento ativo com diversos fabricantes de tecnologia, atuando dentro de seus ecossistemas por meio de programas de parceria, capacita\u00e7\u00e3o cont\u00ednua, registros de oportunidades, certifica\u00e7\u00f5es e integra\u00e7\u00e3o com distribuidores oficiais.<\/p>\n\n\n\n<p>\u00c9 importante destacar que a presen\u00e7a em listagens p\u00fablicas de parceiros varia conforme crit\u00e9rios espec\u00edficos de cada fabricante, n\u00e3o refletindo necessariamente o n\u00edvel de atua\u00e7\u00e3o, capacita\u00e7\u00e3o ou relacionamento comercial existente.<\/p>\n\n\n\n<p>Nosso compromisso \u00e9 com a transpar\u00eancia, a \u00e9tica e a entrega de solu\u00e7\u00f5es alinhadas \u00e0s melhores pr\u00e1ticas do mercado, sempre com base em rela\u00e7\u00f5es leg\u00edtimas e verific\u00e1veis.<\/p>\n\n\n\n<hr class=\"wp-block-separator has-alpha-channel-opacity\"\/>\n","protected":false},"excerpt":{"rendered":"<p>https:\/\/wcs-clouddata-infochoice.swcontentsyndication.com\/Homepage-BR Transpar\u00eancia sobre parcerias e ecossistemas tecnol\u00f3gicos A InfoChoice mant\u00e9m relacionamento ativo com diversos fabricantes de tecnologia, atuando dentro de seus ecossistemas por meio de programas de parceria, capacita\u00e7\u00e3o cont\u00ednua, registros de oportunidades, certifica\u00e7\u00f5es e integra\u00e7\u00e3o com distribuidores oficiais. \u00c9 importante destacar que a presen\u00e7a em listagens p\u00fablicas de parceiros varia conforme crit\u00e9rios espec\u00edficos de [&hellip;]<\/p>\n","protected":false},"author":1,"featured_media":0,"parent":0,"menu_order":0,"comment_status":"closed","ping_status":"closed","template":"","meta":{"footnotes":""},"class_list":["post-946","page","type-page","status-publish","hentry"],"yoast_head":"<!-- This site is optimized with the Yoast SEO plugin v27.6 - https:\/\/yoast.com\/product\/yoast-seo-wordpress\/ -->\n<title>Revenda e Parceiro Veeam - InfoChoice Tecnologia<\/title>\n<meta name=\"description\" content=\"Fa\u00e7a backups de VMware, Hyper-V, Windows, Linux, AWS, Azure e muito mais.\" \/>\n<meta name=\"robots\" content=\"index, follow, max-snippet:-1, max-image-preview:large, max-video-preview:-1\" \/>\n<link rel=\"canonical\" href=\"https:\/\/infochoice.com.br\/site\/index.php\/revenda-e-parceiro-veeam\/\" \/>\n<meta property=\"og:locale\" content=\"pt_BR\" \/>\n<meta property=\"og:type\" content=\"article\" \/>\n<meta property=\"og:title\" content=\"Revenda e Parceiro Veeam - InfoChoice Tecnologia\" \/>\n<meta property=\"og:description\" content=\"Fa\u00e7a backups de VMware, Hyper-V, Windows, Linux, AWS, Azure e muito mais.\" \/>\n<meta property=\"og:url\" content=\"https:\/\/infochoice.com.br\/site\/index.php\/revenda-e-parceiro-veeam\/\" \/>\n<meta property=\"og:site_name\" content=\"InfoChoice Tecnologia\" \/>\n<meta property=\"article:publisher\" content=\"https:\/\/www.facebook.com\/infochoicetecnologia\" \/>\n<meta property=\"article:modified_time\" content=\"2026-04-03T14:41:26+00:00\" \/>\n<meta name=\"twitter:card\" content=\"summary_large_image\" \/>\n<meta name=\"twitter:site\" content=\"@infochoicetecnologia\" \/>\n<meta name=\"twitter:label1\" content=\"Est. tempo de leitura\" \/>\n\t<meta name=\"twitter:data1\" content=\"1 minuto\" \/>\n<script type=\"application\/ld+json\" class=\"yoast-schema-graph\">{\"@context\":\"https:\\\/\\\/schema.org\",\"@graph\":[{\"@type\":\"WebPage\",\"@id\":\"https:\\\/\\\/infochoice.com.br\\\/site\\\/index.php\\\/revenda-e-parceiro-veeam\\\/\",\"url\":\"https:\\\/\\\/infochoice.com.br\\\/site\\\/index.php\\\/revenda-e-parceiro-veeam\\\/\",\"name\":\"Revenda e Parceiro Veeam - InfoChoice Tecnologia\",\"isPartOf\":{\"@id\":\"https:\\\/\\\/infochoice.com.br\\\/site\\\/#website\"},\"datePublished\":\"2020-11-06T18:52:19+00:00\",\"dateModified\":\"2026-04-03T14:41:26+00:00\",\"description\":\"Fa\u00e7a backups de VMware, Hyper-V, Windows, Linux, AWS, Azure e muito mais.\",\"breadcrumb\":{\"@id\":\"https:\\\/\\\/infochoice.com.br\\\/site\\\/index.php\\\/revenda-e-parceiro-veeam\\\/#breadcrumb\"},\"inLanguage\":\"pt-BR\",\"potentialAction\":[{\"@type\":\"ReadAction\",\"target\":[\"https:\\\/\\\/infochoice.com.br\\\/site\\\/index.php\\\/revenda-e-parceiro-veeam\\\/\"]}]},{\"@type\":\"BreadcrumbList\",\"@id\":\"https:\\\/\\\/infochoice.com.br\\\/site\\\/index.php\\\/revenda-e-parceiro-veeam\\\/#breadcrumb\",\"itemListElement\":[{\"@type\":\"ListItem\",\"position\":1,\"name\":\"Home\",\"item\":\"https:\\\/\\\/infochoice.com.br\\\/site\\\/\"},{\"@type\":\"ListItem\",\"position\":2,\"name\":\"Revenda e Parceiro Veeam\"}]},{\"@type\":\"WebSite\",\"@id\":\"https:\\\/\\\/infochoice.com.br\\\/site\\\/#website\",\"url\":\"https:\\\/\\\/infochoice.com.br\\\/site\\\/\",\"name\":\"InfoChoice Tecnologia\",\"description\":\"Solu\u00e7\u00f5es e decis\u00f5es estrat\u00e9gicas guiadas por confian\u00e7a, prop\u00f3sito e responsabilidade..\",\"publisher\":{\"@id\":\"https:\\\/\\\/infochoice.com.br\\\/site\\\/#organization\"},\"alternateName\":\"InfoChoice Tecnologia\",\"potentialAction\":[{\"@type\":\"SearchAction\",\"target\":{\"@type\":\"EntryPoint\",\"urlTemplate\":\"https:\\\/\\\/infochoice.com.br\\\/site\\\/?s={search_term_string}\"},\"query-input\":{\"@type\":\"PropertyValueSpecification\",\"valueRequired\":true,\"valueName\":\"search_term_string\"}}],\"inLanguage\":\"pt-BR\"},{\"@type\":\"Organization\",\"@id\":\"https:\\\/\\\/infochoice.com.br\\\/site\\\/#organization\",\"name\":\"InfoChoice\",\"alternateName\":\"InfoChoice Tecnologia\",\"url\":\"https:\\\/\\\/infochoice.com.br\\\/site\\\/\",\"logo\":{\"@type\":\"ImageObject\",\"inLanguage\":\"pt-BR\",\"@id\":\"https:\\\/\\\/infochoice.com.br\\\/site\\\/#\\\/schema\\\/logo\\\/image\\\/\",\"url\":\"https:\\\/\\\/i0.wp.com\\\/infochoice.com.br\\\/site\\\/wp-content\\\/uploads\\\/2023\\\/10\\\/infochoice_ico.png?fit=215%2C219&ssl=1\",\"contentUrl\":\"https:\\\/\\\/i0.wp.com\\\/infochoice.com.br\\\/site\\\/wp-content\\\/uploads\\\/2023\\\/10\\\/infochoice_ico.png?fit=215%2C219&ssl=1\",\"width\":215,\"height\":219,\"caption\":\"InfoChoice\"},\"image\":{\"@id\":\"https:\\\/\\\/infochoice.com.br\\\/site\\\/#\\\/schema\\\/logo\\\/image\\\/\"},\"sameAs\":[\"https:\\\/\\\/www.facebook.com\\\/infochoicetecnologia\",\"https:\\\/\\\/x.com\\\/infochoicetecnologia\",\"https:\\\/\\\/www.instagram.com\\\/infochoicetecnologia\",\"https:\\\/\\\/www.youtube.com\\\/infochoicetecnologia\",\"https:\\\/\\\/www.linkedin.com\\\/infochoicetecnologia\"]}]}<\/script>\n<!-- \/ Yoast SEO plugin. -->","yoast_head_json":{"title":"Revenda e Parceiro Veeam - InfoChoice Tecnologia","description":"Fa\u00e7a backups de VMware, Hyper-V, Windows, Linux, AWS, Azure e muito mais.","robots":{"index":"index","follow":"follow","max-snippet":"max-snippet:-1","max-image-preview":"max-image-preview:large","max-video-preview":"max-video-preview:-1"},"canonical":"https:\/\/infochoice.com.br\/site\/index.php\/revenda-e-parceiro-veeam\/","og_locale":"pt_BR","og_type":"article","og_title":"Revenda e Parceiro Veeam - InfoChoice Tecnologia","og_description":"Fa\u00e7a backups de VMware, Hyper-V, Windows, Linux, AWS, Azure e muito mais.","og_url":"https:\/\/infochoice.com.br\/site\/index.php\/revenda-e-parceiro-veeam\/","og_site_name":"InfoChoice Tecnologia","article_publisher":"https:\/\/www.facebook.com\/infochoicetecnologia","article_modified_time":"2026-04-03T14:41:26+00:00","twitter_card":"summary_large_image","twitter_site":"@infochoicetecnologia","twitter_misc":{"Est. tempo de leitura":"1 minuto"},"schema":{"@context":"https:\/\/schema.org","@graph":[{"@type":"WebPage","@id":"https:\/\/infochoice.com.br\/site\/index.php\/revenda-e-parceiro-veeam\/","url":"https:\/\/infochoice.com.br\/site\/index.php\/revenda-e-parceiro-veeam\/","name":"Revenda e Parceiro Veeam - InfoChoice Tecnologia","isPartOf":{"@id":"https:\/\/infochoice.com.br\/site\/#website"},"datePublished":"2020-11-06T18:52:19+00:00","dateModified":"2026-04-03T14:41:26+00:00","description":"Fa\u00e7a backups de VMware, Hyper-V, Windows, Linux, AWS, Azure e muito mais.","breadcrumb":{"@id":"https:\/\/infochoice.com.br\/site\/index.php\/revenda-e-parceiro-veeam\/#breadcrumb"},"inLanguage":"pt-BR","potentialAction":[{"@type":"ReadAction","target":["https:\/\/infochoice.com.br\/site\/index.php\/revenda-e-parceiro-veeam\/"]}]},{"@type":"BreadcrumbList","@id":"https:\/\/infochoice.com.br\/site\/index.php\/revenda-e-parceiro-veeam\/#breadcrumb","itemListElement":[{"@type":"ListItem","position":1,"name":"Home","item":"https:\/\/infochoice.com.br\/site\/"},{"@type":"ListItem","position":2,"name":"Revenda e Parceiro Veeam"}]},{"@type":"WebSite","@id":"https:\/\/infochoice.com.br\/site\/#website","url":"https:\/\/infochoice.com.br\/site\/","name":"InfoChoice Tecnologia","description":"Solu\u00e7\u00f5es e decis\u00f5es estrat\u00e9gicas guiadas por confian\u00e7a, prop\u00f3sito e responsabilidade..","publisher":{"@id":"https:\/\/infochoice.com.br\/site\/#organization"},"alternateName":"InfoChoice Tecnologia","potentialAction":[{"@type":"SearchAction","target":{"@type":"EntryPoint","urlTemplate":"https:\/\/infochoice.com.br\/site\/?s={search_term_string}"},"query-input":{"@type":"PropertyValueSpecification","valueRequired":true,"valueName":"search_term_string"}}],"inLanguage":"pt-BR"},{"@type":"Organization","@id":"https:\/\/infochoice.com.br\/site\/#organization","name":"InfoChoice","alternateName":"InfoChoice Tecnologia","url":"https:\/\/infochoice.com.br\/site\/","logo":{"@type":"ImageObject","inLanguage":"pt-BR","@id":"https:\/\/infochoice.com.br\/site\/#\/schema\/logo\/image\/","url":"https:\/\/i0.wp.com\/infochoice.com.br\/site\/wp-content\/uploads\/2023\/10\/infochoice_ico.png?fit=215%2C219&ssl=1","contentUrl":"https:\/\/i0.wp.com\/infochoice.com.br\/site\/wp-content\/uploads\/2023\/10\/infochoice_ico.png?fit=215%2C219&ssl=1","width":215,"height":219,"caption":"InfoChoice"},"image":{"@id":"https:\/\/infochoice.com.br\/site\/#\/schema\/logo\/image\/"},"sameAs":["https:\/\/www.facebook.com\/infochoicetecnologia","https:\/\/x.com\/infochoicetecnologia","https:\/\/www.instagram.com\/infochoicetecnologia","https:\/\/www.youtube.com\/infochoicetecnologia","https:\/\/www.linkedin.com\/infochoicetecnologia"]}]}},"_links":{"self":[{"href":"https:\/\/infochoice.com.br\/site\/index.php\/wp-json\/wp\/v2\/pages\/946","targetHints":{"allow":["GET"]}}],"collection":[{"href":"https:\/\/infochoice.com.br\/site\/index.php\/wp-json\/wp\/v2\/pages"}],"about":[{"href":"https:\/\/infochoice.com.br\/site\/index.php\/wp-json\/wp\/v2\/types\/page"}],"author":[{"embeddable":true,"href":"https:\/\/infochoice.com.br\/site\/index.php\/wp-json\/wp\/v2\/users\/1"}],"replies":[{"embeddable":true,"href":"https:\/\/infochoice.com.br\/site\/index.php\/wp-json\/wp\/v2\/comments?post=946"}],"version-history":[{"count":10,"href":"https:\/\/infochoice.com.br\/site\/index.php\/wp-json\/wp\/v2\/pages\/946\/revisions"}],"predecessor-version":[{"id":4465,"href":"https:\/\/infochoice.com.br\/site\/index.php\/wp-json\/wp\/v2\/pages\/946\/revisions\/4465"}],"wp:attachment":[{"href":"https:\/\/infochoice.com.br\/site\/index.php\/wp-json\/wp\/v2\/media?parent=946"}],"curies":[{"name":"wp","href":"https:\/\/api.w.org\/{rel}","templated":true}]}}